{"id":12011,"date":"2017-09-11T01:19:39","date_gmt":"2017-09-10T23:19:39","guid":{"rendered":"https:\/\/omjuicers.ch\/credits-2\/"},"modified":"2020-12-20T17:54:42","modified_gmt":"2020-12-20T16:54:42","slug":"impressum","status":"publish","type":"page","link":"https:\/\/omjuicers.ch\/de\/impressum\/","title":{"rendered":"Impressum"},"content":{"rendered":"<div class=\"wpb-content-wrapper\"><p>[vc_row full_height=&#8220;yes&#8220; columns_placement=&#8220;top&#8220;][vc_column][vc_column_text]<\/p>\n<h2>Impressum<\/h2>\n<p><strong>Kontaktadresse:<\/strong><\/p>\n<p>Om Juicers GmbH<br \/>\nRue des Terreaux 7<br \/>\n2000 Neuch\u00e2tel<\/p>\n<p><strong>Zur Vertretung der Gesellschaft berechtigte Personen :<\/strong><\/p>\n<p>Marc Mathys<\/p>\n<p><strong>Handelsregisteramt:<\/strong> Neuch\u00e2tel<\/p>\n<p>IDE: CHE-250.454.893<\/p>\n<h2>Copyright<\/h2>\n<p>Auf dieser Website ver\u00f6ffentlichte Texte und Fotos sind urheberrechtlich gesch\u00fctzt. Sofern nicht anders erw\u00e4hnt wird, geh\u00f6ren alle Logos und Bilder Om Juicers. Eine Ver\u00f6ffentlichung dieser Inhalte ohne Zustimmung von Om Juicers verst\u00f6sst gegen das Gesetz. Eine Verwendung ohne Zusammenhang mit OM Juicers ist ebenfalls verboten.<\/p>\n<h2>Quellenangaben<\/h2>\n<ul>\n<li>Fotos von Yann Andr\u00e9 : <a href=\"mailto:yann@lessourcesenchantees.ch\">yann@lessourcesenchantees.ch<\/a><\/li>\n<li>Deutsche \u00dcbersetzung: <a href=\"https:\/\/buchstabensalat.ch\/\" target=\"_blank\" rel=\"noopener noreferrer\">Katharina Bleuer<\/a><\/li>\n<\/ul>\n<p>[\/vc_column_text][\/vc_column][\/vc_row]<\/p>\n<\/div>","protected":false},"excerpt":{"rendered":"<p>[vc_row full_height=&#8220;yes&#8220; columns_placement=&#8220;top&#8220;][vc_column][vc_column_text] Impressum Kontaktadresse: Om Juicers GmbH Rue des Terreaux 7 2000 Neuch\u00e2tel Zur Vertretung der Gesellschaft berechtigte Personen : Marc Mathys Handelsregisteramt: Neuch\u00e2tel IDE: CHE-250.454.893 Copyright Auf dieser Website ver\u00f6ffentlichte Texte und Fotos sind urheberrechtlich gesch\u00fctzt. Sofern nicht anders erw\u00e4hnt wird, geh\u00f6ren alle Logos und Bilder Om Juicers. Eine Ver\u00f6ffentlichung dieser Inhalte ohne Zustimmung von Om Juicers verst\u00f6sst [&hellip;]<\/p>\n","protected":false},"author":1,"featured_media":0,"parent":0,"menu_order":0,"comment_status":"closed","ping_status":"closed","template":"page-templates\/full-width.php","meta":{"_acf_changed":false,"footnotes":""},"class_list":["post-12011","page","type-page","status-publish","hentry"],"acf":{"hide_in_france":false},"_links":{"self":[{"href":"https:\/\/omjuicers.ch\/de\/wp-json\/wp\/v2\/pages\/12011"}],"collection":[{"href":"https:\/\/omjuicers.ch\/de\/wp-json\/wp\/v2\/pages"}],"about":[{"href":"https:\/\/omjuicers.ch\/de\/wp-json\/wp\/v2\/types\/page"}],"author":[{"embeddable":true,"href":"https:\/\/omjuicers.ch\/de\/wp-json\/wp\/v2\/users\/1"}],"replies":[{"embeddable":true,"href":"https:\/\/omjuicers.ch\/de\/wp-json\/wp\/v2\/comments?post=12011"}],"version-history":[{"count":10,"href":"https:\/\/omjuicers.ch\/de\/wp-json\/wp\/v2\/pages\/12011\/revisions"}],"predecessor-version":[{"id":30994,"href":"https:\/\/omjuicers.ch\/de\/wp-json\/wp\/v2\/pages\/12011\/revisions\/30994"}],"wp:attachment":[{"href":"https:\/\/omjuicers.ch\/de\/wp-json\/wp\/v2\/media?parent=12011"}],"curies":[{"name":"wp","href":"https:\/\/api.w.org\/{rel}","templated":true}]}}