{"id":12070,"date":"2019-10-29T16:38:41","date_gmt":"2019-10-29T15:38:41","guid":{"rendered":"https:\/\/omjuicers.ch\/allgemeine-bedingungen\/"},"modified":"2023-09-06T15:00:49","modified_gmt":"2023-09-06T13:00:49","slug":"allgemeine-bedingungen","status":"publish","type":"page","link":"https:\/\/omjuicers.ch\/de\/allgemeine-bedingungen\/","title":{"rendered":"Allgemeine Gesch\u00e4ftsbedingungen"},"content":{"rendered":"<h2>Artikel 1 &#8211; Geltungsbereich<\/h2>\n<p>Diese Allgemeinen Gesch\u00e4ftsbedingungen (AGB) gelten f\u00fcr die Nutzung dieser Website, die \u00fcber die folgende URL zug\u00e4nglich ist: <a href=\"https:\/\/omjuicers.ch\/de\/\" target=\"_blank\" rel=\"noopener noreferrer\">https:\/\/omjuicers.ch<\/a> (nachfolgend die &#8222;Website&#8220;) und die Gesch\u00e4ftsbeziehung zwischen &#8222;Om Juicers GmbH&#8220; und seinen Kunden. In diesen Gesch\u00e4ftsbedingungen beziehen sich die Begriffe &#8222;wir&#8220; und &#8222;unser&#8220; auf &#8222;Om Juicers GmbH&#8220; und der Begriff &#8222;Sie&#8220; bezieht sich auf die Kund\/innen oder Besucher\/innen der Website. Die aktuelle Version der AGB ist auf der Webseite oder bei der Bestellbest\u00e4tigung verf\u00fcgbar.<\/p>\n<p>Die Datenschutzerkl\u00e4rung kann unter der folgenden URL eingesehen werden: <a href=\"https:\/\/omjuicers.ch\/de\/datenschutz\/\" target=\"_blank\" rel=\"noopener noreferrer\">https:\/\/omjuicers.ch\/de\/geheimhaltungspolitik\/<\/a> und ist integraler Bestandteil dieser Gesch\u00e4ftsbedingungen f\u00fcr die Nutzung und den Verkauf von &#8222;Om Juicers GmbH&#8220;.<\/p>\n<p>Das Verkaufsangebot auf unserer Website richtet sich ausschliesslich an Kunden mit Wohnsitz in der Schweiz.<\/p>\n<p>Ein Kunde ist jede nat\u00fcrliche oder juristische Person, die eine Gesch\u00e4ftsbeziehung mit &#8222;Om Juicers GmbH&#8220; eingeht. AGB, Liefer- und Zahlungsbedingungen sowie Datenschutzbestimmungen k\u00f6nnen jederzeit ge\u00e4ndert werden. Wir bitten Sie, diese Bedingungen jedes Mal sorgf\u00e4ltig zu lesen, wenn Sie die Website besuchen und Waren bestellen.<\/p>\n<p>Sollten einzelne Bestimmungen dieser AGB unwirksam oder undurchf\u00fchrbar sein oder werden, so wird dadurch die Wirksamkeit der \u00fcbrigen Bestimmungen nicht ber\u00fchrt.<\/p>\n<h2>Artikel 2 &#8211; Informationen \u00fcber die Website<\/h2>\n<p>Betreiber dieser Website ist die Firma &#8222;Om Juicers GmbH&#8220;, Rue des Terreaux 7, 2000 Neuch\u00e2tel in der Schweiz, deren Hauptzweck der Handel mit Produkten, insbesondere Entsaftern und anderen Haushaltsger\u00e4ten ist.<\/p>\n<p>Die Website enth\u00e4lt Informationen \u00fcber Produkte und Dienstleistungen. Wir behalten uns das Recht vor, Preise, Produktlinien und technische Spezifikationen jederzeit zu \u00e4ndern. Alle Angaben auf der Website (Produktbeschreibungen, Abbildungen, Filme, Abmessungen, Gewichte, technische Daten, Zubeh\u00f6r und sonstige Informationen) sind nur als ungef\u00e4hre Werte zu betrachten und stellen insbesondere keine Zusicherung von Eigenschaften dar, sofern nicht ausdr\u00fccklich etwas anderes angegeben ist. Wir bem\u00fchen uns, alle Informationen und Daten auf dieser Website korrekt, vollst\u00e4ndig, aktuell und \u00fcbersichtlich bereitzustellen, k\u00f6nnen aber weder ausdr\u00fccklich noch stillschweigend f\u00fcr ihre Richtigkeit garantieren.<\/p>\n<p>Alle Angebote auf dieser Website sind unverbindlich und nicht als bindendes Angebot zu betrachten.<\/p>\n<p>Wir k\u00f6nnen nicht garantieren, dass die genannten Produkte zum Zeitpunkt der Bestellung verf\u00fcgbar sind. Daher sind alle Angaben zu Verf\u00fcgbarkeit und Lieferzeiten nicht garantiert und k\u00f6nnen sich jederzeit ohne Vorank\u00fcndigung \u00e4ndern.<\/p>\n<h2>Artikel 3 &#8211; Bestellungen<\/h2>\n<p>Vertragliche Informationen werden sp\u00e4testens zu dem Zeitpunkt der Best\u00e4tigung Ihrer Bestellung validiert.<\/p>\n<p>Wir behalten uns das Recht vor, eine Zahlung nicht zu verbuchen und eine Bestellung aus welchem Grund auch immer nicht zu best\u00e4tigen, insbesondere im Falle eines Lieferproblems oder bei Schwierigkeiten bez\u00fcglich der erhaltenen Bestellung.<\/p>\n<h2>Artikel 4 &#8211; Preis<\/h2>\n<p>Sofern nicht anders angegeben, sind die Nettopreise unserer Produkte in Schweizer Franken angegeben (inklusive Mehrwertsteuer und andere am Tag der Bestellung geltende Steuern).<\/p>\n<p>Wir behalten uns das Recht vor, unsere Preise jederzeit und ohne Vorank\u00fcndigung zu \u00e4ndern. Erst die Auftragsbest\u00e4tigung und vorbehaltlich der Verf\u00fcgbarkeit definiert den g\u00fcltigen Tarif f\u00fcr die Rechnungsstellung. In den Verkaufspreisen sind keine Beratungs- und Supportleistungen enthalten.<\/p>\n<h2>Artikel 5 &#8211; Auftragsbest\u00e4tigung<\/h2>\n<p>Jede Bestellung \u00fcber die Webseite setzt die Annahme dieser AGB voraus. Jede Auftragsbest\u00e4tigung impliziert Ihre vollst\u00e4ndige und uneingeschr\u00e4nkte Einhaltung dieser AGB, ohne Ausnahme oder Vorbehalt.<\/p>\n<p>Wenn Sie eine Bestellung auf der Website aufgeben, geben Sie ein rechtsverbindliches Angebot zum Abschluss eines Vertrages ab. Wir senden dann eine automatische &#8222;Auftragsbest\u00e4tigung&#8220; per E-Mail, die best\u00e4tigt, dass Ihr Angebot bei uns eingegangen ist. Erteilte Auftr\u00e4ge sind f\u00fcr den Kunden verbindlich. Alle angegebenen Daten und die aufgezeichnete Best\u00e4tigung dienen als Nachweis der Transaktion. Sie erkl\u00e4ren, dass Sie davon in vollem Umfang Kenntnis haben. Die Auftragsbest\u00e4tigung gilt als Unterschrift und Anerkennung der ausgef\u00fchrten Leistungen.<\/p>\n<p>Mit dem Abschluss des Vertrags erh\u00e4lt Ihre Bestellung auf der Website G\u00fcltigkeit. Sofern nicht anders angegeben, besteht kein R\u00fcckgabe- oder Widerrufsrecht.<\/p>\n<h2>Artikel 6 &#8211; Zahlungsm\u00f6glichkeiten<\/h2>\n<p>Der Kunde hat Zugang zu den im Bestellvorgang angegebenen Zahlungsm\u00f6glichkeiten.<\/p>\n<h3>Kreditkarte<\/h3>\n<p>Die Zahlung per Kreditkarte ist ein einfaches und sicheres Zahlungsmittel. Wir verwenden Stripe als sichere Web-Zahlungsinfrastruktur, die nach PCI Level 1 zertifiziert ist, der h\u00f6chsten Sicherheitsstufe.<\/p>\n<h3>\u00dcberweisung<\/h3>\n<p>Vorauszahlung auf das Postkonto von &#8222;Om Juicers GmbH&#8220;. Nach Zahlungseingang wird die Ware per PostPac Economy verschickt.<\/p>\n<p>Bank : Yapeal AG, 8048 Z\u00fcrich<br \/>\nEmpf\u00e4nger : Om Juicers GmbH, Rue des Terreaux 7, 2000 Neuch\u00e2tel<br \/>\nIBAN-Numme : <strong>CH69 83019 999 OM JUICERS<\/strong><br \/>\nBIC \/ SWIFT : YAPECHZ2<\/p>\n<p>Damit wir Ihre Bestellung so gut wie m\u00f6glich bearbeiten k\u00f6nnen, geben Sie bitte Ihre Bestellnummer im Zahlungsgrund an. Wenn Ihre Zahlung nicht innerhalb von 30 Tagen bei uns eintrifft, wird die Bestellung automatisch storniert.<\/p>\n<h2>Artikel 7 &#8211; Lieferung und Verf\u00fcgbarkeit<\/h2>\n<p>Ab einem Bestellwert von CHF 200.&#8211; schenken wir Ihnen das Porto f\u00fcr die ganze Schweiz. Unsere Produkte sind im Rahmen der verf\u00fcgbaren Lagerbest\u00e4nde erh\u00e4ltlich. Bei Nichteinhaltung oder \u00dcberschreitung von Lieferterminen durch unsere eigenen Lieferanten entf\u00e4llt unsere Lieferverpflichtung, soweit nicht wir die Nichtverf\u00fcgbarkeit zu verantworten haben.<\/p>\n<p>Bestellungen werden nur nach vollst\u00e4ndigem Zahlungseingang und bei Verf\u00fcgbarkeit der Ware ausgeliefert.<\/p>\n<p>Stellt sich nach Vertragsschluss heraus, dass die bestellte Ware nicht oder nicht vollst\u00e4ndig geliefert werden kann, sind wir berechtigt, ganz oder teilweise vom Vertrag zur\u00fcckzutreten. Wenn Ihre Zahlung bereits eingegangen ist, verpflichten wir uns, Ihnen den Betrag zur\u00fcckzuerstatten. Wenn noch keine Zahlung erfolgt ist, sind Sie von der Zahlungspflicht befreit. Im Falle des R\u00fccktritts vom Vertrag sind wir nicht zur Ersatzlieferung verpflichtet.<\/p>\n<h2>Artikel 8 &#8211; Garantie<\/h2>\n<p>Artikel, die unter eine Garantie fallen, unterliegen den zum Zeitpunkt des Kaufs g\u00fcltigen Angebotsbedingungen. Die Garantie tritt am Tag der Lieferung des Artikels in Kraft, als Datum gilt dasjenige des Begleitdokuments (Rechnung). Wir bitten Sie, diese sorgf\u00e4ltig aufzubewahren.<\/p>\n<p>Nicht gedeckt sind Sch\u00e4den, die auf schlechte Wartung, Nichtbeachtung der Bedienungsanleitung oder normale Abnutzung zur\u00fcckzuf\u00fchren sind. Im Falle von M\u00e4ngeln kann ein verkauftes Produkt zur\u00fcckgegeben, umgetauscht oder erstattet werden. Ge\u00f6ffnete oder gebrauchte Produkte werden nicht zur\u00fcckgenommen, umgetauscht oder erstattet.<\/p>\n<p>\u00dcberpr\u00fcfen Sie den Zustand der gelieferten Ware unverz\u00fcglich, um offensichtliche Material- und Herstellungsfehler sowie Transportsch\u00e4den auszuschliessen. In \u00dcbereinstimmung mit dem Gesetz sind Sie verpflichtet, uns \u00fcber jeden Mangel oder jede Anomalie, die die gelieferten Waren betreffen, zu informieren, damit wir sie beheben k\u00f6nnen.<\/p>\n<p>Alle Reklamationen, Umtausch- oder R\u00fcckerstattungsantr\u00e4ge m\u00fcssen innerhalb von 7 Tagen nach der Lieferung per E-Mail erfolgen. Die Produkte m\u00fcssen mit allen Elementen (Zubeh\u00f6r, Verpackung, Gebrauchsanweisung&#8230;) in dem Zustand an uns zur\u00fcckgeschickt werden, in dem Sie sie erhalten haben. F\u00fcr alle anderen F\u00e4lle, die nicht durch diese AGB geregelt sind, gilt das Obligationenrecht.<\/p>\n<h2>Artikel 9 &#8211; Rechte an geistigem Eigentum<\/h2>\n<p>Das Urheberrecht und andere Rechte an geistigem Eigentum an den Inhalten liegen bei &#8222;Om Juicers GmbH&#8220; oder werden mit Genehmigung des jeweiligen Eigent\u00fcmers verwendet.<\/p>\n<p>Sie sind berechtigt, die Website zu durchsuchen und Ausz\u00fcge daraus zu vervielf\u00e4ltigen, indem Sie sie ausdrucken oder auf eine Festplatte herunterladen, und zwar ausschliesslich zu Ihrem eigenen Gebrauch oder dem Ihrer Familie und Freunde. Dies ist in dem Rahmen m\u00f6glich, wie Sie sich an das Urheberrecht und andere Angaben zum geistigen Eigentum halten. Dar\u00fcber hinaus wurde nichts auf der Website mit dem Ziel gestaltet, dass Ihnen eine Lizenz oder ein Recht zur Nutzung des Inhalts in irgendeiner Weise gew\u00e4hrt wird. Jede andere Nutzung des Inhalts durch Sie ist daher strengstens untersagt. Insbesondere darf keine Reproduktion irgendeines Teils der Website zu kommerziellen Zwecken verkauft oder verteilt werden, noch darf sie ver\u00e4ndert oder in ein anderes Werk, eine andere Publikation oder eine andere Website integriert werden.<\/p>\n<h2>Artikel 10 &#8211; Haftung<\/h2>\n<p>Die angebotenen Produkte entsprechen der aktuellen Schweizer Gesetzgebung. Dar\u00fcber hinaus kann die Firma &#8222;Om Juicers GmbH&#8220; nicht f\u00fcr Sch\u00e4den verantwortlich gemacht werden, die durch einen unsachgem\u00e4ssen Gebrauch des gekauften Produkts entstanden sind.<\/p>\n<h2>Artikel 11 &#8211; Anwendbares Recht im Falle von Streitigkeiten<\/h2>\n<p>Diese AGB wurden auf Franz\u00f6sisch geschrieben und auf Deutsch \u00fcbersetzt. Bei Unklarheiten oder Widerspr\u00fcchen gilt die franz\u00f6sische Version. Diese AGB unterliegen schweizerischem Recht. Im Falle eines Rechtsstreits beh\u00e4lt sich &#8222;Om Juicers GmbH&#8220; das Recht vor, den Gerichtsstand zu w\u00e4hlen.<\/p>\n","protected":false},"excerpt":{"rendered":"<p>Artikel 1 &#8211; Geltungsbereich Diese Allgemeinen Gesch\u00e4ftsbedingungen (AGB) gelten f\u00fcr die Nutzung dieser Website, die \u00fcber die folgende URL zug\u00e4nglich ist: https:\/\/omjuicers.ch (nachfolgend die &#8222;Website&#8220;) und die Gesch\u00e4ftsbeziehung zwischen &#8222;Om Juicers GmbH&#8220; und seinen Kunden. In diesen Gesch\u00e4ftsbedingungen beziehen sich die Begriffe &#8222;wir&#8220; und &#8222;unser&#8220; auf &#8222;Om Juicers GmbH&#8220; und der Begriff &#8222;Sie&#8220; bezieht sich auf die Kund\/innen oder Besucher\/innen [&hellip;]<\/p>\n","protected":false},"author":1,"featured_media":0,"parent":0,"menu_order":0,"comment_status":"closed","ping_status":"closed","template":"","meta":{"_acf_changed":false,"footnotes":""},"class_list":["post-12070","page","type-page","status-publish","hentry"],"acf":{"hide_in_france":false},"_links":{"self":[{"href":"https:\/\/omjuicers.ch\/de\/wp-json\/wp\/v2\/pages\/12070"}],"collection":[{"href":"https:\/\/omjuicers.ch\/de\/wp-json\/wp\/v2\/pages"}],"about":[{"href":"https:\/\/omjuicers.ch\/de\/wp-json\/wp\/v2\/types\/page"}],"author":[{"embeddable":true,"href":"https:\/\/omjuicers.ch\/de\/wp-json\/wp\/v2\/users\/1"}],"replies":[{"embeddable":true,"href":"https:\/\/omjuicers.ch\/de\/wp-json\/wp\/v2\/comments?post=12070"}],"version-history":[{"count":6,"href":"https:\/\/omjuicers.ch\/de\/wp-json\/wp\/v2\/pages\/12070\/revisions"}],"predecessor-version":[{"id":33078,"href":"https:\/\/omjuicers.ch\/de\/wp-json\/wp\/v2\/pages\/12070\/revisions\/33078"}],"wp:attachment":[{"href":"https:\/\/omjuicers.ch\/de\/wp-json\/wp\/v2\/media?parent=12070"}],"curies":[{"name":"wp","href":"https:\/\/api.w.org\/{rel}","templated":true}]}}