{"id":12071,"date":"2019-10-29T19:30:44","date_gmt":"2019-10-29T18:30:44","guid":{"rendered":"https:\/\/omjuicers.ch\/geheimhaltungspolitik\/"},"modified":"2024-03-01T22:55:31","modified_gmt":"2024-03-01T21:55:31","slug":"datenschutz","status":"publish","type":"page","link":"https:\/\/omjuicers.ch\/de\/datenschutz\/","title":{"rendered":"Datenschutzerkl\u00e4rung"},"content":{"rendered":"<div class=\"wpb-content-wrapper\"><p>[vc_row][vc_column][vc_column_text]<\/p>\n<h2>Artikel 1 &#8211; Geltungsbereich<\/h2>\n<p>Diese Datenschutzrichtlinie gilt f\u00fcr die Nutzung dieser Website, die unter der folgenden URL erreichbar ist: <a href=\"https:\/\/omjuicers.ch\/de\/\" target=\"_blank\" rel=\"noopener noreferrer\">https:\/\/omjuicers.ch<\/a> (die &#8222;Website&#8220;). In dieser Datenschutzerkl\u00e4rung beziehen sich die Begriffe &#8222;wir&#8220; und &#8222;unser&#8220; auf &#8222;Om Juicers GmbH&#8220; und der Begriff &#8222;Sie&#8220; bezieht sich auf den Kunden oder Besucher der Website. Die Datenschutzrichtlinie legt dar und informiert Sie dar\u00fcber, wie wir die Informationen, die wir gegebenenfalls bei der Registrierung auf der Website oder bei einer Bestellung erfassen, verwenden und sch\u00fctzen.<\/p>\n<p>Die Datenschutzerkl\u00e4rung ist integraler Bestandteil der<a href=\"https:\/\/omjuicers.ch\/de\/allgemeine-bedingungen\/\" target=\"_blank\" rel=\"noopener noreferrer\">Allgemeinen Gesch\u00e4ftsbedingungen<\/a> von &#8222;Om Juicers GmbH&#8220;.<\/p>\n<h2>Artikel 2 &#8211; Datenschutzerkl\u00e4rung<\/h2>\n<p>Wir legen Wert auf Ehrlichkeit und Klarheit und sind bestrebt, starke und dauerhafte Beziehungen zu den Personen aufzubauen, die Bestellungen aufgeben und unseren Newsletter abonnieren. Im Einklang mit dieser Philosophie ist uns der Schutz Ihrer pers\u00f6nlichen Daten wichtig, und wir m\u00f6chten Sie dar\u00fcber informieren, wie wir diese Daten sammeln und verarbeiten.<\/p>\n<p>Bitte beachten Sie, dass diese Datenschutzrichtlinie ein integraler Bestandteil der Nutzungsbedingungen der Website und der AGB ist und jederzeit von &#8222;Om Juicers GmbH&#8220; ge\u00e4ndert oder erg\u00e4nzt werden kann, insbesondere um gesetzlichen, reglementarischen, rechtswissenschaftlichen oder technologischen Entwicklungen zu entsprechen. In einem solchen Fall wird das Datum der letzten Aktualisierung am Anfang dieser Richtlinie deutlich angegeben. Diese \u00c4nderungen sind f\u00fcr den Benutzer verbindlich, sobald sie online gestellt werden. Der Benutzer sollte daher regelm\u00e4ssig diese Datenschutz- und Cookie-Verwendungsrichtlinie konsultieren, um sich \u00fcber ihre m\u00f6glichen \u00c4nderungen zu informieren.<\/p>\n<h2>Artikel 3 &#8211; Personenbezogene Daten<\/h2>\n<p>Im Prinzip ist es Ihnen m\u00f6glich, die Website zu besuchen, ohne pers\u00f6nliche Informationen \u00fcber sich selbst anzugeben. In jedem Fall sind Sie in keiner Weise verpflichtet, diese Informationen an uns zu \u00fcbermitteln. Wenn Sie dies ablehnen, kann es allerdings sein, dass Sie bestimmte Informationen oder Dienstleistungen, die Sie angefordert haben, nicht in Anspruch nehmen k\u00f6nnen. In der Tat k\u00f6nnen wir Sie in einigen F\u00e4llen um Informationen bitten (im Folgenden Ihre &#8222;Pers\u00f6nlichen Daten&#8220;):<\/p>\n<ul>\n<li>Vor- und Nachname;<\/li>\n<li>Postadresse<\/li>\n<li>E-Mail-Adresse<\/li>\n<li>Telefonnummer<\/li>\n<li>Informationen dar\u00fcber, wie Sie auf diese Website aufmerksam geworden sind (f\u00fcr statistische Zwecke);<\/li>\n<li>Informationen aus Umfragen, die wir f\u00fcr wissenschaftliche und statistische Zwecke verwenden.<\/li>\n<\/ul>\n<p>Durch die \u00dcbermittlung dieser Informationen erkl\u00e4ren Sie sich ausdr\u00fccklich damit einverstanden, dass diese von &#8222;Om Juicers GmbH&#8220; zu den unten angegebenen Zwecken verarbeitet werden k\u00f6nnen.<\/p>\n<h3>Zweck der Datenverarbeitung<\/h3>\n<p>Wir k\u00f6nnen Ihre pers\u00f6nlichen Daten wie folgt verarbeiten:<\/p>\n<p>(a) um Ihnen die bestellten Produkte oder angeforderten Angebote zu liefern;<br \/>\n(b) zu dem Zweck, Ihnen die Informationen oder Dienstleistungen, die Sie angefordert haben, zur Verf\u00fcgung zu stellen (z.B. Versenden des Newsletters an Sie nach Ihrer Anmeldung); und\/oder<br \/>\n(c) zum Zweck der Sammlung von Informationen, die es uns erm\u00f6glichen, unsere Website, Produkte und Dienstleistungen zu verbessern (insb. durch die Verwendung von Cookies).<\/p>\n<h3>Beg\u00fcnstigter<\/h3>\n<p>Wir sind der einzige Adressat f\u00fcr Ihre pers\u00f6nlichen Daten. Diese werden niemals an Dritte weiter gegeben, egal ob einzeln oder als Zusammenfassung. Wir vermarkten keine pers\u00f6nlichen Daten von Besuchern und Nutzern unserer Website.<\/p>\n<h3>Aufbewahrungsdauer<\/h3>\n<p>Ihre pers\u00f6nlichen Daten werden nur so lange aufbewahrt, wie es zur Erf\u00fcllung des oben genannten Zwecks der Erfassung erforderlich ist. Die Kundenliste kann auf unbestimmte Zeit aufbewahrt werden. Ihre Abonnements f\u00fcr unsere Newsletter bleiben so lange bestehen, bis Sie sich abmelden. Alle anderen gesammelten Informationen werden auf keinen Fall eine Aufbewahrungsfrist von 24 Monaten \u00fcberschreiten.<\/p>\n<h2>Artikel 4 &#8211; Datenschutz<\/h2>\n<p>Mit der Registrierung auf der Website w\u00e4hlen Sie, ob Sie von uns Informationen werblicher oder anderer Art \u00fcber verschiedene Kommunikationskan\u00e4le (E-Mail, Post, SMS, Telefon, Push-Benachrichtigungen) erhalten m\u00f6chten. Wenn Sie den Newsletter abonniert haben, k\u00f6nnen Sie ihn jederzeit einfach und kostenlos abbestellen, indem Sie den Anweisungen in der jeweiligen Nachricht folgen oder sich an unseren Kundendienst wenden.<\/p>\n<p>Wir geben personenbezogene Daten nur insoweit an Dritte weiter, als dies zur ordnungsgem\u00e4ssen Auftrags- oder Zahlungsabwicklung (z.B. Daten\u00fcbermittlung an die Post, an ein Inkassounternehmen bei Nichtbezahlung, etc.), zur Information des Kunden oder zur Durchf\u00fchrung von Umfragen notwendig ist. Unsere Partner l\u00f6schen die pers\u00f6nlichen Daten unserer Kunden, sobald sie nicht mehr ben\u00f6tigt werden, auf jeden Fall aber nach Ablauf der gesetzlich vorgeschriebenen Aufbewahrungsfrist. Alle Informationen werden streng vertraulich behandelt.<\/p>\n<h2>Artikel 5 &#8211; Kommunikationsverarbeitung und E-Mail-Sicherheit<\/h2>\n<p>Mitteilungen, die Sie \u00fcber das Internet an uns senden, werden nicht als vertraulich betrachtet.<\/p>\n<p>Wenn Sie mit uns per E-Mail kommunizieren, sollten Sie ber\u00fccksichtigen, dass der Schutz von E-Mail-Nachrichten, die \u00fcber das Internet \u00fcbermittelt werden, nicht gew\u00e4hrleistet ist. Beim Versenden wichtiger, unverschl\u00fcsselter Nachrichten per E-Mail, nehmen Sie daher die Risiken dieser Unsicherheit in Kauf.<\/p>\n<h2>Artikel 6 &#8211; Cookie-Richtlinie<\/h2>\n<h3>Was sind Cookies?<\/h3>\n<div class=\"cookie-policy-p\">\n<p>Unsere Richtlinie \u00fcber die Verwendung von Cookies erm\u00f6glicht Ihnen ein besseres Verst\u00e4ndnis der Bestimmungen, die wir in Bezug auf die Navigation auf unserer Website umsetzen. Diese Cookie-Richtlinie erkl\u00e4rt, was Cookies sind und wie wir sie verwenden, welche Arten von Cookies wir verwenden, d. h. welche Informationen wir mithilfe von Cookies sammeln und wie diese Informationen verwendet werden, und wie Sie die Cookie-Einstellungen verwalten k\u00f6nnen.<\/p>\n<p>Cookies sind kleine Textdateien, die zur Speicherung kleiner Informationsst\u00fccke verwendet werden. Sie werden auf Ihrem Ger\u00e4t gespeichert, wenn die Website in Ihren Browser geladen wird. Diese Cookies helfen uns dabei, die Website ordnungsgem\u00e4ss zu betreiben, sie sicherer zu machen, eine bessere Nutzererfahrung zu bieten und zu verstehen, wie die Website funktioniert, und zu analysieren, was funktioniert und wo sie verbessert werden muss.<\/p>\n<\/div>\n<h3>Wie verwenden wir Cookies?<\/h3>\n<div class=\"cookie-policy-p\">\n<p>Die durch Cookies gesammelten Informationen k\u00f6nnen Sie in keiner Weise pers\u00f6nlich identifizieren. Sie werden ausschliesslich f\u00fcr unsere eigenen Bed\u00fcrfnisse verwendet, um die Interaktivit\u00e4t und Leistungsf\u00e4higkeit unserer Website zu verbessern und um Ihnen Inhalte zu senden, die Ihren Interessen angepasst sind. Keine dieser Informationen wird an Dritte weitergegeben, es sei denn, wir haben Ihre vorherige Zustimmung eingeholt oder die Weitergabe der Informationen wird durch Gesetz, Gerichtsbeschluss oder eine andere zust\u00e4ndige Verwaltungs- oder Justizbeh\u00f6rde verlangt.<\/p>\n<\/div>\n<h3>Arten von Cookies, die wir verwenden<\/h3>\n<div class=\"cky-audit-table-element\"><\/div>\n<p>&nbsp;<\/p>\n<h3 style=\"margin-bottom: 20px;\">Cookie-Einstellungen verwalten<\/h3>\n<p><a class=\"cky-banner-element\" style=\"padding: 8px 30px; background: #F8F9FA; color: #858a8f; border: 1px solid #DEE2E6; box-sizing: border-box; border-radius: 2px; cursor: pointer;\">Cookie-Einstellungen<\/a><\/p>\n<p>Sie k\u00f6nnen Ihre Cookie-Einstellungen jederzeit \u00e4ndern, indem Sie auf die Schaltfl\u00e4che oben klicken. Dadurch k\u00f6nnen Sie das Banner mit der Zustimmung zu Cookies erneut aufrufen und Ihre Einstellungen \u00e4ndern oder Ihre Zustimmung sofort zur\u00fcckziehen.<\/p>\n<div>\n<p>Dar\u00fcber hinaus bieten verschiedene Browser unterschiedliche Methoden zum Blockieren und L\u00f6schen von Cookies, die von Websites verwendet werden. Sie k\u00f6nnen die Einstellungen Ihres Browsers \u00e4ndern, um Cookies zu blockieren\/l\u00f6schen. Nachfolgend finden Sie Links zu unterst\u00fctzenden Dokumenten dar\u00fcber, wie Sie die Cookies der wichtigsten Webbrowser verwalten und l\u00f6schen k\u00f6nnen.<\/p>\n<ul>\n<li>Chrome: <a href=\"https:\/\/support.google.com\/chrome\/answer\/95647?hl=de\" target=\"_blank\" rel=\"noopener noreferrer\">https:\/\/support.google.com\/chrome\/answer\/95647?hl=de<\/a><\/li>\n<li>Firefox: <a href=\"https:\/\/support.mozilla.org\/de\/kb\/verbesserter-schutz-aktivitatenverfolgung-desktop\" target=\"_blank\" rel=\"noopener noreferrer\">https:\/\/support.mozilla.org\/de\/kb\/verbesserter-schutz-aktivitatenverfolgung-desktop<\/a><\/li>\n<li>Internet Explorer: <a href=\"https:\/\/support.microsoft.com\/de-de\/windows\/l%C3%B6schen-und-verwalten-von-cookies-168dab11-0753-043d-7c16-ede5947fc64d#ie=ie-11\" target=\"_blank\" rel=\"noopener noreferrer\">https:\/\/support.microsoft.com\/de-de\/windows\/l%C3%B6schen-und-verwalten-von-cookies-168dab11-0753-043d-7c16-ede5947fc64d#ie=ie-11<\/a><\/li>\n<li>Safari: <a href=\"https:\/\/support.apple.com\/de-ch\/guide\/safari\/sfri11471\/mac\" target=\"_blank\" rel=\"noopener noreferrer\">https:\/\/support.apple.com\/de-ch\/guide\/safari\/sfri11471\/mac<\/a><\/li>\n<\/ul>\n<p>Wenn Sie einen anderen Webbrowser verwenden, lesen Sie bitte die offiziellen Supportdokumente f\u00fcr Ihren Browser.<\/p>\n<\/div>\n<p>[\/vc_column_text][\/vc_column][\/vc_row]<\/p>\n<\/div>","protected":false},"excerpt":{"rendered":"<p>[vc_row][vc_column][vc_column_text] Artikel 1 &#8211; Geltungsbereich Diese Datenschutzrichtlinie gilt f\u00fcr die Nutzung dieser Website, die unter der folgenden URL erreichbar ist: https:\/\/omjuicers.ch (die &#8222;Website&#8220;). In dieser Datenschutzerkl\u00e4rung beziehen sich die Begriffe &#8222;wir&#8220; und &#8222;unser&#8220; auf &#8222;Om Juicers GmbH&#8220; und der Begriff &#8222;Sie&#8220; bezieht sich auf den Kunden oder Besucher der Website. Die Datenschutzrichtlinie legt dar und informiert Sie dar\u00fcber, wie wir [&hellip;]<\/p>\n","protected":false},"author":1,"featured_media":0,"parent":0,"menu_order":0,"comment_status":"closed","ping_status":"closed","template":"","meta":{"_acf_changed":false,"footnotes":""},"class_list":["post-12071","page","type-page","status-publish","hentry"],"acf":{"hide_in_france":false},"_links":{"self":[{"href":"https:\/\/omjuicers.ch\/de\/wp-json\/wp\/v2\/pages\/12071"}],"collection":[{"href":"https:\/\/omjuicers.ch\/de\/wp-json\/wp\/v2\/pages"}],"about":[{"href":"https:\/\/omjuicers.ch\/de\/wp-json\/wp\/v2\/types\/page"}],"author":[{"embeddable":true,"href":"https:\/\/omjuicers.ch\/de\/wp-json\/wp\/v2\/users\/1"}],"replies":[{"embeddable":true,"href":"https:\/\/omjuicers.ch\/de\/wp-json\/wp\/v2\/comments?post=12071"}],"version-history":[{"count":16,"href":"https:\/\/omjuicers.ch\/de\/wp-json\/wp\/v2\/pages\/12071\/revisions"}],"predecessor-version":[{"id":33442,"href":"https:\/\/omjuicers.ch\/de\/wp-json\/wp\/v2\/pages\/12071\/revisions\/33442"}],"wp:attachment":[{"href":"https:\/\/omjuicers.ch\/de\/wp-json\/wp\/v2\/media?parent=12071"}],"curies":[{"name":"wp","href":"https:\/\/api.w.org\/{rel}","templated":true}]}}