{"id":32047,"date":"2022-07-21T17:41:15","date_gmt":"2022-07-21T15:41:15","guid":{"rendered":"https:\/\/omjuicers.ch\/?page_id=32047"},"modified":"2022-07-21T17:49:02","modified_gmt":"2022-07-21T15:49:02","slug":"tipps","status":"publish","type":"page","link":"https:\/\/omjuicers.ch\/de\/tipps\/","title":{"rendered":"Unsere Tipps"},"content":{"rendered":"<div class=\"wpb-content-wrapper\"><p>[vc_row padding_bottom=&#8220;30&#8243;][vc_column width=&#8220;1\/4&#8243;]<div class=\"grve-element grve-image grve-align-left\" style=\"\">  <img fetchpriority=\"high\" decoding=\"async\" alt=\"\" src=\"https:\/\/mlsfuhg7sobs.i.optimole.com\/cb:0KLq.257c9\/w:auto\/h:auto\/q:mauto\/f:best\/https:\/\/omjuicers.ch\/wp-content\/uploads\/2022\/07\/Marc-2021.jpg\" width=\"654\" height=\"937\"><\/div>[\/vc_column][vc_column width=&#8220;1\/2&#8243;][vc_column_text font_size=&#8220;140%&#8220; line_height=&#8220;160%&#8220; css=&#8220;.vc_custom_1658418256599{margin-left: 12px !important;}&#8220;]Om Juicers garantiert Ihnen Entsafter und alle notwendigen Tipps, um das beste Modell f\u00fcr jede\/n Einzelne\/n zu w\u00e4hlen. Gleichzeitig setzen wir uns f\u00fcr eine gesunde und ausgewogene Ern\u00e4hrung ein.<\/p>\n<p>Marc ist Mitbegr\u00fcnder von Om Juicers und seit 2016 leidenschaftlicher Saft- und Entsafterfan. Er hat die Entsafter aus dem Om Juicers-Sortiment mit Bedacht ausgew\u00e4hlt und ist immer auf der Suche nach Neuheiten.[\/vc_column_text][\/vc_column][vc_column width=&#8220;1\/4&#8243;][\/vc_column][\/vc_row][vc_row padding_top=&#8220;20&#8243;][vc_column]\n\t<div class=\"sq-posts-data\" style=\"display: none;\"><input type=\"hidden\" id=\"post-security\" name=\"post-security\" value=\"f061c73de9\" \/><input type=\"hidden\" name=\"_wp_http_referer\" value=\"\/de\/wp-json\/wp\/v2\/pages\/32047\" \/><input type=\"hidden\" name=\"pitem\" value=\"1\"><input type=\"hidden\" name=\"post_id\" value=\"32047\"><\/div>\n\t\n\t\n\t\t<div class=\"posts-listing responsive-cols kleo-masonry per-row-4 with-meta masonry-listing\">\n\n\t\n\t\n<article id=\"post-32117\" class=\"post-item post-32117 post type-post status-publish format-standard has-post-thumbnail hentry category-tipp\">\n    <div class=\"post-content animated animate-when-almost-visible el-appear\">\n\n\t\t<div class=\"post-image\"><a href=\"https:\/\/omjuicers.ch\/de\/tipp\/quel-extracteur-choisir-pour-du-jus-de-celeri\/\" class=\"element-wrap\"><img fetchpriority=\"high\" decoding=\"async\" width=\"400\" height=\"267\" src=\"https:\/\/mlsfuhg7sobs.i.optimole.com\/cb:0KLq.257c9\/w:auto\/h:auto\/q:mauto\/f:best\/https:\/\/omjuicers.ch\/wp-content\/uploads\/2020\/04\/4G1A0718-2.jpg\" class=\"attachment-kleo-post-grid size-kleo-post-grid wp-post-image\" alt=\"\" srcset=\"https:\/\/mlsfuhg7sobs.i.optimole.com\/cb:0KLq.257c9\/w:auto\/h:auto\/q:mauto\/f:best\/https:\/\/omjuicers.ch\/wp-content\/uploads\/2020\/04\/4G1A0718-2.jpg 400w, https:\/\/mlsfuhg7sobs.i.optimole.com\/cb:0KLq.257c9\/w:300\/h:200\/q:mauto\/f:best\/https:\/\/omjuicers.ch\/wp-content\/uploads\/2020\/04\/4G1A0718-2.jpg 300w\" sizes=\"(max-width: 400px) 100vw, 400px\" \/><span class=\"hover-element\"><i>+<\/i><\/span><\/a><\/div><!--end post-image-->\n\t\t\n            <div class=\"post-header\">\n\n\t\t\t\t                    <h3 class=\"post-title entry-title\"><a href=\"https:\/\/omjuicers.ch\/de\/tipp\/quel-extracteur-choisir-pour-du-jus-de-celeri\/\">Welcher Entsafter eignet sich am besten f\u00fcr Selleriesaft ?<\/a>\n                    <\/h3>\n\t\t\t\t\n                <span class=\"post-meta\">\n                    <small class=\"meta-author author vcard\"><a class=\"url fn n\" href=\"https:\/\/omjuicers.ch\/de\/author\/marc-mathys\/\" title=\"View all POSTS by Marc Mathys\" rel=\"author\"><img decoding=async  fetchpriority=\"high\" alt='Avatar-Foto' src='https:\/\/mlsfuhg7sobs.i.optimole.com\/cb:0KLq.257c9\/w:50\/h:50\/q:mauto\/f:best\/https:\/\/omjuicers.ch\/wp-content\/uploads\/2022\/07\/cropped-Marc-2021-1.jpg' srcset='https:\/\/mlsfuhg7sobs.i.optimole.com\/cb:0KLq.257c9\/w:100\/h:100\/q:mauto\/rt:fill\/g:ce\/f:best\/https:\/\/omjuicers.ch\/wp-content\/uploads\/2022\/07\/cropped-Marc-2021-1.jpg 2x' class='avatar avatar-50 photo' height='50' width='50' \/> <span class=\"author-name\">Marc Mathys<\/span><\/a><\/small> - <small class=\"meta-category\"><a href=\"https:\/\/omjuicers.ch\/de\/category\/tipp\/\" rel=\"category tag\">Tipp<\/a><\/small>                <\/span>\n\n            <\/div><!--end post-header-->\n\n\t\t\t\n\t\t\t\t                    <div class=\"post-info\">\n\n                        <div class=\"entry-summary\">\n\t\t\t\t\t\t\t<p>Die Vorteile von Selleriesaft sind zahlreich. Deshalb haben wir einen Artikel verfasst, der Ihnen mehr \u00fcber die positiven Eigenschaften,...<\/p>                        <\/div><!-- .entry-summary -->\n\n                    <\/div><!--end post-info-->\n\t\t\t\t\n\t\t\t\n\t\t\n        <div class=\"post-footer\">\n            <small>\n\t\t\t\t<a href=\"#\" class=\"item-likes\" id=\"item-likes-32079\" title=\"Like this\"><span class=\"item-likes-count\">0<\/span> <span class=\"item-likes-postfix\">Gef\u00e4llt mir<\/span><\/a>\n\t\t\t\t                    <a href=\"https:\/\/omjuicers.ch\/de\/tipp\/quel-extracteur-choisir-pour-du-jus-de-celeri\/\"><span class=\"muted pull-right\">\n\t\t\t\t\t\tWeiterlesen<\/span>\n                    <\/a>\n\t\t\t\t\n            <\/small>\n        <\/div><!--end post-footer-->\n\n    <\/div><!--end post-content-->\n<\/article>\n\n\n<article id=\"post-31743\" class=\"post-item post-31743 post type-post status-publish format-standard has-post-thumbnail hentry category-feste-nahrung category-rezept category-tipp\">\n    <div class=\"post-content animated animate-when-almost-visible el-appear\">\n\n\t\t<div class=\"post-image\"><a href=\"https:\/\/omjuicers.ch\/de\/rezept\/wie-kann-ich-das-fruchtfleisch-verwenden\/\" class=\"element-wrap\"><img data-opt-src=\"https:\/\/mlsfuhg7sobs.i.optimole.com\/cb:0KLq.257c9\/w:480\/h:330\/q:mauto\/f:best\/https:\/\/omjuicers.ch\/wp-content\/uploads\/2020\/04\/4G1A0706-1.jpg\"  decoding=\"async\" width=\"480\" height=\"330\" src=\"https:\/\/mlsfuhg7sobs.i.optimole.com\/cb:0KLq.257c9\/w:480\/h:330\/q:eco\/f:best\/https:\/\/omjuicers.ch\/wp-content\/uploads\/2020\/04\/4G1A0706-1.jpg\" class=\"attachment-kleo-post-grid size-kleo-post-grid wp-post-image\" alt=\"\" old-srcset=\"https:\/\/mlsfuhg7sobs.i.optimole.com\/cb:0KLq.257c9\/w:480\/h:330\/q:mauto\/f:best\/https:\/\/omjuicers.ch\/wp-content\/uploads\/2020\/04\/4G1A0706-1.jpg 480w, https:\/\/mlsfuhg7sobs.i.optimole.com\/cb:0KLq.257c9\/w:300\/h:206\/q:mauto\/f:best\/https:\/\/omjuicers.ch\/wp-content\/uploads\/2020\/04\/4G1A0706-1.jpg 300w, https:\/\/mlsfuhg7sobs.i.optimole.com\/cb:0KLq.257c9\/w:1024\/h:704\/q:mauto\/f:best\/https:\/\/omjuicers.ch\/wp-content\/uploads\/2020\/04\/4G1A0706-1.jpg 1024w, https:\/\/mlsfuhg7sobs.i.optimole.com\/cb:0KLq.257c9\/w:768\/h:528\/q:mauto\/f:best\/https:\/\/omjuicers.ch\/wp-content\/uploads\/2020\/04\/4G1A0706-1.jpg 768w, https:\/\/mlsfuhg7sobs.i.optimole.com\/cb:0KLq.257c9\/w:672\/h:462\/q:mauto\/f:best\/https:\/\/omjuicers.ch\/wp-content\/uploads\/2020\/04\/4G1A0706-1.jpg 672w, https:\/\/mlsfuhg7sobs.i.optimole.com\/cb:0KLq.257c9\/w:1038\/h:714\/q:mauto\/f:best\/https:\/\/omjuicers.ch\/wp-content\/uploads\/2020\/04\/4G1A0706-1.jpg 1038w, https:\/\/mlsfuhg7sobs.i.optimole.com\/cb:0KLq.257c9\/w:600\/h:413\/q:mauto\/f:best\/https:\/\/omjuicers.ch\/wp-content\/uploads\/2020\/04\/4G1A0706-1.jpg 600w, https:\/\/mlsfuhg7sobs.i.optimole.com\/cb:0KLq.257c9\/w:auto\/h:auto\/q:mauto\/f:best\/https:\/\/omjuicers.ch\/wp-content\/uploads\/2020\/04\/4G1A0706-1.jpg 1200w\" \/><noscript><img decoding=\"async\" width=\"480\" height=\"330\" src=\"https:\/\/mlsfuhg7sobs.i.optimole.com\/cb:0KLq.257c9\/w:480\/h:330\/q:mauto\/f:best\/https:\/\/omjuicers.ch\/wp-content\/uploads\/2020\/04\/4G1A0706-1.jpg\" class=\"attachment-kleo-post-grid size-kleo-post-grid wp-post-image\" alt=\"\" srcset=\"https:\/\/mlsfuhg7sobs.i.optimole.com\/cb:0KLq.257c9\/w:480\/h:330\/q:mauto\/f:best\/https:\/\/omjuicers.ch\/wp-content\/uploads\/2020\/04\/4G1A0706-1.jpg 480w, https:\/\/mlsfuhg7sobs.i.optimole.com\/cb:0KLq.257c9\/w:300\/h:206\/q:mauto\/f:best\/https:\/\/omjuicers.ch\/wp-content\/uploads\/2020\/04\/4G1A0706-1.jpg 300w, https:\/\/mlsfuhg7sobs.i.optimole.com\/cb:0KLq.257c9\/w:1024\/h:704\/q:mauto\/f:best\/https:\/\/omjuicers.ch\/wp-content\/uploads\/2020\/04\/4G1A0706-1.jpg 1024w, https:\/\/mlsfuhg7sobs.i.optimole.com\/cb:0KLq.257c9\/w:768\/h:528\/q:mauto\/f:best\/https:\/\/omjuicers.ch\/wp-content\/uploads\/2020\/04\/4G1A0706-1.jpg 768w, https:\/\/mlsfuhg7sobs.i.optimole.com\/cb:0KLq.257c9\/w:672\/h:462\/q:mauto\/f:best\/https:\/\/omjuicers.ch\/wp-content\/uploads\/2020\/04\/4G1A0706-1.jpg 672w, https:\/\/mlsfuhg7sobs.i.optimole.com\/cb:0KLq.257c9\/w:1038\/h:714\/q:mauto\/f:best\/https:\/\/omjuicers.ch\/wp-content\/uploads\/2020\/04\/4G1A0706-1.jpg 1038w, https:\/\/mlsfuhg7sobs.i.optimole.com\/cb:0KLq.257c9\/w:600\/h:413\/q:mauto\/f:best\/https:\/\/omjuicers.ch\/wp-content\/uploads\/2020\/04\/4G1A0706-1.jpg 600w, https:\/\/mlsfuhg7sobs.i.optimole.com\/cb:0KLq.257c9\/w:auto\/h:auto\/q:mauto\/f:best\/https:\/\/omjuicers.ch\/wp-content\/uploads\/2020\/04\/4G1A0706-1.jpg 1200w\" sizes=\"(max-width: 480px) 100vw, 480px\" \/></noscript><span class=\"hover-element\"><i>+<\/i><\/span><\/a><\/div><!--end post-image-->\n\t\t\n            <div class=\"post-header\">\n\n\t\t\t\t                    <h3 class=\"post-title entry-title\"><a href=\"https:\/\/omjuicers.ch\/de\/rezept\/wie-kann-ich-das-fruchtfleisch-verwenden\/\">Wie kann ich das Fruchtfleisch (Trester) verwenden?<\/a>\n                    <\/h3>\n\t\t\t\t\n                <span class=\"post-meta\">\n                    <small class=\"meta-author author vcard\"><a class=\"url fn n\" href=\"https:\/\/omjuicers.ch\/de\/author\/aisha\/\" title=\"View all POSTS by Aisha\" rel=\"author\"><img decoding=async  data-opt-src=\"https:\/\/mlsfuhg7sobs.i.optimole.com\/cb:0KLq.257c9\/w:50\/h:50\/q:mauto\/f:best\/https:\/\/omjuicers.ch\/wp-content\/uploads\/2020\/04\/Portrait-1.jpg\"  alt='Avatar-Foto' src='https:\/\/mlsfuhg7sobs.i.optimole.com\/cb:0KLq.257c9\/w:50\/h:50\/q:eco\/f:best\/https:\/\/omjuicers.ch\/wp-content\/uploads\/2020\/04\/Portrait-1.jpg' class='avatar avatar-50 photo' height='50' width='50' \/><noscript><img decoding=async  alt='Avatar-Foto' src='https:\/\/mlsfuhg7sobs.i.optimole.com\/cb:0KLq.257c9\/w:50\/h:50\/q:mauto\/f:best\/https:\/\/omjuicers.ch\/wp-content\/uploads\/2020\/04\/Portrait-1.jpg' srcset='https:\/\/mlsfuhg7sobs.i.optimole.com\/cb:0KLq.257c9\/w:100\/h:100\/q:mauto\/rt:fill\/g:ce\/f:best\/https:\/\/omjuicers.ch\/wp-content\/uploads\/2020\/04\/Portrait-1.jpg 2x' class='avatar avatar-50 photo' height='50' width='50' \/></noscript> <span class=\"author-name\">Aisha<\/span><\/a><\/small> - <small class=\"meta-category\"><a href=\"https:\/\/omjuicers.ch\/de\/category\/rezept\/feste-nahrung\/\" rel=\"category tag\">Feste Nahrung<\/a>, <a href=\"https:\/\/omjuicers.ch\/de\/category\/rezept\/\" rel=\"category tag\">Rezept<\/a>, <a href=\"https:\/\/omjuicers.ch\/de\/category\/tipp\/\" rel=\"category tag\">Tipp<\/a><\/small>                <\/span>\n\n            <\/div><!--end post-header-->\n\n\t\t\t\n\t\t\t\t                    <div class=\"post-info\">\n\n                        <div class=\"entry-summary\">\n\t\t\t\t\t\t\t<p>Sie haben sich f\u00fcr einen Entsafter entschieden. Sie lassen Ihrer Fantasie gerne freien Lauf und bereiten sich Aufstriche oder...<\/p>                        <\/div><!-- .entry-summary -->\n\n                    <\/div><!--end post-info-->\n\t\t\t\t\n\t\t\t\n\t\t\n        <div class=\"post-footer\">\n            <small>\n\t\t\t\t<a href=\"#\" class=\"item-likes\" id=\"item-likes-31742\" title=\"Like this\"><span class=\"item-likes-count\">5<\/span> <span class=\"item-likes-postfix\">Gef\u00e4llt mir<\/span><\/a>\n\t\t\t\t                    <a href=\"https:\/\/omjuicers.ch\/de\/rezept\/wie-kann-ich-das-fruchtfleisch-verwenden\/\"><span class=\"muted pull-right\">\n\t\t\t\t\t\tWeiterlesen<\/span>\n                    <\/a>\n\t\t\t\t\n            <\/small>\n        <\/div><!--end post-footer-->\n\n    <\/div><!--end post-content-->\n<\/article>\n\n\n\t<\/div> <!-- END post listing -->\n\n\t\n[\/vc_column][\/vc_row]<\/p>\n<\/div>","protected":false},"excerpt":{"rendered":"<p>[vc_row padding_bottom=&#8220;30&#8243;][vc_column width=&#8220;1\/4&#8243;][\/vc_column][vc_column width=&#8220;1\/2&#8243;][vc_column_text font_size=&#8220;140%&#8220; line_height=&#8220;160%&#8220; css=&#8220;.vc_custom_1658418256599{margin-left: 12px !important;}&#8220;]Om Juicers garantiert Ihnen Entsafter und alle notwendigen Tipps, um das beste Modell f\u00fcr jede\/n Einzelne\/n zu w\u00e4hlen. Gleichzeitig setzen wir uns f\u00fcr eine gesunde und ausgewogene Ern\u00e4hrung ein. Marc ist Mitbegr\u00fcnder von Om Juicers und seit 2016 leidenschaftlicher Saft- und Entsafterfan. Er hat die Entsafter aus dem Om Juicers-Sortiment mit Bedacht [&hellip;]<\/p>\n","protected":false},"author":1,"featured_media":0,"parent":0,"menu_order":0,"comment_status":"closed","ping_status":"closed","template":"page-templates\/full-width.php","meta":{"_acf_changed":false,"footnotes":""},"class_list":["post-32047","page","type-page","status-publish","hentry"],"acf":{"hide_in_france":false},"_links":{"self":[{"href":"https:\/\/omjuicers.ch\/de\/wp-json\/wp\/v2\/pages\/32047"}],"collection":[{"href":"https:\/\/omjuicers.ch\/de\/wp-json\/wp\/v2\/pages"}],"about":[{"href":"https:\/\/omjuicers.ch\/de\/wp-json\/wp\/v2\/types\/page"}],"author":[{"embeddable":true,"href":"https:\/\/omjuicers.ch\/de\/wp-json\/wp\/v2\/users\/1"}],"replies":[{"embeddable":true,"href":"https:\/\/omjuicers.ch\/de\/wp-json\/wp\/v2\/comments?post=32047"}],"version-history":[{"count":5,"href":"https:\/\/omjuicers.ch\/de\/wp-json\/wp\/v2\/pages\/32047\/revisions"}],"predecessor-version":[{"id":32062,"href":"https:\/\/omjuicers.ch\/de\/wp-json\/wp\/v2\/pages\/32047\/revisions\/32062"}],"wp:attachment":[{"href":"https:\/\/omjuicers.ch\/de\/wp-json\/wp\/v2\/media?parent=32047"}],"curies":[{"name":"wp","href":"https:\/\/api.w.org\/{rel}","templated":true}]}}