{"id":11996,"date":"2017-09-11T02:55:53","date_gmt":"2017-09-11T00:55:53","guid":{"rendered":"https:\/\/omjuicers.ch\/product\/oelextraktor-sana-euj-702\/"},"modified":"2026-05-14T16:41:03","modified_gmt":"2026-05-14T14:41:03","slug":"oelextraktor-sana-euj-702","status":"publish","type":"product","link":"https:\/\/omjuicers.ch\/de\/product\/oelextraktor-sana-euj-702\/","title":{"rendered":"Aufsatz zum \u00d6lpressen Sana 702"},"content":{"rendered":"<p><img fetchpriority=\"high\" decoding=\"async\" class=\"alignleft wp-image-31174\" src=\"https:\/\/mlsfuhg7sobs.i.optimole.com\/cb:0KLq.257c9\/w:auto\/h:auto\/q:mauto\/f:best\/https:\/\/omjuicers.ch\/wp-content\/uploads\/2021\/04\/black-oil.jpg\" alt=\"\" width=\"182\" height=\"200\">\u00d6le, insbesondere Lein\u00f6l, neigen dazu, mit der Zeit oder bei unsachgem\u00e4sser Lagerung zu verderben. Dies f\u00fchrt zu Geschmacks- und N\u00e4hrstoffverlust: Das \u00d6l wird ranzig. Eine kleine \u00d6lpresse f\u00fcr zu Hause ist der beste Weg, immer frisches und gesundes \u00d6l zu haben. Mit dem Sana 702 Aufsatz zum \u00d6lpressen k\u00f6nnen Sie genau die Menge produzieren, die Sie ben\u00f6tigen, damit sie so schnell wie m\u00f6glich verbraucht werden kann. Mit dem Aufsatz zum \u00d6lpressen werden die \u00d6le kalt gepresst und sind in Sachen N\u00e4hrstoffgehalt und Geschmack jedem gekauften \u00d6l \u00fcberlegen.<\/p>\n<p><img fetchpriority=\"high\" decoding=\"async\" class=\"alignright wp-image-23512 size-medium\" src=\"https:\/\/mlsfuhg7sobs.i.optimole.com\/cb:0KLq.257c9\/w:auto\/h:auto\/q:mauto\/f:best\/https:\/\/omjuicers.ch\/wp-content\/uploads\/2020\/04\/combo-3.jpg\" alt=\"\" width=\"300\" height=\"240\" srcset=\"https:\/\/mlsfuhg7sobs.i.optimole.com\/cb:0KLq.257c9\/w:auto\/h:auto\/q:mauto\/f:best\/https:\/\/omjuicers.ch\/wp-content\/uploads\/2020\/04\/combo-3.jpg 1200w, https:\/\/mlsfuhg7sobs.i.optimole.com\/cb:0KLq.257c9\/w:300\/h:240\/q:mauto\/f:best\/https:\/\/omjuicers.ch\/wp-content\/uploads\/2020\/04\/combo-3.jpg 300w, https:\/\/mlsfuhg7sobs.i.optimole.com\/cb:0KLq.257c9\/w:1024\/h:819\/q:mauto\/f:best\/https:\/\/omjuicers.ch\/wp-content\/uploads\/2020\/04\/combo-3.jpg 1024w, https:\/\/mlsfuhg7sobs.i.optimole.com\/cb:0KLq.257c9\/w:768\/h:614\/q:mauto\/f:best\/https:\/\/omjuicers.ch\/wp-content\/uploads\/2020\/04\/combo-3.jpg 768w, https:\/\/mlsfuhg7sobs.i.optimole.com\/cb:0KLq.257c9\/w:672\/h:538\/q:mauto\/f:best\/https:\/\/omjuicers.ch\/wp-content\/uploads\/2020\/04\/combo-3.jpg 672w, https:\/\/mlsfuhg7sobs.i.optimole.com\/cb:0KLq.257c9\/w:1038\/h:830\/q:mauto\/f:best\/https:\/\/omjuicers.ch\/wp-content\/uploads\/2020\/04\/combo-3.jpg 1038w, https:\/\/mlsfuhg7sobs.i.optimole.com\/cb:0KLq.257c9\/w:480\/h:384\/q:mauto\/f:best\/https:\/\/omjuicers.ch\/wp-content\/uploads\/2020\/04\/combo-3.jpg 480w, https:\/\/mlsfuhg7sobs.i.optimole.com\/cb:0KLq.257c9\/w:600\/h:480\/q:mauto\/f:best\/https:\/\/omjuicers.ch\/wp-content\/uploads\/2020\/04\/combo-3.jpg 600w\" sizes=\"(max-width: 300px) 100vw, 300px\" \/>Der Sana 702 Aufsatz zum \u00d6lpressen ist ein geniales Zubeh\u00f6r f\u00fcr mehrere horizontale Entsafter. Alle Teile, die mit dem \u00d6l in Ber\u00fchrung kommen, sind aus Edelstahl, die \u00fcbrigen aus Aluminium. Wir haben den Aufsatz zum \u00d6lpressen mit den <a href=\"https:\/\/omjuicers.ch\/de\/product\/entsafter-sana-euj-727\/\" target=\"_blank\" rel=\"noopener\">Sana 727<\/a> und <a href=\"https:\/\/omjuicers.ch\/de\/product\/entsafter-sana-euj-707\/\" target=\"_blank\" rel=\"noopener\">Sana 707<\/a> getestet. Die \u00d6lpresse wird ganz einfach mit demselben Fixierungsring befestigt, wie der Entsafter.<\/p>\n<p>Die Robustheit des Ger\u00e4ts fiel uns gleich als erstes auf. Der Sana Aufsatz zum \u00d6lpressen sieht solide aus und ist einfach zu montieren. Besonders gesch\u00e4tzt haben wir die Tatsache, dass das Ger\u00e4t nicht vorgeheizt werden muss. W\u00e4rme wird durch das Pressen selbst erzeugt. So bleibt das \u00d6l frisch, wenn es aus dem Extraktor kommt.<\/p>\n<p><img fetchpriority=\"high\" decoding=\"async\" class=\"alignleft wp-image-1094 size-medium\" src=\"https:\/\/mlsfuhg7sobs.i.optimole.com\/cb:0KLq.257c9\/w:auto\/h:auto\/q:mauto\/f:best\/https:\/\/omjuicers.ch\/wp-content\/uploads\/2020\/04\/propped-3.jpg\" alt=\"\" width=\"300\" height=\"225\">Wir haben den Aufsatz mit mehreren Samen und N\u00fcssen getestet. Wir begannen mit Leinsamen. Das \u00d6l war sch\u00f6n fl\u00fcssig und hatte einen ausgezeichneten Geschmack und Aroma. Als n\u00e4chstes probierten wir gesch\u00e4lte Sonnenblumenkerne. Das Ergebnis war hervorragend! Aufgrund ihres hohen nat\u00fcrlichen \u00d6lgehalts lieferten sie die beste Produktion. Wir waren von der Leistung der Mohnsamen positiv \u00fcberrascht. Die Mohnsamen dienten dem Aufw\u00e4rmen der \u00d6lpresse und zur Reinigung der im Ger\u00e4t verbleibenden Kernenreste. Auch die Herstellung von Hanf\u00f6l erwies sich als einfacher Prozess. Wir haben auch mit einigen Schalenfr\u00fcchten versucht: Mandeln und Waln\u00fcsse. Mit Mandeln war es etwas schwieriger, sie mussten in kleine St\u00fccke geschnitten werden. Am besten w\u00fcrde man die N\u00fcsse maschinell zerkleinern &#8211; wir haben dazu ein einfaches Kochmesser verwendet. Richtig geschnitten lieferten die Mandeln eine angemessene \u00d6lproduktion. Waln\u00fcsse sind leichter zu zerkleinern. Wir haben sie in einen Plastikbeutel gesteckt und mit dem Wallholz zerdr\u00fcckt. Waln\u00fcsse haben von Natur aus einen hohen \u00d6lgehalt. Zu guter Letzt versuchten wir, \u00d6l aus getrockneten Kokosnussflocken zu gewinnen. Am besten geht es, wenn man kleine Mengen auf einmal hinzuf\u00fcgt. Das Pressen ging l\u00e4nger als bei den Kernen und N\u00fcssen, aber wir erhielten eine angemessene Menge von wunderbar duftendem Kokosnuss\u00f6l.<\/p>\n<p>Wir haben einige n\u00fctzliche Tricks entdeckt, um die Herstellung zu vereinfachen. Zun\u00e4chst einmal haben wir festgestellt, dass die Qualit\u00e4t der Kerne und N\u00fcsse einen Riesenunterschied macht. Je frischer und hochwertiger die Ausgangsprodukte waren, desto leichter ging das Pressen und desto mehr \u00d6l konnten wir produzieren. Es lohnt sich sehr, die Rillen, aus denen das \u00d6l herausfliesst, in regelm\u00e4ssigen Abst\u00e4nden mit der mitgelieferten B\u00fcrste zu reinigen.<\/p>\n<p>Nach dem Gebrauch konnten wir das Ger\u00e4t schnell und einfach reinigen. Wir brauchten dazu nur heisses Seifenwasser und eine B\u00fcrste. Vorsicht, tauchen Sie das Aluminium-Bauteil nicht ins Wasser ein. Im Inneren befindet sich ein Lager, das nicht nass werden darf. Da dieses Teil nicht mit dem \u00d6l in Ber\u00fchrung kommt, muss es auch nicht gereinigt werden.<img data-opt-src=\"https:\/\/mlsfuhg7sobs.i.optimole.com\/cb:0KLq.257c9\/w:auto\/h:auto\/q:mauto\/f:best\/https:\/\/omjuicers.ch\/wp-content\/uploads\/2020\/04\/parts-2.jpg\"  decoding=\"async\" class=\"alignright size-medium wp-image-1096\" src=\"https:\/\/mlsfuhg7sobs.i.optimole.com\/cb:0KLq.257c9\/w:auto\/h:auto\/q:eco\/f:best\/https:\/\/omjuicers.ch\/wp-content\/uploads\/2020\/04\/parts-2.jpg\" alt=\"\" width=\"300\" height=\"200\"><noscript><img decoding=\"async\" class=\"alignright size-medium wp-image-1096\" src=\"https:\/\/mlsfuhg7sobs.i.optimole.com\/cb:0KLq.257c9\/w:auto\/h:auto\/q:mauto\/f:best\/https:\/\/omjuicers.ch\/wp-content\/uploads\/2020\/04\/parts-2.jpg\" alt=\"\" width=\"300\" height=\"200\"></noscript><\/p>\n<p>Der Sana Aufsatz zum \u00d6lpressen hat uns insgesamt sehr beeindruckt. Unser selbst gemachtes \u00d6l schmeckte viel besser, als die Bio-\u00d6le aus dem Reformhaus. Und das Aroma des frischen \u00d6ls war einfach g\u00f6ttlich. Wenn Sie regelm\u00e4ssig kaltgepresstes \u00d6l aus den verschiedensten Kernen und N\u00fcssen in kleinen Mengen herstellen m\u00f6chten, k\u00f6nnen wir Ihnen dieses Ger\u00e4t sehr empfehlen.<\/p>\n<p>Zum Aufsatz zum \u00d6lpressen Sana 702 geh\u00f6ren ein \u00d6lkrug aus Glas und ein Sieb aus Edelstahl. Mit dem mitgelieferten Schutzhandschuh und dem Reinigungsstab aus Metall kann die Endkappe der \u00d6lpresse schneller und einfacher entfernt werden. Auf der Welle und den Distanzringen gibt es zwei Jahre Garantie, auf alle anderen Teile f\u00fcnf Jahre.<\/p>\n<p><strong> <\/strong><\/p>\n","protected":false},"excerpt":{"rendered":"<p>Mit dem Sana Aufsatz zum \u00d6lpressen k\u00f6nnen Sie zu Hause kaltgepresstes \u00d6l aus folgenden Kernen und N\u00fcssen herstellen: Leinsamen, Sesam, Sonnenblumen, K\u00fcrbis, Raps, Hanf, Mohn, Nachtkerze, Schwarzk\u00fcmmel, Kokosnuss (getrocknete Streifen), Mandeln, Pinienkerne, Waln\u00fcsse, Haseln\u00fcsse, Erdn\u00fcsse, Cashewn\u00fcsse, Paran\u00fcsse, Pistazien und Macadamian\u00fcsse. Sie k\u00f6nnen damit sogar Haferflocken produzieren!<\/p>\n","protected":false},"featured_media":31231,"comment_status":"open","ping_status":"closed","template":"","meta":{"_acf_changed":false},"product_cat":[94],"product_tag":[297],"class_list":{"0":"post-11996","1":"product","2":"type-product","3":"status-publish","4":"has-post-thumbnail","6":"product_cat-olpressen","7":"product_tag-sana-de","8":"product_shipping_class-juicer-de-2","10":"first","11":"instock","12":"sale","13":"taxable","14":"shipping-taxable","15":"purchasable","16":"product-type-simple"},"supplier_id":31709,"supplier_sku":"OE702","barcode":null,"atum_controlled":true,"out_stock_date":null,"out_stock_threshold":0,"inheritable":false,"inbound_stock":0,"stock_on_hold":0,"sold_today":0,"sales_last_days":0,"reserved_stock":0,"customer_returns":0,"warehouse_damage":null,"lost_in_post":null,"other_logs":null,"out_stock_days":0,"lost_sales":0,"has_location":false,"update_date":"2026-05-14T14:41:04","atum_locations":[],"atum_stock_status":"instock","restock_status":false,"low_stock_amount":"","sales_update_date":"2026-05-14T14:41:04","calc_backorders":0,"acf":{"hide_in_france":false},"_links":{"self":[{"href":"https:\/\/omjuicers.ch\/de\/wp-json\/wp\/v2\/product\/11996"}],"collection":[{"href":"https:\/\/omjuicers.ch\/de\/wp-json\/wp\/v2\/product"}],"about":[{"href":"https:\/\/omjuicers.ch\/de\/wp-json\/wp\/v2\/types\/product"}],"replies":[{"embeddable":true,"href":"https:\/\/omjuicers.ch\/de\/wp-json\/wp\/v2\/comments?post=11996"}],"wp:featuredmedia":[{"embeddable":true,"href":"https:\/\/omjuicers.ch\/de\/wp-json\/wp\/v2\/media\/31231"}],"wp:attachment":[{"href":"https:\/\/omjuicers.ch\/de\/wp-json\/wp\/v2\/media?parent=11996"}],"wp:term":[{"taxonomy":"product_cat","embeddable":true,"href":"https:\/\/omjuicers.ch\/de\/wp-json\/wp\/v2\/product_cat?post=11996"},{"taxonomy":"product_tag","embeddable":true,"href":"https:\/\/omjuicers.ch\/de\/wp-json\/wp\/v2\/product_tag?post=11996"}],"curies":[{"name":"wp","href":"https:\/\/api.w.org\/{rel}","templated":true}]}}