{"id":11997,"date":"2017-09-11T02:46:38","date_gmt":"2017-09-11T00:46:38","guid":{"rendered":"https:\/\/omjuicers.ch\/product\/entsafter-sana-euj-707\/"},"modified":"2026-03-26T16:02:22","modified_gmt":"2026-03-26T15:02:22","slug":"entsafter-sana-euj-707","status":"publish","type":"product","link":"https:\/\/omjuicers.ch\/de\/product\/entsafter-sana-euj-707\/","title":{"rendered":"Entsafter Sana 707"},"content":{"rendered":"<p>Das europ\u00e4ische Unternehmen SANA PRODUCTS hat in Zusammenarbeit mit dem Traditionshaus Omega einen Entsafter entworfen, der Design, Funktionalit\u00e4t und praktischen Nutzen vereint. Der Wellenentsafter Sana 707 ist der ersten horizontale Entsafter aus bisphenolfreiem Kunststoff (100% BPA \/ BPS frei).<\/p>\n<p><img fetchpriority=\"high\" decoding=\"async\" class=\"size-medium wp-image-1108 alignright\" src=\"https:\/\/mlsfuhg7sobs.i.optimole.com\/cb:0KLq.257c9\/w:auto\/h:auto\/q:mauto\/f:best\/https:\/\/omjuicers.ch\/wp-content\/uploads\/2020\/04\/back-3.jpg\" alt=\"\" width=\"300\" height=\"191\">Die grosse Einf\u00fcll\u00f6ffnung (40 x 45 mm), welche den Prozess der Zubereitung und die Saftgewinnung beschleunigt, werden Sie ganz besonders sch\u00e4tzen. Eine innovative Neuerung ist das zus\u00e4tzliche Grobsieb zur Gewinnung von S\u00e4ften aus sehr weichen oder mehligen Fr\u00fcchten und Gem\u00fcsen. Die abgerundete Form des Ger\u00e4tes und die Anordnung des Schalters an der Seite stellen sicher, dass kein Saft in schwer zu reinigende Ecken sickert, wie dies bei anderen Ger\u00e4ten der Fall ist.<\/p>\n<p>Weiterhin geh\u00f6ren ein Saftkrug aus Glas und ein Tresterbeh\u00e4lter aus Edelstahl zum Ger\u00e4t, was besonders Personen sch\u00e4tzen, die in m\u00f6glichst auf Plastik verzichten m\u00f6chten. Der Entsafter Sana 707 bietet einen zuverl\u00e4ssigen, st\u00f6rungsfreien Betrieb und eine einfache Wartung.<\/p>\n<h3>Ausgezeichnete Qualit\u00e4t<\/h3>\n<p><img fetchpriority=\"high\" decoding=\"async\" class=\"size-medium wp-image-1110 alignleft\" src=\"https:\/\/mlsfuhg7sobs.i.optimole.com\/cb:0KLq.257c9\/w:auto\/h:auto\/q:mauto\/f:best\/https:\/\/omjuicers.ch\/wp-content\/uploads\/2020\/04\/containers-1.jpg\" alt=\"\" width=\"300\" height=\"177\">Der horizontale Wellenentsafter Sana 707 ist mit einem hochwertigen Motor mit nur 70 Umdrehungen pro Minute ausgestattet. Diese schonende Art der Rohstoffverarbeitung garantiert, dass Vitamine, Mineralien und Enzyme nicht verloren gehen, wie es bei Hochgeschwindigkeitsentsaftern der Fall ist. Sana nutzt zum Entsaften ein Zwei-Phasen-Sieb, das eine maximale Saftausbeute garantiert. Es kann Saft aus allen g\u00e4ngigen Obst- und Gem\u00fcsesorten, aber auch aus bekanntermassen schwieriger zu entsaftenden Fr\u00fcchten wie Johannisbeeren, Ananas und Sellerie gewinnen.<\/p>\n<p>Der Entsafter besteht aus Bisphenolfreien Materialien, die im Gegensatz zu anderen Kunststoffen keine negativen Auswirkungen auf die Funktion des menschlichen Immunsystems haben. Zu weiteren Vorteilen des Entsafters geh\u00f6ren eine hohe Saftausbeute, eine grosse Einf\u00fcll\u00f6ffnung, ein grobes Sieb, ein Saftkrug aus Glas, ein Tresterbeh\u00e4lter aus Edelstahl, ein zeitloses Design, stabilisierende F\u00fcsse und ein ger\u00e4uscharmer Betrieb.<\/p>\n<h3><em><img fetchpriority=\"high\" decoding=\"async\" class=\"size-medium wp-image-1116 alignright\" src=\"https:\/\/mlsfuhg7sobs.i.optimole.com\/cb:0KLq.257c9\/w:auto\/h:auto\/q:mauto\/f:best\/https:\/\/omjuicers.ch\/wp-content\/uploads\/2020\/04\/screens-1.jpg\" alt=\"\" width=\"300\" height=\"200\"><\/em>Der Sana 707 ist nicht nur ein Entsafter!<\/h3>\n<p><em>Durch einfaches Austauschen des Filters durch den Homogenisierungskonus k\u00f6nnen Sie mit diesem Entsafter auch verschiedene Sorten Teigwaren herstellen, Kaffee mahlen, Erdnussbutter, Babynahrung, Eiscr\u00e8me, Sorbet und andere gesunde Lebensmittel zubereiten, die Sie und Ihre Kinder lieben werden!<\/em><\/p>\n<p><strong><img data-opt-src=\"https:\/\/mlsfuhg7sobs.i.optimole.com\/cb:0KLq.257c9\/w:auto\/h:auto\/q:mauto\/f:best\/https:\/\/omjuicers.ch\/wp-content\/uploads\/2020\/04\/top-5.jpg\"  decoding=\"async\" class=\"size-medium wp-image-1118 alignleft\" src=\"https:\/\/mlsfuhg7sobs.i.optimole.com\/cb:0KLq.257c9\/w:auto\/h:auto\/q:eco\/f:best\/https:\/\/omjuicers.ch\/wp-content\/uploads\/2020\/04\/top-5.jpg\" alt=\"\" width=\"300\" height=\"200\"><noscript><img decoding=\"async\" class=\"size-medium wp-image-1118 alignleft\" src=\"https:\/\/mlsfuhg7sobs.i.optimole.com\/cb:0KLq.257c9\/w:auto\/h:auto\/q:mauto\/f:best\/https:\/\/omjuicers.ch\/wp-content\/uploads\/2020\/04\/top-5.jpg\" alt=\"\" width=\"300\" height=\"200\"></noscript>  Eine grosse Einf\u00fcll\u00f6ffnung<\/strong> war bisher vertikalen Entsaftern vorbehalten. Der Juicer Sana 707 hat die Geschichte ver\u00e4ndert. Erstmals wurde die gleiche Gr\u00f6sse der Einf\u00fcll\u00f6ffnung mit allen Vorteilen der horizontalen Entsafter kombiniert (Multifunktionsger\u00e4t, einfache Reinigung, komfortable Verarbeitung von Wurzel- und Blattgem\u00fcse, \u2026).<\/p>\n<p>Die im Saft aus dem Sana 707 enthaltenen lebenden Enzyme sorgen f\u00fcr einen frischen und lebendigen Saft, der bei Aufbewahrung im K\u00fchlschrank sein frisches Aussehen, den k\u00f6stlichen Geschmack und seine N\u00e4hrstoffe bis zu 48 Stunden beh\u00e4lt.<\/p>\n<p>Der Sana 707 ist der erste horizontale Wellenentsafter mit einem zus\u00e4tzlichen groben Sieb. Die Verwendung eines groben Siebs erleichtert die Extraktion von Saft aus weichen oder mehligen Fr\u00fcchten und Gem\u00fcsen und erm\u00f6glicht bessere Ergebnisse. Der St\u00f6ssel mit Dichtungsring wischt die W\u00e4nde der Einf\u00fcll\u00f6ffnung leicht ab, so dass alle Obst- und Gem\u00fcsesorten restlos verarbeitet werden.<\/p>\n<p><img data-opt-src=\"https:\/\/mlsfuhg7sobs.i.optimole.com\/cb:0KLq.257c9\/w:auto\/h:auto\/q:mauto\/f:best\/https:\/\/omjuicers.ch\/wp-content\/uploads\/2020\/04\/combo-3.jpg\"  decoding=\"async\" class=\"size-medium wp-image-23512 alignright\" src=\"https:\/\/mlsfuhg7sobs.i.optimole.com\/cb:0KLq.257c9\/w:auto\/h:auto\/q:eco\/f:best\/https:\/\/omjuicers.ch\/wp-content\/uploads\/2020\/04\/combo-3.jpg\" alt=\"\" width=\"300\" height=\"240\" old-srcset=\"https:\/\/mlsfuhg7sobs.i.optimole.com\/cb:0KLq.257c9\/w:auto\/h:auto\/q:mauto\/f:best\/https:\/\/omjuicers.ch\/wp-content\/uploads\/2020\/04\/combo-3.jpg 1200w, https:\/\/mlsfuhg7sobs.i.optimole.com\/cb:0KLq.257c9\/w:300\/h:240\/q:mauto\/f:best\/https:\/\/omjuicers.ch\/wp-content\/uploads\/2020\/04\/combo-3.jpg 300w, https:\/\/mlsfuhg7sobs.i.optimole.com\/cb:0KLq.257c9\/w:1024\/h:819\/q:mauto\/f:best\/https:\/\/omjuicers.ch\/wp-content\/uploads\/2020\/04\/combo-3.jpg 1024w, https:\/\/mlsfuhg7sobs.i.optimole.com\/cb:0KLq.257c9\/w:768\/h:614\/q:mauto\/f:best\/https:\/\/omjuicers.ch\/wp-content\/uploads\/2020\/04\/combo-3.jpg 768w, https:\/\/mlsfuhg7sobs.i.optimole.com\/cb:0KLq.257c9\/w:672\/h:538\/q:mauto\/f:best\/https:\/\/omjuicers.ch\/wp-content\/uploads\/2020\/04\/combo-3.jpg 672w, https:\/\/mlsfuhg7sobs.i.optimole.com\/cb:0KLq.257c9\/w:1038\/h:830\/q:mauto\/f:best\/https:\/\/omjuicers.ch\/wp-content\/uploads\/2020\/04\/combo-3.jpg 1038w, https:\/\/mlsfuhg7sobs.i.optimole.com\/cb:0KLq.257c9\/w:480\/h:384\/q:mauto\/f:best\/https:\/\/omjuicers.ch\/wp-content\/uploads\/2020\/04\/combo-3.jpg 480w, https:\/\/mlsfuhg7sobs.i.optimole.com\/cb:0KLq.257c9\/w:600\/h:480\/q:mauto\/f:best\/https:\/\/omjuicers.ch\/wp-content\/uploads\/2020\/04\/combo-3.jpg 600w\" \/><noscript><img decoding=\"async\" class=\"size-medium wp-image-23512 alignright\" src=\"https:\/\/mlsfuhg7sobs.i.optimole.com\/cb:0KLq.257c9\/w:auto\/h:auto\/q:mauto\/f:best\/https:\/\/omjuicers.ch\/wp-content\/uploads\/2020\/04\/combo-3.jpg\" alt=\"\" width=\"300\" height=\"240\" srcset=\"https:\/\/mlsfuhg7sobs.i.optimole.com\/cb:0KLq.257c9\/w:auto\/h:auto\/q:mauto\/f:best\/https:\/\/omjuicers.ch\/wp-content\/uploads\/2020\/04\/combo-3.jpg 1200w, https:\/\/mlsfuhg7sobs.i.optimole.com\/cb:0KLq.257c9\/w:300\/h:240\/q:mauto\/f:best\/https:\/\/omjuicers.ch\/wp-content\/uploads\/2020\/04\/combo-3.jpg 300w, https:\/\/mlsfuhg7sobs.i.optimole.com\/cb:0KLq.257c9\/w:1024\/h:819\/q:mauto\/f:best\/https:\/\/omjuicers.ch\/wp-content\/uploads\/2020\/04\/combo-3.jpg 1024w, https:\/\/mlsfuhg7sobs.i.optimole.com\/cb:0KLq.257c9\/w:768\/h:614\/q:mauto\/f:best\/https:\/\/omjuicers.ch\/wp-content\/uploads\/2020\/04\/combo-3.jpg 768w, https:\/\/mlsfuhg7sobs.i.optimole.com\/cb:0KLq.257c9\/w:672\/h:538\/q:mauto\/f:best\/https:\/\/omjuicers.ch\/wp-content\/uploads\/2020\/04\/combo-3.jpg 672w, https:\/\/mlsfuhg7sobs.i.optimole.com\/cb:0KLq.257c9\/w:1038\/h:830\/q:mauto\/f:best\/https:\/\/omjuicers.ch\/wp-content\/uploads\/2020\/04\/combo-3.jpg 1038w, https:\/\/mlsfuhg7sobs.i.optimole.com\/cb:0KLq.257c9\/w:480\/h:384\/q:mauto\/f:best\/https:\/\/omjuicers.ch\/wp-content\/uploads\/2020\/04\/combo-3.jpg 480w, https:\/\/mlsfuhg7sobs.i.optimole.com\/cb:0KLq.257c9\/w:600\/h:480\/q:mauto\/f:best\/https:\/\/omjuicers.ch\/wp-content\/uploads\/2020\/04\/combo-3.jpg 600w\" sizes=\"(max-width: 300px) 100vw, 300px\" \/></noscript>Wegen der cleveren Form des Entsafters l\u00e4sst sich das Ger\u00e4t ohne Griffe problemlos tragen. Eine Neuheit ist das Netzkabel, das im Boden des Entsafters integriert ist. Der Entsafter Sana 707 ist ein bis ins kleinste Detail durchdachtes Ger\u00e4t.<\/p>\n<h3>Ein beliebtes Zubeh\u00f6r zu diesem Ger\u00e4t ist der Sana Aufsatz zum \u00d6lpressen.<\/h3>\n<p>Mit dem <a href=\"https:\/\/omjuicers.ch\/fr\/product\/extracteur-huile-sana-euj-702\/\" target=\"_blank\" rel=\"noopener\">Sana 702 Aufsatz zum \u00d6lpressen<\/a> k\u00f6nnen Sie kaltgepresste \u00d6le schonend und frisch in der jeweils ben\u00f6tigten Menge herstellen &#8211; z.B. Lein\u00f6l, Sonnenblumen\u00f6l oder auch K\u00fcrbiskern\u00f6l.<\/p>\n<p><strong>Sellerieaufsatz<\/strong><\/p>\n<p>Die aktuelle Version des Sana 707 enth\u00e4lt <a href=\"https:\/\/omjuicers.ch\/fr\/product\/embout-a-celeri-pour-sana-707\/\" target=\"_blank\" rel=\"noopener\">den Sellerieaufsatz<\/a>, der die Saftusbeute an Selleriesaft um bis zu 15 % erh\u00f6ht.<\/p>\n<p><strong>Zubeh\u00f6r im Lieferumfang:<\/strong><\/p>\n<ul>\n<li>feines Sieb<\/li>\n<li>grobes Sieb<\/li>\n<li>Homogenisierungskonus<\/li>\n<li>Sellerieaufsatz<\/li>\n<li>Zubeh\u00f6r f\u00fcr die Herstellung von Pasta, Kartoffelp\u00fcree, Nussbutter, &#8230;<\/li>\n<li>Saftkrug aus Glas<\/li>\n<li>Tresterschale aus Edelstahl<\/li>\n<li>Saftbeh\u00e4lter-Sieb<\/li>\n<li>St\u00f6ssel mit Dichtungsring<\/li>\n<li>Reinigungsb\u00fcrste<\/li>\n<li>Gebrauchsanweisung auf Deutsch<\/li>\n<\/ul>\n<p><img data-opt-src=\"https:\/\/mlsfuhg7sobs.i.optimole.com\/cb:0KLq.257c9\/w:auto\/h:auto\/q:mauto\/f:best\/https:\/\/omjuicers.ch\/wp-content\/uploads\/2020\/04\/all-parts-1.jpg\"  decoding=\"async\" class=\"aligncenter size-medium wp-image-1102\" src=\"https:\/\/mlsfuhg7sobs.i.optimole.com\/cb:0KLq.257c9\/w:auto\/h:auto\/q:eco\/f:best\/https:\/\/omjuicers.ch\/wp-content\/uploads\/2020\/04\/all-parts-1.jpg\" alt=\"\" width=\"300\" height=\"256\"><noscript><img decoding=\"async\" class=\"aligncenter size-medium wp-image-1102\" src=\"https:\/\/mlsfuhg7sobs.i.optimole.com\/cb:0KLq.257c9\/w:auto\/h:auto\/q:mauto\/f:best\/https:\/\/omjuicers.ch\/wp-content\/uploads\/2020\/04\/all-parts-1.jpg\" alt=\"\" width=\"300\" height=\"256\"></noscript><\/p>\n<h3>Video<\/h3>\n<p>In diesem Video entpacken wir den Sana 707, zeigen Ihnen alle Teile und demonstrieren Ihnen die Montage und die Reinigung des Ger\u00e4ts (auf Franz\u00f6sisch).<\/p>\n<p><iframe title=\"D\u00e9ballage de l&#039;extracteur de jus Sana 707 \/\/ OmJuicers.ch\" width=\"1200\" height=\"675\" src=\"https:\/\/www.youtube.com\/embed\/y0ceyVuzFOM?feature=oembed&#038;enablejsapi=1&#038;origin=https:\/\/omjuicers.ch&amp;wmode=opaque&amp;showinfo=0\" style=\"border: none\" allow=\"accelerometer; autoplay; clipboard-write; encrypted-media; gyroscope; picture-in-picture; web-share\" referrerpolicy=\"strict-origin-when-cross-origin\" allowfullscreen><\/iframe><\/p>\n<h3>Getestet von Lumai Blog<\/h3>\n<p>Lumai Blog ver\u00f6ffentlichte <a href=\"http:\/\/www.lumai.ch\/extracteur-jus-sana-omega\/\" target=\"_blank\" rel=\"noopener noreferrer\">einen sehr ausf\u00fchrlichen Artikel<\/a> \u00fcber die Entdeckung und Verwendung des Sana 707 (auf Franz\u00f6sisch).<\/p>\n<p><img data-opt-src=\"https:\/\/mlsfuhg7sobs.i.optimole.com\/cb:0KLq.257c9\/w:auto\/h:auto\/q:mauto\/f:best\/https:\/\/omjuicers.ch\/wp-content\/uploads\/2020\/04\/sana_omega_juicer_lumai6-e1551716481140-1.jpg\"  decoding=\"async\" class=\"aligncenter wp-image-1564 size-large\" src=\"https:\/\/mlsfuhg7sobs.i.optimole.com\/cb:0KLq.257c9\/w:auto\/h:auto\/q:eco\/f:best\/https:\/\/omjuicers.ch\/wp-content\/uploads\/2020\/04\/sana_omega_juicer_lumai6-e1551716481140-1.jpg\" alt=\"\" width=\"800\" height=\"800\"><noscript><img decoding=\"async\" class=\"aligncenter wp-image-1564 size-large\" src=\"https:\/\/mlsfuhg7sobs.i.optimole.com\/cb:0KLq.257c9\/w:auto\/h:auto\/q:mauto\/f:best\/https:\/\/omjuicers.ch\/wp-content\/uploads\/2020\/04\/sana_omega_juicer_lumai6-e1551716481140-1.jpg\" alt=\"\" width=\"800\" height=\"800\"></noscript><\/p>\n","protected":false},"excerpt":{"rendered":"<p>Der horizontale Wellenentsafter Sana 707 ist mit einem hochwertigen Motor mit nur 70 Umdrehungen pro Minute ausgestattet. Diese schonende Art der Rohstoffverarbeitung garantiert, dass Vitamine, Mineralien und Enzyme nicht verloren gehen, wie es bei Hochgeschwindigkeitsentsaftern der Fall ist. Sana nutzt zum Entsaften ein Zwei-Phasen-Sieb, das eine maximale Saftausbeute garantiert. Es kann Saft aus allen g\u00e4ngigen Obst- und Gem\u00fcsesorten, aber auch aus bekanntermassen schwieriger zu entsaftenden Fr\u00fcchten wie Johannisbeeren, Ananas und Sellerie gewinnen.<\/p>\n","protected":false},"featured_media":1101,"comment_status":"open","ping_status":"closed","template":"","meta":{"_acf_changed":false},"product_cat":[89,319,92],"product_tag":[297],"class_list":{"0":"post-11997","1":"product","2":"type-product","3":"status-publish","4":"has-post-thumbnail","6":"product_cat-entsafter","7":"product_cat-horizontal-de","8":"product_cat-mittelklasse","9":"product_tag-sana-de","10":"product_shipping_class-juicer-de-2","12":"first","13":"instock","14":"featured","15":"taxable","16":"shipping-taxable","17":"purchasable","18":"product-type-variable","19":"has-default-attributes"},"supplier_id":null,"supplier_sku":"","barcode":null,"atum_controlled":true,"out_stock_date":null,"out_stock_threshold":null,"inheritable":true,"inbound_stock":0,"stock_on_hold":0,"sold_today":0,"sales_last_days":0,"reserved_stock":0,"customer_returns":0,"warehouse_damage":null,"lost_in_post":null,"other_logs":null,"out_stock_days":0,"lost_sales":0,"has_location":false,"update_date":"2026-04-05T13:50:51","atum_locations":[],"atum_stock_status":"instock","restock_status":false,"low_stock_amount":"","sales_update_date":"2026-04-05T13:50:51","calc_backorders":null,"acf":{"hide_in_france":false},"_links":{"self":[{"href":"https:\/\/omjuicers.ch\/de\/wp-json\/wp\/v2\/product\/11997"}],"collection":[{"href":"https:\/\/omjuicers.ch\/de\/wp-json\/wp\/v2\/product"}],"about":[{"href":"https:\/\/omjuicers.ch\/de\/wp-json\/wp\/v2\/types\/product"}],"replies":[{"embeddable":true,"href":"https:\/\/omjuicers.ch\/de\/wp-json\/wp\/v2\/comments?post=11997"}],"wp:featuredmedia":[{"embeddable":true,"href":"https:\/\/omjuicers.ch\/de\/wp-json\/wp\/v2\/media\/1101"}],"wp:attachment":[{"href":"https:\/\/omjuicers.ch\/de\/wp-json\/wp\/v2\/media?parent=11997"}],"wp:term":[{"taxonomy":"product_cat","embeddable":true,"href":"https:\/\/omjuicers.ch\/de\/wp-json\/wp\/v2\/product_cat?post=11997"},{"taxonomy":"product_tag","embeddable":true,"href":"https:\/\/omjuicers.ch\/de\/wp-json\/wp\/v2\/product_tag?post=11997"}],"curies":[{"name":"wp","href":"https:\/\/api.w.org\/{rel}","templated":true}]}}