{"id":12001,"date":"2018-04-07T21:33:48","date_gmt":"2018-04-07T19:33:48","guid":{"rendered":"https:\/\/omjuicers.ch\/product\/entsafter-angel-5500\/"},"modified":"2026-04-20T16:00:11","modified_gmt":"2026-04-20T14:00:11","slug":"entsafter-angel-5500","status":"publish","type":"product","link":"https:\/\/omjuicers.ch\/de\/product\/entsafter-angel-5500\/","title":{"rendered":"Entsafter Angel Juicer 5500"},"content":{"rendered":"<p><img fetchpriority=\"high\" decoding=\"async\" class=\"alignright size-medium wp-image-1203\" src=\"https:\/\/mlsfuhg7sobs.i.optimole.com\/cb:0KLq.257c9\/w:auto\/h:auto\/q:mauto\/f:best\/https:\/\/omjuicers.ch\/wp-content\/uploads\/2020\/04\/detail-2.jpg\" alt=\"\" width=\"300\" height=\"200\" srcset=\"https:\/\/mlsfuhg7sobs.i.optimole.com\/cb:0KLq.257c9\/w:auto\/h:auto\/q:mauto\/f:best\/https:\/\/omjuicers.ch\/wp-content\/uploads\/2020\/04\/detail-2.jpg 1000w, https:\/\/mlsfuhg7sobs.i.optimole.com\/cb:0KLq.257c9\/w:300\/h:200\/q:mauto\/f:best\/https:\/\/omjuicers.ch\/wp-content\/uploads\/2020\/04\/detail-2.jpg 300w, https:\/\/mlsfuhg7sobs.i.optimole.com\/cb:0KLq.257c9\/w:768\/h:512\/q:mauto\/f:best\/https:\/\/omjuicers.ch\/wp-content\/uploads\/2020\/04\/detail-2.jpg 768w, https:\/\/mlsfuhg7sobs.i.optimole.com\/cb:0KLq.257c9\/w:672\/h:448\/q:mauto\/f:best\/https:\/\/omjuicers.ch\/wp-content\/uploads\/2020\/04\/detail-2.jpg 672w, https:\/\/mlsfuhg7sobs.i.optimole.com\/cb:0KLq.257c9\/w:480\/h:320\/q:mauto\/f:best\/https:\/\/omjuicers.ch\/wp-content\/uploads\/2020\/04\/detail-2.jpg 480w, https:\/\/mlsfuhg7sobs.i.optimole.com\/cb:0KLq.257c9\/w:600\/h:400\/q:mauto\/f:best\/https:\/\/omjuicers.ch\/wp-content\/uploads\/2020\/04\/detail-2.jpg 600w\" sizes=\"(max-width: 300px) 100vw, 300px\" \/>Mit nur 82 Umdrehungen pro Minute erh\u00e4lt der Angel Juicer 5500 alle Pflanzenbestandteile, die f\u00fcr den K\u00f6rper wichtig sind \u2013 wie zum Beispiel Antioxidantien, Vitamine, Mineralien und Enzyme.<\/p>\n<p>Der Angel Entsafter besteht aus nur 4 Teilen, weshalb Montieren und Auseinandernehmen sehr einfach sind.<\/p>\n<p>Die Angel Entsafter kann aus praktisch jedem Pflanzenbestandteil Saft gewinnen &#8211; Obst, Gem\u00fcse oder Bl\u00e4tter (von Karotten bis zu \u00c4pfeln, Weizensprossen oder Spinat). Dieser Entsafter liefert selbst bei Weizen, Gem\u00fcsen, Bl\u00e4ttern und Sprossen un\u00fcbertroffene Ergebnisse! Er kann auch zur Herstellung von Tofu, salzigen Pastetenf\u00fcllungen und Erdnussbutter verwendet werden!<\/p>\n<p><img fetchpriority=\"high\" decoding=\"async\" class=\"size-medium wp-image-1199 alignleft\" src=\"https:\/\/mlsfuhg7sobs.i.optimole.com\/cb:0KLq.257c9\/w:auto\/h:auto\/q:mauto\/f:best\/https:\/\/omjuicers.ch\/wp-content\/uploads\/2020\/04\/top-3.jpg\" alt=\"\" width=\"300\" height=\"200\" srcset=\"https:\/\/mlsfuhg7sobs.i.optimole.com\/cb:0KLq.257c9\/w:auto\/h:auto\/q:mauto\/f:best\/https:\/\/omjuicers.ch\/wp-content\/uploads\/2020\/04\/top-3.jpg 1000w, https:\/\/mlsfuhg7sobs.i.optimole.com\/cb:0KLq.257c9\/w:300\/h:200\/q:mauto\/f:best\/https:\/\/omjuicers.ch\/wp-content\/uploads\/2020\/04\/top-3.jpg 300w, https:\/\/mlsfuhg7sobs.i.optimole.com\/cb:0KLq.257c9\/w:768\/h:512\/q:mauto\/f:best\/https:\/\/omjuicers.ch\/wp-content\/uploads\/2020\/04\/top-3.jpg 768w, https:\/\/mlsfuhg7sobs.i.optimole.com\/cb:0KLq.257c9\/w:672\/h:448\/q:mauto\/f:best\/https:\/\/omjuicers.ch\/wp-content\/uploads\/2020\/04\/top-3.jpg 672w, https:\/\/mlsfuhg7sobs.i.optimole.com\/cb:0KLq.257c9\/w:480\/h:320\/q:mauto\/f:best\/https:\/\/omjuicers.ch\/wp-content\/uploads\/2020\/04\/top-3.jpg 480w, https:\/\/mlsfuhg7sobs.i.optimole.com\/cb:0KLq.257c9\/w:600\/h:400\/q:mauto\/f:best\/https:\/\/omjuicers.ch\/wp-content\/uploads\/2020\/04\/top-3.jpg 600w\" sizes=\"(max-width: 300px) 100vw, 300px\" \/>Beim Testen des Angel Juicers waren wir perplex &#8211; eine solche Leistung ist selten, wenn nicht sogar konkurrenzlos! Wir testeten Kartotten, \u00c4pfel, Orangen, Trauben, Johannisbeeren und Salat. Der Trester der Karotten ist deutlich trockener als bei jeder anderen Maschine, und bei den \u00c4pfeln blieben kaum Reste vom Fruchtfleisch \u00fcbrig. Diese Maschine holt wirklich den letzten Tropfen Saft aus Bl\u00e4ttern, wie beispielsweise Lattich.<\/p>\n<p>Dank dieser aussergew\u00f6hnlichen Leistung wird der Kaufpreis schnell amortisiert sein. Es sind nur 3 Elemente zu reinigen, und Sie k\u00f6nnen zu diesem Zweck die mitgelieferten B\u00fcrsten und den Schaber zum Reinigen des Filters benutzen. Wir brauchten nur wenige Minuten, um die Maschine zu reinigen. Zur einfacheren Reinigung kann man die Teile \u00fcber Nacht in Wasser einweichen. Ein Vorteil des Angel Juicer 5500 ist seine 43mm grosse Einf\u00fcll\u00f6ffnung (Standardgr\u00f6sse sind sonst 38mm Durchmesser).<\/p>\n<p><img fetchpriority=\"high\" decoding=\"async\" class=\"size-medium wp-image-1205 aligncenter\" src=\"https:\/\/mlsfuhg7sobs.i.optimole.com\/cb:0KLq.257c9\/w:300\/h:300\/q:mauto\/rt:fill\/g:ce\/f:best\/https:\/\/omjuicers.ch\/wp-content\/uploads\/2020\/04\/accessories-4.jpg\" alt=\"\" width=\"300\" height=\"300\" srcset=\"https:\/\/mlsfuhg7sobs.i.optimole.com\/cb:0KLq.257c9\/w:300\/h:300\/q:mauto\/rt:fill\/g:ce\/f:best\/https:\/\/omjuicers.ch\/wp-content\/uploads\/2020\/04\/accessories-4.jpg 300w, https:\/\/mlsfuhg7sobs.i.optimole.com\/cb:0KLq.257c9\/w:150\/h:150\/q:mauto\/rt:fill\/g:ce\/f:best\/https:\/\/omjuicers.ch\/wp-content\/uploads\/2020\/04\/accessories-4.jpg 150w, https:\/\/mlsfuhg7sobs.i.optimole.com\/cb:0KLq.257c9\/w:768\/h:768\/q:mauto\/f:best\/https:\/\/omjuicers.ch\/wp-content\/uploads\/2020\/04\/accessories-4.jpg 768w, https:\/\/mlsfuhg7sobs.i.optimole.com\/cb:0KLq.257c9\/w:672\/h:672\/q:mauto\/f:best\/https:\/\/omjuicers.ch\/wp-content\/uploads\/2020\/04\/accessories-4.jpg 672w, https:\/\/mlsfuhg7sobs.i.optimole.com\/cb:0KLq.257c9\/w:480\/h:480\/q:mauto\/f:best\/https:\/\/omjuicers.ch\/wp-content\/uploads\/2020\/04\/accessories-4.jpg 480w, https:\/\/mlsfuhg7sobs.i.optimole.com\/cb:0KLq.257c9\/w:600\/h:600\/q:mauto\/f:best\/https:\/\/omjuicers.ch\/wp-content\/uploads\/2020\/04\/accessories-4.jpg 600w, https:\/\/mlsfuhg7sobs.i.optimole.com\/cb:0KLq.257c9\/w:100\/h:100\/q:mauto\/rt:fill\/g:ce\/f:best\/https:\/\/omjuicers.ch\/wp-content\/uploads\/2020\/04\/accessories-4.jpg 100w, https:\/\/mlsfuhg7sobs.i.optimole.com\/cb:0KLq.257c9\/w:auto\/h:auto\/q:mauto\/f:best\/https:\/\/omjuicers.ch\/wp-content\/uploads\/2020\/04\/accessories-4.jpg 1000w\" sizes=\"(max-width: 300px) 100vw, 300px\" \/><\/p>\n","protected":false},"excerpt":{"rendered":"<p>Dieser Entsafter ist mit der neusten Dual-Gear-Technik ausgestattet, die eine extrem effiziente Entsaftung erm\u00f6glicht und gleichzeitig dank den zwei Schritten sehr schonend ist. Im ersten Schritt wird das Pressgut grob zerkleinert, danach im zweiten Schritt buchst\u00e4blich &#8222;zerkaut&#8220;, um einen Saft von unvergleichlicher Qualit\u00e4t zu erhalten, der vom Fruchtfleisch der gepressten Fr\u00fcchte und Gem\u00fcse getrennt wird.<\/p>\n","protected":false},"featured_media":31259,"comment_status":"open","ping_status":"closed","template":"","meta":{"_acf_changed":false},"product_cat":[89,319,93],"product_tag":[300],"class_list":{"0":"post-12001","1":"product","2":"type-product","3":"status-publish","4":"has-post-thumbnail","6":"product_cat-entsafter","7":"product_cat-horizontal-de","8":"product_cat-oberklasse","9":"product_tag-angel-de","10":"product_shipping_class-juicer-de-2","12":"first","13":"onbackorder","14":"taxable","15":"shipping-taxable","16":"purchasable","17":"product-type-simple"},"supplier_id":34312,"supplier_sku":"7124-01","barcode":null,"atum_controlled":true,"out_stock_date":"2026-03-04 22:08:15","out_stock_threshold":0,"inheritable":false,"inbound_stock":0,"stock_on_hold":0,"sold_today":0,"sales_last_days":0,"reserved_stock":0,"customer_returns":0,"warehouse_damage":null,"lost_in_post":null,"other_logs":null,"out_stock_days":46,"lost_sales":0,"has_location":false,"update_date":"2026-04-20T14:00:11","atum_locations":[],"atum_stock_status":"onbackorder","restock_status":false,"low_stock_amount":"","sales_update_date":"2026-04-20T14:00:11","calc_backorders":0,"acf":{"hide_in_france":false},"_links":{"self":[{"href":"https:\/\/omjuicers.ch\/de\/wp-json\/wp\/v2\/product\/12001"}],"collection":[{"href":"https:\/\/omjuicers.ch\/de\/wp-json\/wp\/v2\/product"}],"about":[{"href":"https:\/\/omjuicers.ch\/de\/wp-json\/wp\/v2\/types\/product"}],"replies":[{"embeddable":true,"href":"https:\/\/omjuicers.ch\/de\/wp-json\/wp\/v2\/comments?post=12001"}],"wp:featuredmedia":[{"embeddable":true,"href":"https:\/\/omjuicers.ch\/de\/wp-json\/wp\/v2\/media\/31259"}],"wp:attachment":[{"href":"https:\/\/omjuicers.ch\/de\/wp-json\/wp\/v2\/media?parent=12001"}],"wp:term":[{"taxonomy":"product_cat","embeddable":true,"href":"https:\/\/omjuicers.ch\/de\/wp-json\/wp\/v2\/product_cat?post=12001"},{"taxonomy":"product_tag","embeddable":true,"href":"https:\/\/omjuicers.ch\/de\/wp-json\/wp\/v2\/product_tag?post=12001"}],"curies":[{"name":"wp","href":"https:\/\/api.w.org\/{rel}","templated":true}]}}