{"id":12006,"date":"2017-09-11T02:33:55","date_gmt":"2017-09-11T00:33:55","guid":{"rendered":"https:\/\/omjuicers.ch\/product\/entsafter-vidia-sj-002-vitaleo-da-1200\/"},"modified":"2024-10-05T09:06:56","modified_gmt":"2024-10-05T07:06:56","slug":"entsafter-vidia-sj-002-vitaleo-da-1200","status":"publish","type":"product","link":"https:\/\/omjuicers.ch\/de\/product\/entsafter-vidia-sj-002-vitaleo-da-1200\/","title":{"rendered":"Entsafter Vidia Juicer SJ-002 (DA-1200)"},"content":{"rendered":"<p>Der Vidia Juicer SJ-002 ist mit einem f\u00fcnfstufigen Einstellknopf zur Tresterregulierung ausgestattet. Klug eingesetzt, erm\u00f6glicht er die Optimierung der Maschinenleistung f\u00fcr ein bestimmtes Pressgut. Stufe 1 wird f\u00fcr Obst und Gem\u00fcse mit weichem Fruchtfleisch wie Tomaten, Kiwis, \u00c4pfel und Zitronen verwendet, Stufe 3 ist eher f\u00fcr Gurken, Melonen und feste Apfelsorten geeignet. Die Stufen 4 und 5 eignen sich zum Extrahieren von weichem Wurzelgem\u00fcse wie Karotten, aber auch f\u00fcr Blattgem\u00fcse, frische Kr\u00e4uter, und sogar Kiefernnadeln sowie Gersten- oder Weizensprossen.<\/p>\n<p>Der Vidia Juicer SJ-002 wird mit einem Pasta- und Nudelset geliefert, mit dem Sie Eiscreme, Sorbets, Nussbutter, Teigwaren und Babybrei herstellen k\u00f6nnen. Sie k\u00f6nnen sogar Kaffee mahlen!<\/p>\n<p>Vidia Juicer SJ-002 ist 100% BPA und BPS frei.<\/p>\n<h3><strong>Was sind die Unterschiede zwischen dem Vidia Juicer SJ-002 und dem Vorg\u00e4ngermodell?<\/strong><\/h3>\n<p>Abgesehen vom neuen Design besteht der gr\u00f6sste Unterschied der neuen SJ-002 in der Breite des Einf\u00fcllstutzens, mit dem sie jetzt gr\u00f6ssere St\u00fccke in die Maschine einf\u00fchren k\u00f6nnen, was die R\u00fcstzeit zu reduziert. Der Filter wurde ebenfalls verbessert. Er ist jetzt leistungsf\u00e4higer und verstopft weniger.<\/p>\n<p><img fetchpriority=\"high\" decoding=\"async\" class=\"alignleft size-medium wp-image-1133\" src=\"https:\/\/mlsfuhg7sobs.i.optimole.com\/cb:0KLq.257c9\/w:300\/h:225\/q:mauto\/f:best\/https:\/\/omjuicers.ch\/wp-content\/uploads\/2020\/04\/front-3.jpg\" alt=\"\" width=\"300\" height=\"225\" srcset=\"https:\/\/mlsfuhg7sobs.i.optimole.com\/cb:0KLq.257c9\/w:300\/h:225\/q:mauto\/f:best\/https:\/\/omjuicers.ch\/wp-content\/uploads\/2020\/04\/front-3.jpg 300w, https:\/\/mlsfuhg7sobs.i.optimole.com\/cb:0KLq.257c9\/w:768\/h:576\/q:mauto\/f:best\/https:\/\/omjuicers.ch\/wp-content\/uploads\/2020\/04\/front-3.jpg 768w, https:\/\/mlsfuhg7sobs.i.optimole.com\/cb:0KLq.257c9\/w:672\/h:504\/q:mauto\/f:best\/https:\/\/omjuicers.ch\/wp-content\/uploads\/2020\/04\/front-3.jpg 672w, https:\/\/mlsfuhg7sobs.i.optimole.com\/cb:0KLq.257c9\/w:480\/h:360\/q:mauto\/f:best\/https:\/\/omjuicers.ch\/wp-content\/uploads\/2020\/04\/front-3.jpg 480w, https:\/\/mlsfuhg7sobs.i.optimole.com\/cb:0KLq.257c9\/w:600\/h:450\/q:mauto\/f:best\/https:\/\/omjuicers.ch\/wp-content\/uploads\/2020\/04\/front-3.jpg 600w, https:\/\/mlsfuhg7sobs.i.optimole.com\/cb:0KLq.257c9\/w:auto\/h:auto\/q:mauto\/f:best\/https:\/\/omjuicers.ch\/wp-content\/uploads\/2020\/04\/front-3.jpg 1000w\" sizes=\"(max-width: 300px) 100vw, 300px\" \/><\/p>\n<p>Das neue Modell ist auch f\u00fcr eine einfache Reinigung ausgelegt &#8211; einfach unter das fliessende Wasser halten reicht aus. Schliesslich wurde das Design vereinfacht. Der Entsafter hat jetzt weniger bewegliche Teile, was die Reinigung und den Betrieb vereinfacht. Auch der Aufsatz hat weniger Teile: 3 Teile f\u00fcr Eiscreme und nur 1 Teil f\u00fcr Pasta enth\u00e4lt, im Vergleich zu 4 bzw. 2 Teilen in der vorherigen Version.<\/p>\n<p>Der Vidia Juicer SJ-002 wurde f\u00fcr eine einfache Bedienung konzipiert. Der hochwertige Entsafter hat einige interessante Eigenschaften. Er verf\u00fcgt \u00fcber einen Einstellknopf, mit dem sie bei Bedarf den Trester-Auslasswiderstand je nach Pressgut anpassen und so die Extraktion optimieren k\u00f6nnen. Dieses Rad funktioniert besser mit weichen Wurzeln, aber die variable Passform erm\u00f6glicht es, sich an verschiedene Gem\u00fcse oder Obst anzupassen. Wir empfehlen, mit niedrigem Druck (Stufe 1) zu beginnen und den Druck dann langsam zu erh\u00f6hen, um die Leistung zu verbessern. Wenn der Druck zu hoch ist, kann die Maschine verstopfen, insbesondere bei weichen oder faserigen Lebensmitteln. Bei sehr reifem oder sehr weichem Obst empfehlen wir Ihnen, das Rad (das aus der Kappe herausgenommen werden kann) zu entfernen.<\/p>\n<h3><strong>Zubeh\u00f6r im Lieferumfang:<\/strong><\/h3>\n<ul>\n<li>Filter<img fetchpriority=\"high\" decoding=\"async\" class=\"size-medium wp-image-1131 alignright\" src=\"https:\/\/mlsfuhg7sobs.i.optimole.com\/cb:0KLq.257c9\/w:300\/h:225\/q:mauto\/f:best\/https:\/\/omjuicers.ch\/wp-content\/uploads\/2020\/04\/accessories-3.jpg\" alt=\"\" width=\"300\" height=\"225\" srcset=\"https:\/\/mlsfuhg7sobs.i.optimole.com\/cb:0KLq.257c9\/w:300\/h:225\/q:mauto\/f:best\/https:\/\/omjuicers.ch\/wp-content\/uploads\/2020\/04\/accessories-3.jpg 300w, https:\/\/mlsfuhg7sobs.i.optimole.com\/cb:0KLq.257c9\/w:768\/h:576\/q:mauto\/f:best\/https:\/\/omjuicers.ch\/wp-content\/uploads\/2020\/04\/accessories-3.jpg 768w, https:\/\/mlsfuhg7sobs.i.optimole.com\/cb:0KLq.257c9\/w:672\/h:504\/q:mauto\/f:best\/https:\/\/omjuicers.ch\/wp-content\/uploads\/2020\/04\/accessories-3.jpg 672w, https:\/\/mlsfuhg7sobs.i.optimole.com\/cb:0KLq.257c9\/w:480\/h:360\/q:mauto\/f:best\/https:\/\/omjuicers.ch\/wp-content\/uploads\/2020\/04\/accessories-3.jpg 480w, https:\/\/mlsfuhg7sobs.i.optimole.com\/cb:0KLq.257c9\/w:600\/h:450\/q:mauto\/f:best\/https:\/\/omjuicers.ch\/wp-content\/uploads\/2020\/04\/accessories-3.jpg 600w, https:\/\/mlsfuhg7sobs.i.optimole.com\/cb:0KLq.257c9\/w:auto\/h:auto\/q:mauto\/f:best\/https:\/\/omjuicers.ch\/wp-content\/uploads\/2020\/04\/accessories-3.jpg 1000w\" sizes=\"(max-width: 300px) 100vw, 300px\" \/><\/li>\n<li>Konus zur Homogenisierung<\/li>\n<li>Einstellrad<\/li>\n<li>Verschiedene Aufs\u00e4tze f\u00fcr Teigwaren<\/li>\n<li>Aufsatz f\u00fcr Glac\u00e9 und Nussbutter<\/li>\n<li>Saftbeh\u00e4lter und Tresterbeh\u00e4lter aus Kunststoff<\/li>\n<li>Reinigungsb\u00fcrste<\/li>\n<li>St\u00f6ssel<\/li>\n<\/ul>\n<p>&nbsp;<\/p>\n","protected":false},"excerpt":{"rendered":"<p>Der Entsafter Vidia Juicer SJ-002 wird in der Schweiz als Modell <strong>DA-1200<\/strong> einer eingetragenen Marke (deren Erw\u00e4hnung uns verboten ist) und in Frankreich unter dem Namen <strong>Oscar DA-1200<\/strong> verkauft und ist <u>exakt<\/u> dasselbe Ger\u00e4t.<\/p>\n<p>Der Vidia Juicer SJ-002 ist ein kompakter und vielseitiger Entsafter f\u00fcr Einsteiger, der Saft sowohl aus Obst als auch aus Wurzelgem\u00fcse gewinnen kann. Mit einer Drehzahl zwischen 63 und 75 U\/min produziert der Vidia Juicer SJ-002 Saft mit sehr wenig Schaum und maximalem N\u00e4hrstoffgehalt.<\/p>\n","protected":false},"featured_media":1221,"comment_status":"open","ping_status":"closed","template":"","meta":{"_acf_changed":false},"product_cat":[89,319,91],"product_tag":[301],"class_list":{"0":"post-12006","1":"product","2":"type-product","3":"status-publish","4":"has-post-thumbnail","6":"product_cat-entsafter","7":"product_cat-horizontal-de","8":"product_cat-einstiegsklasse","9":"product_tag-vidia-de","10":"product_shipping_class-juicer-de-2","12":"first","13":"instock","14":"sale","15":"taxable","16":"shipping-taxable","17":"purchasable","18":"product-type-variable","19":"has-default-attributes"},"supplier_id":null,"supplier_sku":"","barcode":null,"atum_controlled":true,"out_stock_date":null,"out_stock_threshold":null,"inheritable":true,"inbound_stock":0,"stock_on_hold":0,"sold_today":0,"sales_last_days":0,"reserved_stock":0,"customer_returns":0,"warehouse_damage":null,"lost_in_post":null,"other_logs":null,"out_stock_days":0,"lost_sales":0,"has_location":false,"update_date":"2026-05-03T14:23:55","atum_locations":[],"atum_stock_status":"instock","restock_status":false,"low_stock_amount":"","sales_update_date":"2026-05-03T14:23:55","calc_backorders":null,"acf":{"hide_in_france":false},"_links":{"self":[{"href":"https:\/\/omjuicers.ch\/de\/wp-json\/wp\/v2\/product\/12006"}],"collection":[{"href":"https:\/\/omjuicers.ch\/de\/wp-json\/wp\/v2\/product"}],"about":[{"href":"https:\/\/omjuicers.ch\/de\/wp-json\/wp\/v2\/types\/product"}],"replies":[{"embeddable":true,"href":"https:\/\/omjuicers.ch\/de\/wp-json\/wp\/v2\/comments?post=12006"}],"wp:featuredmedia":[{"embeddable":true,"href":"https:\/\/omjuicers.ch\/de\/wp-json\/wp\/v2\/media\/1221"}],"wp:attachment":[{"href":"https:\/\/omjuicers.ch\/de\/wp-json\/wp\/v2\/media?parent=12006"}],"wp:term":[{"taxonomy":"product_cat","embeddable":true,"href":"https:\/\/omjuicers.ch\/de\/wp-json\/wp\/v2\/product_cat?post=12006"},{"taxonomy":"product_tag","embeddable":true,"href":"https:\/\/omjuicers.ch\/de\/wp-json\/wp\/v2\/product_tag?post=12006"}],"curies":[{"name":"wp","href":"https:\/\/api.w.org\/{rel}","templated":true}]}}