{"id":31142,"date":"2021-04-15T10:36:44","date_gmt":"2021-04-15T08:36:44","guid":{"rendered":"https:\/\/omjuicers.ch\/?post_type=product&#038;p=31142"},"modified":"2026-04-23T16:04:30","modified_gmt":"2026-04-23T14:04:30","slug":"entsafter-sana-euj-727","status":"publish","type":"product","link":"https:\/\/omjuicers.ch\/de\/product\/entsafter-sana-euj-727\/","title":{"rendered":"Entsafter Sana 727 Supreme"},"content":{"rendered":"<table class=\"responsive-727\">\n<tbody>\n<tr>\n<td>Bei der Entwicklung des Slow Juicers Sana 727 Supreme hat der Hersteller keine Kosten gescheut. Das Ziel war die beste Saftpresse der Welt anzubieten sowie die Saftausbeute auf ein absolutes Maximum zu erh\u00f6hen. Der Sana Juicer 727 Supreme ist ein kraftvoller, langlebiger und vielseitiger Entsafter f\u00fcr gehobene Anspr\u00fcche. Der neue Horizontal-Entsafter der Firma Sana deckt kompromisslos alle Anwendungsbereiche ab. Er presst harte Lebensmittel, aber auch sehr weiche Lebensmittel mit Bravour und ist ein Meister wenn es um das Pressen von Selleriesaft, Weizengrasaft und Apfelsaft geht. Mittels Drehregler stellen Sie den 727 auf das jeweilige Saftrezept ein.<\/td>\n<td style=\"padding-left: 20px;\" align=\"center\" width=\"300px !important\"><img fetchpriority=\"high\" decoding=\"async\" class=\"size-full wp-image-31148\" src=\"https:\/\/mlsfuhg7sobs.i.optimole.com\/cb:0KLq.257c9\/w:auto\/h:auto\/q:mauto\/f:best\/https:\/\/omjuicers.ch\/wp-content\/uploads\/2021\/04\/black-side.jpg\" alt=\"\" width=\"300\" height=\"240\"><\/td>\n<\/tr>\n<\/tbody>\n<\/table>\n<h3>Ausgezeichnetes Design<\/h3>\n<table class=\"responsive-727\">\n<tbody>\n<tr class=\"reverse\">\n<td style=\"padding-right: 20px;\" align=\"center\" width=\"300px !important\"><img fetchpriority=\"high\" decoding=\"async\" class=\"size-full wp-image-31150\" src=\"https:\/\/mlsfuhg7sobs.i.optimole.com\/cb:0KLq.257c9\/w:auto\/h:auto\/q:mauto\/f:best\/https:\/\/omjuicers.ch\/wp-content\/uploads\/2021\/04\/red-juicing-1.jpg\" alt=\"\" width=\"300\" height=\"200\"><\/td>\n<td>Der Red Dot Award zeichnet seit 1955 die besten Produkte eines jeden Jahres im Bereich Product Design aus. Ob \u00e4sthetisch ansprechend, funktional, smart oder innovativ \u2013 ausgezeichnete Produkte eint ihre herausragende Designqualit\u00e4t. Deswegen freuen wir uns, dass der Sana 727 Supreme die wohlverdiente Auszeichnung als Red Dot Winner 2021 erhalten hat.<\/p>\n<p>Die internationale Jury vergibt das begehrte Qualit\u00e4tssiegel nur an Produkte, die eine hervorragende Gestaltung aufweisen. Die Jury des Red Dot Award zeichnet hochwertige Produkte aus und bewertet dabei u.a. den Innovationsgrad, die Funktionalit\u00e4t, die Formale Qualit\u00e4t, die Ergonomie, die Langlebigkeit und die \u00d6kologische Vertr\u00e4glichkeit.<\/td>\n<\/tr>\n<\/tbody>\n<\/table>\n<h3>Ein leistungsstarker und leiser Motor f\u00fcr den Dauerbetrieb geeignet !<\/h3>\n<table class=\"responsive-727\">\n<tbody>\n<tr>\n<td>Der Sana 727 ist f\u00fcr das Entsaften gr\u00f6sserer Mengen an Saft konzipiert. Egal, ob Sie eine Saftfasten-Woche planen oder Saft f\u00fcr mehrere Familienmitglieder ben\u00f6tigen. Der Sana 727 ist aber auch f\u00fcr den gastronomischen Einsatz in Cafes oder Saftbars der perfekte K\u00fcchenhelfer. Das Herz jedes elektrischen Entsafters ist der Motor. Deshalb hat Sana die Technik und das Design f\u00fcr diesen neuen b\u00fcrstenlosen Gleichstrommotor patentiert. Der 727-Motor ist deutlich teurer in der Herstellung als herk\u00f6mmliche Entsafter-Motoren, aber der Nutzen und die Vorteile liegen klar auf der Hand. Zu den Vorz\u00fcgen dieses Motors gegen\u00fcber handels\u00fcblichen Motoren z\u00e4hlen das geringere Gewicht, die lange Lebensdauer, die \u00fcberdurchschnittliche Nutzungsszeit, der leise Betrieb sowoe die pr\u00e4zise variable Drehzahlregelung.<\/p>\n<p>Der b\u00fcrstenlose Industriemotor kann bis zu 24 Stunden ohne Unterbrechnung am St\u00fcck entsaften, so l\u00e4sst sich literweise frisch gepresster Saft produzieren. Um den Entsafter kompakter zu gestalten, wurde der Motor vertikal positioniert und ein langlebiges Getriebesystem verbaut, um einen horizontalen Betrieb in einem vertikalen Formfaktor zu erm\u00f6glichen.<\/td>\n<td style=\"padding-left: 20px;\" align=\"center\" width=\"300px !important\"><img fetchpriority=\"high\" decoding=\"async\" class=\"size-full wp-image-31156\" src=\"https:\/\/mlsfuhg7sobs.i.optimole.com\/cb:0KLq.257c9\/w:auto\/h:auto\/q:mauto\/f:best\/https:\/\/omjuicers.ch\/wp-content\/uploads\/2021\/04\/engine-1.jpg\" alt=\"\" width=\"240\" height=\"300\"><\/td>\n<\/tr>\n<\/tbody>\n<\/table>\n<h3>Neuartiges Entsaftungssystem<\/h3>\n<table class=\"responsive-727\">\n<tbody>\n<tr class=\"reverse\">\n<td style=\"padding-right: 20px;\" align=\"center\" width=\"300px !important\"><img data-opt-src=\"https:\/\/mlsfuhg7sobs.i.optimole.com\/cb:0KLq.257c9\/w:auto\/h:auto\/q:mauto\/f:best\/https:\/\/omjuicers.ch\/wp-content\/uploads\/2021\/04\/red-front-pulp.jpg\"  decoding=\"async\" class=\"size-full wp-image-31158\" src=\"https:\/\/mlsfuhg7sobs.i.optimole.com\/cb:0KLq.257c9\/w:auto\/h:auto\/q:eco\/f:best\/https:\/\/omjuicers.ch\/wp-content\/uploads\/2021\/04\/red-front-pulp.jpg\" alt=\"\" width=\"300\" height=\"200\"><noscript><img decoding=\"async\" class=\"size-full wp-image-31158\" src=\"https:\/\/mlsfuhg7sobs.i.optimole.com\/cb:0KLq.257c9\/w:auto\/h:auto\/q:mauto\/f:best\/https:\/\/omjuicers.ch\/wp-content\/uploads\/2021\/04\/red-front-pulp.jpg\" alt=\"\" width=\"300\" height=\"200\"></noscript><\/td>\n<td>Die Sana 727 Supreme \u00fcberzeugt mit seinem neuen Entsaftungssystem. Die Schnecke verf\u00fcgt \u00fcber weiter auseinander liegende Stege, dadurch k\u00f6nnen gr\u00f6ssere St\u00fccke des Pressgutes aufgebrochen werden, was f\u00fcr einen schnelleren Entsaftungsvorgang sorgt. Eine sich drehende Klinge aus rostfreiem Stahl am Tresterauslass schneidet und verdichtet den Trester f\u00fcr eine noch h\u00f6here Saftausbeute. Die Saftausbeute des Sana 727 ist die h\u00f6chste, die wir je bei einem Horizontal-Entsafter mit einer Welle gemessen haben.<\/p>\n<p>Keine eingeklemmten Produkte mehr: der Motor reversiert und startet automatisch neu, wenn ein Stau erkannt wird.<\/td>\n<\/tr>\n<\/tbody>\n<\/table>\n<h3>4 Geschwindigkeitsstufen f\u00fcr pr\u00e4zises und schonendes Saftpressen<\/h3>\n<table class=\"responsive-727\">\n<tbody>\n<tr>\n<td>Der innovative Motor mit seiner variablen Geschwindigkeitsregelung ist das revolution\u00e4rste Merkmal des Sana 727 Supreme. Die meisten Slow Juicer arbeiten mit Geschwindigkeiten zwischen 43 und 110 Umdrehungen pro Minute. Der Sana 727 bietet vier Geschwindigkeitsstufen: 40, 65, 90 und 120 Umdrehungen\/Minute.<\/p>\n<p>Niedrigere Geschwindigkeiten erlauben ein schonenderes und pr\u00e4ziseres Entsaften, reduzieren die Schaumbildung und die Oxidation und eignen sich vor allem auch f\u00fcr weiche oder faserige Lebensmittel. H\u00f6here Geschwindigkeiten eignen sich hervorragend f\u00fcr Lebensmittel mit einem geringen Gehalt an Ballaststoffen und einem hohen Fl\u00fcssigkeitsgehalt wie z.B. Zitrusfr\u00fcchte. Die h\u00f6here Geschwindigkeit spart auch bei der \u00d6lpressung viel Zeit, wenn der optional erh\u00e4ltliche <a href=\"https:\/\/omjuicers.ch\/fr\/product\/extracteur-huile-sana-euj-702\/\" target=\"_blank\" rel=\"noopener\">Aufsatz zum \u00d6lpressen<\/a> verwendet wird.<\/p>\n<p>Die Geschwindigkeitsregulierung erm\u00f6glicht es beim Sana 727 mit nur einem Sieb f\u00fcr das Saftpressen der unterschiedlichsten Lebensmittel zu verwenden.<\/p>\n<ul>\n<li>Stufe 1 = 40 U\/Min.<\/li>\n<li>Stufe 2 = 65 U\/Min.<\/li>\n<li>Stufe 3 = 90 U\/Min.<\/li>\n<li>Stufe 4 = 120 U\/Min.<\/li>\n<\/ul>\n<\/td>\n<td style=\"padding-left: 20px;\" align=\"center\" width=\"300px !important\"><img data-opt-src=\"https:\/\/mlsfuhg7sobs.i.optimole.com\/cb:0KLq.257c9\/w:auto\/h:auto\/q:mauto\/f:best\/https:\/\/omjuicers.ch\/wp-content\/uploads\/2021\/04\/black-speed-dial.jpg\"  decoding=\"async\" class=\"size-full wp-image-31160\" src=\"https:\/\/mlsfuhg7sobs.i.optimole.com\/cb:0KLq.257c9\/w:auto\/h:auto\/q:eco\/f:best\/https:\/\/omjuicers.ch\/wp-content\/uploads\/2021\/04\/black-speed-dial.jpg\" alt=\"\" width=\"300\" height=\"240\"><noscript><img decoding=\"async\" class=\"size-full wp-image-31160\" src=\"https:\/\/mlsfuhg7sobs.i.optimole.com\/cb:0KLq.257c9\/w:auto\/h:auto\/q:mauto\/f:best\/https:\/\/omjuicers.ch\/wp-content\/uploads\/2021\/04\/black-speed-dial.jpg\" alt=\"\" width=\"300\" height=\"240\"></noscript><\/td>\n<\/tr>\n<\/tbody>\n<\/table>\n<h3>3 Siebe<\/h3>\n<table class=\"responsive-727\">\n<tbody>\n<tr class=\"reverse\">\n<td style=\"padding-right: 20px;\" align=\"center\" width=\"300px !important\"><img data-opt-src=\"https:\/\/mlsfuhg7sobs.i.optimole.com\/cb:0KLq.257c9\/w:auto\/h:auto\/q:mauto\/f:best\/https:\/\/omjuicers.ch\/wp-content\/uploads\/2021\/04\/filters.jpg\"  decoding=\"async\" class=\"size-full wp-image-31162\" src=\"https:\/\/mlsfuhg7sobs.i.optimole.com\/cb:0KLq.257c9\/w:auto\/h:auto\/q:eco\/f:best\/https:\/\/omjuicers.ch\/wp-content\/uploads\/2021\/04\/filters.jpg\" alt=\"\" width=\"300\" height=\"200\"><noscript><img decoding=\"async\" class=\"size-full wp-image-31162\" src=\"https:\/\/mlsfuhg7sobs.i.optimole.com\/cb:0KLq.257c9\/w:auto\/h:auto\/q:mauto\/f:best\/https:\/\/omjuicers.ch\/wp-content\/uploads\/2021\/04\/filters.jpg\" alt=\"\" width=\"300\" height=\"200\"></noscript><\/td>\n<td>Es gibt aber auch Einsatzzwecke, in denen ein Sieb einfach nicht ausreicht. Zum Lieferumfang des Sana Supreme 727 geh\u00f6ren drei Siebe :<\/p>\n<ul>\n<li>ein Standardsieb f\u00fcr sehr feinen und klaren Saft<\/li>\n<li>ein grobes Sieb f\u00fcr einen dichteren Saft mit mehr Fruchtfleisch, ideal f\u00fcr weichere Fr\u00fcchte wie Beeren und Ananas<\/li>\n<li>ein geschlossenes (blank) Sieb zur Herstellung von Sorbets, Nussbutter, Babynahrung, Mandelmilch oder andere Milchers\u00e4tze, Pasten, Saucen und vielem mehr.<\/li>\n<\/ul>\n<\/td>\n<\/tr>\n<\/tbody>\n<\/table>\n<h3>Verriegelungsklappe am Saftauslauf f\u00fcr eine schnelle Reinigung<\/h3>\n<table class=\"responsive-727\">\n<tbody>\n<tr>\n<td>Beim Sana 727 Juicer wurde am Saftauslauf eine Verriegelungsklappe integriert, diese l\u00e4sst sich nach dem Entsaften einfach schlissen. So geht kein Tropfen des wertvollen Saftes verloren, die Arbeitsplatte bleibt sauber und die Reinigung des Vorsatzes im Waschbecken wird vereinfacht.<\/td>\n<td style=\"padding-left: 20px;\" align=\"center\" width=\"300px !important\"><img data-opt-src=\"https:\/\/mlsfuhg7sobs.i.optimole.com\/cb:0KLq.257c9\/w:auto\/h:auto\/q:mauto\/f:best\/https:\/\/omjuicers.ch\/wp-content\/uploads\/2021\/04\/red-valve.jpg\"  decoding=\"async\" class=\"size-full wp-image-31164\" src=\"https:\/\/mlsfuhg7sobs.i.optimole.com\/cb:0KLq.257c9\/w:auto\/h:auto\/q:eco\/f:best\/https:\/\/omjuicers.ch\/wp-content\/uploads\/2021\/04\/red-valve.jpg\" alt=\"\" width=\"300\" height=\"200\"><noscript><img decoding=\"async\" class=\"size-full wp-image-31164\" src=\"https:\/\/mlsfuhg7sobs.i.optimole.com\/cb:0KLq.257c9\/w:auto\/h:auto\/q:mauto\/f:best\/https:\/\/omjuicers.ch\/wp-content\/uploads\/2021\/04\/red-valve.jpg\" alt=\"\" width=\"300\" height=\"200\"></noscript><\/td>\n<\/tr>\n<\/tbody>\n<\/table>\n<h3>Ein doppelter Einf\u00fclltrichter<\/h3>\n<table class=\"responsive-727\">\n<tbody>\n<tr class=\"reverse\">\n<td style=\"padding-right: 20px;\" align=\"center\" width=\"300px !important\"><img data-opt-src=\"https:\/\/mlsfuhg7sobs.i.optimole.com\/cb:0KLq.257c9\/w:200\/h:300\/q:mauto\/f:best\/https:\/\/omjuicers.ch\/wp-content\/uploads\/2021\/04\/black-top.jpg\"  decoding=\"async\" class=\"wp-image-31166 size-medium\" src=\"https:\/\/mlsfuhg7sobs.i.optimole.com\/cb:0KLq.257c9\/w:200\/h:300\/q:eco\/f:best\/https:\/\/omjuicers.ch\/wp-content\/uploads\/2021\/04\/black-top.jpg\" alt=\"\" width=\"200\" height=\"300\" old-srcset=\"https:\/\/mlsfuhg7sobs.i.optimole.com\/cb:0KLq.257c9\/w:200\/h:300\/q:mauto\/f:best\/https:\/\/omjuicers.ch\/wp-content\/uploads\/2021\/04\/black-top.jpg 200w, https:\/\/mlsfuhg7sobs.i.optimole.com\/cb:0KLq.257c9\/w:auto\/h:auto\/q:mauto\/f:best\/https:\/\/omjuicers.ch\/wp-content\/uploads\/2021\/04\/black-top.jpg 300w\" \/><noscript><img decoding=\"async\" class=\"wp-image-31166 size-medium\" src=\"https:\/\/mlsfuhg7sobs.i.optimole.com\/cb:0KLq.257c9\/w:200\/h:300\/q:mauto\/f:best\/https:\/\/omjuicers.ch\/wp-content\/uploads\/2021\/04\/black-top.jpg\" alt=\"\" width=\"200\" height=\"300\" srcset=\"https:\/\/mlsfuhg7sobs.i.optimole.com\/cb:0KLq.257c9\/w:200\/h:300\/q:mauto\/f:best\/https:\/\/omjuicers.ch\/wp-content\/uploads\/2021\/04\/black-top.jpg 200w, https:\/\/mlsfuhg7sobs.i.optimole.com\/cb:0KLq.257c9\/w:auto\/h:auto\/q:mauto\/f:best\/https:\/\/omjuicers.ch\/wp-content\/uploads\/2021\/04\/black-top.jpg 300w\" sizes=\"(max-width: 200px) 100vw, 200px\" \/></noscript><\/td>\n<td>Beim Einf\u00fclltrichter wurden die bew\u00e4hrten Ideen der vertikalen Sana-Entsafter \u00fcbernommen und f\u00fcr die Sana 727 Supreme angepasst. Das Resultat ist ein Doppelbeh\u00e4lter mit einer Standard\u00f6ffnung und einer tiefen Sch\u00fcssel f\u00fcr die einfache Bef\u00fcllung kleinerer Lebensmittel (z.B. Trauben, Beeren oder Kirschtomaten) oder Blattgem\u00fcse mit dem Schieber.<\/td>\n<\/tr>\n<\/tbody>\n<\/table>\n<h3>Demontage der Press-Schnecke auf Knopfdruck<\/h3>\n<table class=\"responsive-727\">\n<tbody>\n<tr>\n<td>Das Befestigen der Press-Schnecke am Motorblock wurde vereinfacht. Anstatt die Schnecke mit einem Klemmsystem oder einer Verriegelung zu befestigen wird sie einfach angedockt und nach links gedreht. Die Schnecke rastet dabei automatisch und sicher ein. Das Entfernen ist ebenfalls kinderleicht. Dr\u00fccken Sie die Entriegelungstaste und drehen diese nach rechts.<\/td>\n<td style=\"padding-left: 20px;\" align=\"center\" width=\"300px !important\"><img data-opt-src=\"https:\/\/mlsfuhg7sobs.i.optimole.com\/cb:0KLq.257c9\/w:auto\/h:auto\/q:mauto\/f:best\/https:\/\/omjuicers.ch\/wp-content\/uploads\/2021\/04\/red-release-button.jpg\"  decoding=\"async\" class=\"size-full wp-image-31168\" src=\"https:\/\/mlsfuhg7sobs.i.optimole.com\/cb:0KLq.257c9\/w:auto\/h:auto\/q:eco\/f:best\/https:\/\/omjuicers.ch\/wp-content\/uploads\/2021\/04\/red-release-button.jpg\" alt=\"\" width=\"300\" height=\"200\"><noscript><img decoding=\"async\" class=\"size-full wp-image-31168\" src=\"https:\/\/mlsfuhg7sobs.i.optimole.com\/cb:0KLq.257c9\/w:auto\/h:auto\/q:mauto\/f:best\/https:\/\/omjuicers.ch\/wp-content\/uploads\/2021\/04\/red-release-button.jpg\" alt=\"\" width=\"300\" height=\"200\"></noscript><\/td>\n<\/tr>\n<\/tbody>\n<\/table>\n<h3>Die Container<\/h3>\n<table class=\"responsive-727\">\n<tbody>\n<tr class=\"reverse\">\n<td style=\"padding-right: 20px;\" align=\"center\" width=\"300px !important\"><img data-opt-src=\"https:\/\/mlsfuhg7sobs.i.optimole.com\/cb:0KLq.257c9\/w:auto\/h:auto\/q:mauto\/f:best\/https:\/\/omjuicers.ch\/wp-content\/uploads\/2021\/04\/containers.jpg\"  decoding=\"async\" class=\"size-full wp-image-31170\" src=\"https:\/\/mlsfuhg7sobs.i.optimole.com\/cb:0KLq.257c9\/w:auto\/h:auto\/q:eco\/f:best\/https:\/\/omjuicers.ch\/wp-content\/uploads\/2021\/04\/containers.jpg\" alt=\"\" width=\"300\" height=\"212\"><noscript><img decoding=\"async\" class=\"size-full wp-image-31170\" src=\"https:\/\/mlsfuhg7sobs.i.optimole.com\/cb:0KLq.257c9\/w:auto\/h:auto\/q:mauto\/f:best\/https:\/\/omjuicers.ch\/wp-content\/uploads\/2021\/04\/containers.jpg\" alt=\"\" width=\"300\" height=\"212\"></noscript><\/td>\n<td>\n<ul>\n<li>Ein 500 ml Saftglas aus b\u00f6hmischem Kristall (handgefertigt in den b\u00f6hmischen Bergen in der Glasfabrik Novosad and Son)<\/li>\n<li>Einem Zellstoffsammler aus rostfreiem Stahl.<\/li>\n<\/ul>\n<\/td>\n<\/tr>\n<\/tbody>\n<\/table>\n<h3>Der Sana 727 ist ein vielseitiges K\u00fcchenger\u00e4t: Entsafter + \u00d6lpresse<\/h3>\n<table class=\"responsive-727\">\n<tbody>\n<tr>\n<td>Das Saftpressen ist selbstverst\u00e4ndlich die K\u00f6nigsdisziplin des Sana 727, aber der neue Slow Juicer macht auch als \u00d6lm\u00fchle eine gute Figur und erweitert den Mehrwert. Mit dem <a href=\"https:\/\/omjuicers.ch\/fr\/product\/extracteur-huile-sana-euj-702\/\" target=\"_blank\" rel=\"noopener\">Sana 702 Aufsatz zum \u00d6lpressen<\/a> k\u00f6nnen Sie kaltgepresste \u00d6le schonend und frisch in der jeweils ben\u00f6tigten Menge herstellen &#8211; z.B. Lein\u00f6l, Sonnenblumen\u00f6l oder auch K\u00fcrbiskern\u00f6l.<\/td>\n<td style=\"padding-left: 20px;\" align=\"center\" width=\"300px !important\"><img data-opt-src=\"https:\/\/mlsfuhg7sobs.i.optimole.com\/cb:0KLq.257c9\/w:auto\/h:auto\/q:mauto\/f:best\/https:\/\/omjuicers.ch\/wp-content\/uploads\/2021\/04\/black-oil.jpg\"  decoding=\"async\" class=\"size-full wp-image-31174\" src=\"https:\/\/mlsfuhg7sobs.i.optimole.com\/cb:0KLq.257c9\/w:auto\/h:auto\/q:eco\/f:best\/https:\/\/omjuicers.ch\/wp-content\/uploads\/2021\/04\/black-oil.jpg\" alt=\"\" width=\"273\" height=\"300\"><noscript><img decoding=\"async\" class=\"size-full wp-image-31174\" src=\"https:\/\/mlsfuhg7sobs.i.optimole.com\/cb:0KLq.257c9\/w:auto\/h:auto\/q:mauto\/f:best\/https:\/\/omjuicers.ch\/wp-content\/uploads\/2021\/04\/black-oil.jpg\" alt=\"\" width=\"273\" height=\"300\"></noscript><\/td>\n<\/tr>\n<\/tbody>\n<\/table>\n<h3><\/h3>\n<h3>Eigenschaften<\/h3>\n<ul>\n<li>Motor mit variabler Geschwindigkeit von 40 bis 120 U\/min<\/li>\n<li>Entwickelt f\u00fcr einen Nonstop-Betrieb (24h)<\/li>\n<li>Automatische Erkennung und Beseitigung von Staus<\/li>\n<li>neues optimiertes Entsaftungssystem mit Tresterverdichtung<\/li>\n<li>Sehr einfache Handhabung und schnelle, unkomplizierte Reinigung<\/li>\n<li>Pressschnecke &amp; Siebfassungen aus GE-Ultem (hochwertiger, geh\u00e4rteter Kunststoff)<\/li>\n<li>100% BPA \/ BPS frei<\/li>\n<li>BLDC B\u00fcrstenloser &amp; nahezu verschleissfreier DC-Motor (brushless)<\/li>\n<li>Leiser Betrieb<\/li>\n<li>Sehr hohe Saftausbeute<\/li>\n<li>Geeignet f\u00fcr alle Arten von Obst und Gem\u00fcse sowie Blattgem\u00fcse (Weizengras, Spinat, wilde Kr\u00e4uter usw.)<\/li>\n<li>Tropfschutzklappe f\u00fcr eine einfache Reinigung<\/li>\n<li>3 Siebeins\u00e4tze : Feinsieb, Grobsieb, Blanksieb<\/li>\n<li>Praktischer Saftauffangbeh\u00e4lter aus Kristall und formsch\u00f6ner Tresterbeh\u00e4lter aus Edelstahl<\/li>\n<li>Garantie: 15 Jahre auf Motor &amp; Getriebe, 5 Jahre auf Teile<\/li>\n<li>Gebrauchsanweisung auf Deutsch<\/li>\n<\/ul>\n<h3>Video<\/h3>\n<p>In diesem Video stellt der Hersteller den Sana 727 Supreme vor.<\/p>\n<div class=\"iframe-container\"><iframe style=\"border: none;\" src=\"https:\/\/player.vimeo.com\/video\/377053298?autoplay=1&amp;loop=1&amp;autopause=0&amp;background=1\" frameborder=\"0\" allowfullscreen=\"allowfullscreen\"><\/iframe><\/div>\n","protected":false},"excerpt":{"rendered":"<p>Der Sana Juicer 727 Supreme ist ein kraftvoller, langlebiger und vielseitiger Entsafter mit einer hohen Saftausbeute. Der b\u00fcrstenlose Industriemotor kann bis zu 24 Stunden ohne Unterbrechnung am St\u00fcck entsaften. Der Motor mit seiner variablen Geschwindigkeitsregelung ist das revolution\u00e4rste Merkmal des Sana 727 Supreme. Der Sana 727 bietet vier Geschwindigkeitsstufen: 40, 65, 90 und 120 Umdrehungen\/Minute. Das Befestigen der Press-Schnecke am Motorblock wurde vereinfacht und beim Sana 727 wurde am Saftauslauf eine Verriegelungskappe integriert.<\/p>\n","protected":false},"featured_media":31208,"comment_status":"open","ping_status":"closed","template":"","meta":{"_acf_changed":false},"product_cat":[89,319,93],"product_tag":[297],"class_list":{"0":"post-31142","1":"product","2":"type-product","3":"status-publish","4":"has-post-thumbnail","6":"product_cat-entsafter","7":"product_cat-horizontal-de","8":"product_cat-oberklasse","9":"product_tag-sana-de","10":"product_shipping_class-juicer-de-2","12":"first","13":"instock","14":"sale","15":"featured","16":"taxable","17":"shipping-taxable","18":"purchasable","19":"product-type-variable","20":"has-default-attributes"},"supplier_id":null,"supplier_sku":"","barcode":null,"atum_controlled":true,"out_stock_date":null,"out_stock_threshold":null,"inheritable":true,"inbound_stock":0,"stock_on_hold":0,"sold_today":0,"sales_last_days":0,"reserved_stock":0,"customer_returns":0,"warehouse_damage":null,"lost_in_post":null,"other_logs":null,"out_stock_days":0,"lost_sales":0,"has_location":false,"update_date":"2026-04-23T14:04:29","atum_locations":[],"atum_stock_status":"instock","restock_status":false,"low_stock_amount":"","sales_update_date":"2026-04-23T14:04:29","calc_backorders":null,"acf":{"hide_in_france":false},"_links":{"self":[{"href":"https:\/\/omjuicers.ch\/de\/wp-json\/wp\/v2\/product\/31142"}],"collection":[{"href":"https:\/\/omjuicers.ch\/de\/wp-json\/wp\/v2\/product"}],"about":[{"href":"https:\/\/omjuicers.ch\/de\/wp-json\/wp\/v2\/types\/product"}],"replies":[{"embeddable":true,"href":"https:\/\/omjuicers.ch\/de\/wp-json\/wp\/v2\/comments?post=31142"}],"wp:featuredmedia":[{"embeddable":true,"href":"https:\/\/omjuicers.ch\/de\/wp-json\/wp\/v2\/media\/31208"}],"wp:attachment":[{"href":"https:\/\/omjuicers.ch\/de\/wp-json\/wp\/v2\/media?parent=31142"}],"wp:term":[{"taxonomy":"product_cat","embeddable":true,"href":"https:\/\/omjuicers.ch\/de\/wp-json\/wp\/v2\/product_cat?post=31142"},{"taxonomy":"product_tag","embeddable":true,"href":"https:\/\/omjuicers.ch\/de\/wp-json\/wp\/v2\/product_tag?post=31142"}],"curies":[{"name":"wp","href":"https:\/\/api.w.org\/{rel}","templated":true}]}}