{"id":32507,"date":"2023-01-31T14:06:24","date_gmt":"2023-01-31T13:06:24","guid":{"rendered":"https:\/\/omjuicers.ch\/?post_type=product&#038;p=32507"},"modified":"2026-04-23T16:04:30","modified_gmt":"2026-04-23T14:04:30","slug":"entsafter-sana-848","status":"publish","type":"product","link":"https:\/\/omjuicers.ch\/de\/product\/entsafter-sana-848\/","title":{"rendered":"Entsafter Sana 848"},"content":{"rendered":"<table class=\"responsive-727\">\n<tbody>\n<tr>\n<td>Der Sana 848 ist der kompakteste Entsafter der Sana-Reihe und perfekt f\u00fcr kleine Arbeitsfl\u00e4chen. Er kommt mit einem Beh\u00e4lter f\u00fcr den Vakuum-Lagern des Saftes bis zu 72 Stunden. Dank seines leistungsstarken Motors kann er einfach den Saft auch aus harten Wurzelgem\u00fcsen wie Rote Beete oder S\u00fcsskartoffel extrahieren. Das Siebsystem wurde verbessert mit einem zweiteiligen Filter, der einfach durch Absp\u00fclen unter fliessendem Wasser gereinigt werden kann. Effizient und elegant ist der Sana 848 die perfekte Wahl f\u00fcr qualit\u00e4tsbewusste Verbraucher.<\/td>\n<td style=\"padding-left: 20px;\" align=\"center\" width=\"300px !important\"><img fetchpriority=\"high\" decoding=\"async\" class=\"alignnone wp-image-32520 size-medium\" src=\"https:\/\/mlsfuhg7sobs.i.optimole.com\/cb:0KLq.257c9\/w:300\/h:300\/q:mauto\/rt:fill\/g:ce\/f:best\/https:\/\/omjuicers.ch\/wp-content\/uploads\/2023\/01\/sana-848-front-black.jpg\" alt=\"\" width=\"300\" height=\"300\" srcset=\"https:\/\/mlsfuhg7sobs.i.optimole.com\/cb:0KLq.257c9\/w:300\/h:300\/q:mauto\/rt:fill\/g:ce\/f:best\/https:\/\/omjuicers.ch\/wp-content\/uploads\/2023\/01\/sana-848-front-black.jpg 300w, https:\/\/mlsfuhg7sobs.i.optimole.com\/cb:0KLq.257c9\/w:150\/h:150\/q:mauto\/rt:fill\/g:ce\/f:best\/https:\/\/omjuicers.ch\/wp-content\/uploads\/2023\/01\/sana-848-front-black.jpg 150w, https:\/\/mlsfuhg7sobs.i.optimole.com\/cb:0KLq.257c9\/w:768\/h:768\/q:mauto\/f:best\/https:\/\/omjuicers.ch\/wp-content\/uploads\/2023\/01\/sana-848-front-black.jpg 768w, https:\/\/mlsfuhg7sobs.i.optimole.com\/cb:0KLq.257c9\/w:672\/h:672\/q:mauto\/f:best\/https:\/\/omjuicers.ch\/wp-content\/uploads\/2023\/01\/sana-848-front-black.jpg 672w, https:\/\/mlsfuhg7sobs.i.optimole.com\/cb:0KLq.257c9\/w:480\/h:480\/q:mauto\/f:best\/https:\/\/omjuicers.ch\/wp-content\/uploads\/2023\/01\/sana-848-front-black.jpg 480w, https:\/\/mlsfuhg7sobs.i.optimole.com\/cb:0KLq.257c9\/w:600\/h:600\/q:mauto\/f:best\/https:\/\/omjuicers.ch\/wp-content\/uploads\/2023\/01\/sana-848-front-black.jpg 600w, https:\/\/mlsfuhg7sobs.i.optimole.com\/cb:0KLq.257c9\/w:100\/h:100\/q:mauto\/rt:fill\/g:ce\/f:best\/https:\/\/omjuicers.ch\/wp-content\/uploads\/2023\/01\/sana-848-front-black.jpg 100w, https:\/\/mlsfuhg7sobs.i.optimole.com\/cb:0KLq.257c9\/w:auto\/h:auto\/q:mauto\/f:best\/https:\/\/omjuicers.ch\/wp-content\/uploads\/2023\/01\/sana-848-front-black.jpg 800w\" sizes=\"(max-width: 300px) 100vw, 300px\" \/><\/td>\n<\/tr>\n<\/tbody>\n<\/table>\n<h3>Vakuumlagerung f\u00fcr maximale Saftfrische<\/h3>\n<table class=\"responsive-727\">\n<tbody>\n<tr class=\"reverse\">\n<td style=\"padding-right: 20px;\" align=\"center\" width=\"300px !important\"><img fetchpriority=\"high\" decoding=\"async\" class=\"alignnone wp-image-32526 size-medium\" src=\"https:\/\/mlsfuhg7sobs.i.optimole.com\/cb:0KLq.257c9\/w:auto\/h:auto\/q:mauto\/f:best\/https:\/\/omjuicers.ch\/wp-content\/uploads\/2023\/01\/sana-848-vacuum-container.webp\" alt=\"\" width=\"300\" height=\"240\" srcset=\"https:\/\/mlsfuhg7sobs.i.optimole.com\/cb:0KLq.257c9\/w:auto\/h:auto\/q:mauto\/f:best\/https:\/\/omjuicers.ch\/wp-content\/uploads\/2023\/01\/sana-848-vacuum-container.webp 800w, https:\/\/mlsfuhg7sobs.i.optimole.com\/cb:0KLq.257c9\/w:300\/h:240\/q:mauto\/f:best\/https:\/\/omjuicers.ch\/wp-content\/uploads\/2023\/01\/sana-848-vacuum-container.webp 300w, https:\/\/mlsfuhg7sobs.i.optimole.com\/cb:0KLq.257c9\/w:768\/h:614\/q:mauto\/f:best\/https:\/\/omjuicers.ch\/wp-content\/uploads\/2023\/01\/sana-848-vacuum-container.webp 768w, https:\/\/mlsfuhg7sobs.i.optimole.com\/cb:0KLq.257c9\/w:672\/h:538\/q:mauto\/f:best\/https:\/\/omjuicers.ch\/wp-content\/uploads\/2023\/01\/sana-848-vacuum-container.webp 672w, https:\/\/mlsfuhg7sobs.i.optimole.com\/cb:0KLq.257c9\/w:480\/h:384\/q:mauto\/f:best\/https:\/\/omjuicers.ch\/wp-content\/uploads\/2023\/01\/sana-848-vacuum-container.webp 480w, https:\/\/mlsfuhg7sobs.i.optimole.com\/cb:0KLq.257c9\/w:600\/h:480\/q:mauto\/f:best\/https:\/\/omjuicers.ch\/wp-content\/uploads\/2023\/01\/sana-848-vacuum-container.webp 600w\" sizes=\"(max-width: 300px) 100vw, 300px\" \/><\/td>\n<td>Der Entsafter-Entwickler Sana ist immer auf der Suche nach M\u00f6glichkeiten, das Entsaften zu vereinfachen. Und mit dem Sana 848 wurde ein innovativer Weg gefunden, das zu erreichen: die Vakuumaufbewahrung. Indem der Saft vakuumversiegelt aufbewahrt werden kann, beh\u00e4lt er 72 Stunden lang ein Maximum an Geschmack und N\u00e4hrstoffen. Der Sana 848 verf\u00fcgt \u00fcber einen XL-Vakuum-Saftbeh\u00e4lter mit 1500 ml Fassungsverm\u00f6gen und eine Pumpe, um dies zu erm\u00f6glichen.<\/p>\n<p>Falls Sie eine Saftkur machen und mehrmals t\u00e4glich S\u00e4fte, wie z.B. Selleriesaft nach Anthony William, trinken, k\u00f6nnen Sie so auf Vorrat entsaften und die ben\u00f6tigte Saftmenge am Morgen f\u00fcr den ganzen Tag herstellen. Sobald die gew\u00fcnschte Menge an Saft gepresst wurde, einfach den Deckel aufsetzen, ein paar Mal pumpen, damit die Luft entweicht. Nach jeder Entnahme von Saft die \u00fcbersch\u00fcssige Luft abpumpen um den Saft frisch und n\u00e4hrstoffreich zu halten. Geheimnis f\u00fcr den N\u00e4hrstofferhalt: Der Saft sollte k\u00fchl und dunkel aufbewahrt werden und am besten ohne Sauerstoffeinschluss.<\/td>\n<\/tr>\n<\/tbody>\n<\/table>\n<h3>Der Entsafter ohne Metallsieb f\u00fcr eine Turbo-Reinigung<\/h3>\n<table class=\"responsive-727\">\n<tbody>\n<tr>\n<td>Der zeitaufw\u00e4ndigste Teil der Reinigung eines Entsafters ist es das Entsafter-Siebs von den Faserstoffen zu befreien. Zwar sind alle Sana Juicer f\u00fcr eine leichte Reinigung konzipiert, aber der 848 ist der mit Abstand am schnellsten zu reinigende Entsafter. Mit zwei ineinander greifenden BPA-freien Filter wird das Fruchtfleisch gegen schmale vertikale Schlitze gepresst, so dass der frische, kaltgepresste Saft sanft ausgepresst werden kann.<\/p>\n<p>&nbsp;<\/p>\n<p>Nach dem Entsaften sp\u00fclen Sie die Siebe einfach unter fliessendem lauwarmem Wasser ab &#8211; und zwar ganz ohne B\u00fcrsten. Bei den meisten Lebensmitteln k\u00f6nnen Sie den Entsafter in weniger als eine Minute reinigen, weil alle Bauteile (Trommel, Zuf\u00fchrungsrohr, Schnecke und Sieb) nur mit lauwarmem Wasser abgesp\u00fclt werden m\u00fcssen.<\/td>\n<td style=\"padding-left: 20px;\" align=\"center\" width=\"300px !important\"><img fetchpriority=\"high\" decoding=\"async\" class=\"alignnone wp-image-32528 size-medium\" src=\"https:\/\/mlsfuhg7sobs.i.optimole.com\/cb:0KLq.257c9\/w:auto\/h:auto\/q:mauto\/f:best\/https:\/\/omjuicers.ch\/wp-content\/uploads\/2023\/01\/sana-848-filter.jpg\" alt=\"\" width=\"300\" height=\"240\" srcset=\"https:\/\/mlsfuhg7sobs.i.optimole.com\/cb:0KLq.257c9\/w:auto\/h:auto\/q:mauto\/f:best\/https:\/\/omjuicers.ch\/wp-content\/uploads\/2023\/01\/sana-848-filter.jpg 733w, https:\/\/mlsfuhg7sobs.i.optimole.com\/cb:0KLq.257c9\/w:300\/h:240\/q:mauto\/f:best\/https:\/\/omjuicers.ch\/wp-content\/uploads\/2023\/01\/sana-848-filter.jpg 300w, https:\/\/mlsfuhg7sobs.i.optimole.com\/cb:0KLq.257c9\/w:672\/h:537\/q:mauto\/f:best\/https:\/\/omjuicers.ch\/wp-content\/uploads\/2023\/01\/sana-848-filter.jpg 672w, https:\/\/mlsfuhg7sobs.i.optimole.com\/cb:0KLq.257c9\/w:480\/h:384\/q:mauto\/f:best\/https:\/\/omjuicers.ch\/wp-content\/uploads\/2023\/01\/sana-848-filter.jpg 480w, https:\/\/mlsfuhg7sobs.i.optimole.com\/cb:0KLq.257c9\/w:600\/h:480\/q:mauto\/f:best\/https:\/\/omjuicers.ch\/wp-content\/uploads\/2023\/01\/sana-848-filter.jpg 600w\" sizes=\"(max-width: 300px) 100vw, 300px\" \/><\/td>\n<\/tr>\n<\/tbody>\n<\/table>\n<h3>Flexibilit\u00e4t durch drei Filter<\/h3>\n<table class=\"responsive-727\">\n<tbody>\n<tr class=\"reverse\">\n<td style=\"padding-right: 20px;\" align=\"center\" width=\"300px !important\"><img data-opt-src=\"https:\/\/mlsfuhg7sobs.i.optimole.com\/cb:0KLq.257c9\/w:auto\/h:auto\/q:mauto\/f:best\/https:\/\/omjuicers.ch\/wp-content\/uploads\/2023\/01\/sana-848-coarse-filter.webp\"  decoding=\"async\" class=\"alignnone wp-image-32530 size-medium\" src=\"https:\/\/mlsfuhg7sobs.i.optimole.com\/cb:0KLq.257c9\/w:auto\/h:auto\/q:eco\/f:best\/https:\/\/omjuicers.ch\/wp-content\/uploads\/2023\/01\/sana-848-coarse-filter.webp\" alt=\"\" width=\"300\" height=\"240\" old-srcset=\"https:\/\/mlsfuhg7sobs.i.optimole.com\/cb:0KLq.257c9\/w:auto\/h:auto\/q:mauto\/f:best\/https:\/\/omjuicers.ch\/wp-content\/uploads\/2023\/01\/sana-848-coarse-filter.webp 800w, https:\/\/mlsfuhg7sobs.i.optimole.com\/cb:0KLq.257c9\/w:300\/h:240\/q:mauto\/f:best\/https:\/\/omjuicers.ch\/wp-content\/uploads\/2023\/01\/sana-848-coarse-filter.webp 300w, https:\/\/mlsfuhg7sobs.i.optimole.com\/cb:0KLq.257c9\/w:768\/h:614\/q:mauto\/f:best\/https:\/\/omjuicers.ch\/wp-content\/uploads\/2023\/01\/sana-848-coarse-filter.webp 768w, https:\/\/mlsfuhg7sobs.i.optimole.com\/cb:0KLq.257c9\/w:672\/h:538\/q:mauto\/f:best\/https:\/\/omjuicers.ch\/wp-content\/uploads\/2023\/01\/sana-848-coarse-filter.webp 672w, https:\/\/mlsfuhg7sobs.i.optimole.com\/cb:0KLq.257c9\/w:480\/h:384\/q:mauto\/f:best\/https:\/\/omjuicers.ch\/wp-content\/uploads\/2023\/01\/sana-848-coarse-filter.webp 480w, https:\/\/mlsfuhg7sobs.i.optimole.com\/cb:0KLq.257c9\/w:600\/h:480\/q:mauto\/f:best\/https:\/\/omjuicers.ch\/wp-content\/uploads\/2023\/01\/sana-848-coarse-filter.webp 600w\" \/><noscript><img decoding=\"async\" class=\"alignnone wp-image-32530 size-medium\" src=\"https:\/\/mlsfuhg7sobs.i.optimole.com\/cb:0KLq.257c9\/w:auto\/h:auto\/q:mauto\/f:best\/https:\/\/omjuicers.ch\/wp-content\/uploads\/2023\/01\/sana-848-coarse-filter.webp\" alt=\"\" width=\"300\" height=\"240\" srcset=\"https:\/\/mlsfuhg7sobs.i.optimole.com\/cb:0KLq.257c9\/w:auto\/h:auto\/q:mauto\/f:best\/https:\/\/omjuicers.ch\/wp-content\/uploads\/2023\/01\/sana-848-coarse-filter.webp 800w, https:\/\/mlsfuhg7sobs.i.optimole.com\/cb:0KLq.257c9\/w:300\/h:240\/q:mauto\/f:best\/https:\/\/omjuicers.ch\/wp-content\/uploads\/2023\/01\/sana-848-coarse-filter.webp 300w, https:\/\/mlsfuhg7sobs.i.optimole.com\/cb:0KLq.257c9\/w:768\/h:614\/q:mauto\/f:best\/https:\/\/omjuicers.ch\/wp-content\/uploads\/2023\/01\/sana-848-coarse-filter.webp 768w, https:\/\/mlsfuhg7sobs.i.optimole.com\/cb:0KLq.257c9\/w:672\/h:538\/q:mauto\/f:best\/https:\/\/omjuicers.ch\/wp-content\/uploads\/2023\/01\/sana-848-coarse-filter.webp 672w, https:\/\/mlsfuhg7sobs.i.optimole.com\/cb:0KLq.257c9\/w:480\/h:384\/q:mauto\/f:best\/https:\/\/omjuicers.ch\/wp-content\/uploads\/2023\/01\/sana-848-coarse-filter.webp 480w, https:\/\/mlsfuhg7sobs.i.optimole.com\/cb:0KLq.257c9\/w:600\/h:480\/q:mauto\/f:best\/https:\/\/omjuicers.ch\/wp-content\/uploads\/2023\/01\/sana-848-coarse-filter.webp 600w\" sizes=\"(max-width: 300px) 100vw, 300px\" \/></noscript><\/td>\n<td>Zum Lieferumfang des Sana 848 geh\u00f6ren drei Filter um mit verschiedenen Zutaten am besten zu funktionieren.<\/p>\n<ul>\n<li>Der Feinfilter bietet die h\u00f6chste Extraktionsleistung und wird f\u00fcr Obst und Gem\u00fcse verwendet.<\/li>\n<li>Der Grobfilter hat gr\u00f6ssere vertikale Schlitze, sodass weiche und faserige Produkte effizienter gepresst werden k\u00f6nnen.<\/li>\n<li>Der Sorbet-Filter zerdr\u00fcckt und vermischt gefrorene Fr\u00fcchte schonend zu einem glatten, k\u00f6stlichen Sorbet.<\/li>\n<\/ul>\n<\/td>\n<\/tr>\n<\/tbody>\n<\/table>\n<h3>Die kleinsten Details machen den Unterschied<\/h3>\n<table class=\"responsive-727\">\n<tbody>\n<tr>\n<td>Jedes Teil des Sana 848 spiegelt die Liebe zum Detail und zur Qualit\u00e4t wider. So verf\u00fcgen die meisten Entsafter nur \u00fcber einen kleinen Plastikbecher zum Auffangen des Fruchtfleischs. Der Sana 848 bietet einen gro\u00dfen Edelstahlbeh\u00e4lter f\u00fcr den Trester. Das sieht nicht nur sch\u00f6n aus auf der K\u00fcchentheke, sondern ist auch ideal f\u00fcr Menschen, die ihren Trester hygienisch aufbewahren m\u00f6chten. So kann das Fruchtfleisch zum Beispiel Kuchen und Muffins beigef\u00fcgt werden, in Smoothies oder Suppen f\u00fcr mehr Ballaststoffe und Geschmack sorgen und sogar zu gesunden Crackern im D\u00f6rrger\u00e4t getrocknet werden.<\/td>\n<td style=\"padding-left: 20px;\" align=\"center\" width=\"300px !important\"><img data-opt-src=\"https:\/\/mlsfuhg7sobs.i.optimole.com\/cb:0KLq.257c9\/w:auto\/h:auto\/q:mauto\/f:best\/https:\/\/omjuicers.ch\/wp-content\/uploads\/2023\/01\/sana-848-pulp-container.jpg\"  decoding=\"async\" class=\"alignnone wp-image-32532 size-medium\" src=\"https:\/\/mlsfuhg7sobs.i.optimole.com\/cb:0KLq.257c9\/w:auto\/h:auto\/q:eco\/f:best\/https:\/\/omjuicers.ch\/wp-content\/uploads\/2023\/01\/sana-848-pulp-container.jpg\" alt=\"\" width=\"300\" height=\"240\" old-srcset=\"https:\/\/mlsfuhg7sobs.i.optimole.com\/cb:0KLq.257c9\/w:auto\/h:auto\/q:mauto\/f:best\/https:\/\/omjuicers.ch\/wp-content\/uploads\/2023\/01\/sana-848-pulp-container.jpg 733w, https:\/\/mlsfuhg7sobs.i.optimole.com\/cb:0KLq.257c9\/w:300\/h:240\/q:mauto\/f:best\/https:\/\/omjuicers.ch\/wp-content\/uploads\/2023\/01\/sana-848-pulp-container.jpg 300w, https:\/\/mlsfuhg7sobs.i.optimole.com\/cb:0KLq.257c9\/w:672\/h:537\/q:mauto\/f:best\/https:\/\/omjuicers.ch\/wp-content\/uploads\/2023\/01\/sana-848-pulp-container.jpg 672w, https:\/\/mlsfuhg7sobs.i.optimole.com\/cb:0KLq.257c9\/w:480\/h:384\/q:mauto\/f:best\/https:\/\/omjuicers.ch\/wp-content\/uploads\/2023\/01\/sana-848-pulp-container.jpg 480w, https:\/\/mlsfuhg7sobs.i.optimole.com\/cb:0KLq.257c9\/w:600\/h:480\/q:mauto\/f:best\/https:\/\/omjuicers.ch\/wp-content\/uploads\/2023\/01\/sana-848-pulp-container.jpg 600w\" \/><noscript><img decoding=\"async\" class=\"alignnone wp-image-32532 size-medium\" src=\"https:\/\/mlsfuhg7sobs.i.optimole.com\/cb:0KLq.257c9\/w:auto\/h:auto\/q:mauto\/f:best\/https:\/\/omjuicers.ch\/wp-content\/uploads\/2023\/01\/sana-848-pulp-container.jpg\" alt=\"\" width=\"300\" height=\"240\" srcset=\"https:\/\/mlsfuhg7sobs.i.optimole.com\/cb:0KLq.257c9\/w:auto\/h:auto\/q:mauto\/f:best\/https:\/\/omjuicers.ch\/wp-content\/uploads\/2023\/01\/sana-848-pulp-container.jpg 733w, https:\/\/mlsfuhg7sobs.i.optimole.com\/cb:0KLq.257c9\/w:300\/h:240\/q:mauto\/f:best\/https:\/\/omjuicers.ch\/wp-content\/uploads\/2023\/01\/sana-848-pulp-container.jpg 300w, https:\/\/mlsfuhg7sobs.i.optimole.com\/cb:0KLq.257c9\/w:672\/h:537\/q:mauto\/f:best\/https:\/\/omjuicers.ch\/wp-content\/uploads\/2023\/01\/sana-848-pulp-container.jpg 672w, https:\/\/mlsfuhg7sobs.i.optimole.com\/cb:0KLq.257c9\/w:480\/h:384\/q:mauto\/f:best\/https:\/\/omjuicers.ch\/wp-content\/uploads\/2023\/01\/sana-848-pulp-container.jpg 480w, https:\/\/mlsfuhg7sobs.i.optimole.com\/cb:0KLq.257c9\/w:600\/h:480\/q:mauto\/f:best\/https:\/\/omjuicers.ch\/wp-content\/uploads\/2023\/01\/sana-848-pulp-container.jpg 600w\" sizes=\"(max-width: 300px) 100vw, 300px\" \/></noscript><\/td>\n<\/tr>\n<\/tbody>\n<\/table>\n<h3>Hauptmerkmale<\/h3>\n<ul>\n<li><strong>Gebrauchsanweisung derzeit nur auf Englisch verf\u00fcgbar!<\/strong><\/li>\n<li>1500 ml Vakuum-Saftbeh\u00e4lter mit Pumpe<\/li>\n<li>Kalte Entsaftung bei 43 Umdrehungen\/Minute<\/li>\n<li>Ger\u00e4usch- und vibrationsarmer Motor<\/li>\n<li>Die zweischneidige Press-Schnecke schneidet das Obst und Gem\u00fcse zweimal pro Umdrehung<\/li>\n<li>Die Fruchtfleischaustritts\u00f6ffnung l\u00e4sst sich f\u00fcr eine schnelle Sp\u00fclung vollst\u00e4ndig \u00f6ffnen<\/li>\n<li>Entsaftungssystem ohne Siebe f\u00fcr eine leichtere Reinigung<\/li>\n<li>Die Teile des Entsafters k\u00f6nnen in weniger als einer Minute unter fliessendem Wasser gereinigt werden<\/li>\n<li>Enth\u00e4lt 3 Filter f\u00fcr harte Produkte, weiche Fr\u00fcchte und Sorbets<\/li>\n<li>Sehr grosser Edelstahlbeh\u00e4lter f\u00fcr den Trester<\/li>\n<li>In S\u00fcdkorea aus hochwertigen Materialien gefertigt<\/li>\n<\/ul>\n<h3><\/h3>\n<h3>Video<\/h3>\n<p>In diesem Video stellt uns der Hersteller den Sana 848 vor.<br \/>\n<iframe title=\"YouTube video player\" src=\"https:\/\/www.youtube.com\/embed\/eF8ZdmxeWqw\" width=\"560\" height=\"315\" frameborder=\"0\" allowfullscreen=\"allowfullscreen\"><\/iframe><\/p>\n","protected":false},"excerpt":{"rendered":"<p>Der Sana 848 ist der kompakteste Entsafter der Sana-Reihe und perfekt f\u00fcr kleine Arbeitsfl\u00e4chen. Er kommt mit einem Beh\u00e4lter f\u00fcr den Vakuum-Lagern des Saftes bis zu 72 Stunden. Dank seines leistungsstarken Motors kann er einfach den Saft auch aus harten Wurzelgem\u00fcsen wie Rote Beete oder S\u00fcsskartoffel extrahieren. Das Siebsystem wurde verbessert mit einem zweiteiligen Filter, der einfach durch Absp\u00fclen unter fliessendem Wasser gereinigt werden kann. Effizient und elegant ist der Sana 848 die perfekte Wahl f\u00fcr qualit\u00e4tsbewusste Verbraucher.<\/p>\n","protected":false},"featured_media":32536,"comment_status":"open","ping_status":"closed","template":"","meta":{"_acf_changed":false},"product_cat":[89,320,92],"product_tag":[297],"class_list":{"0":"post-32507","1":"product","2":"type-product","3":"status-publish","4":"has-post-thumbnail","6":"product_cat-entsafter","7":"product_cat-vertikal","8":"product_cat-mittelklasse","9":"product_tag-sana-de","10":"product_shipping_class-juicer-de-2","12":"first","13":"instock","14":"sale","15":"featured","16":"taxable","17":"shipping-taxable","18":"purchasable","19":"product-type-variable","20":"has-default-attributes"},"supplier_id":null,"supplier_sku":"","barcode":null,"atum_controlled":true,"out_stock_date":null,"out_stock_threshold":null,"inheritable":true,"inbound_stock":0,"stock_on_hold":0,"sold_today":0,"sales_last_days":0,"reserved_stock":0,"customer_returns":0,"warehouse_damage":null,"lost_in_post":null,"other_logs":null,"out_stock_days":0,"lost_sales":0,"has_location":false,"update_date":"2026-04-23T14:04:27","atum_locations":[],"atum_stock_status":"instock","restock_status":false,"low_stock_amount":"","sales_update_date":"2026-04-23T14:04:27","calc_backorders":null,"acf":{"hide_in_france":false},"_links":{"self":[{"href":"https:\/\/omjuicers.ch\/de\/wp-json\/wp\/v2\/product\/32507"}],"collection":[{"href":"https:\/\/omjuicers.ch\/de\/wp-json\/wp\/v2\/product"}],"about":[{"href":"https:\/\/omjuicers.ch\/de\/wp-json\/wp\/v2\/types\/product"}],"replies":[{"embeddable":true,"href":"https:\/\/omjuicers.ch\/de\/wp-json\/wp\/v2\/comments?post=32507"}],"wp:featuredmedia":[{"embeddable":true,"href":"https:\/\/omjuicers.ch\/de\/wp-json\/wp\/v2\/media\/32536"}],"wp:attachment":[{"href":"https:\/\/omjuicers.ch\/de\/wp-json\/wp\/v2\/media?parent=32507"}],"wp:term":[{"taxonomy":"product_cat","embeddable":true,"href":"https:\/\/omjuicers.ch\/de\/wp-json\/wp\/v2\/product_cat?post=32507"},{"taxonomy":"product_tag","embeddable":true,"href":"https:\/\/omjuicers.ch\/de\/wp-json\/wp\/v2\/product_tag?post=32507"}],"curies":[{"name":"wp","href":"https:\/\/api.w.org\/{rel}","templated":true}]}}