{"id":32544,"date":"2023-01-31T15:29:44","date_gmt":"2023-01-31T14:29:44","guid":{"rendered":"https:\/\/omjuicers.ch\/?post_type=product&#038;p=32544"},"modified":"2026-04-05T15:50:46","modified_gmt":"2026-04-05T13:50:46","slug":"sellerieeinsatz-fur-sana-707","status":"publish","type":"product","link":"https:\/\/omjuicers.ch\/de\/product\/sellerieeinsatz-fur-sana-707\/","title":{"rendered":"Sellerieeinsatz f\u00fcr Sana 707"},"content":{"rendered":"<table class=\"responsive-727\">\n<tbody>\n<tr class=\"reverse\">\n<td style=\"padding-right: 20px;\" align=\"center\" width=\"300px !important\"><img fetchpriority=\"high\" decoding=\"async\" class=\"alignnone wp-image-32545 size-medium\" src=\"https:\/\/mlsfuhg7sobs.i.optimole.com\/cb:0KLq.257c9\/w:auto\/h:auto\/q:mauto\/f:best\/https:\/\/omjuicers.ch\/wp-content\/uploads\/2023\/01\/mounting-celeri-insert.webp\" alt=\"\" width=\"300\" height=\"200\" srcset=\"https:\/\/mlsfuhg7sobs.i.optimole.com\/cb:0KLq.257c9\/w:auto\/h:auto\/q:mauto\/f:best\/https:\/\/omjuicers.ch\/wp-content\/uploads\/2023\/01\/mounting-celeri-insert.webp 800w, https:\/\/mlsfuhg7sobs.i.optimole.com\/cb:0KLq.257c9\/w:300\/h:200\/q:mauto\/f:best\/https:\/\/omjuicers.ch\/wp-content\/uploads\/2023\/01\/mounting-celeri-insert.webp 300w, https:\/\/mlsfuhg7sobs.i.optimole.com\/cb:0KLq.257c9\/w:768\/h:512\/q:mauto\/f:best\/https:\/\/omjuicers.ch\/wp-content\/uploads\/2023\/01\/mounting-celeri-insert.webp 768w, https:\/\/mlsfuhg7sobs.i.optimole.com\/cb:0KLq.257c9\/w:672\/h:448\/q:mauto\/f:best\/https:\/\/omjuicers.ch\/wp-content\/uploads\/2023\/01\/mounting-celeri-insert.webp 672w, https:\/\/mlsfuhg7sobs.i.optimole.com\/cb:0KLq.257c9\/w:480\/h:320\/q:mauto\/f:best\/https:\/\/omjuicers.ch\/wp-content\/uploads\/2023\/01\/mounting-celeri-insert.webp 480w, https:\/\/mlsfuhg7sobs.i.optimole.com\/cb:0KLq.257c9\/w:600\/h:400\/q:mauto\/f:best\/https:\/\/omjuicers.ch\/wp-content\/uploads\/2023\/01\/mounting-celeri-insert.webp 600w\" sizes=\"(max-width: 300px) 100vw, 300px\" \/><\/td>\n<td>Der neue Sellerieeinsatz f\u00fcr den Sana 707 erh\u00f6ht die Ausbeute an Selleriesaft um bis zu 15 %, je nach Qualit\u00e4t des Selleries. Er wird in die Endkappe eingesetzt und sorgt f\u00fcr eine engere Abdichtung und einen h\u00f6heren Pressdruck. Dies ist eine einfache und kosteng\u00fcnstige M\u00f6glichkeit, mehr frischen Saft aus jeder Selleriestange zu gewinnen.<\/td>\n<\/tr>\n<\/tbody>\n<\/table>\n<p><iframe title=\"YouTube video player\" src=\"https:\/\/www.youtube.com\/embed\/qXuJhiIGd6Y\" width=\"560\" height=\"315\" frameborder=\"0\" allowfullscreen=\"allowfullscreen\"><\/iframe><\/p>\n","protected":false},"excerpt":{"rendered":"<p>Der neue Sellerieeinsatz f\u00fcr den Sana 707 erh\u00f6ht die Ausbeute an Selleriesaft um bis zu 15 %, je nach Qualit\u00e4t des Selleries. Er wird in die Endkappe eingesetzt und sorgt f\u00fcr eine engere Abdichtung und einen h\u00f6heren Pressdruck. Dies ist eine einfache und kosteng\u00fcnstige M\u00f6glichkeit, mehr frischen Saft aus jeder Selleriestange zu gewinnen.<\/p>\n","protected":false},"featured_media":32549,"comment_status":"closed","ping_status":"closed","template":"","meta":{"_acf_changed":false},"product_cat":[90,282],"product_tag":[297,286],"class_list":{"0":"post-32544","1":"product","2":"type-product","3":"status-publish","4":"has-post-thumbnail","6":"product_cat-zubehoere","7":"product_cat-ersatzteile","8":"product_tag-sana-de","9":"product_tag-sana-707-de","10":"product_shipping_class-parts-de","12":"first","13":"instock","14":"taxable","15":"shipping-taxable","16":"purchasable","17":"product-type-simple"},"supplier_id":31709,"supplier_sku":"","barcode":null,"atum_controlled":true,"out_stock_date":null,"out_stock_threshold":0,"inheritable":false,"inbound_stock":0,"stock_on_hold":0,"sold_today":0,"sales_last_days":0,"reserved_stock":0,"customer_returns":0,"warehouse_damage":null,"lost_in_post":null,"other_logs":null,"out_stock_days":0,"lost_sales":0,"has_location":false,"update_date":"2026-04-05T13:50:46","atum_locations":[],"atum_stock_status":"instock","restock_status":false,"low_stock_amount":"","sales_update_date":"2026-04-05T13:50:46","calc_backorders":0,"acf":{"hide_in_france":false},"_links":{"self":[{"href":"https:\/\/omjuicers.ch\/de\/wp-json\/wp\/v2\/product\/32544"}],"collection":[{"href":"https:\/\/omjuicers.ch\/de\/wp-json\/wp\/v2\/product"}],"about":[{"href":"https:\/\/omjuicers.ch\/de\/wp-json\/wp\/v2\/types\/product"}],"replies":[{"embeddable":true,"href":"https:\/\/omjuicers.ch\/de\/wp-json\/wp\/v2\/comments?post=32544"}],"wp:featuredmedia":[{"embeddable":true,"href":"https:\/\/omjuicers.ch\/de\/wp-json\/wp\/v2\/media\/32549"}],"wp:attachment":[{"href":"https:\/\/omjuicers.ch\/de\/wp-json\/wp\/v2\/media?parent=32544"}],"wp:term":[{"taxonomy":"product_cat","embeddable":true,"href":"https:\/\/omjuicers.ch\/de\/wp-json\/wp\/v2\/product_cat?post=32544"},{"taxonomy":"product_tag","embeddable":true,"href":"https:\/\/omjuicers.ch\/de\/wp-json\/wp\/v2\/product_tag?post=32544"}],"curies":[{"name":"wp","href":"https:\/\/api.w.org\/{rel}","templated":true}]}}