{"id":32551,"date":"2023-01-31T15:44:48","date_gmt":"2023-01-31T14:44:48","guid":{"rendered":"https:\/\/omjuicers.ch\/?post_type=product&#038;p=32551"},"modified":"2026-05-10T16:35:23","modified_gmt":"2026-05-10T14:35:23","slug":"sana-vakuumbehaelter-1-5-liter-mit-pumpe","status":"publish","type":"product","link":"https:\/\/omjuicers.ch\/de\/product\/sana-vakuumbehaelter-1-5-liter-mit-pumpe\/","title":{"rendered":"Sana Vakuumbeh\u00e4lter 1.5 Liter mit Pumpe"},"content":{"rendered":"<p>S\u00e4fte und Smoothies beginnen sofort nach ihrer Herstellung zu oxidieren. Deshalb sollten sie m\u00f6glichst bald konsumiert werden. Wenn das nicht m\u00f6glich ist, k\u00f6nnen Sie sie mit dem Sana-Vakuumbeh\u00e4lter frisch halten, indem Sie die Luft entfernen. Mit der im Lieferumfang enthaltenen Pumpe wird die Luft aus dem Beh\u00e4lter entfernt, was die Lebensdauer und Frische Ihres Saftes oder Smoothies erheblich verl\u00e4ngert. Der Beh\u00e4lter ist BPA-frei und sp\u00fclmaschinenfest.<\/p>\n<h3>Im K\u00fchlschrank aufbewahren<\/h3>\n<table class=\"responsive-727\">\n<tbody>\n<tr class=\"reverse\">\n<td style=\"padding-right: 20px;\" align=\"center\" width=\"300px !important\"><img fetchpriority=\"high\" decoding=\"async\" class=\"alignnone wp-image-32554 size-medium\" src=\"https:\/\/mlsfuhg7sobs.i.optimole.com\/cb:0KLq.257c9\/w:auto\/h:auto\/q:mauto\/f:best\/https:\/\/omjuicers.ch\/wp-content\/uploads\/2023\/01\/sana-vacuum-lid.webp\" alt=\"\" width=\"300\" height=\"225\" srcset=\"https:\/\/mlsfuhg7sobs.i.optimole.com\/cb:0KLq.257c9\/w:auto\/h:auto\/q:mauto\/f:best\/https:\/\/omjuicers.ch\/wp-content\/uploads\/2023\/01\/sana-vacuum-lid.webp 800w, https:\/\/mlsfuhg7sobs.i.optimole.com\/cb:0KLq.257c9\/w:300\/h:225\/q:mauto\/f:best\/https:\/\/omjuicers.ch\/wp-content\/uploads\/2023\/01\/sana-vacuum-lid.webp 300w, https:\/\/mlsfuhg7sobs.i.optimole.com\/cb:0KLq.257c9\/w:768\/h:576\/q:mauto\/f:best\/https:\/\/omjuicers.ch\/wp-content\/uploads\/2023\/01\/sana-vacuum-lid.webp 768w, https:\/\/mlsfuhg7sobs.i.optimole.com\/cb:0KLq.257c9\/w:672\/h:504\/q:mauto\/f:best\/https:\/\/omjuicers.ch\/wp-content\/uploads\/2023\/01\/sana-vacuum-lid.webp 672w, https:\/\/mlsfuhg7sobs.i.optimole.com\/cb:0KLq.257c9\/w:480\/h:360\/q:mauto\/f:best\/https:\/\/omjuicers.ch\/wp-content\/uploads\/2023\/01\/sana-vacuum-lid.webp 480w, https:\/\/mlsfuhg7sobs.i.optimole.com\/cb:0KLq.257c9\/w:600\/h:450\/q:mauto\/f:best\/https:\/\/omjuicers.ch\/wp-content\/uploads\/2023\/01\/sana-vacuum-lid.webp 600w\" sizes=\"(max-width: 300px) 100vw, 300px\" \/><\/td>\n<td>Bereiten Sie Ihren Saft im Voraus in gr\u00f6sseren Mengen zu und bewahren Sie ihn oxidationsfrei <strong>bis zu drei Tage im K\u00fchlschrank<\/strong> auf. So beh\u00e4lt er nicht nur seinen Geschmack, sondern auch seine N\u00e4hrstoffe intakt.<\/p>\n<p>Um sicherzustellen, dass der vakuumverpackte Saft frisch bleibt, achten Sie darauf, die Luft abzupumpen, nachdem Sie den Beh\u00e4lter ge\u00f6ffnet haben. Der Sana Vakuumbeh\u00e4lter hat ein Kalenderzifferblatt im Deckel, so dass Sie den Monat und den Tag, an dem der Saft hergestellt wurde, eintragen k\u00f6nnen.<\/td>\n<\/tr>\n<\/tbody>\n<\/table>\n<h3>Einfache Anwendung<\/h3>\n<table class=\"responsive-727\">\n<tbody>\n<tr class=\"reverse\">\n<td style=\"padding-right: 20px;\" align=\"center\" width=\"300px !important\"><img fetchpriority=\"high\" decoding=\"async\" class=\"alignnone wp-image-32556 size-medium\" src=\"https:\/\/mlsfuhg7sobs.i.optimole.com\/cb:0KLq.257c9\/w:auto\/h:auto\/q:mauto\/f:best\/https:\/\/omjuicers.ch\/wp-content\/uploads\/2023\/01\/sana-vacuum-pump.webp\" alt=\"\" width=\"300\" height=\"225\" srcset=\"https:\/\/mlsfuhg7sobs.i.optimole.com\/cb:0KLq.257c9\/w:auto\/h:auto\/q:mauto\/f:best\/https:\/\/omjuicers.ch\/wp-content\/uploads\/2023\/01\/sana-vacuum-pump.webp 800w, https:\/\/mlsfuhg7sobs.i.optimole.com\/cb:0KLq.257c9\/w:300\/h:225\/q:mauto\/f:best\/https:\/\/omjuicers.ch\/wp-content\/uploads\/2023\/01\/sana-vacuum-pump.webp 300w, https:\/\/mlsfuhg7sobs.i.optimole.com\/cb:0KLq.257c9\/w:768\/h:576\/q:mauto\/f:best\/https:\/\/omjuicers.ch\/wp-content\/uploads\/2023\/01\/sana-vacuum-pump.webp 768w, https:\/\/mlsfuhg7sobs.i.optimole.com\/cb:0KLq.257c9\/w:672\/h:504\/q:mauto\/f:best\/https:\/\/omjuicers.ch\/wp-content\/uploads\/2023\/01\/sana-vacuum-pump.webp 672w, https:\/\/mlsfuhg7sobs.i.optimole.com\/cb:0KLq.257c9\/w:480\/h:360\/q:mauto\/f:best\/https:\/\/omjuicers.ch\/wp-content\/uploads\/2023\/01\/sana-vacuum-pump.webp 480w, https:\/\/mlsfuhg7sobs.i.optimole.com\/cb:0KLq.257c9\/w:600\/h:450\/q:mauto\/f:best\/https:\/\/omjuicers.ch\/wp-content\/uploads\/2023\/01\/sana-vacuum-pump.webp 600w\" sizes=\"(max-width: 300px) 100vw, 300px\" \/><\/td>\n<td>Der Vakuumspeicherbeh\u00e4lter ist einfach zu bedienen. Sobald der Saft entzogen ist, verschliessen Sie den Beh\u00e4lter mit dem mitgelieferten Deckel, positionieren Sie die Pumpe und bet\u00e4tigen Sie sie einige Male, um die Luft zu entfernen. Wiederholen Sie dies nach jedem \u00d6ffnen des Beh\u00e4lters.<\/p>\n<p>Um den Beh\u00e4lter zu \u00f6ffnen, dr\u00fccken Sie auf das Ventil in der Mitte des Deckels. Sie h\u00f6ren, wie die Luft wieder hineinstr\u00f6mt.<\/td>\n<\/tr>\n<\/tbody>\n<\/table>\n","protected":false},"excerpt":{"rendered":"<p>Beh\u00e4lter mit grossem Fassungsverm\u00f6gen von 1500 ml, um Saft bis zu 72 Stunden unter Vakuum aufzubewahren. Enth\u00e4lt eine Vakuumpumpe.<\/p>\n","protected":false},"featured_media":32558,"comment_status":"closed","ping_status":"closed","template":"","meta":{"_acf_changed":false},"product_cat":[90,282],"product_tag":[297,312],"class_list":{"0":"post-32551","1":"product","2":"type-product","3":"status-publish","4":"has-post-thumbnail","6":"product_cat-zubehoere","7":"product_cat-ersatzteile","8":"product_tag-sana-de","9":"product_tag-sana-848-de","10":"product_shipping_class-parts-de","12":"first","13":"instock","14":"taxable","15":"shipping-taxable","16":"purchasable","17":"product-type-simple"},"supplier_id":31709,"supplier_sku":"","barcode":null,"atum_controlled":true,"out_stock_date":null,"out_stock_threshold":0,"inheritable":false,"inbound_stock":0,"stock_on_hold":0,"sold_today":0,"sales_last_days":0,"reserved_stock":0,"customer_returns":0,"warehouse_damage":null,"lost_in_post":null,"other_logs":null,"out_stock_days":0,"lost_sales":0,"has_location":false,"update_date":"2026-05-10T14:35:23","atum_locations":[],"atum_stock_status":"instock","restock_status":false,"low_stock_amount":"","sales_update_date":"2026-05-10T14:35:23","calc_backorders":0,"acf":{"hide_in_france":false},"_links":{"self":[{"href":"https:\/\/omjuicers.ch\/de\/wp-json\/wp\/v2\/product\/32551"}],"collection":[{"href":"https:\/\/omjuicers.ch\/de\/wp-json\/wp\/v2\/product"}],"about":[{"href":"https:\/\/omjuicers.ch\/de\/wp-json\/wp\/v2\/types\/product"}],"replies":[{"embeddable":true,"href":"https:\/\/omjuicers.ch\/de\/wp-json\/wp\/v2\/comments?post=32551"}],"wp:featuredmedia":[{"embeddable":true,"href":"https:\/\/omjuicers.ch\/de\/wp-json\/wp\/v2\/media\/32558"}],"wp:attachment":[{"href":"https:\/\/omjuicers.ch\/de\/wp-json\/wp\/v2\/media?parent=32551"}],"wp:term":[{"taxonomy":"product_cat","embeddable":true,"href":"https:\/\/omjuicers.ch\/de\/wp-json\/wp\/v2\/product_cat?post=32551"},{"taxonomy":"product_tag","embeddable":true,"href":"https:\/\/omjuicers.ch\/de\/wp-json\/wp\/v2\/product_tag?post=32551"}],"curies":[{"name":"wp","href":"https:\/\/api.w.org\/{rel}","templated":true}]}}