{"id":32711,"date":"2023-03-19T08:28:16","date_gmt":"2023-03-19T07:28:16","guid":{"rendered":"https:\/\/omjuicers.ch\/?post_type=product&#038;p=32711"},"modified":"2026-05-14T16:41:05","modified_gmt":"2026-05-14T14:41:05","slug":"sana-abrasive-reinigungshandschuhe-fuer-obst-und-gemuese","status":"publish","type":"product","link":"https:\/\/omjuicers.ch\/de\/product\/sana-abrasive-reinigungshandschuhe-fuer-obst-und-gemuese\/","title":{"rendered":"Sana Abrasive Reinigungshandschuhe f\u00fcr Obst und Gem\u00fcse"},"content":{"rendered":"<p>Etwa 50% der Vitamine in Gem\u00fcse befinden sich in der Schale. Unsere speziell entwickelten Handschuhe entfernen Schmutz und Dreck von Ihrem Obst und Gem\u00fcse, ohne dabei all diese wertvollen und gesunden Vitamine aus der Schale zu entfernen.<\/p>\n<ul>\n<li>Einheitsgr\u00f6sse (f\u00fcr Erwachsene)<\/li>\n<li>Reinigt Gem\u00fcse, ohne die gesunden Vitamine zu entfernen<\/li>\n<li>Material: strapazierf\u00e4higes Nylon f\u00fcr Lebensmittel<\/li>\n<li>Lufttrocknung im Sp\u00fclbecken<\/li>\n<li>Sp\u00fclmaschinenfest<\/li>\n<li>Design aus D\u00e4nemark<\/li>\n<\/ul>\n<h3>Pr\u00e4sentationsvideo<\/h3>\n<p><iframe title=\"YouTube video player\" src=\"https:\/\/www.youtube.com\/embed\/tOyF0b2wiFg\" width=\"560\" height=\"315\" frameborder=\"0\" allowfullscreen=\"allowfullscreen\"><\/iframe><\/p>\n","protected":false},"excerpt":{"rendered":"<p>Diese speziell entwickelten Handschuhe entfernen Schmutz und Dreck von Ihren Obst und Gem\u00fcse, ohne dabei die gesunden Vitamine aus der Schale zu entfernen.<\/p>\n","protected":false},"featured_media":32804,"comment_status":"closed","ping_status":"closed","template":"","meta":{"_acf_changed":false},"product_cat":[90],"product_tag":[297],"class_list":{"0":"post-32711","1":"product","2":"type-product","3":"status-publish","4":"has-post-thumbnail","6":"product_cat-zubehoere","7":"product_tag-sana-de","8":"product_shipping_class-parts-de","10":"first","11":"instock","12":"taxable","13":"shipping-taxable","14":"purchasable","15":"product-type-simple"},"supplier_id":31709,"supplier_sku":"PRGLO","barcode":null,"atum_controlled":true,"out_stock_date":null,"out_stock_threshold":0,"inheritable":false,"inbound_stock":0,"stock_on_hold":0,"sold_today":0,"sales_last_days":0,"reserved_stock":0,"customer_returns":0,"warehouse_damage":null,"lost_in_post":null,"other_logs":null,"out_stock_days":0,"lost_sales":0,"has_location":false,"update_date":"2026-05-14T14:41:05","atum_locations":[],"atum_stock_status":"instock","restock_status":false,"low_stock_amount":"","sales_update_date":"2026-05-14T14:41:05","calc_backorders":0,"acf":{"hide_in_france":false},"_links":{"self":[{"href":"https:\/\/omjuicers.ch\/de\/wp-json\/wp\/v2\/product\/32711"}],"collection":[{"href":"https:\/\/omjuicers.ch\/de\/wp-json\/wp\/v2\/product"}],"about":[{"href":"https:\/\/omjuicers.ch\/de\/wp-json\/wp\/v2\/types\/product"}],"replies":[{"embeddable":true,"href":"https:\/\/omjuicers.ch\/de\/wp-json\/wp\/v2\/comments?post=32711"}],"wp:featuredmedia":[{"embeddable":true,"href":"https:\/\/omjuicers.ch\/de\/wp-json\/wp\/v2\/media\/32804"}],"wp:attachment":[{"href":"https:\/\/omjuicers.ch\/de\/wp-json\/wp\/v2\/media?parent=32711"}],"wp:term":[{"taxonomy":"product_cat","embeddable":true,"href":"https:\/\/omjuicers.ch\/de\/wp-json\/wp\/v2\/product_cat?post=32711"},{"taxonomy":"product_tag","embeddable":true,"href":"https:\/\/omjuicers.ch\/de\/wp-json\/wp\/v2\/product_tag?post=32711"}],"curies":[{"name":"wp","href":"https:\/\/api.w.org\/{rel}","templated":true}]}}