{"id":32715,"date":"2023-03-19T08:34:26","date_gmt":"2023-03-19T07:34:26","guid":{"rendered":"https:\/\/omjuicers.ch\/?post_type=product&#038;p=32715"},"modified":"2026-05-10T16:35:23","modified_gmt":"2026-05-10T14:35:23","slug":"sana-reinigungsbuerste-fuer-obst-und-gemuese","status":"publish","type":"product","link":"https:\/\/omjuicers.ch\/de\/product\/sana-reinigungsbuerste-fuer-obst-und-gemuese\/","title":{"rendered":"Sana B\u00fcrste f\u00fcr Obst und Gem\u00fcse"},"content":{"rendered":"<h3>Pr\u00e4sentationsvideo<\/h3>\n<p><iframe title=\"YouTube video player\" src=\"https:\/\/www.youtube.com\/embed\/SSQZImLze1E?start=3\" width=\"560\" height=\"315\" frameborder=\"0\" allowfullscreen=\"allowfullscreen\"><\/iframe><\/p>\n","protected":false},"excerpt":{"rendered":"<p>Eine spezielle B\u00fcrste, die entwickelt wurde, um Schmutz und R\u00fcckst\u00e4nde von Obst und Gem\u00fcse zu entfernen.<\/p>\n","protected":false},"featured_media":32805,"comment_status":"closed","ping_status":"closed","template":"","meta":{"_acf_changed":false},"product_cat":[90],"product_tag":[297],"class_list":{"0":"post-32715","1":"product","2":"type-product","3":"status-publish","4":"has-post-thumbnail","6":"product_cat-zubehoere","7":"product_tag-sana-de","8":"product_shipping_class-parts-de","10":"first","11":"instock","12":"taxable","13":"shipping-taxable","14":"purchasable","15":"product-type-simple"},"supplier_id":31709,"supplier_sku":"PRBRU","barcode":null,"atum_controlled":true,"out_stock_date":null,"out_stock_threshold":0,"inheritable":false,"inbound_stock":0,"stock_on_hold":0,"sold_today":0,"sales_last_days":0,"reserved_stock":0,"customer_returns":0,"warehouse_damage":null,"lost_in_post":null,"other_logs":null,"out_stock_days":0,"lost_sales":0,"has_location":false,"update_date":"2026-05-10T14:35:23","atum_locations":[],"atum_stock_status":"instock","restock_status":false,"low_stock_amount":"","sales_update_date":"2026-05-10T14:35:23","calc_backorders":0,"acf":{"hide_in_france":false},"_links":{"self":[{"href":"https:\/\/omjuicers.ch\/de\/wp-json\/wp\/v2\/product\/32715"}],"collection":[{"href":"https:\/\/omjuicers.ch\/de\/wp-json\/wp\/v2\/product"}],"about":[{"href":"https:\/\/omjuicers.ch\/de\/wp-json\/wp\/v2\/types\/product"}],"replies":[{"embeddable":true,"href":"https:\/\/omjuicers.ch\/de\/wp-json\/wp\/v2\/comments?post=32715"}],"wp:featuredmedia":[{"embeddable":true,"href":"https:\/\/omjuicers.ch\/de\/wp-json\/wp\/v2\/media\/32805"}],"wp:attachment":[{"href":"https:\/\/omjuicers.ch\/de\/wp-json\/wp\/v2\/media?parent=32715"}],"wp:term":[{"taxonomy":"product_cat","embeddable":true,"href":"https:\/\/omjuicers.ch\/de\/wp-json\/wp\/v2\/product_cat?post=32715"},{"taxonomy":"product_tag","embeddable":true,"href":"https:\/\/omjuicers.ch\/de\/wp-json\/wp\/v2\/product_tag?post=32715"}],"curies":[{"name":"wp","href":"https:\/\/api.w.org\/{rel}","templated":true}]}}