{"id":32723,"date":"2023-03-19T08:41:09","date_gmt":"2023-03-19T07:41:09","guid":{"rendered":"https:\/\/omjuicers.ch\/?post_type=product&#038;p=32723"},"modified":"2026-04-26T16:12:08","modified_gmt":"2026-04-26T14:12:08","slug":"sana-digitale-kuechenwaage","status":"publish","type":"product","link":"https:\/\/omjuicers.ch\/de\/product\/sana-digitale-kuechenwaage\/","title":{"rendered":"Sana digitale K\u00fcchenwaage"},"content":{"rendered":"<table class=\"responsive-727\">\n<tbody>\n<tr class=\"reverse\">\n<td style=\"padding-right: 20px;\" align=\"center\" width=\"300px !important\"><img fetchpriority=\"high\" decoding=\"async\" class=\"alignnone wp-image-32726 size-medium\" src=\"https:\/\/mlsfuhg7sobs.i.optimole.com\/cb:0KLq.257c9\/w:auto\/h:auto\/q:mauto\/f:best\/https:\/\/omjuicers.ch\/wp-content\/uploads\/2023\/03\/sana-scale-angle.webp\" alt=\"\" width=\"300\" height=\"240\" srcset=\"https:\/\/mlsfuhg7sobs.i.optimole.com\/cb:0KLq.257c9\/w:auto\/h:auto\/q:mauto\/f:best\/https:\/\/omjuicers.ch\/wp-content\/uploads\/2023\/03\/sana-scale-angle.webp 1000w, https:\/\/mlsfuhg7sobs.i.optimole.com\/cb:0KLq.257c9\/w:300\/h:240\/q:mauto\/f:best\/https:\/\/omjuicers.ch\/wp-content\/uploads\/2023\/03\/sana-scale-angle.webp 300w, https:\/\/mlsfuhg7sobs.i.optimole.com\/cb:0KLq.257c9\/w:768\/h:614\/q:mauto\/f:best\/https:\/\/omjuicers.ch\/wp-content\/uploads\/2023\/03\/sana-scale-angle.webp 768w, https:\/\/mlsfuhg7sobs.i.optimole.com\/cb:0KLq.257c9\/w:672\/h:538\/q:mauto\/f:best\/https:\/\/omjuicers.ch\/wp-content\/uploads\/2023\/03\/sana-scale-angle.webp 672w, https:\/\/mlsfuhg7sobs.i.optimole.com\/cb:0KLq.257c9\/w:480\/h:384\/q:mauto\/f:best\/https:\/\/omjuicers.ch\/wp-content\/uploads\/2023\/03\/sana-scale-angle.webp 480w, https:\/\/mlsfuhg7sobs.i.optimole.com\/cb:0KLq.257c9\/w:600\/h:480\/q:mauto\/f:best\/https:\/\/omjuicers.ch\/wp-content\/uploads\/2023\/03\/sana-scale-angle.webp 600w\" sizes=\"(max-width: 300px) 100vw, 300px\" \/><\/td>\n<td>Die digitale K\u00fcchenwaage Sana ist nicht nur ideal zum Abmessen von Zutaten f\u00fcr Rezepte oder zum Brotbacken, sondern auch ein wertvolles Werkzeug f\u00fcr Rohkost-Liebhaber. Mit einem schlanken und eleganten Design nutzt diese Waage ber\u00fchrungsempfindliche Sensoren unter der Oberfl\u00e4che f\u00fcr eine einfache Bedienung. Obwohl sie eine hohe Kapazit\u00e4t von 5 kg hat, ist sie auch sehr genau.<\/p>\n<p>Neben dem Messen des Gewichts in Gramm oder Unzen kann diese Waage auch das Volumen von Wasser oder Milch in Millilitern oder Unzen messen. Sie k\u00f6nnen auch einen Beh\u00e4lter auf die Waage stellen und das Gewicht auf Null setzen. Ein Druck auf die Oberfl\u00e4che gen\u00fcgt, um sie einzuschalten. Das helle LED-Display ist leicht ablesbar, unabh\u00e4ngig von der Beleuchtung. Die Waage schaltet sich automatisch nach zwei Minuten aus.<\/td>\n<\/tr>\n<\/tbody>\n<\/table>\n<h3>Eigenschaften<\/h3>\n<table class=\"responsive-727\">\n<tbody>\n<tr class=\"reverse\">\n<td style=\"padding-right: 20px;\" align=\"center\" width=\"300px !important\">&nbsp;<\/p>\n<p><img fetchpriority=\"high\" decoding=\"async\" class=\"alignnone wp-image-32728 size-medium\" src=\"https:\/\/mlsfuhg7sobs.i.optimole.com\/cb:0KLq.257c9\/w:auto\/h:auto\/q:mauto\/f:best\/https:\/\/omjuicers.ch\/wp-content\/uploads\/2023\/03\/sana-scale-side.webp\" alt=\"\" width=\"300\" height=\"240\" srcset=\"https:\/\/mlsfuhg7sobs.i.optimole.com\/cb:0KLq.257c9\/w:auto\/h:auto\/q:mauto\/f:best\/https:\/\/omjuicers.ch\/wp-content\/uploads\/2023\/03\/sana-scale-side.webp 1000w, https:\/\/mlsfuhg7sobs.i.optimole.com\/cb:0KLq.257c9\/w:300\/h:240\/q:mauto\/f:best\/https:\/\/omjuicers.ch\/wp-content\/uploads\/2023\/03\/sana-scale-side.webp 300w, https:\/\/mlsfuhg7sobs.i.optimole.com\/cb:0KLq.257c9\/w:768\/h:614\/q:mauto\/f:best\/https:\/\/omjuicers.ch\/wp-content\/uploads\/2023\/03\/sana-scale-side.webp 768w, https:\/\/mlsfuhg7sobs.i.optimole.com\/cb:0KLq.257c9\/w:672\/h:538\/q:mauto\/f:best\/https:\/\/omjuicers.ch\/wp-content\/uploads\/2023\/03\/sana-scale-side.webp 672w, https:\/\/mlsfuhg7sobs.i.optimole.com\/cb:0KLq.257c9\/w:480\/h:384\/q:mauto\/f:best\/https:\/\/omjuicers.ch\/wp-content\/uploads\/2023\/03\/sana-scale-side.webp 480w, https:\/\/mlsfuhg7sobs.i.optimole.com\/cb:0KLq.257c9\/w:600\/h:480\/q:mauto\/f:best\/https:\/\/omjuicers.ch\/wp-content\/uploads\/2023\/03\/sana-scale-side.webp 600w\" sizes=\"(max-width: 300px) 100vw, 300px\" \/><\/td>\n<td>\n<ul>\n<li>Grosses LCD-Display<\/li>\n<li>Hochpr\u00e4ziser W\u00e4gesensor<\/li>\n<li>Misst auch das Volumen von Wasser und Milch<\/li>\n<li>Umschalten zwischen metrischen und imperialen Masseinheiten m\u00f6glich<\/li>\n<li>Automatische Abschaltung<\/li>\n<li>Ber\u00fchrungsempfindliche Steuerung<\/li>\n<li>Null-Funktion zur Abzug des Beh\u00e4ltergewichts<\/li>\n<li>Ein-Knopf-Bedienung<\/li>\n<li>Maximale Belastungskapazit\u00e4t: 5 kg<\/li>\n<li>Stromversorgung: 3 AAA 1,5V-Batterien (nicht enthalten)<\/li>\n<li>Abmessungen: 210 x 160 x 19 mm<\/li>\n<li>Gewicht: 500 g<\/li>\n<li>Material: Glas und Kunststoff<\/li>\n<li>Garantie: 2 Jahre<\/li>\n<\/ul>\n<\/td>\n<\/tr>\n<\/tbody>\n<\/table>\n<h3>Pr\u00e4sentationsvideo<\/h3>\n<p><iframe title=\"YouTube video player\" src=\"https:\/\/www.youtube.com\/embed\/uXVaIVgs84A\" width=\"560\" height=\"315\" frameborder=\"0\" allowfullscreen=\"allowfullscreen\"><\/iframe><\/p>\n","protected":false},"excerpt":{"rendered":"<p>Diese Waage ist ideal zum Abmessen von Zutaten geeignet und kann das Gewicht in Gramm oder Unzen sowie das Volumen von Wasser oder Milch messen.<\/p>\n","protected":false},"featured_media":32808,"comment_status":"closed","ping_status":"closed","template":"","meta":{"_acf_changed":false},"product_cat":[90],"product_tag":[297],"class_list":{"0":"post-32723","1":"product","2":"type-product","3":"status-publish","4":"has-post-thumbnail","6":"product_cat-zubehoere","7":"product_tag-sana-de","8":"product_shipping_class-parts-de","10":"first","11":"instock","12":"taxable","13":"shipping-taxable","14":"purchasable","15":"product-type-simple"},"supplier_id":31709,"supplier_sku":"SANASCALE","barcode":null,"atum_controlled":true,"out_stock_date":null,"out_stock_threshold":0,"inheritable":false,"inbound_stock":0,"stock_on_hold":0,"sold_today":0,"sales_last_days":0,"reserved_stock":0,"customer_returns":0,"warehouse_damage":null,"lost_in_post":null,"other_logs":null,"out_stock_days":0,"lost_sales":0,"has_location":false,"update_date":"2026-04-26T14:12:08","atum_locations":[],"atum_stock_status":"instock","restock_status":false,"low_stock_amount":"","sales_update_date":"2026-04-26T14:12:08","calc_backorders":0,"acf":{"hide_in_france":false},"_links":{"self":[{"href":"https:\/\/omjuicers.ch\/de\/wp-json\/wp\/v2\/product\/32723"}],"collection":[{"href":"https:\/\/omjuicers.ch\/de\/wp-json\/wp\/v2\/product"}],"about":[{"href":"https:\/\/omjuicers.ch\/de\/wp-json\/wp\/v2\/types\/product"}],"replies":[{"embeddable":true,"href":"https:\/\/omjuicers.ch\/de\/wp-json\/wp\/v2\/comments?post=32723"}],"wp:featuredmedia":[{"embeddable":true,"href":"https:\/\/omjuicers.ch\/de\/wp-json\/wp\/v2\/media\/32808"}],"wp:attachment":[{"href":"https:\/\/omjuicers.ch\/de\/wp-json\/wp\/v2\/media?parent=32723"}],"wp:term":[{"taxonomy":"product_cat","embeddable":true,"href":"https:\/\/omjuicers.ch\/de\/wp-json\/wp\/v2\/product_cat?post=32723"},{"taxonomy":"product_tag","embeddable":true,"href":"https:\/\/omjuicers.ch\/de\/wp-json\/wp\/v2\/product_tag?post=32723"}],"curies":[{"name":"wp","href":"https:\/\/api.w.org\/{rel}","templated":true}]}}