{"id":32731,"date":"2023-03-19T08:54:09","date_gmt":"2023-03-19T07:54:09","guid":{"rendered":"https:\/\/omjuicers.ch\/?post_type=product&#038;p=32731"},"modified":"2026-05-11T16:36:16","modified_gmt":"2026-05-11T14:36:16","slug":"sana-saftflasche-aus-glas-700-ml","status":"publish","type":"product","link":"https:\/\/omjuicers.ch\/de\/product\/sana-saftflasche-aus-glas-700-ml\/","title":{"rendered":"Sana Saftflasche aus Glas 700ml"},"content":{"rendered":"<h3>Saft\u00adflasche aus Borosilikat\u00adglas<\/h3>\n<table class=\"responsive-727\">\n<tbody>\n<tr class=\"reverse\">\n<td style=\"padding-right: 20px;\" align=\"center\" width=\"300px !important\"><img fetchpriority=\"high\" decoding=\"async\" class=\"alignnone wp-image-32732 size-medium\" src=\"https:\/\/mlsfuhg7sobs.i.optimole.com\/cb:0KLq.257c9\/w:auto\/h:auto\/q:mauto\/f:best\/https:\/\/omjuicers.ch\/wp-content\/uploads\/2023\/03\/sana-glass-bottle-cap.webp\" alt=\"\" width=\"300\" height=\"240\" srcset=\"https:\/\/mlsfuhg7sobs.i.optimole.com\/cb:0KLq.257c9\/w:auto\/h:auto\/q:mauto\/f:best\/https:\/\/omjuicers.ch\/wp-content\/uploads\/2023\/03\/sana-glass-bottle-cap.webp 1000w, https:\/\/mlsfuhg7sobs.i.optimole.com\/cb:0KLq.257c9\/w:300\/h:240\/q:mauto\/f:best\/https:\/\/omjuicers.ch\/wp-content\/uploads\/2023\/03\/sana-glass-bottle-cap.webp 300w, https:\/\/mlsfuhg7sobs.i.optimole.com\/cb:0KLq.257c9\/w:768\/h:614\/q:mauto\/f:best\/https:\/\/omjuicers.ch\/wp-content\/uploads\/2023\/03\/sana-glass-bottle-cap.webp 768w, https:\/\/mlsfuhg7sobs.i.optimole.com\/cb:0KLq.257c9\/w:672\/h:538\/q:mauto\/f:best\/https:\/\/omjuicers.ch\/wp-content\/uploads\/2023\/03\/sana-glass-bottle-cap.webp 672w, https:\/\/mlsfuhg7sobs.i.optimole.com\/cb:0KLq.257c9\/w:480\/h:384\/q:mauto\/f:best\/https:\/\/omjuicers.ch\/wp-content\/uploads\/2023\/03\/sana-glass-bottle-cap.webp 480w, https:\/\/mlsfuhg7sobs.i.optimole.com\/cb:0KLq.257c9\/w:600\/h:480\/q:mauto\/f:best\/https:\/\/omjuicers.ch\/wp-content\/uploads\/2023\/03\/sana-glass-bottle-cap.webp 600w\" sizes=\"(max-width: 300px) 100vw, 300px\" \/><\/td>\n<td><strong>\u00dcBERLEGENE QUALIT\u00c4T UND DESIGN<\/strong><\/p>\n<p>Diese Flaschen sind aus dickem, hochwertigem borosilikatverst\u00e4rktem Glas ohne Blei, Cadmium, BPA oder Phthalate gefertigt. Sie eignen sich perfekt zur Aufbewahrung von Wasser, Getr\u00e4nken, S\u00e4ften, Smoothies, Tee, Kaffee, Saucen, Dressings, Kombucha, Kefir, fermentierten Getr\u00e4nken und vielem mehr &#8211; jederzeit griffbereit, ob zu Hause oder unterwegs. Jede Flasche ist mit einem dichten SU304 Edelstahlverschluss und einem lebensmittelechten Silikon-O-Ring ausgestattet, der eine luft- und wasserdichte Versiegelung gew\u00e4hrleistet, egal wie die Flasche positioniert wird.<\/p>\n<p><strong>SICHERE VERWENDUNG<\/strong><\/p>\n<p>Eine gesunde und umweltfreundliche Alternative zu Plastikflaschen. Kein Geruch oder Chemikalienaustritt. Keine Freisetzung von Toxinen oder Ger\u00fcchen. Hergestellt aus ultraklarem Natrium-Kalzium-Glas, sind diese Flaschen wasserdicht und weisen eine geringe Ausdehnung, \u00fcberlegene Stossfestigkeit und Temperaturbest\u00e4ndigkeit auf. Leicht zu reinigen und sp\u00fclmaschinenfest. Keine Sorgen mehr \u00fcber auslaufende Fl\u00fcssigkeiten in Ihrem Auto oder Ihrer Tasche. Bewahren Sie den Geschmack Ihres Getr\u00e4nks auf, da Sauerstoff nicht eindringen kann, um Enzyme abzubauen oder Ihre S\u00e4fte zu verderben.<\/td>\n<\/tr>\n<\/tbody>\n<\/table>\n<h3>Ohne BPA, Cadmium und Phthalate&#8230;<\/h3>\n<table class=\"responsive-727\">\n<tbody>\n<tr class=\"reverse\">\n<td style=\"padding-right: 20px;\" align=\"center\" width=\"300px !important\">&nbsp;<\/p>\n<p><img fetchpriority=\"high\" decoding=\"async\" class=\"alignnone wp-image-32734 size-medium\" src=\"https:\/\/mlsfuhg7sobs.i.optimole.com\/cb:0KLq.257c9\/w:auto\/h:auto\/q:mauto\/f:best\/https:\/\/omjuicers.ch\/wp-content\/uploads\/2023\/03\/sana-glass-bottle-top.webp\" alt=\"\" width=\"300\" height=\"240\" srcset=\"https:\/\/mlsfuhg7sobs.i.optimole.com\/cb:0KLq.257c9\/w:auto\/h:auto\/q:mauto\/f:best\/https:\/\/omjuicers.ch\/wp-content\/uploads\/2023\/03\/sana-glass-bottle-top.webp 1000w, https:\/\/mlsfuhg7sobs.i.optimole.com\/cb:0KLq.257c9\/w:300\/h:240\/q:mauto\/f:best\/https:\/\/omjuicers.ch\/wp-content\/uploads\/2023\/03\/sana-glass-bottle-top.webp 300w, https:\/\/mlsfuhg7sobs.i.optimole.com\/cb:0KLq.257c9\/w:768\/h:614\/q:mauto\/f:best\/https:\/\/omjuicers.ch\/wp-content\/uploads\/2023\/03\/sana-glass-bottle-top.webp 768w, https:\/\/mlsfuhg7sobs.i.optimole.com\/cb:0KLq.257c9\/w:672\/h:538\/q:mauto\/f:best\/https:\/\/omjuicers.ch\/wp-content\/uploads\/2023\/03\/sana-glass-bottle-top.webp 672w, https:\/\/mlsfuhg7sobs.i.optimole.com\/cb:0KLq.257c9\/w:480\/h:384\/q:mauto\/f:best\/https:\/\/omjuicers.ch\/wp-content\/uploads\/2023\/03\/sana-glass-bottle-top.webp 480w, https:\/\/mlsfuhg7sobs.i.optimole.com\/cb:0KLq.257c9\/w:600\/h:480\/q:mauto\/f:best\/https:\/\/omjuicers.ch\/wp-content\/uploads\/2023\/03\/sana-glass-bottle-top.webp 600w\" sizes=\"(max-width: 300px) 100vw, 300px\" \/><\/td>\n<td><strong>EINFACHE LAGERUNG<\/strong><\/p>\n<p>Diese Flaschen eignen sich hervorragend als Beh\u00e4lter f\u00fcr S\u00e4fte, Fermentationsgl\u00e4ser, Kombucha- \/ Kefir-Starter-Kits, Kr\u00fcge f\u00fcr Getr\u00e4nke oder als t\u00e4glicher Gebrauchsbeh\u00e4lter. Das robuste Design ist perfekt f\u00fcr die Lagerung im K\u00fchlschrank und den meisten Auto-Getr\u00e4nkehaltern geeignet.<\/p>\n<p><strong>\u00dcBERALL DABEI<\/strong><\/p>\n<p>Unsere Borosilikatflasche eignet sich perfekt zur Aufbewahrung von Trinkwasser, Fruchts\u00e4ften, Smoothies oder als luftdichter Beh\u00e4lter f\u00fcr Saucen \/ K\u00fcchenzutaten. Verwenden Sie sie, um Ihren K\u00fchlschrank einfach zu organisieren oder nehmen Sie sie mit ins Fitnessstudio, ins B\u00fcro, zum Picknick oder \u00fcberall hin, wo das Leben Sie hinf\u00fchrt. Geeignet f\u00fcr heisse oder kalte Fl\u00fcssigkeiten!<\/td>\n<\/tr>\n<\/tbody>\n<\/table>\n<p>&nbsp;<\/p>\n","protected":false},"excerpt":{"rendered":"<p>Diese 700-ml-Glasflasche aus hitzebest\u00e4ndigem Borosilikatglas und ohne BPA ist ideal zur Aufbewahrung oder zum Transport von Fruchts\u00e4ften ins B\u00fcro oder zum Sport. Der Verschluss ist aus lebensmittelgerechtem SU304-Edelstahl und die Dichtung aus Silikon, mit einem Kunststoffgewinde, das nicht mit dem Saft in Ber\u00fchrung kommt. Die Flasche ist extra gross, um einen sicheren Stand zu gew\u00e4hrleisten, aber nicht so breit, um in die meisten Getr\u00e4nkehalter zu passen. Dies ist der hygienischste Weg, um die Frische Ihres Saftes zu halten.<\/p>\n","protected":false},"featured_media":32809,"comment_status":"closed","ping_status":"closed","template":"","meta":{"_acf_changed":false},"product_cat":[90],"product_tag":[297],"class_list":{"0":"post-32731","1":"product","2":"type-product","3":"status-publish","4":"has-post-thumbnail","6":"product_cat-zubehoere","7":"product_tag-sana-de","8":"product_shipping_class-parts-de","10":"first","11":"instock","12":"taxable","13":"shipping-taxable","14":"purchasable","15":"product-type-simple"},"supplier_id":31709,"supplier_sku":"BGBSS07","barcode":null,"atum_controlled":true,"out_stock_date":null,"out_stock_threshold":0,"inheritable":false,"inbound_stock":0,"stock_on_hold":0,"sold_today":0,"sales_last_days":0,"reserved_stock":0,"customer_returns":0,"warehouse_damage":null,"lost_in_post":null,"other_logs":null,"out_stock_days":0,"lost_sales":0,"has_location":false,"update_date":"2026-05-11T14:36:16","atum_locations":[],"atum_stock_status":"instock","restock_status":false,"low_stock_amount":"","sales_update_date":"2026-05-11T14:36:16","calc_backorders":0,"acf":{"hide_in_france":false},"_links":{"self":[{"href":"https:\/\/omjuicers.ch\/de\/wp-json\/wp\/v2\/product\/32731"}],"collection":[{"href":"https:\/\/omjuicers.ch\/de\/wp-json\/wp\/v2\/product"}],"about":[{"href":"https:\/\/omjuicers.ch\/de\/wp-json\/wp\/v2\/types\/product"}],"replies":[{"embeddable":true,"href":"https:\/\/omjuicers.ch\/de\/wp-json\/wp\/v2\/comments?post=32731"}],"wp:featuredmedia":[{"embeddable":true,"href":"https:\/\/omjuicers.ch\/de\/wp-json\/wp\/v2\/media\/32809"}],"wp:attachment":[{"href":"https:\/\/omjuicers.ch\/de\/wp-json\/wp\/v2\/media?parent=32731"}],"wp:term":[{"taxonomy":"product_cat","embeddable":true,"href":"https:\/\/omjuicers.ch\/de\/wp-json\/wp\/v2\/product_cat?post=32731"},{"taxonomy":"product_tag","embeddable":true,"href":"https:\/\/omjuicers.ch\/de\/wp-json\/wp\/v2\/product_tag?post=32731"}],"curies":[{"name":"wp","href":"https:\/\/api.w.org\/{rel}","templated":true}]}}