{"id":32741,"date":"2023-03-19T09:08:50","date_gmt":"2023-03-19T08:08:50","guid":{"rendered":"https:\/\/omjuicers.ch\/?post_type=product&#038;p=32741"},"modified":"2026-05-11T16:36:22","modified_gmt":"2026-05-11T14:36:22","slug":"sana-trinkflasche-aus-edelstahl-mit-aktivkohlefilter-600ml","status":"publish","type":"product","link":"https:\/\/omjuicers.ch\/de\/product\/sana-trinkflasche-aus-edelstahl-mit-aktivkohlefilter-600ml\/","title":{"rendered":"Sana Trinkflasche aus Edelstahl mit Aktivkohlefilter 600ml"},"content":{"rendered":"<h3>Zwei Filtertypen und Ersatzteile<\/h3>\n<table class=\"responsive-727\">\n<tbody>\n<tr>\n<td>Diese Trinkflasche hat ein Fassungsverm\u00f6gen von 600 ml und besteht aus lebensmittelechtem, langlebigem und hygienischem Edelstahl. Sie wird mit einem auswechselbaren Aktivkohlefilter auf Kokosnussbasis ohne BPA geliefert. Dieser Filter ist perfekt f\u00fcr Leitungswasser, aber Sie k\u00f6nnen auch einen <strong>antibakteriellen<\/strong> Aktivkohlefilter kaufen, um Bakterien, sch\u00e4dliche Chemikalien und Mikroorganismen aus Outdoor-Wasserquellen zu entfernen.<\/p>\n<p><strong>Stoppen wir die Verschwendung<\/strong> und kaufen wir keine Trinkflaschen mehr, die wir wegwerfen m\u00fcssen, weil der Verschluss oder die Kappe besch\u00e4digt ist. Wir verkaufen sowohl beide Filtertypen als auch den Deckel und die Kappe des Deckels in unserem Online-Shop.<\/td>\n<td style=\"padding-left: 20px;\" align=\"center\" width=\"300px !important\"><img fetchpriority=\"high\" decoding=\"async\" class=\"alignnone wp-image-32750 size-medium\" src=\"https:\/\/mlsfuhg7sobs.i.optimole.com\/cb:0KLq.257c9\/w:auto\/h:auto\/q:mauto\/f:best\/https:\/\/omjuicers.ch\/wp-content\/uploads\/2023\/03\/sana-steel-filtration-bottle-assembly.webp\" alt=\"\" width=\"300\" height=\"240\" srcset=\"https:\/\/mlsfuhg7sobs.i.optimole.com\/cb:0KLq.257c9\/w:auto\/h:auto\/q:mauto\/f:best\/https:\/\/omjuicers.ch\/wp-content\/uploads\/2023\/03\/sana-steel-filtration-bottle-assembly.webp 1200w, https:\/\/mlsfuhg7sobs.i.optimole.com\/cb:0KLq.257c9\/w:300\/h:240\/q:mauto\/f:best\/https:\/\/omjuicers.ch\/wp-content\/uploads\/2023\/03\/sana-steel-filtration-bottle-assembly.webp 300w, https:\/\/mlsfuhg7sobs.i.optimole.com\/cb:0KLq.257c9\/w:1024\/h:819\/q:mauto\/f:best\/https:\/\/omjuicers.ch\/wp-content\/uploads\/2023\/03\/sana-steel-filtration-bottle-assembly.webp 1024w, https:\/\/mlsfuhg7sobs.i.optimole.com\/cb:0KLq.257c9\/w:768\/h:614\/q:mauto\/f:best\/https:\/\/omjuicers.ch\/wp-content\/uploads\/2023\/03\/sana-steel-filtration-bottle-assembly.webp 768w, https:\/\/mlsfuhg7sobs.i.optimole.com\/cb:0KLq.257c9\/w:672\/h:538\/q:mauto\/f:best\/https:\/\/omjuicers.ch\/wp-content\/uploads\/2023\/03\/sana-steel-filtration-bottle-assembly.webp 672w, https:\/\/mlsfuhg7sobs.i.optimole.com\/cb:0KLq.257c9\/w:1038\/h:830\/q:mauto\/f:best\/https:\/\/omjuicers.ch\/wp-content\/uploads\/2023\/03\/sana-steel-filtration-bottle-assembly.webp 1038w, https:\/\/mlsfuhg7sobs.i.optimole.com\/cb:0KLq.257c9\/w:480\/h:384\/q:mauto\/f:best\/https:\/\/omjuicers.ch\/wp-content\/uploads\/2023\/03\/sana-steel-filtration-bottle-assembly.webp 480w, https:\/\/mlsfuhg7sobs.i.optimole.com\/cb:0KLq.257c9\/w:600\/h:480\/q:mauto\/f:best\/https:\/\/omjuicers.ch\/wp-content\/uploads\/2023\/03\/sana-steel-filtration-bottle-assembly.webp 600w\" sizes=\"(max-width: 300px) 100vw, 300px\" \/><\/td>\n<\/tr>\n<\/tbody>\n<\/table>\n<h3>Auch ohne Filter zu verwenden<\/h3>\n<table class=\"responsive-727\">\n<tbody>\n<tr class=\"reverse\">\n<td style=\"padding-right: 20px;\" align=\"center\" width=\"300px !important\"><img fetchpriority=\"high\" decoding=\"async\" class=\"alignnone wp-image-32756 size-medium\" src=\"https:\/\/mlsfuhg7sobs.i.optimole.com\/cb:0KLq.257c9\/w:auto\/h:auto\/q:mauto\/f:best\/https:\/\/omjuicers.ch\/wp-content\/uploads\/2023\/03\/sana-steel-filtration-bottle-black-inside.webp\" alt=\"\" width=\"300\" height=\"200\" srcset=\"https:\/\/mlsfuhg7sobs.i.optimole.com\/cb:0KLq.257c9\/w:auto\/h:auto\/q:mauto\/f:best\/https:\/\/omjuicers.ch\/wp-content\/uploads\/2023\/03\/sana-steel-filtration-bottle-black-inside.webp 1000w, https:\/\/mlsfuhg7sobs.i.optimole.com\/cb:0KLq.257c9\/w:300\/h:200\/q:mauto\/f:best\/https:\/\/omjuicers.ch\/wp-content\/uploads\/2023\/03\/sana-steel-filtration-bottle-black-inside.webp 300w, https:\/\/mlsfuhg7sobs.i.optimole.com\/cb:0KLq.257c9\/w:768\/h:512\/q:mauto\/f:best\/https:\/\/omjuicers.ch\/wp-content\/uploads\/2023\/03\/sana-steel-filtration-bottle-black-inside.webp 768w, https:\/\/mlsfuhg7sobs.i.optimole.com\/cb:0KLq.257c9\/w:672\/h:448\/q:mauto\/f:best\/https:\/\/omjuicers.ch\/wp-content\/uploads\/2023\/03\/sana-steel-filtration-bottle-black-inside.webp 672w, https:\/\/mlsfuhg7sobs.i.optimole.com\/cb:0KLq.257c9\/w:480\/h:320\/q:mauto\/f:best\/https:\/\/omjuicers.ch\/wp-content\/uploads\/2023\/03\/sana-steel-filtration-bottle-black-inside.webp 480w, https:\/\/mlsfuhg7sobs.i.optimole.com\/cb:0KLq.257c9\/w:600\/h:400\/q:mauto\/f:best\/https:\/\/omjuicers.ch\/wp-content\/uploads\/2023\/03\/sana-steel-filtration-bottle-black-inside.webp 600w\" sizes=\"(max-width: 300px) 100vw, 300px\" \/><\/td>\n<td>Die Sana Edelstahlfilterflasche eignet sich ideal zur Verbesserung des Geschmacks von Leitungswasser, aber die Filterpatrone kann leicht entfernt werden, wenn keine Filtration erforderlich ist. Ohne Patrone ist sie perfekt f\u00fcr frischen Saft, Eistee oder Limonade. Der breite Hals erm\u00f6glicht Ihnen ein einfaches Bef\u00fcllen und die Konstruktion aus 100 % rostfreiem Stahl ist sowohl leicht als auch langlebig.<\/td>\n<\/tr>\n<\/tbody>\n<\/table>\n<h3>Sicher und hygienisch<\/h3>\n<table class=\"responsive-727\">\n<tbody>\n<tr>\n<td>Zertifizierte NSF-Filtration &#8211; Der integrierte Kokosnuss-Aktivkohlefilter ist gem\u00e4ss NSF42 zertifiziert, um schlechten Geschmack, Ger\u00fcche und Chlor zu entfernen. Er ist leicht austauschbar und hat eine Lebensdauer von 300 Litern.<\/p>\n<p>Edelstahl 18\/8 &#8211; Hergestellt aus langlebigem lebensmittelechtem Edelstahl mit mattem Finish, sind diese Flaschen BPA-frei.<\/p>\n<p>Umweltfreundlich &#8211; Mit einer Kapazit\u00e4t von 300 Litern kann ein Filter 600 Einweg-Plastikflaschen ersetzen.<\/p>\n<p>Einfach zu verwenden &#8211; F\u00fcllen Sie die Flasche einfach mit Leitungswasser und trinken Sie mit dem Mundst\u00fcck.<\/td>\n<td style=\"padding-left: 20px;\" align=\"center\" width=\"300px !important\"><img fetchpriority=\"high\" decoding=\"async\" class=\"alignnone wp-image-32752 size-medium\" src=\"https:\/\/mlsfuhg7sobs.i.optimole.com\/cb:0KLq.257c9\/w:auto\/h:auto\/q:mauto\/f:best\/https:\/\/omjuicers.ch\/wp-content\/uploads\/2023\/03\/sana-steel-filtration-bottle-black-front.webp\" alt=\"\" width=\"300\" height=\"200\" srcset=\"https:\/\/mlsfuhg7sobs.i.optimole.com\/cb:0KLq.257c9\/w:auto\/h:auto\/q:mauto\/f:best\/https:\/\/omjuicers.ch\/wp-content\/uploads\/2023\/03\/sana-steel-filtration-bottle-black-front.webp 1000w, https:\/\/mlsfuhg7sobs.i.optimole.com\/cb:0KLq.257c9\/w:300\/h:200\/q:mauto\/f:best\/https:\/\/omjuicers.ch\/wp-content\/uploads\/2023\/03\/sana-steel-filtration-bottle-black-front.webp 300w, https:\/\/mlsfuhg7sobs.i.optimole.com\/cb:0KLq.257c9\/w:768\/h:512\/q:mauto\/f:best\/https:\/\/omjuicers.ch\/wp-content\/uploads\/2023\/03\/sana-steel-filtration-bottle-black-front.webp 768w, https:\/\/mlsfuhg7sobs.i.optimole.com\/cb:0KLq.257c9\/w:672\/h:448\/q:mauto\/f:best\/https:\/\/omjuicers.ch\/wp-content\/uploads\/2023\/03\/sana-steel-filtration-bottle-black-front.webp 672w, https:\/\/mlsfuhg7sobs.i.optimole.com\/cb:0KLq.257c9\/w:480\/h:320\/q:mauto\/f:best\/https:\/\/omjuicers.ch\/wp-content\/uploads\/2023\/03\/sana-steel-filtration-bottle-black-front.webp 480w, https:\/\/mlsfuhg7sobs.i.optimole.com\/cb:0KLq.257c9\/w:600\/h:400\/q:mauto\/f:best\/https:\/\/omjuicers.ch\/wp-content\/uploads\/2023\/03\/sana-steel-filtration-bottle-black-front.webp 600w\" sizes=\"(max-width: 300px) 100vw, 300px\" \/><\/td>\n<\/tr>\n<\/tbody>\n<\/table>\n<h3>Optionaler antibakterieller Filter<\/h3>\n<table class=\"responsive-727\">\n<tbody>\n<tr class=\"reverse\">\n<td style=\"padding-right: 20px;\" align=\"center\" width=\"300px !important\"><img data-opt-src=\"https:\/\/mlsfuhg7sobs.i.optimole.com\/cb:0KLq.257c9\/w:auto\/h:auto\/q:mauto\/f:best\/https:\/\/omjuicers.ch\/wp-content\/uploads\/2023\/03\/sana-steel-filtration-bottle-filter.webp\"  decoding=\"async\" class=\"alignnone wp-image-32758 size-medium\" src=\"https:\/\/mlsfuhg7sobs.i.optimole.com\/cb:0KLq.257c9\/w:auto\/h:auto\/q:eco\/f:best\/https:\/\/omjuicers.ch\/wp-content\/uploads\/2023\/03\/sana-steel-filtration-bottle-filter.webp\" alt=\"\" width=\"300\" height=\"200\" old-srcset=\"https:\/\/mlsfuhg7sobs.i.optimole.com\/cb:0KLq.257c9\/w:auto\/h:auto\/q:mauto\/f:best\/https:\/\/omjuicers.ch\/wp-content\/uploads\/2023\/03\/sana-steel-filtration-bottle-filter.webp 1000w, https:\/\/mlsfuhg7sobs.i.optimole.com\/cb:0KLq.257c9\/w:300\/h:200\/q:mauto\/f:best\/https:\/\/omjuicers.ch\/wp-content\/uploads\/2023\/03\/sana-steel-filtration-bottle-filter.webp 300w, https:\/\/mlsfuhg7sobs.i.optimole.com\/cb:0KLq.257c9\/w:768\/h:512\/q:mauto\/f:best\/https:\/\/omjuicers.ch\/wp-content\/uploads\/2023\/03\/sana-steel-filtration-bottle-filter.webp 768w, https:\/\/mlsfuhg7sobs.i.optimole.com\/cb:0KLq.257c9\/w:672\/h:448\/q:mauto\/f:best\/https:\/\/omjuicers.ch\/wp-content\/uploads\/2023\/03\/sana-steel-filtration-bottle-filter.webp 672w, https:\/\/mlsfuhg7sobs.i.optimole.com\/cb:0KLq.257c9\/w:480\/h:320\/q:mauto\/f:best\/https:\/\/omjuicers.ch\/wp-content\/uploads\/2023\/03\/sana-steel-filtration-bottle-filter.webp 480w, https:\/\/mlsfuhg7sobs.i.optimole.com\/cb:0KLq.257c9\/w:600\/h:400\/q:mauto\/f:best\/https:\/\/omjuicers.ch\/wp-content\/uploads\/2023\/03\/sana-steel-filtration-bottle-filter.webp 600w\" \/><noscript><img decoding=\"async\" class=\"alignnone wp-image-32758 size-medium\" src=\"https:\/\/mlsfuhg7sobs.i.optimole.com\/cb:0KLq.257c9\/w:auto\/h:auto\/q:mauto\/f:best\/https:\/\/omjuicers.ch\/wp-content\/uploads\/2023\/03\/sana-steel-filtration-bottle-filter.webp\" alt=\"\" width=\"300\" height=\"200\" srcset=\"https:\/\/mlsfuhg7sobs.i.optimole.com\/cb:0KLq.257c9\/w:auto\/h:auto\/q:mauto\/f:best\/https:\/\/omjuicers.ch\/wp-content\/uploads\/2023\/03\/sana-steel-filtration-bottle-filter.webp 1000w, https:\/\/mlsfuhg7sobs.i.optimole.com\/cb:0KLq.257c9\/w:300\/h:200\/q:mauto\/f:best\/https:\/\/omjuicers.ch\/wp-content\/uploads\/2023\/03\/sana-steel-filtration-bottle-filter.webp 300w, https:\/\/mlsfuhg7sobs.i.optimole.com\/cb:0KLq.257c9\/w:768\/h:512\/q:mauto\/f:best\/https:\/\/omjuicers.ch\/wp-content\/uploads\/2023\/03\/sana-steel-filtration-bottle-filter.webp 768w, https:\/\/mlsfuhg7sobs.i.optimole.com\/cb:0KLq.257c9\/w:672\/h:448\/q:mauto\/f:best\/https:\/\/omjuicers.ch\/wp-content\/uploads\/2023\/03\/sana-steel-filtration-bottle-filter.webp 672w, https:\/\/mlsfuhg7sobs.i.optimole.com\/cb:0KLq.257c9\/w:480\/h:320\/q:mauto\/f:best\/https:\/\/omjuicers.ch\/wp-content\/uploads\/2023\/03\/sana-steel-filtration-bottle-filter.webp 480w, https:\/\/mlsfuhg7sobs.i.optimole.com\/cb:0KLq.257c9\/w:600\/h:400\/q:mauto\/f:best\/https:\/\/omjuicers.ch\/wp-content\/uploads\/2023\/03\/sana-steel-filtration-bottle-filter.webp 600w\" sizes=\"(max-width: 300px) 100vw, 300px\" \/></noscript><\/td>\n<td>Der optionale antibakterielle Filter bietet robuste Filtration f\u00fcr Outdoor-Wasserquellen. Perfekt f\u00fcr Rucksacktouristen, Wanderer und Radfahrer, gew\u00e4hrleistet der antibakterielle Filter die Sauberkeit von Trinkwasser aus B\u00e4chen, Seen und Quellen. Dieser Filter verwendet eine positiv geladene Membran und einen 0,8-Mikron-Mikrofilter, um nicht nur Sedimente, sondern auch Bakterien und die meisten Chemikalien zu entfernen. Jede Patrone kann bis zu 200 Liter Wasser filtern.<\/td>\n<\/tr>\n<\/tbody>\n<\/table>\n<h3>Eigenschaften<\/h3>\n<table class=\"responsive-727\" style=\"height: 169px;\" width=\"576\">\n<tbody>\n<tr class=\"reverse\">\n<td>\n<ul>\n<li>Abmessungen: 8 x 8 x 28 cm<\/li>\n<li>Gewicht: 0,25 kg<\/li>\n<li>Volumen: 600 ml<\/li>\n<li>Kapazit\u00e4t des gefilterten Wassers: 300 l<\/li>\n<li>Material: Edelstahl<\/li>\n<\/ul>\n<\/td>\n<\/tr>\n<\/tbody>\n<\/table>\n<h3>Pr\u00e4sentationsvideo<\/h3>\n<p><iframe title=\"YouTube video player\" src=\"https:\/\/www.youtube.com\/embed\/Kvgl4n6UbYs\" width=\"560\" height=\"315\" frameborder=\"0\" allowfullscreen=\"allowfullscreen\"><\/iframe><\/p>\n","protected":false},"excerpt":{"rendered":"<p>Die Sana Wasserfilterflasche wird aus lebensmittelechtem 18-8 Edelstahl hergestellt und verf\u00fcgt \u00fcber einen Aktivkohlefilter auf Kokosnussbasis, damit Sie \u00fcberall qualitativ hochwertiges Wasser mit dem besten Geschmack erhalten.<\/p>\n","protected":false},"featured_media":32810,"comment_status":"open","ping_status":"closed","template":"","meta":{"_acf_changed":false},"product_cat":[90,314],"product_tag":[297],"class_list":{"0":"post-32741","1":"product","2":"type-product","3":"status-publish","4":"has-post-thumbnail","6":"product_cat-zubehoere","7":"product_cat-behaelter-flaschen","8":"product_tag-sana-de","9":"product_shipping_class-parts-de","11":"first","12":"instock","13":"taxable","14":"shipping-taxable","15":"purchasable","16":"product-type-variable","17":"has-default-attributes"},"supplier_id":null,"supplier_sku":"","barcode":null,"atum_controlled":true,"out_stock_date":null,"out_stock_threshold":null,"inheritable":true,"inbound_stock":0,"stock_on_hold":0,"sold_today":0,"sales_last_days":0,"reserved_stock":0,"customer_returns":0,"warehouse_damage":null,"lost_in_post":null,"other_logs":null,"out_stock_days":0,"lost_sales":0,"has_location":false,"update_date":"2026-05-11T14:36:13","atum_locations":[],"atum_stock_status":"instock","restock_status":false,"low_stock_amount":"","sales_update_date":"2026-05-11T14:36:13","calc_backorders":null,"acf":{"hide_in_france":false},"_links":{"self":[{"href":"https:\/\/omjuicers.ch\/de\/wp-json\/wp\/v2\/product\/32741"}],"collection":[{"href":"https:\/\/omjuicers.ch\/de\/wp-json\/wp\/v2\/product"}],"about":[{"href":"https:\/\/omjuicers.ch\/de\/wp-json\/wp\/v2\/types\/product"}],"replies":[{"embeddable":true,"href":"https:\/\/omjuicers.ch\/de\/wp-json\/wp\/v2\/comments?post=32741"}],"wp:featuredmedia":[{"embeddable":true,"href":"https:\/\/omjuicers.ch\/de\/wp-json\/wp\/v2\/media\/32810"}],"wp:attachment":[{"href":"https:\/\/omjuicers.ch\/de\/wp-json\/wp\/v2\/media?parent=32741"}],"wp:term":[{"taxonomy":"product_cat","embeddable":true,"href":"https:\/\/omjuicers.ch\/de\/wp-json\/wp\/v2\/product_cat?post=32741"},{"taxonomy":"product_tag","embeddable":true,"href":"https:\/\/omjuicers.ch\/de\/wp-json\/wp\/v2\/product_tag?post=32741"}],"curies":[{"name":"wp","href":"https:\/\/api.w.org\/{rel}","templated":true}]}}