{"id":32771,"date":"2023-03-19T10:31:37","date_gmt":"2023-03-19T09:31:37","guid":{"rendered":"https:\/\/omjuicers.ch\/?post_type=product&#038;p=32771"},"modified":"2026-05-15T16:41:50","modified_gmt":"2026-05-15T14:41:50","slug":"antibakterieller-aktivkohlefilter-fuer-sana-trinkflasche-outdoor-wasserquellen","status":"publish","type":"product","link":"https:\/\/omjuicers.ch\/de\/product\/antibakterieller-aktivkohlefilter-fuer-sana-trinkflasche-outdoor-wasserquellen\/","title":{"rendered":"Antibakterieller Aktivkohlefilter f\u00fcr Sana Trinkflasche (Outdoor-Wasserquellen)"},"content":{"rendered":"<p>Der aktivierte Kokosnusskohle- und antibakterielle Filter bietet eine robuste Filtration f\u00fcr Outdoor-Wasserquellen. Perfekt f\u00fcr Rucksacktouristen, Wanderer und Radfahrer, garantiert der antibakterielle Filter die Sauberkeit von Trinkwasser aus B\u00e4chen, Seen und Quellen. Die Kokosnuss-Aktivkohle-Filtration ist NSF42-zertifiziert. Dieser antibakterielle Filter verwendet eine positiv geladene Membran und einen 0,8 Mikron Mikrofilter, um nicht nur Sedimente, sondern auch Bakterien und die meisten Chemikalien zu entfernen. Jede Patrone kann bis zu 200 Liter Wasser filtern und somit 400 wegwerfbare Plastikflaschen ersetzen.<\/p>\n","protected":false},"excerpt":{"rendered":"<p>Aktivkohle- und antibakterieller Filter zur Entfernung von Bakterien, sch\u00e4dlichen Chemikalien und Mikroorganismen aus Outdoor-Wasserquellen. f\u00fcr die Sana Trinkflasche aus Edelstahl.<\/p>\n","protected":false},"featured_media":32816,"comment_status":"closed","ping_status":"closed","template":"","meta":{"_acf_changed":false},"product_cat":[282],"product_tag":[297,316],"class_list":{"0":"post-32771","1":"product","2":"type-product","3":"status-publish","4":"has-post-thumbnail","6":"product_cat-ersatzteile","7":"product_tag-sana-de","8":"product_tag-sana-bottle-de","9":"product_shipping_class-parts-de","11":"first","12":"instock","13":"taxable","14":"shipping-taxable","15":"purchasable","16":"product-type-simple"},"supplier_id":31709,"supplier_sku":"SWFB6FV","barcode":null,"atum_controlled":true,"out_stock_date":null,"out_stock_threshold":0,"inheritable":false,"inbound_stock":0,"stock_on_hold":0,"sold_today":0,"sales_last_days":0,"reserved_stock":0,"customer_returns":0,"warehouse_damage":null,"lost_in_post":null,"other_logs":null,"out_stock_days":0,"lost_sales":0,"has_location":false,"update_date":"2026-05-15T14:41:50","atum_locations":[],"atum_stock_status":"instock","restock_status":false,"low_stock_amount":"","sales_update_date":"2026-05-15T14:41:50","calc_backorders":0,"acf":{"hide_in_france":false},"_links":{"self":[{"href":"https:\/\/omjuicers.ch\/de\/wp-json\/wp\/v2\/product\/32771"}],"collection":[{"href":"https:\/\/omjuicers.ch\/de\/wp-json\/wp\/v2\/product"}],"about":[{"href":"https:\/\/omjuicers.ch\/de\/wp-json\/wp\/v2\/types\/product"}],"replies":[{"embeddable":true,"href":"https:\/\/omjuicers.ch\/de\/wp-json\/wp\/v2\/comments?post=32771"}],"wp:featuredmedia":[{"embeddable":true,"href":"https:\/\/omjuicers.ch\/de\/wp-json\/wp\/v2\/media\/32816"}],"wp:attachment":[{"href":"https:\/\/omjuicers.ch\/de\/wp-json\/wp\/v2\/media?parent=32771"}],"wp:term":[{"taxonomy":"product_cat","embeddable":true,"href":"https:\/\/omjuicers.ch\/de\/wp-json\/wp\/v2\/product_cat?post=32771"},{"taxonomy":"product_tag","embeddable":true,"href":"https:\/\/omjuicers.ch\/de\/wp-json\/wp\/v2\/product_tag?post=32771"}],"curies":[{"name":"wp","href":"https:\/\/api.w.org\/{rel}","templated":true}]}}