{"id":32778,"date":"2023-03-21T15:00:05","date_gmt":"2023-03-21T14:00:05","guid":{"rendered":"https:\/\/omjuicers.ch\/?post_type=product&#038;p=32778"},"modified":"2026-04-15T16:00:13","modified_gmt":"2026-04-15T14:00:13","slug":"entsafter-sana-868","status":"publish","type":"product","link":"https:\/\/omjuicers.ch\/de\/product\/entsafter-sana-868\/","title":{"rendered":"Entsafter Sana 868"},"content":{"rendered":"<h3>Das breiteste Einf\u00fcllrohr aller Zeiten<\/h3>\n<table class=\"responsive-727\">\n<tbody>\n<tr>\n<td>Die Leute fragen uns oft: &#8222;Warum sind die Einf\u00fcll\u00f6ffnungen von Entsaftern nicht breiter?&#8220; Die Antwort liegt in den Sicherheitsvorschriften. Nach dem Gesetz d\u00fcrfen Entsafter nur schmale Einf\u00fcll\u00f6ffnungen haben, um zu verhindern, dass Kinder ihre H\u00e4nde hineinstecken. Eine der Herausforderungen beim Entsaften besteht daher darin, das Obst und Gem\u00fcse in ausreichend kleine St\u00fccke zu schneiden, damit es in die Einf\u00fcll\u00f6ffnung passt. Der Sana 868 l\u00f6st dieses Problem mit einem patentierten Klappsystem, das neugierige H\u00e4nde vom Entsafter fernh\u00e4lt, aber gross genug ist, um ganze St\u00fccke von Obst und Gem\u00fcse einzuf\u00fchren. Jetzt k\u00f6nnen Sie grosse St\u00fccke Karotten, gr\u00fcne Bl\u00e4tter oder sogar ganze \u00c4pfel einf\u00fcllen. Im Klappsystem befindet sich ein kreisf\u00f6rmiger Einf\u00fcllstutzen f\u00fcr die direkte Einf\u00fchrung von schmalerem Gem\u00fcse wie Sellerie oder Karotten.<\/td>\n<td style=\"padding-left: 20px;\" align=\"center\" width=\"300px !important\"><img fetchpriority=\"high\" decoding=\"async\" class=\"alignnone wp-image-32793 size-medium\" src=\"https:\/\/mlsfuhg7sobs.i.optimole.com\/cb:0KLq.257c9\/w:300\/h:300\/q:mauto\/rt:fill\/g:ce\/f:best\/https:\/\/omjuicers.ch\/wp-content\/uploads\/2023\/03\/sana-868-black-feeding.webp\" alt=\"\" width=\"300\" height=\"300\" srcset=\"https:\/\/mlsfuhg7sobs.i.optimole.com\/cb:0KLq.257c9\/w:300\/h:300\/q:mauto\/rt:fill\/g:ce\/f:best\/https:\/\/omjuicers.ch\/wp-content\/uploads\/2023\/03\/sana-868-black-feeding.webp 300w, https:\/\/mlsfuhg7sobs.i.optimole.com\/cb:0KLq.257c9\/w:1024\/h:1024\/q:mauto\/f:best\/https:\/\/omjuicers.ch\/wp-content\/uploads\/2023\/03\/sana-868-black-feeding.webp 1024w, https:\/\/mlsfuhg7sobs.i.optimole.com\/cb:0KLq.257c9\/w:150\/h:150\/q:mauto\/rt:fill\/g:ce\/f:best\/https:\/\/omjuicers.ch\/wp-content\/uploads\/2023\/03\/sana-868-black-feeding.webp 150w, https:\/\/mlsfuhg7sobs.i.optimole.com\/cb:0KLq.257c9\/w:768\/h:768\/q:mauto\/f:best\/https:\/\/omjuicers.ch\/wp-content\/uploads\/2023\/03\/sana-868-black-feeding.webp 768w, https:\/\/mlsfuhg7sobs.i.optimole.com\/cb:0KLq.257c9\/w:672\/h:672\/q:mauto\/f:best\/https:\/\/omjuicers.ch\/wp-content\/uploads\/2023\/03\/sana-868-black-feeding.webp 672w, https:\/\/mlsfuhg7sobs.i.optimole.com\/cb:0KLq.257c9\/w:1038\/h:1038\/q:mauto\/f:best\/https:\/\/omjuicers.ch\/wp-content\/uploads\/2023\/03\/sana-868-black-feeding.webp 1038w, https:\/\/mlsfuhg7sobs.i.optimole.com\/cb:0KLq.257c9\/w:480\/h:480\/q:mauto\/f:best\/https:\/\/omjuicers.ch\/wp-content\/uploads\/2023\/03\/sana-868-black-feeding.webp 480w, https:\/\/mlsfuhg7sobs.i.optimole.com\/cb:0KLq.257c9\/w:600\/h:600\/q:mauto\/f:best\/https:\/\/omjuicers.ch\/wp-content\/uploads\/2023\/03\/sana-868-black-feeding.webp 600w, https:\/\/mlsfuhg7sobs.i.optimole.com\/cb:0KLq.257c9\/w:100\/h:100\/q:mauto\/rt:fill\/g:ce\/f:best\/https:\/\/omjuicers.ch\/wp-content\/uploads\/2023\/03\/sana-868-black-feeding.webp 100w, https:\/\/mlsfuhg7sobs.i.optimole.com\/cb:0KLq.257c9\/w:auto\/h:auto\/q:mauto\/f:best\/https:\/\/omjuicers.ch\/wp-content\/uploads\/2023\/03\/sana-868-black-feeding.webp 1200w\" sizes=\"(max-width: 300px) 100vw, 300px\" \/><\/td>\n<\/tr>\n<\/tbody>\n<\/table>\n<h3>Leistungsstarker Motor<\/h3>\n<table class=\"responsive-727\">\n<tbody>\n<tr class=\"reverse\">\n<td style=\"padding-right: 20px;\" align=\"center\" width=\"300px !important\"><img fetchpriority=\"high\" decoding=\"async\" class=\"alignnone wp-image-32789 size-medium\" src=\"https:\/\/mlsfuhg7sobs.i.optimole.com\/cb:0KLq.257c9\/w:auto\/h:auto\/q:mauto\/f:best\/https:\/\/omjuicers.ch\/wp-content\/uploads\/2023\/03\/sana-868-black-back.webp\" alt=\"\" width=\"300\" height=\"165\" srcset=\"https:\/\/mlsfuhg7sobs.i.optimole.com\/cb:0KLq.257c9\/w:auto\/h:auto\/q:mauto\/f:best\/https:\/\/omjuicers.ch\/wp-content\/uploads\/2023\/03\/sana-868-black-back.webp 1200w, https:\/\/mlsfuhg7sobs.i.optimole.com\/cb:0KLq.257c9\/w:300\/h:165\/q:mauto\/f:best\/https:\/\/omjuicers.ch\/wp-content\/uploads\/2023\/03\/sana-868-black-back.webp 300w, https:\/\/mlsfuhg7sobs.i.optimole.com\/cb:0KLq.257c9\/w:1024\/h:564\/q:mauto\/f:best\/https:\/\/omjuicers.ch\/wp-content\/uploads\/2023\/03\/sana-868-black-back.webp 1024w, https:\/\/mlsfuhg7sobs.i.optimole.com\/cb:0KLq.257c9\/w:768\/h:423\/q:mauto\/f:best\/https:\/\/omjuicers.ch\/wp-content\/uploads\/2023\/03\/sana-868-black-back.webp 768w, https:\/\/mlsfuhg7sobs.i.optimole.com\/cb:0KLq.257c9\/w:672\/h:370\/q:mauto\/f:best\/https:\/\/omjuicers.ch\/wp-content\/uploads\/2023\/03\/sana-868-black-back.webp 672w, https:\/\/mlsfuhg7sobs.i.optimole.com\/cb:0KLq.257c9\/w:1038\/h:572\/q:mauto\/f:best\/https:\/\/omjuicers.ch\/wp-content\/uploads\/2023\/03\/sana-868-black-back.webp 1038w, https:\/\/mlsfuhg7sobs.i.optimole.com\/cb:0KLq.257c9\/w:480\/h:264\/q:mauto\/f:best\/https:\/\/omjuicers.ch\/wp-content\/uploads\/2023\/03\/sana-868-black-back.webp 480w, https:\/\/mlsfuhg7sobs.i.optimole.com\/cb:0KLq.257c9\/w:600\/h:331\/q:mauto\/f:best\/https:\/\/omjuicers.ch\/wp-content\/uploads\/2023\/03\/sana-868-black-back.webp 600w\" sizes=\"(max-width: 300px) 100vw, 300px\" \/><\/td>\n<td>Nat\u00fcrlich n\u00fctzt eine breite Einf\u00fcll\u00f6ffnung nichts, wenn der Entsafter mit grossen St\u00fccken Obst oder Gem\u00fcse blockiert wird. Deshalb haben wir den leistungsst\u00e4rksten Motor im Sana 868 verbaut. Mit seinen 240 Watt hat er die Kraft, grosse St\u00fccke Karotten oder K\u00fcrbisscheiben zu zerkleinern. Das extra-grosse Schnecke und das verst\u00e4rkte Entsaftungsgeh\u00e4use sind in Bezug auf Robustheit und Langlebigkeit auf dem gleichen Niveau wie der Motor und garantieren bei jeder Anwendung eine konstante und reibungslose Entsaftung.<\/td>\n<\/tr>\n<\/tbody>\n<\/table>\n<h3>Neueste Extraktionsmethode<\/h3>\n<table class=\"responsive-727\">\n<tbody>\n<tr>\n<td>Das neue Entsaftungsgeh\u00e4use wurde f\u00fcr maximale Ausbeute und einfache Reinigung entwickelt. Der leistungsstarke Motor arbeitet mit einer sanften Geschwindigkeit von 50 Umdrehungen pro Minute und erm\u00f6glicht so, das Maximum an Saft aus jeder Art von Obst oder Gem\u00fcse zu gewinnen. Der breite Fruchtfleischauslass ist zur einfachen Reinigung oben offen, und eine spezielle Reinigungsb\u00fcrste l\u00e4sst sich auf das Sieb anklipsen, um alle kleinen Fruchtfleischst\u00fccke schnell zu entfernen.<\/td>\n<td style=\"padding-left: 20px;\" align=\"center\" width=\"300px !important\"><img fetchpriority=\"high\" decoding=\"async\" class=\"alignnone wp-image-32787 size-medium\" src=\"https:\/\/mlsfuhg7sobs.i.optimole.com\/cb:0KLq.257c9\/w:auto\/h:auto\/q:mauto\/f:best\/https:\/\/omjuicers.ch\/wp-content\/uploads\/2023\/03\/sana-868-red-chamber.webp\" alt=\"\" width=\"300\" height=\"200\" srcset=\"https:\/\/mlsfuhg7sobs.i.optimole.com\/cb:0KLq.257c9\/w:auto\/h:auto\/q:mauto\/f:best\/https:\/\/omjuicers.ch\/wp-content\/uploads\/2023\/03\/sana-868-red-chamber.webp 1200w, https:\/\/mlsfuhg7sobs.i.optimole.com\/cb:0KLq.257c9\/w:300\/h:200\/q:mauto\/f:best\/https:\/\/omjuicers.ch\/wp-content\/uploads\/2023\/03\/sana-868-red-chamber.webp 300w, https:\/\/mlsfuhg7sobs.i.optimole.com\/cb:0KLq.257c9\/w:1024\/h:683\/q:mauto\/f:best\/https:\/\/omjuicers.ch\/wp-content\/uploads\/2023\/03\/sana-868-red-chamber.webp 1024w, https:\/\/mlsfuhg7sobs.i.optimole.com\/cb:0KLq.257c9\/w:768\/h:512\/q:mauto\/f:best\/https:\/\/omjuicers.ch\/wp-content\/uploads\/2023\/03\/sana-868-red-chamber.webp 768w, https:\/\/mlsfuhg7sobs.i.optimole.com\/cb:0KLq.257c9\/w:672\/h:448\/q:mauto\/f:best\/https:\/\/omjuicers.ch\/wp-content\/uploads\/2023\/03\/sana-868-red-chamber.webp 672w, https:\/\/mlsfuhg7sobs.i.optimole.com\/cb:0KLq.257c9\/w:1038\/h:692\/q:mauto\/f:best\/https:\/\/omjuicers.ch\/wp-content\/uploads\/2023\/03\/sana-868-red-chamber.webp 1038w, https:\/\/mlsfuhg7sobs.i.optimole.com\/cb:0KLq.257c9\/w:480\/h:320\/q:mauto\/f:best\/https:\/\/omjuicers.ch\/wp-content\/uploads\/2023\/03\/sana-868-red-chamber.webp 480w, https:\/\/mlsfuhg7sobs.i.optimole.com\/cb:0KLq.257c9\/w:600\/h:400\/q:mauto\/f:best\/https:\/\/omjuicers.ch\/wp-content\/uploads\/2023\/03\/sana-868-red-chamber.webp 600w\" sizes=\"(max-width: 300px) 100vw, 300px\" \/><\/td>\n<\/tr>\n<\/tbody>\n<\/table>\n<h3>Vier Siebe f\u00fcr maximale Vielseitigkeit<\/h3>\n<table class=\"responsive-727\">\n<tbody>\n<tr class=\"reverse\">\n<td style=\"padding-right: 20px;\" align=\"center\" width=\"300px !important\"><img data-opt-src=\"https:\/\/mlsfuhg7sobs.i.optimole.com\/cb:0KLq.257c9\/w:auto\/h:auto\/q:mauto\/f:best\/https:\/\/omjuicers.ch\/wp-content\/uploads\/2023\/03\/sana-868-filters.webp\"  decoding=\"async\" class=\"alignnone wp-image-32795 size-medium\" src=\"https:\/\/mlsfuhg7sobs.i.optimole.com\/cb:0KLq.257c9\/w:auto\/h:auto\/q:eco\/f:best\/https:\/\/omjuicers.ch\/wp-content\/uploads\/2023\/03\/sana-868-filters.webp\" alt=\"\" width=\"300\" height=\"155\" old-srcset=\"https:\/\/mlsfuhg7sobs.i.optimole.com\/cb:0KLq.257c9\/w:auto\/h:auto\/q:mauto\/f:best\/https:\/\/omjuicers.ch\/wp-content\/uploads\/2023\/03\/sana-868-filters.webp 1200w, https:\/\/mlsfuhg7sobs.i.optimole.com\/cb:0KLq.257c9\/w:300\/h:155\/q:mauto\/f:best\/https:\/\/omjuicers.ch\/wp-content\/uploads\/2023\/03\/sana-868-filters.webp 300w, https:\/\/mlsfuhg7sobs.i.optimole.com\/cb:0KLq.257c9\/w:1024\/h:528\/q:mauto\/f:best\/https:\/\/omjuicers.ch\/wp-content\/uploads\/2023\/03\/sana-868-filters.webp 1024w, https:\/\/mlsfuhg7sobs.i.optimole.com\/cb:0KLq.257c9\/w:768\/h:396\/q:mauto\/f:best\/https:\/\/omjuicers.ch\/wp-content\/uploads\/2023\/03\/sana-868-filters.webp 768w, https:\/\/mlsfuhg7sobs.i.optimole.com\/cb:0KLq.257c9\/w:672\/h:347\/q:mauto\/f:best\/https:\/\/omjuicers.ch\/wp-content\/uploads\/2023\/03\/sana-868-filters.webp 672w, https:\/\/mlsfuhg7sobs.i.optimole.com\/cb:0KLq.257c9\/w:1038\/h:535\/q:mauto\/f:best\/https:\/\/omjuicers.ch\/wp-content\/uploads\/2023\/03\/sana-868-filters.webp 1038w, https:\/\/mlsfuhg7sobs.i.optimole.com\/cb:0KLq.257c9\/w:480\/h:248\/q:mauto\/f:best\/https:\/\/omjuicers.ch\/wp-content\/uploads\/2023\/03\/sana-868-filters.webp 480w, https:\/\/mlsfuhg7sobs.i.optimole.com\/cb:0KLq.257c9\/w:600\/h:310\/q:mauto\/f:best\/https:\/\/omjuicers.ch\/wp-content\/uploads\/2023\/03\/sana-868-filters.webp 600w\" \/><noscript><img decoding=\"async\" class=\"alignnone wp-image-32795 size-medium\" src=\"https:\/\/mlsfuhg7sobs.i.optimole.com\/cb:0KLq.257c9\/w:auto\/h:auto\/q:mauto\/f:best\/https:\/\/omjuicers.ch\/wp-content\/uploads\/2023\/03\/sana-868-filters.webp\" alt=\"\" width=\"300\" height=\"155\" srcset=\"https:\/\/mlsfuhg7sobs.i.optimole.com\/cb:0KLq.257c9\/w:auto\/h:auto\/q:mauto\/f:best\/https:\/\/omjuicers.ch\/wp-content\/uploads\/2023\/03\/sana-868-filters.webp 1200w, https:\/\/mlsfuhg7sobs.i.optimole.com\/cb:0KLq.257c9\/w:300\/h:155\/q:mauto\/f:best\/https:\/\/omjuicers.ch\/wp-content\/uploads\/2023\/03\/sana-868-filters.webp 300w, https:\/\/mlsfuhg7sobs.i.optimole.com\/cb:0KLq.257c9\/w:1024\/h:528\/q:mauto\/f:best\/https:\/\/omjuicers.ch\/wp-content\/uploads\/2023\/03\/sana-868-filters.webp 1024w, https:\/\/mlsfuhg7sobs.i.optimole.com\/cb:0KLq.257c9\/w:768\/h:396\/q:mauto\/f:best\/https:\/\/omjuicers.ch\/wp-content\/uploads\/2023\/03\/sana-868-filters.webp 768w, https:\/\/mlsfuhg7sobs.i.optimole.com\/cb:0KLq.257c9\/w:672\/h:347\/q:mauto\/f:best\/https:\/\/omjuicers.ch\/wp-content\/uploads\/2023\/03\/sana-868-filters.webp 672w, https:\/\/mlsfuhg7sobs.i.optimole.com\/cb:0KLq.257c9\/w:1038\/h:535\/q:mauto\/f:best\/https:\/\/omjuicers.ch\/wp-content\/uploads\/2023\/03\/sana-868-filters.webp 1038w, https:\/\/mlsfuhg7sobs.i.optimole.com\/cb:0KLq.257c9\/w:480\/h:248\/q:mauto\/f:best\/https:\/\/omjuicers.ch\/wp-content\/uploads\/2023\/03\/sana-868-filters.webp 480w, https:\/\/mlsfuhg7sobs.i.optimole.com\/cb:0KLq.257c9\/w:600\/h:310\/q:mauto\/f:best\/https:\/\/omjuicers.ch\/wp-content\/uploads\/2023\/03\/sana-868-filters.webp 600w\" sizes=\"(max-width: 300px) 100vw, 300px\" \/></noscript><\/td>\n<td>Die meisten vertikalen Entsafter haben nur ein oder zwei Siebe. Der Sana 868 hat jedoch vier Siebe, was ihn zu mehr als nur einem Entsafter macht:<\/p>\n<ul>\n<li><strong>Feines Sieb<\/strong>: Dies wird verwendet, um den h\u00f6chsten Saftausbeute auf den meisten Obst und Gem\u00fcse zu erhalten. Hunderte von Mikroperforationen in einem Edelstahlsieb sorgen f\u00fcr den optimalen Druck f\u00fcr eine bessere Saftqualit\u00e4t.<\/li>\n<li><strong>Grobes Sieb<\/strong>: Einige weichere Fr\u00fcchte wie Ananas, Beeren und weiche \u00c4pfel k\u00f6nnen in einem Sieb mit feinen Maschen stecken bleiben. Das grobe Sieb hat gr\u00f6ssere L\u00f6cher f\u00fcr weniger Druck und eine sanftere Extraktion von weicheren Fr\u00fcchten.<\/li>\n<li><strong>Smoothie-Sieb<\/strong>: Dies verwandelt den Entsafter in einen Smoothie-Mixer mit niedriger Geschwindigkeit. Das Sieb presst das Obst und Gem\u00fcse aus und mischt dann das Fruchtfleisch in den Saft. Mixer arbeiten mit bis zu 20&#8217;000 Umdrehungen \/ Minute, wodurch Luft eingeblasen und Schaum, Trennung und N\u00e4hrstoffverlust entstehen. Der 868 arbeitet nur mit 50 Umdrehungen \/ Minute und erzeugt den nahrhaftesten Smoothie, den Sie je probiert haben.<\/li>\n<li> <strong>Sorbet-Filter<\/strong>: Mit leicht aufgetauten gefrorenen Fr\u00fcchten kann eine Vielzahl von Eis-Desserts zubereitet werden. Machen Sie ein glattes Pfirsichsorbet mit gefrorenen Pfirsichen. Verarbeiten Sie Beeren zu k\u00f6stlichem Eis. Oder bereiten Sie ein eisartiges Dessert zu, indem Sie gefrorene Bananen mit Beeren, Mangos, tropischen Fr\u00fcchten und mehr mischen.<\/li>\n<\/ul>\n<\/td>\n<\/tr>\n<\/tbody>\n<\/table>\n<h3>Hochwertige Beh\u00e4lter<\/h3>\n<table class=\"responsive-727\">\n<tbody>\n<tr>\n<td>Der Hersteller Sana ist bekannt daf\u00fcr, seine Entsafter mit hochwertigen Beh\u00e4ltern f\u00fcr Saft und Fruchtfleisch auszustatten. Und der Sana 868 setzt diese Tradition fort:<\/p>\n<ul>\n<li><strong>Saftbeh\u00e4lter<\/strong>: Der Sana 868 Saftbeh\u00e4lter ist aus hochwertigem geh\u00e4rtetem Borosilikatglas gefertigt und hat eine extra grosse Kapazit\u00e4t von 1500 ml. Er eignet sich perfekt zum Herstellen grosser Mengen Saft f\u00fcr sp\u00e4teren Verzehr und als ges\u00fcndere Alternative zu typischen Kunststoffbeh\u00e4ltern.<\/li>\n<li><strong>Tresterbeh\u00e4lter<\/strong>: Unser grosser Tresterbeh\u00e4lter besteht zu 100% aus Edelstahl. Im Gegensatz zu Plastikbeh\u00e4ltern, die im Laufe der Zeit verf\u00e4rben und br\u00fcchig werden, sieht unser Edelstahlbeh\u00e4lter f\u00fcr Fruchtfleisch immer wie neu aus. Und da es aus lebensmittelechtem Edelstahl besteht, ist es ideal f\u00fcr diejenigen, die das Fruchtfleisch f\u00fcr Rezepte wie Muffins, Brot und Crackers verwenden m\u00f6chten.<\/li>\n<\/ul>\n<\/td>\n<td style=\"padding-left: 20px;\" align=\"center\" width=\"300px !important\"><img data-opt-src=\"https:\/\/mlsfuhg7sobs.i.optimole.com\/cb:0KLq.257c9\/w:auto\/h:auto\/q:mauto\/f:best\/https:\/\/omjuicers.ch\/wp-content\/uploads\/2023\/03\/sana-868-juice.webp\"  decoding=\"async\" class=\"alignnone wp-image-32797 size-medium\" src=\"https:\/\/mlsfuhg7sobs.i.optimole.com\/cb:0KLq.257c9\/w:auto\/h:auto\/q:eco\/f:best\/https:\/\/omjuicers.ch\/wp-content\/uploads\/2023\/03\/sana-868-juice.webp\" alt=\"\" width=\"300\" height=\"188\" old-srcset=\"https:\/\/mlsfuhg7sobs.i.optimole.com\/cb:0KLq.257c9\/w:auto\/h:auto\/q:mauto\/f:best\/https:\/\/omjuicers.ch\/wp-content\/uploads\/2023\/03\/sana-868-juice.webp 1200w, https:\/\/mlsfuhg7sobs.i.optimole.com\/cb:0KLq.257c9\/w:300\/h:188\/q:mauto\/f:best\/https:\/\/omjuicers.ch\/wp-content\/uploads\/2023\/03\/sana-868-juice.webp 300w, https:\/\/mlsfuhg7sobs.i.optimole.com\/cb:0KLq.257c9\/w:1024\/h:643\/q:mauto\/f:best\/https:\/\/omjuicers.ch\/wp-content\/uploads\/2023\/03\/sana-868-juice.webp 1024w, https:\/\/mlsfuhg7sobs.i.optimole.com\/cb:0KLq.257c9\/w:768\/h:482\/q:mauto\/f:best\/https:\/\/omjuicers.ch\/wp-content\/uploads\/2023\/03\/sana-868-juice.webp 768w, https:\/\/mlsfuhg7sobs.i.optimole.com\/cb:0KLq.257c9\/w:672\/h:422\/q:mauto\/f:best\/https:\/\/omjuicers.ch\/wp-content\/uploads\/2023\/03\/sana-868-juice.webp 672w, https:\/\/mlsfuhg7sobs.i.optimole.com\/cb:0KLq.257c9\/w:1038\/h:651\/q:mauto\/f:best\/https:\/\/omjuicers.ch\/wp-content\/uploads\/2023\/03\/sana-868-juice.webp 1038w, https:\/\/mlsfuhg7sobs.i.optimole.com\/cb:0KLq.257c9\/w:480\/h:301\/q:mauto\/f:best\/https:\/\/omjuicers.ch\/wp-content\/uploads\/2023\/03\/sana-868-juice.webp 480w, https:\/\/mlsfuhg7sobs.i.optimole.com\/cb:0KLq.257c9\/w:600\/h:377\/q:mauto\/f:best\/https:\/\/omjuicers.ch\/wp-content\/uploads\/2023\/03\/sana-868-juice.webp 600w\" \/><noscript><img decoding=\"async\" class=\"alignnone wp-image-32797 size-medium\" src=\"https:\/\/mlsfuhg7sobs.i.optimole.com\/cb:0KLq.257c9\/w:auto\/h:auto\/q:mauto\/f:best\/https:\/\/omjuicers.ch\/wp-content\/uploads\/2023\/03\/sana-868-juice.webp\" alt=\"\" width=\"300\" height=\"188\" srcset=\"https:\/\/mlsfuhg7sobs.i.optimole.com\/cb:0KLq.257c9\/w:auto\/h:auto\/q:mauto\/f:best\/https:\/\/omjuicers.ch\/wp-content\/uploads\/2023\/03\/sana-868-juice.webp 1200w, https:\/\/mlsfuhg7sobs.i.optimole.com\/cb:0KLq.257c9\/w:300\/h:188\/q:mauto\/f:best\/https:\/\/omjuicers.ch\/wp-content\/uploads\/2023\/03\/sana-868-juice.webp 300w, https:\/\/mlsfuhg7sobs.i.optimole.com\/cb:0KLq.257c9\/w:1024\/h:643\/q:mauto\/f:best\/https:\/\/omjuicers.ch\/wp-content\/uploads\/2023\/03\/sana-868-juice.webp 1024w, https:\/\/mlsfuhg7sobs.i.optimole.com\/cb:0KLq.257c9\/w:768\/h:482\/q:mauto\/f:best\/https:\/\/omjuicers.ch\/wp-content\/uploads\/2023\/03\/sana-868-juice.webp 768w, https:\/\/mlsfuhg7sobs.i.optimole.com\/cb:0KLq.257c9\/w:672\/h:422\/q:mauto\/f:best\/https:\/\/omjuicers.ch\/wp-content\/uploads\/2023\/03\/sana-868-juice.webp 672w, https:\/\/mlsfuhg7sobs.i.optimole.com\/cb:0KLq.257c9\/w:1038\/h:651\/q:mauto\/f:best\/https:\/\/omjuicers.ch\/wp-content\/uploads\/2023\/03\/sana-868-juice.webp 1038w, https:\/\/mlsfuhg7sobs.i.optimole.com\/cb:0KLq.257c9\/w:480\/h:301\/q:mauto\/f:best\/https:\/\/omjuicers.ch\/wp-content\/uploads\/2023\/03\/sana-868-juice.webp 480w, https:\/\/mlsfuhg7sobs.i.optimole.com\/cb:0KLq.257c9\/w:600\/h:377\/q:mauto\/f:best\/https:\/\/omjuicers.ch\/wp-content\/uploads\/2023\/03\/sana-868-juice.webp 600w\" sizes=\"(max-width: 300px) 100vw, 300px\" \/></noscript><\/td>\n<\/tr>\n<\/tbody>\n<\/table>\n<h3>Hauptmerkmale<\/h3>\n<ul>\n<li><strong>Gebrauchsanweisung derzeit nur auf Englisch verf\u00fcgbar!<\/strong><\/li>\n<li>Extra grosse \u00d6ffnung von 82mm &#8211; minimale Produktvorbereitung erforderlich<\/li>\n<li>Einf\u00fcllrohr mit Klappe &#8211; nur die Produkte gelangen in den Entsafter<\/li>\n<li>Leistungsstarker 240-Watt-Motor zum Extrahieren von Saft aus den h\u00e4rtesten Lebensmitteln<\/li>\n<li>Verst\u00e4rkter Entsaftungsgeh\u00e4use f\u00fcr die Verarbeitung aller Lebensmittel<\/li>\n<li>Integrierte Silikonabstreifer, um die Siebe sauber zu halten<\/li>\n<li>Beinhaltet 3 Reinigungsb\u00fcrsten und einen Entsaftertrommelschl\u00fcssel<\/li>\n<li>Die feinen und groben Siebe erm\u00f6glichen eine optimale Saftausbeute bei harten und weichen Lebensmitteln<\/li>\n<li>Das Smoothie-Sieb verwandelt den Entsafter in einen langsam drehenden Mixer f\u00fcr ges\u00fcndere Smoothies<\/li>\n<li>Der Sorbet-Filter erm\u00f6glicht eine Vielzahl von gefrorenen Desserts<\/li>\n<li>Der Saftbeh\u00e4lter aus geh\u00e4rtetem Glas fasst 1500 ml kalt gepressten Saft<\/li>\n<li>Der grosse Edelstahl-Tresterbeh\u00e4lter ist lebensmittelecht<\/li>\n<li>In S\u00fcdkorea aus hochwertigen Materialien gefertigt<\/li>\n<\/ul>\n<h3><\/h3>\n<h3>Video<\/h3>\n<p>In diesem Video stellt uns der Hersteller den Sana 868 vor.<br \/>\n<iframe title=\"YouTube video player\" src=\"https:\/\/www.youtube.com\/embed\/atTGPXUTkHI\" width=\"560\" height=\"315\" frameborder=\"0\" allowfullscreen=\"allowfullscreen\"><\/iframe><\/p>\n","protected":false},"excerpt":{"rendered":"<p>Entwickelt f\u00fcr schnelle und einfache Saftextraktion, verf\u00fcgt der Sana 868 \u00fcber den breitesten Einf\u00fcllrohr, der auf einem Slow Juicer erh\u00e4ltlich ist. Mit einem leistungsstarken Motor und einer verst\u00e4rkten Siebe erm\u00f6glicht Ihnen der Sana 868, weniger Zeit mit dem Schneiden von Obst und Gem\u00fcse zu verbringen. Vier verschiedene Siebe machen ihn zum vielseitigsten Vertikal-Entsafter der Sana-Marke.<\/p>\n","protected":false},"featured_media":32844,"comment_status":"open","ping_status":"closed","template":"","meta":{"_acf_changed":false},"product_cat":[89,320,93],"product_tag":[297],"class_list":{"0":"post-32778","1":"product","2":"type-product","3":"status-publish","4":"has-post-thumbnail","6":"product_cat-entsafter","7":"product_cat-vertikal","8":"product_cat-oberklasse","9":"product_tag-sana-de","10":"product_shipping_class-juicer-de-2","12":"first","13":"instock","14":"sale","15":"taxable","16":"shipping-taxable","17":"purchasable","18":"product-type-variable","19":"has-default-attributes"},"supplier_id":null,"supplier_sku":"","barcode":null,"atum_controlled":true,"out_stock_date":null,"out_stock_threshold":null,"inheritable":true,"inbound_stock":0,"stock_on_hold":0,"sold_today":0,"sales_last_days":1,"reserved_stock":0,"customer_returns":0,"warehouse_damage":null,"lost_in_post":null,"other_logs":null,"out_stock_days":0,"lost_sales":0,"has_location":false,"update_date":"2026-04-15T14:00:12","atum_locations":[],"atum_stock_status":"instock","restock_status":false,"low_stock_amount":"","sales_update_date":"2026-04-15T14:00:12","calc_backorders":null,"acf":{"hide_in_france":false},"_links":{"self":[{"href":"https:\/\/omjuicers.ch\/de\/wp-json\/wp\/v2\/product\/32778"}],"collection":[{"href":"https:\/\/omjuicers.ch\/de\/wp-json\/wp\/v2\/product"}],"about":[{"href":"https:\/\/omjuicers.ch\/de\/wp-json\/wp\/v2\/types\/product"}],"replies":[{"embeddable":true,"href":"https:\/\/omjuicers.ch\/de\/wp-json\/wp\/v2\/comments?post=32778"}],"wp:featuredmedia":[{"embeddable":true,"href":"https:\/\/omjuicers.ch\/de\/wp-json\/wp\/v2\/media\/32844"}],"wp:attachment":[{"href":"https:\/\/omjuicers.ch\/de\/wp-json\/wp\/v2\/media?parent=32778"}],"wp:term":[{"taxonomy":"product_cat","embeddable":true,"href":"https:\/\/omjuicers.ch\/de\/wp-json\/wp\/v2\/product_cat?post=32778"},{"taxonomy":"product_tag","embeddable":true,"href":"https:\/\/omjuicers.ch\/de\/wp-json\/wp\/v2\/product_tag?post=32778"}],"curies":[{"name":"wp","href":"https:\/\/api.w.org\/{rel}","templated":true}]}}