{"id":33517,"date":"2024-03-24T11:24:17","date_gmt":"2024-03-24T10:24:17","guid":{"rendered":"https:\/\/omjuicers.ch\/?post_type=product&#038;p=33517"},"modified":"2026-04-30T16:15:13","modified_gmt":"2026-04-30T14:15:13","slug":"entsafter-sana-878","status":"publish","type":"product","link":"https:\/\/omjuicers.ch\/de\/product\/entsafter-sana-878\/","title":{"rendered":"Sana 878 Entsafter"},"content":{"rendered":"<p>Dieser Entsafter ist wahrhaftig f\u00fcr eine \u201eVorbereiten und Weitermachen\u201c-Operation konzipiert. F\u00fcllen Sie einfach den 2-Liter-Beh\u00e4lter mit Zutaten, starten Sie den Entsafter und widmen Sie sich Ihren anderen Aktivit\u00e4ten. Die Vakuumkonservierung sichert optimale Frische Ihres Saftes und bewahrt seine N\u00e4hrstoffwerte bis zu 3 Tage.<\/p>\n<h3>Selbstf\u00fcllung<\/h3>\n<table class=\"responsive-727\">\n<tbody>\n<tr>\n<td>Warum jedes St\u00fcck Obst oder Gem\u00fcse manuell einf\u00fcgen, wenn der Sana 878 dies automatisch f\u00fcr Sie \u00fcbernehmen kann? F\u00fcllen Sie einfach den grossen automatischen 2-Liter-Beh\u00e4lter mit Ihren bevorzugten Fr\u00fcchten und Gem\u00fcse, aktivieren Sie den Entsafter und lassen Sie ihn arbeiten, w\u00e4hrend Sie sich anderen Aufgaben widmen. Das Doppellamellen-Selbstf\u00fcllsystem sortiert, schneidet und f\u00fcllt die Produkte automatisch in den Entsafter, was Ihnen Zeit f\u00fcr andere Aufgaben freimacht. Eine kreisf\u00f6rmige \u00d6ffnung im Deckel erm\u00f6glicht es Ihnen, einfach weitere Zutaten hinzuzuf\u00fcgen, ohne das Ger\u00e4t \u00f6ffnen zu m\u00fcssen.<\/td>\n<td style=\"padding-left: 20px;\" align=\"center\" width=\"300px !important\"><img fetchpriority=\"high\" decoding=\"async\" class=\"alignnone wp-image-33544 size-medium\" src=\"https:\/\/mlsfuhg7sobs.i.optimole.com\/cb:0KLq.257c9\/w:300\/h:240\/q:mauto\/f:best\/https:\/\/omjuicers.ch\/wp-content\/uploads\/2024\/03\/sana-878-self-feeding-1.jpg\" alt=\"\" width=\"300\" height=\"240\" srcset=\"https:\/\/mlsfuhg7sobs.i.optimole.com\/cb:0KLq.257c9\/w:300\/h:240\/q:mauto\/f:best\/https:\/\/omjuicers.ch\/wp-content\/uploads\/2024\/03\/sana-878-self-feeding-1.jpg 300w, https:\/\/mlsfuhg7sobs.i.optimole.com\/cb:0KLq.257c9\/w:1024\/h:819\/q:mauto\/f:best\/https:\/\/omjuicers.ch\/wp-content\/uploads\/2024\/03\/sana-878-self-feeding-1.jpg 1024w, https:\/\/mlsfuhg7sobs.i.optimole.com\/cb:0KLq.257c9\/w:768\/h:614\/q:mauto\/f:best\/https:\/\/omjuicers.ch\/wp-content\/uploads\/2024\/03\/sana-878-self-feeding-1.jpg 768w, https:\/\/mlsfuhg7sobs.i.optimole.com\/cb:0KLq.257c9\/w:672\/h:538\/q:mauto\/f:best\/https:\/\/omjuicers.ch\/wp-content\/uploads\/2024\/03\/sana-878-self-feeding-1.jpg 672w, https:\/\/mlsfuhg7sobs.i.optimole.com\/cb:0KLq.257c9\/w:1038\/h:830\/q:mauto\/f:best\/https:\/\/omjuicers.ch\/wp-content\/uploads\/2024\/03\/sana-878-self-feeding-1.jpg 1038w, https:\/\/mlsfuhg7sobs.i.optimole.com\/cb:0KLq.257c9\/w:480\/h:384\/q:mauto\/f:best\/https:\/\/omjuicers.ch\/wp-content\/uploads\/2024\/03\/sana-878-self-feeding-1.jpg 480w, https:\/\/mlsfuhg7sobs.i.optimole.com\/cb:0KLq.257c9\/w:600\/h:480\/q:mauto\/f:best\/https:\/\/omjuicers.ch\/wp-content\/uploads\/2024\/03\/sana-878-self-feeding-1.jpg 600w, https:\/\/mlsfuhg7sobs.i.optimole.com\/cb:0KLq.257c9\/w:auto\/h:auto\/q:mauto\/f:best\/https:\/\/omjuicers.ch\/wp-content\/uploads\/2024\/03\/sana-878-self-feeding-1.jpg 1200w\" sizes=\"(max-width: 300px) 100vw, 300px\" \/><\/td>\n<\/tr>\n<\/tbody>\n<\/table>\n<h3>Vakuumkonservierung<\/h3>\n<table class=\"responsive-727\">\n<tbody>\n<tr class=\"reverse\">\n<td style=\"padding-right: 20px;\" align=\"center\" width=\"300px !important\"><img fetchpriority=\"high\" decoding=\"async\" class=\"alignnone wp-image-33552 size-medium\" src=\"https:\/\/mlsfuhg7sobs.i.optimole.com\/cb:0KLq.257c9\/w:300\/h:240\/q:mauto\/f:best\/https:\/\/omjuicers.ch\/wp-content\/uploads\/2024\/03\/sana-878-vacuum-container.jpg\" alt=\"\" width=\"300\" height=\"240\" srcset=\"https:\/\/mlsfuhg7sobs.i.optimole.com\/cb:0KLq.257c9\/w:300\/h:240\/q:mauto\/f:best\/https:\/\/omjuicers.ch\/wp-content\/uploads\/2024\/03\/sana-878-vacuum-container.jpg 300w, https:\/\/mlsfuhg7sobs.i.optimole.com\/cb:0KLq.257c9\/w:768\/h:614\/q:mauto\/f:best\/https:\/\/omjuicers.ch\/wp-content\/uploads\/2024\/03\/sana-878-vacuum-container.jpg 768w, https:\/\/mlsfuhg7sobs.i.optimole.com\/cb:0KLq.257c9\/w:672\/h:538\/q:mauto\/f:best\/https:\/\/omjuicers.ch\/wp-content\/uploads\/2024\/03\/sana-878-vacuum-container.jpg 672w, https:\/\/mlsfuhg7sobs.i.optimole.com\/cb:0KLq.257c9\/w:480\/h:384\/q:mauto\/f:best\/https:\/\/omjuicers.ch\/wp-content\/uploads\/2024\/03\/sana-878-vacuum-container.jpg 480w, https:\/\/mlsfuhg7sobs.i.optimole.com\/cb:0KLq.257c9\/w:600\/h:480\/q:mauto\/f:best\/https:\/\/omjuicers.ch\/wp-content\/uploads\/2024\/03\/sana-878-vacuum-container.jpg 600w, https:\/\/mlsfuhg7sobs.i.optimole.com\/cb:0KLq.257c9\/w:auto\/h:auto\/q:mauto\/f:best\/https:\/\/omjuicers.ch\/wp-content\/uploads\/2024\/03\/sana-878-vacuum-container.jpg 800w\" sizes=\"(max-width: 300px) 100vw, 300px\" \/><\/td>\n<td>Mit dem Sana 878 erhalten Sie unseren 1500 ml Vakuumsaftbeh\u00e4lter. Dieses System erm\u00f6glicht es, Ihren Saft frisch und schmackhaft ohne N\u00e4hrstoffverlust durch Oxidation bis zu 3 Tage zu bewahren. Schliessen Sie einfach den Beh\u00e4lter mit seinem Deckel und verwenden Sie die mitgelieferte Pumpe, um die Luft herauszuziehen. Wenn Ihre Routine beispielsweise den t\u00e4glichen Verzehr von 500 ml Selleriesaft umfasst, haben Sie die M\u00f6glichkeit, Ihren Saft f\u00fcr heute vorzubereiten und gen\u00fcgend Saft f\u00fcr die n\u00e4chsten drei Tage vakuumzuversiegeln. Warum jeden Tag Saft zubereiten, wenn Sie es nur ein paar Mal pro Woche tun k\u00f6nnen? Ein integrierter Kalender im Deckel hilft Ihnen, die Lagerdauer Ihres Saftes zu verfolgen.<\/td>\n<\/tr>\n<\/tbody>\n<\/table>\n<h3>Edelstahl-Tresterbeh\u00e4lter<\/h3>\n<table class=\"responsive-727\">\n<tbody>\n<tr>\n<td>Unser Tresterbeh\u00e4lter aus lebensmittelechtem Edelstahl ist nicht nur optisch ansprechend, sondern auch sehr praktisch. Erstens bietet er eine viel gr\u00f6ssere Kapazit\u00e4t als die kleinen Kunststoff-Tresterbeh\u00e4lter, die mit anderen Entsaftern geliefert werden, was verhindert, dass Sie am Ende des Entsaftens einen \u00fcberlaufenden Tresterbeh\u00e4lter vorfinden. Zweitens, wenn Sie Ihren Trester gerne f\u00fcr die Zubereitung von Muffins, Kuchen oder dehydrierten Crackern aufbewahren m\u00f6chten, ist lebensmittelechter Edelstahl die beste Wahl.<\/td>\n<td style=\"padding-left: 20px;\" align=\"center\" width=\"300px !important\"><img fetchpriority=\"high\" decoding=\"async\" class=\"alignnone wp-image-33528 size-medium\" src=\"https:\/\/mlsfuhg7sobs.i.optimole.com\/cb:0KLq.257c9\/w:300\/h:240\/q:mauto\/f:best\/https:\/\/omjuicers.ch\/wp-content\/uploads\/2024\/03\/sana-878-pulp-container.jpg\" alt=\"\" width=\"300\" height=\"240\" srcset=\"https:\/\/mlsfuhg7sobs.i.optimole.com\/cb:0KLq.257c9\/w:300\/h:240\/q:mauto\/f:best\/https:\/\/omjuicers.ch\/wp-content\/uploads\/2024\/03\/sana-878-pulp-container.jpg 300w, https:\/\/mlsfuhg7sobs.i.optimole.com\/cb:0KLq.257c9\/w:768\/h:614\/q:mauto\/f:best\/https:\/\/omjuicers.ch\/wp-content\/uploads\/2024\/03\/sana-878-pulp-container.jpg 768w, https:\/\/mlsfuhg7sobs.i.optimole.com\/cb:0KLq.257c9\/w:672\/h:538\/q:mauto\/f:best\/https:\/\/omjuicers.ch\/wp-content\/uploads\/2024\/03\/sana-878-pulp-container.jpg 672w, https:\/\/mlsfuhg7sobs.i.optimole.com\/cb:0KLq.257c9\/w:480\/h:384\/q:mauto\/f:best\/https:\/\/omjuicers.ch\/wp-content\/uploads\/2024\/03\/sana-878-pulp-container.jpg 480w, https:\/\/mlsfuhg7sobs.i.optimole.com\/cb:0KLq.257c9\/w:600\/h:480\/q:mauto\/f:best\/https:\/\/omjuicers.ch\/wp-content\/uploads\/2024\/03\/sana-878-pulp-container.jpg 600w, https:\/\/mlsfuhg7sobs.i.optimole.com\/cb:0KLq.257c9\/w:auto\/h:auto\/q:mauto\/f:best\/https:\/\/omjuicers.ch\/wp-content\/uploads\/2024\/03\/sana-878-pulp-container.jpg 800w\" sizes=\"(max-width: 300px) 100vw, 300px\" \/><\/td>\n<\/tr>\n<\/tbody>\n<\/table>\n<h3>Drei Siebe f\u00fcr erh\u00f6hte Vielseitigkeit<\/h3>\n<table class=\"responsive-727\">\n<tbody>\n<tr class=\"reverse\">\n<td style=\"padding-right: 20px;\" align=\"center\" width=\"300px !important\"><img data-opt-src=\"https:\/\/mlsfuhg7sobs.i.optimole.com\/cb:0KLq.257c9\/w:300\/h:240\/q:mauto\/f:best\/https:\/\/omjuicers.ch\/wp-content\/uploads\/2024\/03\/sana-878-screen.jpg\"  decoding=\"async\" class=\"alignnone wp-image-33542 size-medium\" src=\"https:\/\/mlsfuhg7sobs.i.optimole.com\/cb:0KLq.257c9\/w:300\/h:240\/q:eco\/f:best\/https:\/\/omjuicers.ch\/wp-content\/uploads\/2024\/03\/sana-878-screen.jpg\" alt=\"\" width=\"300\" height=\"240\" old-srcset=\"https:\/\/mlsfuhg7sobs.i.optimole.com\/cb:0KLq.257c9\/w:300\/h:240\/q:mauto\/f:best\/https:\/\/omjuicers.ch\/wp-content\/uploads\/2024\/03\/sana-878-screen.jpg 300w, https:\/\/mlsfuhg7sobs.i.optimole.com\/cb:0KLq.257c9\/w:768\/h:614\/q:mauto\/f:best\/https:\/\/omjuicers.ch\/wp-content\/uploads\/2024\/03\/sana-878-screen.jpg 768w, https:\/\/mlsfuhg7sobs.i.optimole.com\/cb:0KLq.257c9\/w:672\/h:538\/q:mauto\/f:best\/https:\/\/omjuicers.ch\/wp-content\/uploads\/2024\/03\/sana-878-screen.jpg 672w, https:\/\/mlsfuhg7sobs.i.optimole.com\/cb:0KLq.257c9\/w:480\/h:384\/q:mauto\/f:best\/https:\/\/omjuicers.ch\/wp-content\/uploads\/2024\/03\/sana-878-screen.jpg 480w, https:\/\/mlsfuhg7sobs.i.optimole.com\/cb:0KLq.257c9\/w:600\/h:480\/q:mauto\/f:best\/https:\/\/omjuicers.ch\/wp-content\/uploads\/2024\/03\/sana-878-screen.jpg 600w, https:\/\/mlsfuhg7sobs.i.optimole.com\/cb:0KLq.257c9\/w:auto\/h:auto\/q:mauto\/f:best\/https:\/\/omjuicers.ch\/wp-content\/uploads\/2024\/03\/sana-878-screen.jpg 800w\" \/><noscript><img decoding=\"async\" class=\"alignnone wp-image-33542 size-medium\" src=\"https:\/\/mlsfuhg7sobs.i.optimole.com\/cb:0KLq.257c9\/w:300\/h:240\/q:mauto\/f:best\/https:\/\/omjuicers.ch\/wp-content\/uploads\/2024\/03\/sana-878-screen.jpg\" alt=\"\" width=\"300\" height=\"240\" srcset=\"https:\/\/mlsfuhg7sobs.i.optimole.com\/cb:0KLq.257c9\/w:300\/h:240\/q:mauto\/f:best\/https:\/\/omjuicers.ch\/wp-content\/uploads\/2024\/03\/sana-878-screen.jpg 300w, https:\/\/mlsfuhg7sobs.i.optimole.com\/cb:0KLq.257c9\/w:768\/h:614\/q:mauto\/f:best\/https:\/\/omjuicers.ch\/wp-content\/uploads\/2024\/03\/sana-878-screen.jpg 768w, https:\/\/mlsfuhg7sobs.i.optimole.com\/cb:0KLq.257c9\/w:672\/h:538\/q:mauto\/f:best\/https:\/\/omjuicers.ch\/wp-content\/uploads\/2024\/03\/sana-878-screen.jpg 672w, https:\/\/mlsfuhg7sobs.i.optimole.com\/cb:0KLq.257c9\/w:480\/h:384\/q:mauto\/f:best\/https:\/\/omjuicers.ch\/wp-content\/uploads\/2024\/03\/sana-878-screen.jpg 480w, https:\/\/mlsfuhg7sobs.i.optimole.com\/cb:0KLq.257c9\/w:600\/h:480\/q:mauto\/f:best\/https:\/\/omjuicers.ch\/wp-content\/uploads\/2024\/03\/sana-878-screen.jpg 600w, https:\/\/mlsfuhg7sobs.i.optimole.com\/cb:0KLq.257c9\/w:auto\/h:auto\/q:mauto\/f:best\/https:\/\/omjuicers.ch\/wp-content\/uploads\/2024\/03\/sana-878-screen.jpg 800w\" sizes=\"(max-width: 300px) 100vw, 300px\" \/></noscript><\/td>\n<td>Die meisten vertikalen Entsafter werden nur mit einem Sieb geliefert. Der Sana 878 zeichnet sich durch seine Vielseitigkeit mit drei inkludierten Sieben aus:<\/p>\n<ul>\n<li><strong>Feinsieb<\/strong>: Entwickelt, um den besten Saftausbeute f\u00fcr die Mehrheit der Fr\u00fcchte und Gem\u00fcse zu erzielen. Hunderte von Mikroperforationen auf einem Edelstahlsieb garantieren optimalen Extraktionsdruck f\u00fcr einen aussergew\u00f6hnlich klaren Saft.<\/li>\n<li><strong>Grobsieb<\/strong>: Ideal f\u00fcr weichere Fr\u00fcchte wie Ananas, Beeren und weiche \u00c4pfel, die in einem Feinsieb blockieren k\u00f6nnten, verf\u00fcgt dieses Sieb \u00fcber gr\u00f6ssere \u00d6ffnungen f\u00fcr reduzierten Druck und einen fl\u00fcssigeren Saft. Perfekt, wenn Sie einen saftigeren Saft bevorzugen.<\/li>\n<li><strong>Sorbetsieb<\/strong>: Erm\u00f6glicht die Zubereitung eines reichen Desserts, indem gefrorene Bananen mit Beeren, Mangos, tropischen Fr\u00fcchten und mehr gemischt werden. Kreieren Sie ein samtiges Sorbet mit gefrorenen Pfirsichen. Verwandeln Sie Beeren in ein exquisites gefrorenes Eis. Die M\u00f6glichkeiten sind endlos.<\/li>\n<\/ul>\n<\/td>\n<\/tr>\n<\/tbody>\n<\/table>\n<h3>Hauptmerkmale<\/h3>\n<ul>\n<li><strong>Gebrauchsanweisung derzeit nur auf Englisch verf\u00fcgbar!<\/strong><\/li>\n<li>Selbstf\u00fcllendes Saftsystem<\/li>\n<li>Grosser 2000 ml Einf\u00fcllbeh\u00e4lter<\/li>\n<li>Doppellamellen-Selbstf\u00fcllsystem sortiert, schneidet und f\u00fcllt die Produkte automatisch<\/li>\n<li>Drei Siebe f\u00fcr eine breite Palette von Produkten, von festen Fr\u00fcchten bis hin zu weichen Fr\u00fcchten und Sorbet<\/li>\n<li>Kaltextraktion bei 50 Umdrehungen pro Minute<\/li>\n<li>1500 ml Vakuumsaftbeh\u00e4lter mit Pumpe<\/li>\n<li>Leistungsstarker, aber leiser 200W Motor<\/li>\n<li>XL Tresterbeh\u00e4lter aus lebensmittelechtem Edelstahl<\/li>\n<li>Saftklappe erleichtert das Mischen von S\u00e4ften<\/li>\n<li>In S\u00fcdkorea aus hochwertigen Materialien gefertigt<\/li>\n<\/ul>\n<p>&nbsp;<\/p>\n<h3>Video<\/h3>\n<p>In diesem Video stellt der Hersteller den Sana 878 vor.<br \/>\n<iframe title=\"YouTube video player\" src=\"https:\/\/www.youtube.com\/embed\/_nrFQa2g2GU?si=FhlURILkN07Nzmsp\" width=\"560\" height=\"315\" frameborder=\"0\" allowfullscreen=\"allowfullscreen\"><\/iframe><\/p>\n","protected":false},"excerpt":{"rendered":"<p>Dieser Entsafter ist wahrhaftig f\u00fcr eine \u201eVorbereiten und Weitermachen\u201c-Operation konzipiert. F\u00fcllen Sie einfach den 2-Liter-Beh\u00e4lter mit Zutaten, starten Sie den Entsafter und widmen Sie sich Ihren anderen Aktivit\u00e4ten. Die Vakuumkonservierung sichert optimale Frische Ihres Saftes und bewahrt seine N\u00e4hrstoffwerte bis zu 3 Tage.<\/p>\n","protected":false},"featured_media":33527,"comment_status":"open","ping_status":"closed","template":"","meta":{"_acf_changed":false},"product_cat":[89,320,93],"product_tag":[297],"class_list":{"0":"post-33517","1":"product","2":"type-product","3":"status-publish","4":"has-post-thumbnail","6":"product_cat-entsafter","7":"product_cat-vertikal","8":"product_cat-oberklasse","9":"product_tag-sana-de","10":"product_shipping_class-juicer-de-2","12":"first","13":"instock","14":"sale","15":"taxable","16":"shipping-taxable","17":"purchasable","18":"product-type-variable","19":"has-default-attributes"},"supplier_id":null,"supplier_sku":"","barcode":null,"atum_controlled":true,"out_stock_date":null,"out_stock_threshold":null,"inheritable":true,"inbound_stock":0,"stock_on_hold":0,"sold_today":0,"sales_last_days":0,"reserved_stock":0,"customer_returns":0,"warehouse_damage":null,"lost_in_post":null,"other_logs":null,"out_stock_days":0,"lost_sales":0,"has_location":false,"update_date":"2026-04-30T14:15:05","atum_locations":[],"atum_stock_status":"instock","restock_status":false,"low_stock_amount":"","sales_update_date":"2026-04-30T14:15:05","calc_backorders":null,"acf":{"hide_in_france":false},"_links":{"self":[{"href":"https:\/\/omjuicers.ch\/de\/wp-json\/wp\/v2\/product\/33517"}],"collection":[{"href":"https:\/\/omjuicers.ch\/de\/wp-json\/wp\/v2\/product"}],"about":[{"href":"https:\/\/omjuicers.ch\/de\/wp-json\/wp\/v2\/types\/product"}],"replies":[{"embeddable":true,"href":"https:\/\/omjuicers.ch\/de\/wp-json\/wp\/v2\/comments?post=33517"}],"wp:featuredmedia":[{"embeddable":true,"href":"https:\/\/omjuicers.ch\/de\/wp-json\/wp\/v2\/media\/33527"}],"wp:attachment":[{"href":"https:\/\/omjuicers.ch\/de\/wp-json\/wp\/v2\/media?parent=33517"}],"wp:term":[{"taxonomy":"product_cat","embeddable":true,"href":"https:\/\/omjuicers.ch\/de\/wp-json\/wp\/v2\/product_cat?post=33517"},{"taxonomy":"product_tag","embeddable":true,"href":"https:\/\/omjuicers.ch\/de\/wp-json\/wp\/v2\/product_tag?post=33517"}],"curies":[{"name":"wp","href":"https:\/\/api.w.org\/{rel}","templated":true}]}}