{"id":3644,"date":"2019-10-29T19:30:44","date_gmt":"2019-10-29T18:30:44","guid":{"rendered":"https:\/\/omjuicers.ch\/?page_id=3644"},"modified":"2024-03-01T22:52:28","modified_gmt":"2024-03-01T21:52:28","slug":"politique-de-confidentialite","status":"publish","type":"page","link":"https:\/\/omjuicers.ch\/fr\/politique-de-confidentialite\/","title":{"rendered":"Politique de confidentialit\u00e9"},"content":{"rendered":"<div class=\"wpb-content-wrapper\"><p>[vc_row][vc_column][vc_column_text]<\/p>\n<h2>Article 1 &#8211; Champ d&rsquo;application<\/h2>\n<p>La pr\u00e9sente politique de confidentialit\u00e9 s&rsquo;applique \u00e0 l&rsquo;utilisation du pr\u00e9sent site accessible \u00e0 partir de l\u2019URL suivante :\u00a0 <a href=\"https:\/\/omjuicers.ch\" target=\"_blank\" rel=\"noopener noreferrer\">https:\/\/omjuicers.ch<\/a> (ci apr\u00e8s le \u00ab site \u00bb). Dans la pr\u00e9sente politique de confidentialit\u00e9, les termes \u00ab\u00a0nous\u00a0\u00bb et \u00ab\u00a0notre\u00a0\u00bb de\u0301signent \u00ab\u00a0 Om Juicers S\u00e0rl \u00bb et le terme \u00ab\u00a0vous\u00a0\u00bb d\u00e9signe le client ou le visiteur du site. La politique de confidentialit\u00e9 d\u00e9finit et vous informe de la mani\u00e8re dont nous utilisons et prot\u00e9geons les informations collect\u00e9es, le cas \u00e9ch\u00e9ant, lorsque vous vous inscrivez sur le site ou lorsque vous passez une commande.<\/p>\n<p>La politique de confidentialit\u00e9 fait partie int\u00e9grante des <a href=\"https:\/\/omjuicers.ch\/fr\/conditions-generales\/\" target=\"_blank\" rel=\"noopener noreferrer\">conditions g\u00e9n\u00e9rales d&rsquo;utilisation et de vente<\/a> de \u00ab\u00a0 Om Juicers S\u00e0rl \u00bb.<\/p>\n<h2>Article 2 &#8211; Politique de confidentialit\u00e9<\/h2>\n<p>Nous accordons une grande valeur \u00e0 l\u2019honn\u00eatet\u00e9 et \u00e0 la clart\u00e9 et avons \u00e0 c\u0153ur de construire des relations fortes et durables, avec les personnes qui passent commande et s\u2019inscrivent \u00e0 notre newsletter. Conform\u00e9ment \u00e0 cette philosophie, la protection de vos donn\u00e9es personnelles est essentielle \u00e0 nos yeux et nous souhaitons vous informer de la mani\u00e8re dont nous collectons et traitons ces donn\u00e9es.<\/p>\n<p>Veuillez noter que cette politique de confidentialit\u00e9 fait partie int\u00e9grante des conditions d&rsquo;utilisation du site et des conditions g\u00e9n\u00e9rales de ventes, elle est susceptible d\u2019\u00eatre modifi\u00e9e ou compl\u00e9t\u00e9e \u00e0 tout moment par \u00ab\u00a0 Om Juicers S\u00e0rl \u00bb , notamment en vue de se conformer \u00e0 toute \u00e9volution l\u00e9gislative, r\u00e8glementaire, jurisprudentielle ou technologique. Dans un tel cas, la date de sa mise \u00e0 jour sera clairement identifi\u00e9e en t\u00eate de la pr\u00e9sente politique. Ces modifications engagent l\u2019utilisateur d\u00e8s leur mise en ligne. Il convient par cons\u00e9quent que l\u2019utilisateur consulte r\u00e9guli\u00e8rement la pr\u00e9sente politique de confidentialit\u00e9 et d\u2019utilisation des cookies afin de prendre connaissance de ses \u00e9ventuelles modifications.<\/p>\n<h2>Article 3 &#8211; Donn\u00e9es personnelles<\/h2>\n<p>D\u2019une mani\u00e8re g\u00e9n\u00e9rale, il vous est possible de visiter le site sans communiquer aucune information personnelle vous concernant. En toute hypoth\u00e8se, vous \u00eates en aucune mani\u00e8re oblig\u00e9 de nous transmettre ces informations. N\u00e9anmoins, en cas de refus, il se peut que vous ne puissiez pas b\u00e9n\u00e9ficier de certaines informations ou services que vous avez demand\u00e9. A ce titre en effet, nous pouvons\u00a0 \u00eatre amen\u00e9 dans certains cas \u00e0 vous demander de renseigner (ci-apr\u00e8s vos \u00ab Informations Personnelles \u00bb) :<\/p>\n<ul>\n<li>pr\u00e9nom et nom de famille ;<\/li>\n<li>adresse postale ;<\/li>\n<li>adresse de courrier \u00e9lectronique ;<\/li>\n<li>num\u00e9ro de t\u00e9l\u00e9phone ;<\/li>\n<li>informations sur la mani\u00e8re dont vous avez connu ce site \u00e0 des fins statistiques;<\/li>\n<li>informations li\u00e9es \u00e0 des sondages que nous utilisons \u00e0 des fins scientifiques et statistiques.<\/li>\n<\/ul>\n<p>En fournissant ces informations, vous acceptez express\u00e9ment qu\u2019elles soient trait\u00e9es par \u00ab\u00a0 Om Juicers S\u00e0rl \u00bb , aux fins indiqu\u00e9es ci-dessous.<\/p>\n<h3>Finalit\u00e9s du traitement<\/h3>\n<p>Nous sommes susceptible de traiter vos Informations personnelles :<\/p>\n<p>(a) aux fins de vous livrer les produit command\u00e9s ou les offres demand\u00e9es ;<br \/>\n(b) aux fins de vous fournir les informations ou les services que vous avez demand\u00e9 de recevoir (envoi de nos newsletters suite \u00e0 inscription de votre part) ; et\/ou<br \/>\n(c) aux fins de recueillir des informations nous permettant d\u2019am\u00e9liorer notre site, nos produits et services (notamment par le biais de cookies).<\/p>\n<h3>Destinataires<\/h3>\n<p>Nous sommes le destinataire de vos informations personnelles. Celles-ci, que ce soit sous forme individuelle ou agr\u00e9g\u00e9e, ne sont jamais transmises \u00e0 un tiers. Nous ne proc\u00e9dons pas \u00e0 la commercialisation des donn\u00e9es personnelles des visiteurs et utilisateurs de notre site.<\/p>\n<h3>Dur\u00e9e de conservation<\/h3>\n<p>Vos informations personnelles sont conserv\u00e9es uniquement pour le temps correspondant \u00e0 la finalit\u00e9 de la collecte tel qu\u2019indiqu\u00e9 ci-dessus. La liste des clients peut \u00eatre conserv\u00e9 de mani\u00e8re ind\u00e9finie. Vos inscriptions \u00e0 nos newsletter durent le temps de votre inscription. Tout autre information collect\u00e9e ne saurait en tout \u00e9tat de cause exc\u00e9der une conservation de 24 mois.<\/p>\n<h2>Article 4 &#8211; Protection des donn\u00e9es<\/h2>\n<p>En s\u2019inscrivant sur le site, vous choisissez que vous souhaiter recevoir des informations de nature publicitaire ou autre de notre part, via diff\u00e9rents canaux de communication (e-mail, courrier, SMS, t\u00e9l\u00e9phone, notifications push). Si vous \u00eates inscrits aux newsletters, vous pouvez vous d\u00e9sinscrire \u00e0 tout moment, facilement et gratuitement, en suivant les instructions figurant dans le message respectif ou en contactant notre service client.<\/p>\n<p>Nous transmettons les donn\u00e9es personnelles \u00e0 des tiers seulement dans la mesure o\u00f9 elles sont indispensables pour la bonne ex\u00e9cution de la commande ou du paiement (par ex. transmission des donn\u00e9es \u00e0 La Poste, \u00e0 une soci\u00e9t\u00e9 de recouvrement en cas de non-paiement, etc.), pour l\u2019information des clients ou pour la conduite de sondages. Nos partenaires effacent les donn\u00e9es personnelles de nos clients aussit\u00f4t qu\u2019elles ont perdu leur utilit\u00e9 et, en tout \u00e9tat de cause, \u00e0 l\u2019\u00e9ch\u00e9ance du d\u00e9lai de conservation fix\u00e9 par la loi. Les informations sont trait\u00e9es avec la plus grande confidentialit\u00e9.<\/p>\n<h2>Article 5 &#8211; Traitement des communications et s\u00e9curit\u00e9 des emails<\/h2>\n<p>Les communications que vous nous adressez par Internet ne seront pas consid\u00e9r\u00e9es comme confidentielles.<\/p>\n<p>Lorsque vous communiquez avec nous par e-mails, vous devez tenir compte du fait que la protection des messages e-mail transmis par Internet n&rsquo;est pas garantie. Par cons\u00e9quent, en envoyant par e-mails des messages importants, non encod\u00e9s, vous acceptez les risques de cette incertitude.<\/p>\n<h2>Article 6 &#8211; Politique relative aux cookies<\/h2>\n<h3>Qu&rsquo;est-ce que les cookies ?<\/h3>\n<div class=\"cookie-policy-p\">\n<p>Notre politique d\u2019utilisation des cookies vous permet de mieux comprendre les dispositions que nous mettons en \u0153uvre en mati\u00e8re de navigation sur notre site web.\u00a0 Cette Politique sur les cookies explique ce que sont les cookies et comment nous les utilisons, les types de cookies que nous utilisons, c&rsquo;est-\u00e0-dire les informations que nous recueillons \u00e0 l&rsquo;aide des cookies et comment ces informations sont utilis\u00e9es, et comment g\u00e9rer les param\u00e8tres des cookies.<\/p>\n<p>Les cookies sont de petits fichiers texte qui sont utilis\u00e9s pour stocker de petites pi\u00e8ces d&rsquo;informations. Ils sont stock\u00e9s sur votre appareil lorsque le site web est charg\u00e9 sur votre navigateur. Ces cookies nous aident \u00e0 faire fonctionner correctement le site web, \u00e0 le rendre plus s\u00e9curis\u00e9, \u00e0 fournir une meilleure exp\u00e9rience utilisateur, et \u00e0 comprendre comment le site web fonctionne et \u00e0 analyser ce qui fonctionne et o\u00f9 il a besoin d&rsquo;am\u00e9lioration.<\/p>\n<\/div>\n<h3>Comment utilisons-nous les cookies ?<\/h3>\n<div class=\"cookie-policy-p\">\n<p>Les informations recueillies par le biais des cookies ne permettent en aucune mani\u00e8re de vous identifier nominativement. Elles sont utilis\u00e9es exclusivement pour nos besoins propres afin d\u2019am\u00e9liorer l\u2019interactivit\u00e9 et la performance de notre site web et de vous adresser des contenus adapt\u00e9s \u00e0 vos centres d\u2019int\u00e9r\u00eats. Aucune de ces informations ne fait l\u2019objet d\u2019une communication aupr\u00e8s de tiers sauf lorsque nous avons obtenu au pr\u00e9alable votre consentement ou bien lorsque la divulgation de ces informations est requise par la loi, sur ordre d\u2019un tribunal ou toute autorit\u00e9 administrative ou judiciaire habilit\u00e9e.<\/p>\n<\/div>\n<h3>Types de Cookies que nous utilisons<\/h3>\n<div class=\"cky-audit-table-element\"><\/div>\n<p>&nbsp;<\/p>\n<h3 style=\"margin-bottom: 20px;\">G\u00e9rer les pr\u00e9f\u00e9rences en mati\u00e8re de cookies<\/h3>\n<p><a class=\"cky-banner-element\" style=\"padding: 8px 30px; background: #F8F9FA; color: #858a8f; border: 1px solid #DEE2E6; box-sizing: border-box; border-radius: 2px; cursor: pointer;\">Param\u00e8tres des cookies<\/a><\/p>\n<p>Vous pouvez modifier vos pr\u00e9f\u00e9rences en mati\u00e8re de cookies \u00e0 tout moment en cliquant sur le bouton ci-dessus. Cela vous permettra de revisiter la banni\u00e8re de consentement aux cookies et de changer vos pr\u00e9f\u00e9rences ou de retirer votre consentement imm\u00e9diatement.<\/p>\n<div>\n<p>En plus de cela, diff\u00e9rents navigateurs fournissent diff\u00e9rentes m\u00e9thodes pour bloquer et supprimer les cookies utilis\u00e9s par les sites web. Vous pouvez modifier les param\u00e8tres de votre navigateur pour bloquer\/supprimer les cookies. Ci-dessous, les liens vers les documents de support sur la fa\u00e7on de g\u00e9rer et de supprimer les cookies des principaux navigateurs web.<\/p>\n<ul>\n<li>Chrome :\u00a0<a href=\"https:\/\/support.google.com\/chrome\/answer\/95647?hl=fr\" target=\"_blank\" rel=\"noopener noreferrer\">https:\/\/support.google.com\/chrome\/answer\/95647?hl=fr<\/a><\/li>\n<li>Firefox :\u00a0<a href=\"https:\/\/support.mozilla.org\/fr\/kb\/activer-desactiver-cookies\" target=\"_blank\" rel=\"noopener noreferrer\">https:\/\/support.mozilla.org\/fr\/kb\/activer-desactiver-cookies<\/a><\/li>\n<li>Internet Explorer :\u00a0<a href=\"https:\/\/support.microsoft.com\/fr-fr\/help\/17442\/windows-internet-explorer-delete-manage-cookies#ie=ie-11\" target=\"_blank\" rel=\"noopener noreferrer\">https:\/\/support.microsoft.com\/fr-fr\/help\/17442\/windows-internet-explorer-delete-manage-cookies#ie=ie-11<\/a><\/li>\n<li>Safari : <a href=\"https:\/\/support.apple.com\/fr-ch\/guide\/safari\/sfri11471\/mac\" target=\"_blank\" rel=\"noopener noreferrer\">https:\/\/support.apple.com\/fr-ch\/guide\/safari\/sfri11471\/mac<\/a><\/li>\n<\/ul>\n<p>Si vous utilisez un autre navigateur web, veuillez consulter les documents de support officiels de votre navigateur.<\/p>\n<\/div>\n<p>[\/vc_column_text][\/vc_column][\/vc_row]<\/p>\n<\/div>","protected":false},"excerpt":{"rendered":"<p>[vc_row][vc_column][vc_column_text] Article 1 &#8211; Champ d&rsquo;application La pr\u00e9sente politique de confidentialit\u00e9 s&rsquo;applique \u00e0 l&rsquo;utilisation du pr\u00e9sent site accessible \u00e0 partir de l\u2019URL suivante :\u00a0 https:\/\/omjuicers.ch (ci apr\u00e8s le \u00ab site \u00bb). Dans la pr\u00e9sente politique de confidentialit\u00e9, les termes \u00ab\u00a0nous\u00a0\u00bb et \u00ab\u00a0notre\u00a0\u00bb de\u0301signent \u00ab\u00a0 Om Juicers S\u00e0rl \u00bb et le terme \u00ab\u00a0vous\u00a0\u00bb d\u00e9signe le client ou le visiteur du site. [&hellip;]<\/p>\n","protected":false},"author":1,"featured_media":0,"parent":0,"menu_order":0,"comment_status":"closed","ping_status":"closed","template":"","meta":{"_acf_changed":false,"footnotes":""},"class_list":["post-3644","page","type-page","status-publish","hentry"],"acf":{"hide_in_france":false},"_links":{"self":[{"href":"https:\/\/omjuicers.ch\/fr\/wp-json\/wp\/v2\/pages\/3644"}],"collection":[{"href":"https:\/\/omjuicers.ch\/fr\/wp-json\/wp\/v2\/pages"}],"about":[{"href":"https:\/\/omjuicers.ch\/fr\/wp-json\/wp\/v2\/types\/page"}],"author":[{"embeddable":true,"href":"https:\/\/omjuicers.ch\/fr\/wp-json\/wp\/v2\/users\/1"}],"replies":[{"embeddable":true,"href":"https:\/\/omjuicers.ch\/fr\/wp-json\/wp\/v2\/comments?post=3644"}],"version-history":[{"count":7,"href":"https:\/\/omjuicers.ch\/fr\/wp-json\/wp\/v2\/pages\/3644\/revisions"}],"predecessor-version":[{"id":33433,"href":"https:\/\/omjuicers.ch\/fr\/wp-json\/wp\/v2\/pages\/3644\/revisions\/33433"}],"wp:attachment":[{"href":"https:\/\/omjuicers.ch\/fr\/wp-json\/wp\/v2\/media?parent=3644"}],"curies":[{"name":"wp","href":"https:\/\/api.w.org\/{rel}","templated":true}]}}