{"id":1143,"date":"2017-09-11T02:33:55","date_gmt":"2017-09-11T00:33:55","guid":{"rendered":"https:\/\/omjuicers.ch\/?post_type=product&#038;p=1143"},"modified":"2025-12-15T19:43:11","modified_gmt":"2025-12-15T18:43:11","slug":"extracteur-vidia-sj-002-vitaleo-da-1200","status":"publish","type":"product","link":"https:\/\/omjuicers.ch\/fr\/product\/extracteur-vidia-sj-002-vitaleo-da-1200\/","title":{"rendered":"Extracteur de jus Vidia SJ-002 (DA-1200)"},"content":{"rendered":"<p>Le Vidia Juicer SJ-002 est \u00e9quip\u00e9 d\u2019une molette de r\u00e9gulation \u00e0 5 s\u00e9lections. Utilis\u00e9e \u00e0 bon escient, elle permet d\u2019optimiser le rendement de la machine pour un produit donn\u00e9. Le niveau 1 est utilis\u00e9 pour les produits \u00e0 chaire molle comme les tomates, kiwis, pommes et citrons, le niveau 3 est plus appropri\u00e9 pour les melons concombres et pommes fermes. Les niveaux 4 et 5 sont utilis\u00e9s lors de l\u2019extraction de racines tendres comme les carottes mais aussi les l\u00e9gumes feuilles, aromates fra\u00eeches, aiguilles de pin et m\u00eame des pousses d\u2019orge ou de bl\u00e9.<\/p>\n<p>Le Vidia Juicer SJ-002 est fourni avec un c\u00f4ne d\u2019homog\u00e9n\u00e9isation qui vous permettra de confectionner des cr\u00e8mes glac\u00e9es, sorbets, beurre de noix, des p\u00e2tes, des pu\u00e9es pour b\u00e9b\u00e9. Mais aussi moudre votre caf\u00e9.<\/p>\n<p>Le Vidia Juicer SJ-002 est fabriqu\u00e9 avec des plastiques sans Bisph\u00e9nols.<\/p>\n<h3><strong>Quelles diff\u00e9rences entre le mod\u00e8le DA-1200 (ici Vidia Juicer SJ-002) et l&rsquo;ancien mod\u00e8le DA-1000 ?<\/strong><\/h3>\n<p>A part le nouveau design, la plus grande diff\u00e9rence dans le nouveau DA-1200 est la largeur de la goulotte d\u2019admission, vous permettant d\u2019ins\u00e9rer de plus gros morceau dans la machine tout en r\u00e9duisant le temps de pr\u00e9paration. Le filtre a aussi \u00e9t\u00e9 am\u00e9lior\u00e9 produisant un meilleur rendement avec un risque beaucoup plus faible de blocage.<\/p>\n<p><img fetchpriority=\"high\" decoding=\"async\" class=\"alignleft size-medium wp-image-1132\" src=\"https:\/\/mlsfuhg7sobs.i.optimole.com\/cb:0KLq.257c9\/w:auto\/h:auto\/q:mauto\/f:best\/https:\/\/omjuicers.ch\/wp-content\/uploads\/2020\/04\/front-3.jpg\" alt=\"\" width=\"300\" height=\"225\" \/><\/p>\n<p>Le nouveau mod\u00e8le est aussi con\u00e7u pour un nettoyage facile \u2013 un passage sous l\u2019eau suffit. Enfin, le design a \u00e9t\u00e9 \u00e9pur\u00e9. Il y a moins de parties mobiles dans l\u2019extracteur, ce qui simplifie le nettoyage et l\u2019utilisation. Il y a aussi moins de pi\u00e8ces dans le jeu d\u2019embout qui ne contient que 3 pi\u00e8ces pour les cr\u00e8mes glac\u00e9es et une pi\u00e8ce pour les p\u00e2tes contre 4 et deux respectivement dans la version pr\u00e9c\u00e9dente.<\/p>\n<p>Con\u00e7u pour une grande facilit\u00e9 d\u2019utilisation, le Vidia Juicer SJ-002 est un extracteur de qualit\u00e9 avec des particularit\u00e9s int\u00e9ressantes, il a une molette de r\u00e9gulation qui permet l\u2019augmentation de la pression nominale dans la chambre d\u2019extraction et aussi une meilleure optimisation de l\u2019extraction. Cette molette marche mieux avec les racines tendres mais l\u2019ajustement variable permet d\u2019adapter selon les l\u00e9gumes ou les fruits. Nous recommandons de commencer \u00e0 pression basse (niveau 1) et de lentement augmenter la pression pour optimiser le rendement. A pression trop importante la machine peut finir par \u00eatre obstru\u00e9e en particulier avec les aliments \u00e0 chair mole ou fibreuse. Pour les fruits tr\u00e8s murs ou tr\u00e8s mous, nous vous conseillons d\u2019enlever la molette (qui peut \u00eatre \u00f4t\u00e9e du capuchon).<\/p>\n<h3><strong>Accessoires contenus dans la livraison :<\/strong><\/h3>\n<ul>\n<li>Filtre<img fetchpriority=\"high\" decoding=\"async\" class=\"size-medium wp-image-1130 alignright\" src=\"https:\/\/mlsfuhg7sobs.i.optimole.com\/cb:0KLq.257c9\/w:auto\/h:auto\/q:mauto\/f:best\/https:\/\/omjuicers.ch\/wp-content\/uploads\/2020\/04\/accessories-1.jpg\" alt=\"\" width=\"300\" height=\"225\" srcset=\"https:\/\/mlsfuhg7sobs.i.optimole.com\/cb:0KLq.257c9\/w:auto\/h:auto\/q:mauto\/f:best\/https:\/\/omjuicers.ch\/wp-content\/uploads\/2020\/04\/accessories-1.jpg 1000w, https:\/\/mlsfuhg7sobs.i.optimole.com\/cb:0KLq.257c9\/w:300\/h:225\/q:mauto\/f:best\/https:\/\/omjuicers.ch\/wp-content\/uploads\/2020\/04\/accessories-1.jpg 300w, https:\/\/mlsfuhg7sobs.i.optimole.com\/cb:0KLq.257c9\/w:768\/h:576\/q:mauto\/f:best\/https:\/\/omjuicers.ch\/wp-content\/uploads\/2020\/04\/accessories-1.jpg 768w, https:\/\/mlsfuhg7sobs.i.optimole.com\/cb:0KLq.257c9\/w:672\/h:504\/q:mauto\/f:best\/https:\/\/omjuicers.ch\/wp-content\/uploads\/2020\/04\/accessories-1.jpg 672w, https:\/\/mlsfuhg7sobs.i.optimole.com\/cb:0KLq.257c9\/w:480\/h:360\/q:mauto\/f:best\/https:\/\/omjuicers.ch\/wp-content\/uploads\/2020\/04\/accessories-1.jpg 480w, https:\/\/mlsfuhg7sobs.i.optimole.com\/cb:0KLq.257c9\/w:600\/h:450\/q:mauto\/f:best\/https:\/\/omjuicers.ch\/wp-content\/uploads\/2020\/04\/accessories-1.jpg 600w\" sizes=\"(max-width: 300px) 100vw, 300px\" \/><\/li>\n<li>C\u00f4ne d\u2019Homog\u00e9n\u00e9isation<\/li>\n<li>Molette de r\u00e9gulation<\/li>\n<li>Jeu d\u2019embout pour p\u00e2tes<\/li>\n<li>Embout pour glace et beurre de noix<\/li>\n<li>Bacs en plastique pour pulpe et jus<\/li>\n<li>Brosse de nettoyage<\/li>\n<li>Poussoir<\/li>\n<\/ul>\n<p>&nbsp;<\/p>\n","protected":false},"excerpt":{"rendered":"<p>Vendu en Suisse comme le mod\u00e8le <strong>DA-1200<\/strong> d&rsquo;une marque d\u00e9pos\u00e9e (que nous avons l&rsquo;interdiction de citer)\u00a0et en France sous le nom d&rsquo;<strong>Oscar DA-1200<\/strong>, le Vidia Juicer SJ-002 est <u>exactement<\/u> le m\u00eame appareil.<\/p>\n<p>Le Vidia Juicer SJ-002 est un extracteur d\u2019entr\u00e9e de gamme, compact et versatile, capable d\u2019extraire le jus de fruits comme de l\u00e9gumes racines. Avec une vitesse de rotation comprise entre 63 et 75 tr\/min le Vidia Juicer SJ-002 produit tr\u00e8s peu de mousse pour une nutrition maximale.<\/p>\n","protected":false},"featured_media":1220,"comment_status":"open","ping_status":"closed","template":"","meta":{"_acf_changed":false},"product_cat":[15,317,16],"product_tag":[298],"class_list":{"0":"post-1143","1":"product","2":"type-product","3":"status-publish","4":"has-post-thumbnail","6":"product_cat-extracteurs-de-jus","7":"product_cat-horizontal-fr","8":"product_cat-entree-de-gamme","9":"product_tag-vidia-fr","10":"product_shipping_class-juicer","12":"first","13":"instock","14":"sale","15":"taxable","16":"shipping-taxable","17":"purchasable","18":"product-type-variable","19":"has-default-attributes"},"supplier_id":null,"supplier_sku":"","barcode":null,"atum_controlled":true,"out_stock_date":null,"out_stock_threshold":null,"inheritable":true,"inbound_stock":0,"stock_on_hold":0,"sold_today":0,"sales_last_days":0,"reserved_stock":0,"customer_returns":0,"warehouse_damage":null,"lost_in_post":null,"other_logs":null,"out_stock_days":0,"lost_sales":0,"has_location":false,"update_date":"2026-05-01T14:17:53","atum_locations":[],"atum_stock_status":"instock","restock_status":false,"low_stock_amount":"","sales_update_date":"2026-05-01T14:17:53","calc_backorders":null,"acf":{"hide_in_france":true},"_links":{"self":[{"href":"https:\/\/omjuicers.ch\/fr\/wp-json\/wp\/v2\/product\/1143"}],"collection":[{"href":"https:\/\/omjuicers.ch\/fr\/wp-json\/wp\/v2\/product"}],"about":[{"href":"https:\/\/omjuicers.ch\/fr\/wp-json\/wp\/v2\/types\/product"}],"replies":[{"embeddable":true,"href":"https:\/\/omjuicers.ch\/fr\/wp-json\/wp\/v2\/comments?post=1143"}],"wp:featuredmedia":[{"embeddable":true,"href":"https:\/\/omjuicers.ch\/fr\/wp-json\/wp\/v2\/media\/1220"}],"wp:attachment":[{"href":"https:\/\/omjuicers.ch\/fr\/wp-json\/wp\/v2\/media?parent=1143"}],"wp:term":[{"taxonomy":"product_cat","embeddable":true,"href":"https:\/\/omjuicers.ch\/fr\/wp-json\/wp\/v2\/product_cat?post=1143"},{"taxonomy":"product_tag","embeddable":true,"href":"https:\/\/omjuicers.ch\/fr\/wp-json\/wp\/v2\/product_tag?post=1143"}],"curies":[{"name":"wp","href":"https:\/\/api.w.org\/{rel}","templated":true}]}}