{"id":1146,"date":"2017-09-11T02:55:53","date_gmt":"2017-09-11T00:55:53","guid":{"rendered":"https:\/\/omjuicers.ch\/?post_type=product&#038;p=1146"},"modified":"2026-04-06T15:51:15","modified_gmt":"2026-04-06T13:51:15","slug":"extracteur-huile-sana-euj-702","status":"publish","type":"product","link":"https:\/\/omjuicers.ch\/fr\/product\/extracteur-huile-sana-euj-702\/","title":{"rendered":"Extracteur d&rsquo;huile Sana 702"},"content":{"rendered":"<p><img fetchpriority=\"high\" decoding=\"async\" class=\"alignleft wp-image-31174\" src=\"https:\/\/mlsfuhg7sobs.i.optimole.com\/cb:0KLq.257c9\/w:auto\/h:auto\/q:mauto\/f:best\/https:\/\/omjuicers.ch\/wp-content\/uploads\/2021\/04\/black-oil.jpg\" alt=\"\" width=\"182\" height=\"200\" \/>Les huiles, surtout l\u2019huile de lin, ont tendance \u00e0 s\u2019avarier avec le temps ou lorsqu\u2019elles ne sont pas correctement entrepos\u00e9es. Cela entra\u00eene une perte de saveur, une perte de nutriments et un rancissement. Un extracteur d\u2019huile pour la maison est la meilleure fa\u00e7on de toujours avoir de l\u2019huile fra\u00eeche et saine. Le Sana 702 vous permet de produire juste la quantit\u00e9 dont vous avez besoin pour qu\u2019elle soit consomm\u00e9e le plus rapidement possible. Comme cela fonctionne selon un syst\u00e8me de pression \u00e0 froid, les nutriments et le go\u00fbt sont sup\u00e9rieurs \u00e0 tout ce que vous trouverez en magasin.<\/p>\n<p><img fetchpriority=\"high\" decoding=\"async\" class=\"alignright wp-image-23512 size-medium\" src=\"https:\/\/mlsfuhg7sobs.i.optimole.com\/cb:0KLq.257c9\/w:auto\/h:auto\/q:mauto\/f:best\/https:\/\/omjuicers.ch\/wp-content\/uploads\/2020\/04\/combo-3.jpg\" alt=\"\" width=\"300\" height=\"240\" srcset=\"https:\/\/mlsfuhg7sobs.i.optimole.com\/cb:0KLq.257c9\/w:auto\/h:auto\/q:mauto\/f:best\/https:\/\/omjuicers.ch\/wp-content\/uploads\/2020\/04\/combo-3.jpg 1200w, https:\/\/mlsfuhg7sobs.i.optimole.com\/cb:0KLq.257c9\/w:300\/h:240\/q:mauto\/f:best\/https:\/\/omjuicers.ch\/wp-content\/uploads\/2020\/04\/combo-3.jpg 300w, https:\/\/mlsfuhg7sobs.i.optimole.com\/cb:0KLq.257c9\/w:1024\/h:819\/q:mauto\/f:best\/https:\/\/omjuicers.ch\/wp-content\/uploads\/2020\/04\/combo-3.jpg 1024w, https:\/\/mlsfuhg7sobs.i.optimole.com\/cb:0KLq.257c9\/w:768\/h:614\/q:mauto\/f:best\/https:\/\/omjuicers.ch\/wp-content\/uploads\/2020\/04\/combo-3.jpg 768w, https:\/\/mlsfuhg7sobs.i.optimole.com\/cb:0KLq.257c9\/w:672\/h:538\/q:mauto\/f:best\/https:\/\/omjuicers.ch\/wp-content\/uploads\/2020\/04\/combo-3.jpg 672w, https:\/\/mlsfuhg7sobs.i.optimole.com\/cb:0KLq.257c9\/w:1038\/h:830\/q:mauto\/f:best\/https:\/\/omjuicers.ch\/wp-content\/uploads\/2020\/04\/combo-3.jpg 1038w, https:\/\/mlsfuhg7sobs.i.optimole.com\/cb:0KLq.257c9\/w:480\/h:384\/q:mauto\/f:best\/https:\/\/omjuicers.ch\/wp-content\/uploads\/2020\/04\/combo-3.jpg 480w, https:\/\/mlsfuhg7sobs.i.optimole.com\/cb:0KLq.257c9\/w:600\/h:480\/q:mauto\/f:best\/https:\/\/omjuicers.ch\/wp-content\/uploads\/2020\/04\/combo-3.jpg 600w\" sizes=\"(max-width: 300px) 100vw, 300px\" \/>L\u2019extracteur d\u2019huile Sana 702 est un accessoire ing\u00e9nieux pour plusieurs mod\u00e8les de pressoirs horizontaux. Toutes les pi\u00e8ces qui entrent en contact avec l\u2019huile sont faites d\u2019acier inoxydable, le reste est en aluminium. Nous l\u2019avons essay\u00e9 avec les <a href=\"https:\/\/omjuicers.ch\/fr\/product\/extracteur-de-jus-sana-supreme-euj-727\/\" target=\"_blank\" rel=\"noopener\">Sana 727<\/a> et <a href=\"https:\/\/omjuicers.ch\/fr\/product\/extracteur-sana-euj-707\/\" target=\"_blank\" rel=\"noopener\">Sana 707<\/a>. L&rsquo;extracteur d&rsquo;huile se fixe tr\u00e8s facilement en utilisant la m\u00eame bague de blocage que pour l&rsquo;extracteur de jus.<\/p>\n<p>Nous avons tout d\u2019abord remarqu\u00e9 la solidit\u00e9 de l\u2019appareil. L\u2019extracteur d\u2019huile Sana semble \u00eatre tr\u00e8s bien construit et simple \u00e0 assembler. Nous avons particuli\u00e8rement appr\u00e9ci\u00e9 le fait qu\u2019il n\u2019y ait pas besoin de chauffer l\u2019appareil. La chaleur est g\u00e9n\u00e9r\u00e9e par la pression des graines, pourtant l\u2019huile reste fra\u00eeche lorsqu\u2019elle sort de l\u2019extracteur.<\/p>\n<p><img fetchpriority=\"high\" decoding=\"async\" class=\"alignleft wp-image-1094 size-medium\" src=\"https:\/\/mlsfuhg7sobs.i.optimole.com\/cb:0KLq.257c9\/w:auto\/h:auto\/q:mauto\/f:best\/https:\/\/omjuicers.ch\/wp-content\/uploads\/2020\/04\/propped-3.jpg\" alt=\"\" width=\"300\" height=\"225\" \/>Nous avons essay\u00e9 avec plusieurs graines et fruits \u00e0 coque. Nous avons commenc\u00e9 par les graines de lin. L\u2019huile coulait bien et avait un go\u00fbt et un ar\u00f4me excellent. Ensuite, nous avons essay\u00e9 avec des graines de tournesol d\u00e9cortiqu\u00e9es. Excellent r\u00e9sultat ! En raison de leur forte teneur en huile naturelle, elles ont donn\u00e9 la meilleure production. Nous avons \u00e9t\u00e9 surpris par la performance des graines de pavot et elles ont aussi servi \u00e0 chauffer l\u2019extracteur d\u2019huile et \u00e0 nettoyer les morceaux de graines encore \u00e0 l\u2019int\u00e9rieur. Nous avons aussi fabriqu\u00e9 de l\u2019huile de chanvre et tout comme pour les autres, c\u2019\u00e9tait un processus facile. Nous avons aussi essay\u00e9 avec quelques fruits \u00e0 coque : amandes et noix. Avec les amandes, c\u2019\u00e9tait un peu plus difficile, il fallait qu\u2019elles soient coup\u00e9es en petits morceaux. La meilleure fa\u00e7on serait d\u2019utiliser une machine de broyage pour fruits \u00e0 coque ou un couteau de chef, c\u2019est d\u2019ailleurs ce que nous avons utilis\u00e9. Lorsqu\u2019elles \u00e9taient correctement coup\u00e9es, elles ont donn\u00e9 une production d\u2019huile convenable. Pour les noix, c\u2019\u00e9tait plus simple, car elles sont faciles \u00e0 broyer (nous les avons broy\u00e9es dans un sac plastique en utilisant un rouleau \u00e0 p\u00e2tisserie) et ont naturellement une forte teneur en huile. Finalement, nous avons essay\u00e9 avec des flocons s\u00e9ch\u00e9s de noix de coco. Nous avons d\u00e9couvert que la meilleure fa\u00e7on de faire \u00e9tait d\u2019ajouter des petites quantit\u00e9s \u00e0 la fois. C\u2019\u00e9tait un processus plus lent qu\u2019avec les graines, mais nous avons obtenu une production convenable d\u2019huile de noix de coco tr\u00e8s parfum\u00e9e.<\/p>\n<p>Nous avons d\u00e9couvert quelques astuces pour faciliter le processus. Tout d\u2019abord, nous avons trouv\u00e9 que la qualit\u00e9 des graines et des fruits \u00e0 coque faisait vraiment une diff\u00e9rence. Les produits plus frais et de meilleure qualit\u00e9 \u00e9taient plus faciles \u00e0 pr\u00e9parer et donnaient une meilleure production d\u2019huile, parfois de fa\u00e7on consid\u00e9rable. Il est aussi recommand\u00e9 de nettoyer r\u00e9guli\u00e8rement les rainures d\u2019o\u00f9 sort l\u2019huile en utilisant la brosse incluse.<\/p>\n<p>Pour finir, le nettoyage \u00e9tait rapide et simple. Nous avons utilis\u00e9 de l\u2019eau chaude savonneuse et une brosse. Par contre, assurez-vous de ne pas mettre de l\u2019eau sur l\u2019unit\u00e9 de montage en aluminium \u2013 il y a un palier \u00e0 l\u2019int\u00e9rieur qui ne doit pas \u00eatre mouill\u00e9 \u2013 mais comme cela ne rentre pas en contact avec l\u2019huile, il est inutile de le nettoyer.<img data-opt-src=\"https:\/\/mlsfuhg7sobs.i.optimole.com\/cb:0KLq.257c9\/w:auto\/h:auto\/q:mauto\/f:best\/https:\/\/omjuicers.ch\/wp-content\/uploads\/2020\/04\/parts-2.jpg\"  decoding=\"async\" class=\"alignright size-medium wp-image-1096\" src=\"https:\/\/mlsfuhg7sobs.i.optimole.com\/cb:0KLq.257c9\/w:auto\/h:auto\/q:eco\/f:best\/https:\/\/omjuicers.ch\/wp-content\/uploads\/2020\/04\/parts-2.jpg\" alt=\"\" width=\"300\" height=\"200\" \/><noscript><img decoding=\"async\" class=\"alignright size-medium wp-image-1096\" src=\"https:\/\/mlsfuhg7sobs.i.optimole.com\/cb:0KLq.257c9\/w:auto\/h:auto\/q:mauto\/f:best\/https:\/\/omjuicers.ch\/wp-content\/uploads\/2020\/04\/parts-2.jpg\" alt=\"\" width=\"300\" height=\"200\" \/></noscript><\/p>\n<p>Dans l\u2019ensemble, nous avons \u00e9t\u00e9 tr\u00e8s impressionn\u00e9s par l\u2019extracteur d\u2019huile Sana. L\u2019huile que nous avons fabriqu\u00e9e avait un bien meilleur go\u00fbt que les huiles bio du magasin d\u2019aliments naturels. Et l\u2019ar\u00f4me de l\u2019huile fra\u00eeche \u00e9tait divin. Si vous souhaitez fabriquer de petites quantit\u00e9s d\u2019huile press\u00e9e \u00e0 froid \u00e0 partir d\u2019une grande vari\u00e9t\u00e9 de graines et de fruits \u00e0 coque, nous recommandons fortement cet appareil.<\/p>\n<p>Le Sana 702 comprend un pichet \u00e0 huile en verre et une passoire en acier inoxydable, ainsi qu\u2019un gant de protection et une tige de m\u00e9tal pour pouvoir retirer le bouchon du pressoir plus rapidement et plus facilement. Il y a une garantie de deux ans sur la foreuse et les anneaux de r\u00e9glage, et cinq ans sur toutes les autres pi\u00e8ces.<\/p>\n<p><strong>\u00a0<\/strong><\/p>\n","protected":false},"excerpt":{"rendered":"<p>L&rsquo;extracteur d\u2019huile Sana vous permet de fabriquer de l\u2019huile press\u00e9e \u00e0 froid chez vous \u00e0 partir des graines et des fruits \u00e0 coque suivants : lin, s\u00e9same, tournesol, citrouille, colza, chanvre, pavot, onagre, nigelle, noix de coco (lani\u00e8res d\u00e9shydrat\u00e9es), amandes, pignons, noix, noisettes, cacahu\u00e8tes, noix de cajou, noix du Br\u00e9sil, pistaches et noix de macadamia. On peut m\u00eame faire des flocons \u00e0 partir d\u2019avoine.<\/p>\n","protected":false},"featured_media":31002,"comment_status":"open","ping_status":"closed","template":"","meta":{"_acf_changed":false},"product_cat":[17],"product_tag":[296],"class_list":{"0":"post-1146","1":"product","2":"type-product","3":"status-publish","4":"has-post-thumbnail","6":"product_cat-extracteurs-d-huile","7":"product_tag-sana-fr","8":"product_shipping_class-juicer","10":"first","11":"instock","12":"sale","13":"taxable","14":"shipping-taxable","15":"purchasable","16":"product-type-simple"},"supplier_id":31709,"supplier_sku":"OE702","barcode":null,"atum_controlled":true,"out_stock_date":null,"out_stock_threshold":0,"inheritable":false,"inbound_stock":0,"stock_on_hold":0,"sold_today":0,"sales_last_days":1,"reserved_stock":0,"customer_returns":0,"warehouse_damage":null,"lost_in_post":null,"other_logs":null,"out_stock_days":0,"lost_sales":0,"has_location":false,"update_date":"2026-04-06T13:51:15","atum_locations":[],"atum_stock_status":"instock","restock_status":false,"low_stock_amount":"","sales_update_date":"2026-04-06T13:51:15","calc_backorders":0,"acf":{"hide_in_france":false},"_links":{"self":[{"href":"https:\/\/omjuicers.ch\/fr\/wp-json\/wp\/v2\/product\/1146"}],"collection":[{"href":"https:\/\/omjuicers.ch\/fr\/wp-json\/wp\/v2\/product"}],"about":[{"href":"https:\/\/omjuicers.ch\/fr\/wp-json\/wp\/v2\/types\/product"}],"replies":[{"embeddable":true,"href":"https:\/\/omjuicers.ch\/fr\/wp-json\/wp\/v2\/comments?post=1146"}],"wp:featuredmedia":[{"embeddable":true,"href":"https:\/\/omjuicers.ch\/fr\/wp-json\/wp\/v2\/media\/31002"}],"wp:attachment":[{"href":"https:\/\/omjuicers.ch\/fr\/wp-json\/wp\/v2\/media?parent=1146"}],"wp:term":[{"taxonomy":"product_cat","embeddable":true,"href":"https:\/\/omjuicers.ch\/fr\/wp-json\/wp\/v2\/product_cat?post=1146"},{"taxonomy":"product_tag","embeddable":true,"href":"https:\/\/omjuicers.ch\/fr\/wp-json\/wp\/v2\/product_tag?post=1146"}],"curies":[{"name":"wp","href":"https:\/\/api.w.org\/{rel}","templated":true}]}}