{"id":1184,"date":"2018-04-07T21:33:48","date_gmt":"2018-04-07T19:33:48","guid":{"rendered":"https:\/\/omjuicers.ch\/?post_type=product&#038;p=1184"},"modified":"2026-04-03T15:47:08","modified_gmt":"2026-04-03T13:47:08","slug":"extracteur-angel-5500","status":"publish","type":"product","link":"https:\/\/omjuicers.ch\/fr\/product\/extracteur-angel-5500\/","title":{"rendered":"Extracteur de jus Angel 5500"},"content":{"rendered":"<p><img fetchpriority=\"high\" decoding=\"async\" class=\"alignright size-medium wp-image-1202\" src=\"https:\/\/mlsfuhg7sobs.i.optimole.com\/cb:0KLq.257c9\/w:auto\/h:auto\/q:mauto\/f:best\/https:\/\/omjuicers.ch\/wp-content\/uploads\/2020\/04\/detail.jpg\" alt=\"\" width=\"300\" height=\"200\" srcset=\"https:\/\/mlsfuhg7sobs.i.optimole.com\/cb:0KLq.257c9\/w:auto\/h:auto\/q:mauto\/f:best\/https:\/\/omjuicers.ch\/wp-content\/uploads\/2020\/04\/detail.jpg 1000w, https:\/\/mlsfuhg7sobs.i.optimole.com\/cb:0KLq.257c9\/w:300\/h:200\/q:mauto\/f:best\/https:\/\/omjuicers.ch\/wp-content\/uploads\/2020\/04\/detail.jpg 300w, https:\/\/mlsfuhg7sobs.i.optimole.com\/cb:0KLq.257c9\/w:768\/h:512\/q:mauto\/f:best\/https:\/\/omjuicers.ch\/wp-content\/uploads\/2020\/04\/detail.jpg 768w, https:\/\/mlsfuhg7sobs.i.optimole.com\/cb:0KLq.257c9\/w:672\/h:448\/q:mauto\/f:best\/https:\/\/omjuicers.ch\/wp-content\/uploads\/2020\/04\/detail.jpg 672w, https:\/\/mlsfuhg7sobs.i.optimole.com\/cb:0KLq.257c9\/w:480\/h:320\/q:mauto\/f:best\/https:\/\/omjuicers.ch\/wp-content\/uploads\/2020\/04\/detail.jpg 480w, https:\/\/mlsfuhg7sobs.i.optimole.com\/cb:0KLq.257c9\/w:600\/h:400\/q:mauto\/f:best\/https:\/\/omjuicers.ch\/wp-content\/uploads\/2020\/04\/detail.jpg 600w\" sizes=\"(max-width: 300px) 100vw, 300px\" \/>Avec seulement 82 tr \/ min, l\u2019extracteur Angel conserve dans le jus tous les \u00e9l\u00e9ments contenus dans les plantes qui sont si importants pour le corps tels que les antioxydants, vitamines, min\u00e9raux et enzymes.<\/p>\n<p>L\u2019extracteur Angel est compos\u00e9 de seulement quatre pi\u00e8ces rendant le montage et le d\u00e9montage de la machine ultra simple.<\/p>\n<p>L\u2019extracteur Angel est en mesure d\u2019extraire le jus de pratiquement tous les types de produits &#8211; fruits, l\u00e9gumes ou feuilles (des carottes aux pommes, en passant par les pousses de bl\u00e9 ou d&rsquo;\u00e9pinards). Cet extracteur donne des r\u00e9sultats in\u00e9gal\u00e9s m\u00eame sur les pousses de bl\u00e9, les l\u00e9gumes, les feuilles et les germes. Il permet aussi la confection de tofu, p\u00e2t\u00e9s sal\u00e9s et le beurre d&rsquo;arachide !<\/p>\n<p><img fetchpriority=\"high\" decoding=\"async\" class=\"size-medium wp-image-1198 alignleft\" src=\"https:\/\/mlsfuhg7sobs.i.optimole.com\/cb:0KLq.257c9\/w:auto\/h:auto\/q:mauto\/f:best\/https:\/\/omjuicers.ch\/wp-content\/uploads\/2020\/04\/top.jpg\" alt=\"\" width=\"300\" height=\"200\" srcset=\"https:\/\/mlsfuhg7sobs.i.optimole.com\/cb:0KLq.257c9\/w:auto\/h:auto\/q:mauto\/f:best\/https:\/\/omjuicers.ch\/wp-content\/uploads\/2020\/04\/top.jpg 1000w, https:\/\/mlsfuhg7sobs.i.optimole.com\/cb:0KLq.257c9\/w:300\/h:200\/q:mauto\/f:best\/https:\/\/omjuicers.ch\/wp-content\/uploads\/2020\/04\/top.jpg 300w, https:\/\/mlsfuhg7sobs.i.optimole.com\/cb:0KLq.257c9\/w:768\/h:512\/q:mauto\/f:best\/https:\/\/omjuicers.ch\/wp-content\/uploads\/2020\/04\/top.jpg 768w, https:\/\/mlsfuhg7sobs.i.optimole.com\/cb:0KLq.257c9\/w:672\/h:448\/q:mauto\/f:best\/https:\/\/omjuicers.ch\/wp-content\/uploads\/2020\/04\/top.jpg 672w, https:\/\/mlsfuhg7sobs.i.optimole.com\/cb:0KLq.257c9\/w:480\/h:320\/q:mauto\/f:best\/https:\/\/omjuicers.ch\/wp-content\/uploads\/2020\/04\/top.jpg 480w, https:\/\/mlsfuhg7sobs.i.optimole.com\/cb:0KLq.257c9\/w:600\/h:400\/q:mauto\/f:best\/https:\/\/omjuicers.ch\/wp-content\/uploads\/2020\/04\/top.jpg 600w\" sizes=\"(max-width: 300px) 100vw, 300px\" \/>Les tests sur cet extracteur ont \u00e9t\u00e9 tout simplement d\u00e9sar\u00e7onnant \u2013 un tel rendement est rare, voire in\u00e9gal\u00e9 ! Nous avons test\u00e9 &#8211; carottes, pommes, oranges, raisins, groseilles et laitue. La pulpe de carotte est nettement plus s\u00e8che qu\u2019avec n\u2019importe quelles autres machines et la pulpe de pomme \u00e9tait \u00e0 peine visible. Cette machine extrait vraiment tout le jus de feuilles comme la laitue.<\/p>\n<p>Le prix que vous allez \u00ab\u00a0payer\u00a0\u00bb va s\u2019amortir gr\u00e2ce \u00e0 ce rendement d\u2019exception. Il y a que 3 \u00e9l\u00e9ments \u00e0 nettoyer, et vous pourrez utiliser les brosses fournies et le racloir pour nettoyer le filtre. Cela ne vous prendra que quelques petites minutes. Nous vous recommandons de le laisser tremper pendant une nuit dans l&rsquo;eau. L\u2019avantage de cet extracteur est sa plus grande goulotte d&rsquo;alimentation (43 mm) (taille standard &#8211; 38 mm de diam\u00e8tre).<\/p>\n<p><img fetchpriority=\"high\" decoding=\"async\" class=\"size-medium wp-image-1204 aligncenter\" src=\"https:\/\/mlsfuhg7sobs.i.optimole.com\/cb:0KLq.257c9\/w:300\/h:300\/q:mauto\/rt:fill\/g:ce\/f:best\/https:\/\/omjuicers.ch\/wp-content\/uploads\/2020\/04\/accessories.jpg\" alt=\"\" width=\"300\" height=\"300\" srcset=\"https:\/\/mlsfuhg7sobs.i.optimole.com\/cb:0KLq.257c9\/w:300\/h:300\/q:mauto\/rt:fill\/g:ce\/f:best\/https:\/\/omjuicers.ch\/wp-content\/uploads\/2020\/04\/accessories.jpg 300w, https:\/\/mlsfuhg7sobs.i.optimole.com\/cb:0KLq.257c9\/w:150\/h:150\/q:mauto\/rt:fill\/g:ce\/f:best\/https:\/\/omjuicers.ch\/wp-content\/uploads\/2020\/04\/accessories.jpg 150w, https:\/\/mlsfuhg7sobs.i.optimole.com\/cb:0KLq.257c9\/w:768\/h:768\/q:mauto\/f:best\/https:\/\/omjuicers.ch\/wp-content\/uploads\/2020\/04\/accessories.jpg 768w, https:\/\/mlsfuhg7sobs.i.optimole.com\/cb:0KLq.257c9\/w:672\/h:672\/q:mauto\/f:best\/https:\/\/omjuicers.ch\/wp-content\/uploads\/2020\/04\/accessories.jpg 672w, https:\/\/mlsfuhg7sobs.i.optimole.com\/cb:0KLq.257c9\/w:480\/h:480\/q:mauto\/f:best\/https:\/\/omjuicers.ch\/wp-content\/uploads\/2020\/04\/accessories.jpg 480w, https:\/\/mlsfuhg7sobs.i.optimole.com\/cb:0KLq.257c9\/w:600\/h:600\/q:mauto\/f:best\/https:\/\/omjuicers.ch\/wp-content\/uploads\/2020\/04\/accessories.jpg 600w, https:\/\/mlsfuhg7sobs.i.optimole.com\/cb:0KLq.257c9\/w:100\/h:100\/q:mauto\/rt:fill\/g:ce\/f:best\/https:\/\/omjuicers.ch\/wp-content\/uploads\/2020\/04\/accessories.jpg 100w, https:\/\/mlsfuhg7sobs.i.optimole.com\/cb:0KLq.257c9\/w:auto\/h:auto\/q:mauto\/f:best\/https:\/\/omjuicers.ch\/wp-content\/uploads\/2020\/04\/accessories.jpg 1000w\" sizes=\"(max-width: 300px) 100vw, 300px\" \/><\/p>\n","protected":false},"excerpt":{"rendered":"<p>Cet extracteur est \u00e9quip\u00e9 du dernier mod\u00e8le de double jeu d&rsquo;engrenages, qui permettent une extraction redoutablement efficace tout en \u00e9tant tr\u00e8s douce en deux \u00e9tapes. Dans la premi\u00e8re \u00e9tape, le produit est broy\u00e9 sommairement, puis, dans la deuxi\u00e8me \u00e9tape, il est litt\u00e9ralement \u00ab mastiqu\u00e9 \u00bb pour donner un jus d\u2019une qualit\u00e9 incomparable s\u00e9par\u00e9 de la pulpe des fruits et l\u00e9gumes press\u00e9s.<\/p>\n","protected":false},"featured_media":31004,"comment_status":"open","ping_status":"closed","template":"","meta":{"_acf_changed":false},"product_cat":[15,317,24],"product_tag":[299],"class_list":{"0":"post-1184","1":"product","2":"type-product","3":"status-publish","4":"has-post-thumbnail","6":"product_cat-extracteurs-de-jus","7":"product_cat-horizontal-fr","8":"product_cat-haut-de-gamme","9":"product_tag-angel-fr","10":"product_shipping_class-juicer","12":"first","13":"onbackorder","14":"taxable","15":"shipping-taxable","16":"purchasable","17":"product-type-simple"},"supplier_id":34312,"supplier_sku":"7124-01","barcode":null,"atum_controlled":true,"out_stock_date":"2026-03-04 22:08:15","out_stock_threshold":0,"inheritable":false,"inbound_stock":0,"stock_on_hold":0,"sold_today":0,"sales_last_days":0,"reserved_stock":0,"customer_returns":0,"warehouse_damage":null,"lost_in_post":null,"other_logs":null,"out_stock_days":29,"lost_sales":12420,"has_location":false,"update_date":"2026-04-03T13:47:08","atum_locations":[],"atum_stock_status":"onbackorder","restock_status":false,"low_stock_amount":"","sales_update_date":"2026-04-03T13:47:08","calc_backorders":0,"acf":{"hide_in_france":true},"_links":{"self":[{"href":"https:\/\/omjuicers.ch\/fr\/wp-json\/wp\/v2\/product\/1184"}],"collection":[{"href":"https:\/\/omjuicers.ch\/fr\/wp-json\/wp\/v2\/product"}],"about":[{"href":"https:\/\/omjuicers.ch\/fr\/wp-json\/wp\/v2\/types\/product"}],"replies":[{"embeddable":true,"href":"https:\/\/omjuicers.ch\/fr\/wp-json\/wp\/v2\/comments?post=1184"}],"wp:featuredmedia":[{"embeddable":true,"href":"https:\/\/omjuicers.ch\/fr\/wp-json\/wp\/v2\/media\/31004"}],"wp:attachment":[{"href":"https:\/\/omjuicers.ch\/fr\/wp-json\/wp\/v2\/media?parent=1184"}],"wp:term":[{"taxonomy":"product_cat","embeddable":true,"href":"https:\/\/omjuicers.ch\/fr\/wp-json\/wp\/v2\/product_cat?post=1184"},{"taxonomy":"product_tag","embeddable":true,"href":"https:\/\/omjuicers.ch\/fr\/wp-json\/wp\/v2\/product_tag?post=1184"}],"curies":[{"name":"wp","href":"https:\/\/api.w.org\/{rel}","templated":true}]}}