{"id":31138,"date":"2021-04-15T10:36:44","date_gmt":"2021-04-15T08:36:44","guid":{"rendered":"https:\/\/omjuicers.ch\/?post_type=product&#038;p=31138"},"modified":"2026-04-07T15:52:43","modified_gmt":"2026-04-07T13:52:43","slug":"extracteur-de-jus-sana-supreme-euj-727","status":"publish","type":"product","link":"https:\/\/omjuicers.ch\/fr\/product\/extracteur-de-jus-sana-supreme-euj-727\/","title":{"rendered":"Extracteur de jus Sana 727 Supreme"},"content":{"rendered":"<table class=\"responsive-727\">\n<tbody>\n<tr>\n<td>Lors du d\u00e9veloppement de l&rsquo;extracteur lent Sana 727 Supreme, le fabricant n&rsquo;a pas l\u00e9sin\u00e9 sur les moyens. L&rsquo;objectif \u00e9tait de proposer le meilleur extracteur de jus au monde et d&rsquo;augmenter le rendement en jus au maximum. L&rsquo;extracteur de jus Sana 727 Supreme est un extracteur de jus puissant, durable et polyvalent pour des exigences \u00e9lev\u00e9es. Le nouveau mod\u00e8le horizontal de Sana couvre sans compromis tous les domaines d&rsquo;application. Il presse les aliments durs, mais aussi les aliments tr\u00e8s mous avec bravoure et est un ma\u00eetre lorsqu&rsquo;il s&rsquo;agit de presser du jus de c\u00e9leri, du jus d&rsquo;herbe de bl\u00e9 et du jus de pomme. Utilisez la commande de vitesse pour ajuster le 727 \u00e0 votre recette de jus pr\u00e9cise.<\/td>\n<td style=\"padding-left: 20px;\" align=\"center\" width=\"300px !important\"><img fetchpriority=\"high\" decoding=\"async\" class=\"size-full wp-image-31148\" src=\"https:\/\/mlsfuhg7sobs.i.optimole.com\/cb:0KLq.257c9\/w:auto\/h:auto\/q:mauto\/f:best\/https:\/\/omjuicers.ch\/wp-content\/uploads\/2021\/04\/black-side.jpg\" alt=\"\" width=\"300\" height=\"240\" \/><\/td>\n<\/tr>\n<\/tbody>\n<\/table>\n<h3>Un design prim\u00e9<\/h3>\n<table class=\"responsive-727\">\n<tbody>\n<tr class=\"reverse\">\n<td style=\"padding-right: 20px;\" align=\"center\" width=\"300px !important\"><img fetchpriority=\"high\" decoding=\"async\" class=\"size-full wp-image-31150\" src=\"https:\/\/mlsfuhg7sobs.i.optimole.com\/cb:0KLq.257c9\/w:auto\/h:auto\/q:mauto\/f:best\/https:\/\/omjuicers.ch\/wp-content\/uploads\/2021\/04\/red-juicing-1.jpg\" alt=\"\" width=\"300\" height=\"200\" \/><\/td>\n<td>Depuis 1955, le prix Red Dot r\u00e9compense les meilleurs produits de chaque ann\u00e9e dans le domaine de la conception de produits. Qu&rsquo;ils soient esth\u00e9tiques, fonctionnels, intelligents ou innovants, les produits excellents sont unis par leur qualit\u00e9 de conception exceptionnelle. Nous sommes ravis que le Sana 727 Supreme ait re\u00e7u le prix bien m\u00e9rit\u00e9 du Red Dot Winner 2021 .<\/p>\n<p>Le jury international n&rsquo;attribue le label de qualit\u00e9 tant convoit\u00e9 qu&rsquo;aux produits qui font preuve d&rsquo;un design exceptionnel. Le jury du prix Red Dot distingue les produits de haute qualit\u00e9 et \u00e9value, entre autres, le degr\u00e9 d&rsquo;innovation, la fonctionnalit\u00e9, la qualit\u00e9 de conception, l&rsquo;ergonomie, la durabilit\u00e9 et la conformit\u00e9 \u00e9cologique.<\/td>\n<\/tr>\n<\/tbody>\n<\/table>\n<h3>Un moteur puissant et silencieux pour un fonctionnement continu !<\/h3>\n<table class=\"responsive-727\">\n<tbody>\n<tr>\n<td>Le Sana 727 est con\u00e7u pour extraire de grandes quantit\u00e9s de jus. Que vous planifiez une semaine de je\u00fbne au jus ou que vous ayez besoin de jus pour plusieurs membres de votre famille. Mais le Sana 727 est aussi le parfait auxiliaire de cuisine pour une utilisation gastronomique dans les caf\u00e9s ou les bars \u00e0 jus. Le c\u0153ur de chaque extracteur de jus \u00e9lectrique est le moteur. C&rsquo;est pourquoi Sana a brevet\u00e9 la technologie et la conception de ce nouveau moteur \u00e0 courant continu sans balais. Le moteur 727 est nettement plus cher \u00e0 fabriquer que les moteurs traditionnels des extracteurs de jus, mais les avantages et les b\u00e9n\u00e9fices sont \u00e9vidents. Les avantages de ce moteur par rapport aux moteurs disponibles dans le commerce sont les suivants : poids plus l\u00e9ger, longue dur\u00e9e de vie, dur\u00e9e d&rsquo;utilisation sup\u00e9rieure \u00e0 la moyenne, fonctionnement silencieux et contr\u00f4le pr\u00e9cis de la vitesse variable.<\/p>\n<p>Le moteur industriel sans balai peut produire du jus jusqu&rsquo;\u00e0 24 heures d&rsquo;affil\u00e9e sans interruption, produisant des litres de jus fra\u00eechement press\u00e9. Pour rendre l&rsquo;extracteur de jus plus compact, le moteur a \u00e9t\u00e9 positionn\u00e9 verticalement et un syst\u00e8me d&rsquo;engrenage robuste a \u00e9t\u00e9 install\u00e9 pour permettre un fonctionnement horizontal dans un bo\u00eetier vertical.<\/td>\n<td style=\"padding-left: 20px;\" align=\"center\" width=\"300px !important\"><img fetchpriority=\"high\" decoding=\"async\" class=\"size-full wp-image-31156\" src=\"https:\/\/mlsfuhg7sobs.i.optimole.com\/cb:0KLq.257c9\/w:auto\/h:auto\/q:mauto\/f:best\/https:\/\/omjuicers.ch\/wp-content\/uploads\/2021\/04\/engine-1.jpg\" alt=\"\" width=\"240\" height=\"300\" \/><\/td>\n<\/tr>\n<\/tbody>\n<\/table>\n<h3>Un syst\u00e8me d&rsquo;extraction de jus innovant<\/h3>\n<table class=\"responsive-727\">\n<tbody>\n<tr class=\"reverse\">\n<td style=\"padding-right: 20px;\" align=\"center\" width=\"300px !important\"><img data-opt-src=\"https:\/\/mlsfuhg7sobs.i.optimole.com\/cb:0KLq.257c9\/w:auto\/h:auto\/q:mauto\/f:best\/https:\/\/omjuicers.ch\/wp-content\/uploads\/2021\/04\/red-front-pulp.jpg\"  decoding=\"async\" class=\"size-full wp-image-31158\" src=\"https:\/\/mlsfuhg7sobs.i.optimole.com\/cb:0KLq.257c9\/w:auto\/h:auto\/q:eco\/f:best\/https:\/\/omjuicers.ch\/wp-content\/uploads\/2021\/04\/red-front-pulp.jpg\" alt=\"\" width=\"300\" height=\"200\" \/><noscript><img decoding=\"async\" class=\"size-full wp-image-31158\" src=\"https:\/\/mlsfuhg7sobs.i.optimole.com\/cb:0KLq.257c9\/w:auto\/h:auto\/q:mauto\/f:best\/https:\/\/omjuicers.ch\/wp-content\/uploads\/2021\/04\/red-front-pulp.jpg\" alt=\"\" width=\"300\" height=\"200\" \/></noscript><\/td>\n<td>Le Sana 727 Supreme convainc par son nouveau syst\u00e8me d&rsquo;extraction de jus. La vis sans fin est con\u00e7ue avec des ailettes plus espac\u00e9es, ce qui permet de briser de plus gros morceaux de fruits ou l\u00e9gumes et d&rsquo;acc\u00e9l\u00e9rer le processus d&rsquo;extraction. Une lame rotative en acier inoxydable plac\u00e9e \u00e0 la sortie de la pulpe, exerce une derni\u00e8re pression sur la pulpe, pour un rendement en jus encore plus \u00e9lev\u00e9. Le rendement en jus du Sana 727 est le plus \u00e9lev\u00e9 que nous ayons jamais mesur\u00e9 dans un extracteur de jus horizontal \u00e0 vis unique.<\/p>\n<p>Finis les produits coinc\u00e9s : le moteur s\u2019inverse et red\u00e9marre automatiquement lorsqu\u2019un bourrage est d\u00e9tect\u00e9.<\/td>\n<\/tr>\n<\/tbody>\n<\/table>\n<h3>4 r\u00e9glages de vitesse pour une extraction douce et pr\u00e9cise<\/h3>\n<table class=\"responsive-727\">\n<tbody>\n<tr>\n<td>Le moteur de conception de pointe avec son contr\u00f4le de vitesse variable est la caract\u00e9ristique la plus r\u00e9volutionnaire du Sana 727 Supreme. La plupart des extracteurs de jus lents fonctionnent \u00e0 des vitesses comprises entre 43 et 110 tours par minute. Le Sana 727 offre quatre r\u00e9glages de vitesse : 40, 65, 90 et 120 tours\/min.<\/p>\n<p>Vous pourrez privil\u00e9gier les vitesses lentes pour les produits mous ou fibreux, pour un jus doux et lisse, avec une formation de mousse et une oxydation minimis\u00e9es. \u00a0Choisissez en revanche les vitesses plus \u00e9lev\u00e9es pour les produits \u00e0 faible teneur en fibres et contenant beaucoup d\u2019eau comme les agrumes. La vitesse \u00e9lev\u00e9e permettra aussi un gain de temps consid\u00e9rable pour l\u2019extraction d\u2019huile (<a href=\"https:\/\/omjuicers.ch\/fr\/product\/extracteur-huile-sana-euj-702\/\" target=\"_blank\" rel=\"noopener\">accessoire d\u2019extraction d\u2019huile<\/a> en option).<\/p>\n<p>Gr\u00e2ce au\u00a0 contr\u00f4le de la vitesse, le Sana 727 permet d&rsquo;extraire le jus d&rsquo;une grande vari\u00e9t\u00e9 d&rsquo;aliments avec un seul tamis.<\/p>\n<ul>\n<li>Vitesse 1 = 40 tours\/min.<\/li>\n<li>Vitesse 2 = 65 tours\/min.<\/li>\n<li>Vitesse 3 = 90 tours\/min.<\/li>\n<li>Vitesse 4 = 120 tours\/min.<\/li>\n<\/ul>\n<\/td>\n<td style=\"padding-left: 20px;\" align=\"center\" width=\"300px !important\"><img data-opt-src=\"https:\/\/mlsfuhg7sobs.i.optimole.com\/cb:0KLq.257c9\/w:auto\/h:auto\/q:mauto\/f:best\/https:\/\/omjuicers.ch\/wp-content\/uploads\/2021\/04\/black-speed-dial.jpg\"  decoding=\"async\" class=\"size-full wp-image-31160\" src=\"https:\/\/mlsfuhg7sobs.i.optimole.com\/cb:0KLq.257c9\/w:auto\/h:auto\/q:eco\/f:best\/https:\/\/omjuicers.ch\/wp-content\/uploads\/2021\/04\/black-speed-dial.jpg\" alt=\"\" width=\"300\" height=\"240\" \/><noscript><img decoding=\"async\" class=\"size-full wp-image-31160\" src=\"https:\/\/mlsfuhg7sobs.i.optimole.com\/cb:0KLq.257c9\/w:auto\/h:auto\/q:mauto\/f:best\/https:\/\/omjuicers.ch\/wp-content\/uploads\/2021\/04\/black-speed-dial.jpg\" alt=\"\" width=\"300\" height=\"240\" \/></noscript><\/td>\n<\/tr>\n<\/tbody>\n<\/table>\n<h3>Trois tamis\/filtres<\/h3>\n<table class=\"responsive-727\">\n<tbody>\n<tr class=\"reverse\">\n<td style=\"padding-right: 20px;\" align=\"center\" width=\"300px !important\"><img data-opt-src=\"https:\/\/mlsfuhg7sobs.i.optimole.com\/cb:0KLq.257c9\/w:auto\/h:auto\/q:mauto\/f:best\/https:\/\/omjuicers.ch\/wp-content\/uploads\/2021\/04\/filters.jpg\"  decoding=\"async\" class=\"size-full wp-image-31162\" src=\"https:\/\/mlsfuhg7sobs.i.optimole.com\/cb:0KLq.257c9\/w:auto\/h:auto\/q:eco\/f:best\/https:\/\/omjuicers.ch\/wp-content\/uploads\/2021\/04\/filters.jpg\" alt=\"\" width=\"300\" height=\"200\" \/><noscript><img decoding=\"async\" class=\"size-full wp-image-31162\" src=\"https:\/\/mlsfuhg7sobs.i.optimole.com\/cb:0KLq.257c9\/w:auto\/h:auto\/q:mauto\/f:best\/https:\/\/omjuicers.ch\/wp-content\/uploads\/2021\/04\/filters.jpg\" alt=\"\" width=\"300\" height=\"200\" \/></noscript><\/td>\n<td>Il existe aussi des applications pour lesquelles un seul tamis ne suffit tout simplement pas. Le Sana 727 est livr\u00e9 avec trois tamis diff\u00e9rents :<\/p>\n<ul>\n<li>un tamis standard pour un jus tr\u00e8s fin et clair<\/li>\n<li>un tamis \u00e0 gros trous pour un jus plus dense avec plus de pulpe, id\u00e9al pour les fruits \u00e0 chair plus molle comme les baies et les ananas<\/li>\n<li>un filtre d\u2019homog\u00e9n\u00e9isation pour la pr\u00e9paration de sorbets, de beurres de noix, d\u2019aliments pour b\u00e9b\u00e9s, de laits v\u00e9g\u00e9taux, de p\u00e2tes, de sauces et bien plus encore.<\/li>\n<\/ul>\n<\/td>\n<\/tr>\n<\/tbody>\n<\/table>\n<h3>Clapet \u00e0 jus pour un nettoyage rapide<\/h3>\n<table class=\"responsive-727\">\n<tbody>\n<tr>\n<td>Le Sana 727 est dot\u00e9 d&rsquo;un clapet de verrouillage int\u00e9gr\u00e9 sur le bec \u00e0 jus. Cela permet de facilement bloquer la sortie de jus \u00e0 la fin de l&rsquo;extraction. Ainsi, pas une goutte de jus n&rsquo;est perdue et le plan de travail reste propre. Le nettoyage du tambour dans l&rsquo;\u00e9vier en est simplifi\u00e9e.<\/td>\n<td style=\"padding-left: 20px;\" align=\"center\" width=\"300px !important\"><img data-opt-src=\"https:\/\/mlsfuhg7sobs.i.optimole.com\/cb:0KLq.257c9\/w:auto\/h:auto\/q:mauto\/f:best\/https:\/\/omjuicers.ch\/wp-content\/uploads\/2021\/04\/red-valve.jpg\"  decoding=\"async\" class=\"size-full wp-image-31164\" src=\"https:\/\/mlsfuhg7sobs.i.optimole.com\/cb:0KLq.257c9\/w:auto\/h:auto\/q:eco\/f:best\/https:\/\/omjuicers.ch\/wp-content\/uploads\/2021\/04\/red-valve.jpg\" alt=\"\" width=\"300\" height=\"200\" \/><noscript><img decoding=\"async\" class=\"size-full wp-image-31164\" src=\"https:\/\/mlsfuhg7sobs.i.optimole.com\/cb:0KLq.257c9\/w:auto\/h:auto\/q:mauto\/f:best\/https:\/\/omjuicers.ch\/wp-content\/uploads\/2021\/04\/red-valve.jpg\" alt=\"\" width=\"300\" height=\"200\" \/></noscript><\/td>\n<\/tr>\n<\/tbody>\n<\/table>\n<h3>Un double tube d\u2019alimentation<\/h3>\n<table class=\"responsive-727\">\n<tbody>\n<tr class=\"reverse\">\n<td style=\"padding-right: 20px;\" align=\"center\" width=\"300px !important\"><img data-opt-src=\"https:\/\/mlsfuhg7sobs.i.optimole.com\/cb:0KLq.257c9\/w:200\/h:300\/q:mauto\/f:best\/https:\/\/omjuicers.ch\/wp-content\/uploads\/2021\/04\/black-top.jpg\"  decoding=\"async\" class=\"wp-image-31166 size-medium\" src=\"https:\/\/mlsfuhg7sobs.i.optimole.com\/cb:0KLq.257c9\/w:200\/h:300\/q:eco\/f:best\/https:\/\/omjuicers.ch\/wp-content\/uploads\/2021\/04\/black-top.jpg\" alt=\"\" width=\"200\" height=\"300\" old-srcset=\"https:\/\/mlsfuhg7sobs.i.optimole.com\/cb:0KLq.257c9\/w:200\/h:300\/q:mauto\/f:best\/https:\/\/omjuicers.ch\/wp-content\/uploads\/2021\/04\/black-top.jpg 200w, https:\/\/mlsfuhg7sobs.i.optimole.com\/cb:0KLq.257c9\/w:auto\/h:auto\/q:mauto\/f:best\/https:\/\/omjuicers.ch\/wp-content\/uploads\/2021\/04\/black-top.jpg 300w\" \/><noscript><img decoding=\"async\" class=\"wp-image-31166 size-medium\" src=\"https:\/\/mlsfuhg7sobs.i.optimole.com\/cb:0KLq.257c9\/w:200\/h:300\/q:mauto\/f:best\/https:\/\/omjuicers.ch\/wp-content\/uploads\/2021\/04\/black-top.jpg\" alt=\"\" width=\"200\" height=\"300\" srcset=\"https:\/\/mlsfuhg7sobs.i.optimole.com\/cb:0KLq.257c9\/w:200\/h:300\/q:mauto\/f:best\/https:\/\/omjuicers.ch\/wp-content\/uploads\/2021\/04\/black-top.jpg 200w, https:\/\/mlsfuhg7sobs.i.optimole.com\/cb:0KLq.257c9\/w:auto\/h:auto\/q:mauto\/f:best\/https:\/\/omjuicers.ch\/wp-content\/uploads\/2021\/04\/black-top.jpg 300w\" sizes=\"(max-width: 200px) 100vw, 200px\" \/></noscript><\/td>\n<td>Le Sana 727 Supreme reprend les innovations qui ont fait leur preuves sur les mod\u00e8les verticaux. Le r\u00e9sultat est un double tube d\u2019alimentation avec une ouverture standard et un bol profond pour remplir facilement les aliments plus petits (par exemple des raisins, fruits rouges ou tomates-cerises) ou les l\u00e9gumes-feuilles en utilisant le poussoir.<\/td>\n<\/tr>\n<\/tbody>\n<\/table>\n<h3>D\u00e9montage du tambour en un click<\/h3>\n<table class=\"responsive-727\">\n<tbody>\n<tr>\n<td>La fixation est le retrait du tambour sont tr\u00e8s simples (pas de syst\u00e8me de serrage ou de collier de verrouillage). Il suffit de le placer et de le tourner sur la gauche : il s\u2019enclenchera automatiquement. Gr\u00e2ce au clapet de verrouillage, vous pourrez retirer le tambour sans que le jus ne coule sur le comptoir.<\/td>\n<td style=\"padding-left: 20px;\" align=\"center\" width=\"300px !important\"><img data-opt-src=\"https:\/\/mlsfuhg7sobs.i.optimole.com\/cb:0KLq.257c9\/w:auto\/h:auto\/q:mauto\/f:best\/https:\/\/omjuicers.ch\/wp-content\/uploads\/2021\/04\/red-release-button.jpg\"  decoding=\"async\" class=\"size-full wp-image-31168\" src=\"https:\/\/mlsfuhg7sobs.i.optimole.com\/cb:0KLq.257c9\/w:auto\/h:auto\/q:eco\/f:best\/https:\/\/omjuicers.ch\/wp-content\/uploads\/2021\/04\/red-release-button.jpg\" alt=\"\" width=\"300\" height=\"200\" \/><noscript><img decoding=\"async\" class=\"size-full wp-image-31168\" src=\"https:\/\/mlsfuhg7sobs.i.optimole.com\/cb:0KLq.257c9\/w:auto\/h:auto\/q:mauto\/f:best\/https:\/\/omjuicers.ch\/wp-content\/uploads\/2021\/04\/red-release-button.jpg\" alt=\"\" width=\"300\" height=\"200\" \/></noscript><\/td>\n<\/tr>\n<\/tbody>\n<\/table>\n<h3>Les contenants<\/h3>\n<table class=\"responsive-727\">\n<tbody>\n<tr class=\"reverse\">\n<td style=\"padding-right: 20px;\" align=\"center\" width=\"300px !important\"><img data-opt-src=\"https:\/\/mlsfuhg7sobs.i.optimole.com\/cb:0KLq.257c9\/w:auto\/h:auto\/q:mauto\/f:best\/https:\/\/omjuicers.ch\/wp-content\/uploads\/2021\/04\/containers.jpg\"  decoding=\"async\" class=\"size-full wp-image-31170\" src=\"https:\/\/mlsfuhg7sobs.i.optimole.com\/cb:0KLq.257c9\/w:auto\/h:auto\/q:eco\/f:best\/https:\/\/omjuicers.ch\/wp-content\/uploads\/2021\/04\/containers.jpg\" alt=\"\" width=\"300\" height=\"212\" \/><noscript><img decoding=\"async\" class=\"size-full wp-image-31170\" src=\"https:\/\/mlsfuhg7sobs.i.optimole.com\/cb:0KLq.257c9\/w:auto\/h:auto\/q:mauto\/f:best\/https:\/\/omjuicers.ch\/wp-content\/uploads\/2021\/04\/containers.jpg\" alt=\"\" width=\"300\" height=\"212\" \/></noscript><\/td>\n<td>\n<ul>\n<li>un verre \u00e0 jus de 500 ml en cristal de Boh\u00eame (fabriqu\u00e9 \u00e0 la main dans les montagnes de Boh\u00eame \u00e0 la verrerie Novosad and Son)<\/li>\n<li>un r\u00e9cup\u00e9rateur de pulpe en acier inoxydable.<\/li>\n<\/ul>\n<\/td>\n<\/tr>\n<\/tbody>\n<\/table>\n<h3>Le Sana 727 est un appareil polyvalent : extracteur de jus + extracteur d&rsquo;huile<\/h3>\n<table class=\"responsive-727\">\n<tbody>\n<tr>\n<td>L&rsquo;extraction de jus est bien s\u00fbr la discipline supr\u00eame du Sana 727, mais le nouvel extracteur lent fait \u00e9galement bonne figure en tant qu&rsquo;extracteur d&rsquo;huile. Gr\u00e2ce \u00e0 l&rsquo;accessoire de <a href=\"https:\/\/omjuicers.ch\/fr\/product\/extracteur-huile-sana-euj-702\/\" target=\"_blank\" rel=\"noopener\">presse \u00e0 huile Sana 702<\/a>, vous pouvez produire en douceur et fra\u00eechement des huiles press\u00e9es \u00e0 froid dans la quantit\u00e9 souhait\u00e9e &#8211; par exemple de l&rsquo;huile de lin, de l&rsquo;huile de tournesol ou m\u00eame de l&rsquo;huile de p\u00e9pins de courge.<\/td>\n<td style=\"padding-left: 20px;\" align=\"center\" width=\"300px !important\"><img data-opt-src=\"https:\/\/mlsfuhg7sobs.i.optimole.com\/cb:0KLq.257c9\/w:auto\/h:auto\/q:mauto\/f:best\/https:\/\/omjuicers.ch\/wp-content\/uploads\/2021\/04\/black-oil.jpg\"  decoding=\"async\" class=\"size-full wp-image-31174\" src=\"https:\/\/mlsfuhg7sobs.i.optimole.com\/cb:0KLq.257c9\/w:auto\/h:auto\/q:eco\/f:best\/https:\/\/omjuicers.ch\/wp-content\/uploads\/2021\/04\/black-oil.jpg\" alt=\"\" width=\"273\" height=\"300\" \/><noscript><img decoding=\"async\" class=\"size-full wp-image-31174\" src=\"https:\/\/mlsfuhg7sobs.i.optimole.com\/cb:0KLq.257c9\/w:auto\/h:auto\/q:mauto\/f:best\/https:\/\/omjuicers.ch\/wp-content\/uploads\/2021\/04\/black-oil.jpg\" alt=\"\" width=\"273\" height=\"300\" \/></noscript><\/td>\n<\/tr>\n<\/tbody>\n<\/table>\n<h3><\/h3>\n<h3>Caract\u00e9ristiques<\/h3>\n<ul>\n<li>Moteur \u00e0 vitesse variable de 40 \u00e0 120 tr \/ min<\/li>\n<li>Pr\u00e9vu pour un fonctionnement non-stop (24h)<\/li>\n<li>D\u00e9tection automatique et \u00e9limination des bourrages<\/li>\n<li>Nouveau syst\u00e8me d&rsquo;extraction optimis\u00e9 avec compactage des fibres<\/li>\n<li>Manipulation tr\u00e8s facile et nettoyage simple et rapide<\/li>\n<li>Vis sans fin et cadres de tamisage en GE-Ultem (plastique durci de haute qualit\u00e9)<\/li>\n<li>100% sans BPA \/ BPS<\/li>\n<li>Moteur \u00e0 courant continu sans balais et sans usure<\/li>\n<li>Fonctionnement silencieux<\/li>\n<li>Rendement tr\u00e8s \u00e9lev\u00e9 en jus<\/li>\n<li>Convient \u00e0 tous les types de fruits et l\u00e9gumes et aux l\u00e9gumes-feuilles (herbe de bl\u00e9, \u00e9pinards, herbes sauvages, etc.)<\/li>\n<li>Clapet \u00e0 jus pour un nettoyage facile<\/li>\n<li>3 tamis inclus : fin, grossier, et c\u00f4ne d&rsquo;homog\u00e9n\u00e9isation<\/li>\n<li>Verre \u00e0 jus de cristal de Boh\u00eame et grand r\u00e9cipient \u00e0 pulpe en acier inoxydable<\/li>\n<li>Garantie : 15 ans sur le moteur et la bo\u00eete de vitesses, 5 ans sur les pi\u00e8ces<\/li>\n<li>Mode d&#8217;emploi en fran\u00e7ais<\/li>\n<\/ul>\n<h3>En vid\u00e9o<\/h3>\n<p>Dans cette vid\u00e9o, le fabriquant nous pr\u00e9sente le Sana 727 Supreme.<\/p>\n<div class=\"iframe-container\"><iframe style=\"border: none;\" src=\"https:\/\/player.vimeo.com\/video\/377053298?autoplay=1&amp;loop=1&amp;autopause=0&amp;background=1\" frameborder=\"0\" allowfullscreen=\"allowfullscreen\"><\/iframe><\/div>\n","protected":false},"excerpt":{"rendered":"<p>Le nouvel extracteur de jus Sana 727 Supreme est un extracteur de jus puissant, durable et polyvalent avec rendement tr\u00e8s \u00e9lev\u00e9 en jus. Le moteur industriel sans balai peut produire du jus jusqu&rsquo;\u00e0 24 heures d&rsquo;affil\u00e9e sans interruption. Le moteur avec son contr\u00f4le de vitesse variable est la caract\u00e9ristique la plus r\u00e9volutionnaire du Sana 727 Supreme. Le Sana 727 offre quatre r\u00e9glages de vitesse : 40, 65, 90 et 120 tours\/min. La fixation est le retrait du tambour sont tr\u00e8s simple et le Sana 727 est dot\u00e9 d&rsquo;un clapet de verrouillage int\u00e9gr\u00e9 sur le bec \u00e0 jus.<\/p>\n","protected":false},"featured_media":31176,"comment_status":"open","ping_status":"closed","template":"","meta":{"_acf_changed":false},"product_cat":[15,317,24],"product_tag":[296],"class_list":{"0":"post-31138","1":"product","2":"type-product","3":"status-publish","4":"has-post-thumbnail","6":"product_cat-extracteurs-de-jus","7":"product_cat-horizontal-fr","8":"product_cat-haut-de-gamme","9":"product_tag-sana-fr","10":"product_shipping_class-juicer","12":"first","13":"instock","14":"sale","15":"featured","16":"taxable","17":"shipping-taxable","18":"purchasable","19":"product-type-variable","20":"has-default-attributes"},"supplier_id":null,"supplier_sku":"","barcode":null,"atum_controlled":true,"out_stock_date":null,"out_stock_threshold":null,"inheritable":true,"inbound_stock":0,"stock_on_hold":0,"sold_today":0,"sales_last_days":1,"reserved_stock":0,"customer_returns":0,"warehouse_damage":null,"lost_in_post":null,"other_logs":null,"out_stock_days":0,"lost_sales":0,"has_location":false,"update_date":"2026-04-07T13:52:42","atum_locations":[],"atum_stock_status":"instock","restock_status":false,"low_stock_amount":"","sales_update_date":"2026-04-07T13:52:42","calc_backorders":null,"acf":{"hide_in_france":false},"_links":{"self":[{"href":"https:\/\/omjuicers.ch\/fr\/wp-json\/wp\/v2\/product\/31138"}],"collection":[{"href":"https:\/\/omjuicers.ch\/fr\/wp-json\/wp\/v2\/product"}],"about":[{"href":"https:\/\/omjuicers.ch\/fr\/wp-json\/wp\/v2\/types\/product"}],"replies":[{"embeddable":true,"href":"https:\/\/omjuicers.ch\/fr\/wp-json\/wp\/v2\/comments?post=31138"}],"wp:featuredmedia":[{"embeddable":true,"href":"https:\/\/omjuicers.ch\/fr\/wp-json\/wp\/v2\/media\/31176"}],"wp:attachment":[{"href":"https:\/\/omjuicers.ch\/fr\/wp-json\/wp\/v2\/media?parent=31138"}],"wp:term":[{"taxonomy":"product_cat","embeddable":true,"href":"https:\/\/omjuicers.ch\/fr\/wp-json\/wp\/v2\/product_cat?post=31138"},{"taxonomy":"product_tag","embeddable":true,"href":"https:\/\/omjuicers.ch\/fr\/wp-json\/wp\/v2\/product_tag?post=31138"}],"curies":[{"name":"wp","href":"https:\/\/api.w.org\/{rel}","templated":true}]}}