{"id":32704,"date":"2023-03-19T08:18:36","date_gmt":"2023-03-19T07:18:36","guid":{"rendered":"https:\/\/omjuicers.ch\/?post_type=product&#038;p=32704"},"modified":"2026-04-07T15:52:34","modified_gmt":"2026-04-07T13:52:34","slug":"eplucheur-a-fruit-et-legumes-sana","status":"publish","type":"product","link":"https:\/\/omjuicers.ch\/fr\/product\/eplucheur-a-fruit-et-legumes-sana\/","title":{"rendered":"\u00c9plucheur \u00e0 fruit et l\u00e9gumes Sana"},"content":{"rendered":"<table class=\"responsive-727\">\n<tbody>\n<tr class=\"reverse\">\n<td style=\"padding-right: 20px;\" align=\"center\" width=\"300px !important\"><img fetchpriority=\"high\" decoding=\"async\" class=\"alignnone wp-image-32706 size-medium\" src=\"https:\/\/mlsfuhg7sobs.i.optimole.com\/cb:0KLq.257c9\/w:auto\/h:auto\/q:mauto\/f:best\/https:\/\/omjuicers.ch\/wp-content\/uploads\/2023\/03\/sana-peeler-length.webp\" alt=\"\" width=\"300\" height=\"150\" srcset=\"https:\/\/mlsfuhg7sobs.i.optimole.com\/cb:0KLq.257c9\/w:auto\/h:auto\/q:mauto\/f:best\/https:\/\/omjuicers.ch\/wp-content\/uploads\/2023\/03\/sana-peeler-length.webp 680w, https:\/\/mlsfuhg7sobs.i.optimole.com\/cb:0KLq.257c9\/w:300\/h:150\/q:mauto\/f:best\/https:\/\/omjuicers.ch\/wp-content\/uploads\/2023\/03\/sana-peeler-length.webp 300w, https:\/\/mlsfuhg7sobs.i.optimole.com\/cb:0KLq.257c9\/w:672\/h:336\/q:mauto\/f:best\/https:\/\/omjuicers.ch\/wp-content\/uploads\/2023\/03\/sana-peeler-length.webp 672w, https:\/\/mlsfuhg7sobs.i.optimole.com\/cb:0KLq.257c9\/w:480\/h:240\/q:mauto\/f:best\/https:\/\/omjuicers.ch\/wp-content\/uploads\/2023\/03\/sana-peeler-length.webp 480w, https:\/\/mlsfuhg7sobs.i.optimole.com\/cb:0KLq.257c9\/w:600\/h:300\/q:mauto\/f:best\/https:\/\/omjuicers.ch\/wp-content\/uploads\/2023\/03\/sana-peeler-length.webp 600w\" sizes=\"(max-width: 300px) 100vw, 300px\" \/><\/td>\n<td>Cet \u00e9plucheur en acier inoxydable de haute qualit\u00e9 est id\u00e9al pour les fruits et les l\u00e9gumes. Fabriqu\u00e9 en acier inoxydable 18\/10 de premi\u00e8re qualit\u00e9, notre \u00e9pluche-l\u00e9gumes exclusif peut \u00eatre lav\u00e9 au lave-vaisselle et est con\u00e7u pour une longue dur\u00e9e d&rsquo;utilisation.<\/td>\n<\/tr>\n<\/tbody>\n<\/table>\n<p>&nbsp;<\/p>\n","protected":false},"excerpt":{"rendered":"<p>Fabriqu\u00e9 en acier inoxydable de premi\u00e8re qualit\u00e9, cet \u00e9plucheur peut \u00eatre lav\u00e9 au lave-vaisselle.<\/p>\n","protected":false},"featured_media":32708,"comment_status":"closed","ping_status":"closed","template":"","meta":{"_acf_changed":false},"product_cat":[21],"product_tag":[296],"class_list":{"0":"post-32704","1":"product","2":"type-product","3":"status-publish","4":"has-post-thumbnail","6":"product_cat-accessoires","7":"product_tag-sana-fr","8":"product_shipping_class-parts","10":"first","11":"instock","12":"taxable","13":"shipping-taxable","14":"purchasable","15":"product-type-simple"},"supplier_id":31709,"supplier_sku":"PRPEE","barcode":null,"atum_controlled":true,"out_stock_date":null,"out_stock_threshold":0,"inheritable":false,"inbound_stock":0,"stock_on_hold":0,"sold_today":0,"sales_last_days":0,"reserved_stock":0,"customer_returns":0,"warehouse_damage":null,"lost_in_post":null,"other_logs":null,"out_stock_days":0,"lost_sales":0,"has_location":false,"update_date":"2026-04-07T13:52:34","atum_locations":[],"atum_stock_status":"instock","restock_status":false,"low_stock_amount":"","sales_update_date":"2026-04-07T13:52:34","calc_backorders":0,"acf":{"hide_in_france":false},"_links":{"self":[{"href":"https:\/\/omjuicers.ch\/fr\/wp-json\/wp\/v2\/product\/32704"}],"collection":[{"href":"https:\/\/omjuicers.ch\/fr\/wp-json\/wp\/v2\/product"}],"about":[{"href":"https:\/\/omjuicers.ch\/fr\/wp-json\/wp\/v2\/types\/product"}],"replies":[{"embeddable":true,"href":"https:\/\/omjuicers.ch\/fr\/wp-json\/wp\/v2\/comments?post=32704"}],"wp:featuredmedia":[{"embeddable":true,"href":"https:\/\/omjuicers.ch\/fr\/wp-json\/wp\/v2\/media\/32708"}],"wp:attachment":[{"href":"https:\/\/omjuicers.ch\/fr\/wp-json\/wp\/v2\/media?parent=32704"}],"wp:term":[{"taxonomy":"product_cat","embeddable":true,"href":"https:\/\/omjuicers.ch\/fr\/wp-json\/wp\/v2\/product_cat?post=32704"},{"taxonomy":"product_tag","embeddable":true,"href":"https:\/\/omjuicers.ch\/fr\/wp-json\/wp\/v2\/product_tag?post=32704"}],"curies":[{"name":"wp","href":"https:\/\/api.w.org\/{rel}","templated":true}]}}