{"id":32710,"date":"2023-03-19T08:28:16","date_gmt":"2023-03-19T07:28:16","guid":{"rendered":"https:\/\/omjuicers.ch\/?post_type=product&#038;p=32710"},"modified":"2026-04-07T15:52:42","modified_gmt":"2026-04-07T13:52:42","slug":"gants-de-nettoyage-abrasifs-sana-pour-fruits-et-legumes","status":"publish","type":"product","link":"https:\/\/omjuicers.ch\/fr\/product\/gants-de-nettoyage-abrasifs-sana-pour-fruits-et-legumes\/","title":{"rendered":"Gants de nettoyage abrasifs Sana pour fruits et l\u00e9gumes"},"content":{"rendered":"<p>Environ 50 % des vitamines contenues dans les l\u00e9gumes se trouvent dans leur peau. Nos gants sp\u00e9cialement con\u00e7us nettoient la salet\u00e9 et la crasse de vos l\u00e9gumes sans \u00e9liminer toutes ces vitamines b\u00e9n\u00e9fiques pour la sant\u00e9.<\/p>\n<ul>\n<li>Taille unique (adultes)<\/li>\n<li>Nettoie les l\u00e9gumes sans en retirer les vitamines saines<\/li>\n<li>Mat\u00e9riau : nylon alimentaire durable<\/li>\n<li>S\u00e9chage \u00e0 l&rsquo;air libre dans l&rsquo;\u00e9vier<\/li>\n<li>Passe au lave-vaisselle<\/li>\n<li>Con\u00e7u au Danemark<\/li>\n<\/ul>\n<h3>Vid\u00e9o de pr\u00e9sentation<\/h3>\n<p><iframe title=\"YouTube video player\" src=\"https:\/\/www.youtube.com\/embed\/tOyF0b2wiFg\" width=\"560\" height=\"315\" frameborder=\"0\" allowfullscreen=\"allowfullscreen\"><\/iframe><\/p>\n","protected":false},"excerpt":{"rendered":"<p>Ces gants sp\u00e9cialement con\u00e7us nettoient la salet\u00e9 et la crasse de vos l\u00e9gumes sans \u00e9liminer toutes ces vitamines b\u00e9n\u00e9fiques pour la sant\u00e9.<\/p>\n","protected":false},"featured_media":32712,"comment_status":"closed","ping_status":"closed","template":"","meta":{"_acf_changed":false},"product_cat":[21],"product_tag":[296],"class_list":{"0":"post-32710","1":"product","2":"type-product","3":"status-publish","4":"has-post-thumbnail","6":"product_cat-accessoires","7":"product_tag-sana-fr","8":"product_shipping_class-parts","10":"first","11":"instock","12":"taxable","13":"shipping-taxable","14":"purchasable","15":"product-type-simple"},"supplier_id":31709,"supplier_sku":"PRGLO","barcode":null,"atum_controlled":true,"out_stock_date":null,"out_stock_threshold":0,"inheritable":false,"inbound_stock":0,"stock_on_hold":0,"sold_today":0,"sales_last_days":1,"reserved_stock":0,"customer_returns":0,"warehouse_damage":null,"lost_in_post":null,"other_logs":null,"out_stock_days":0,"lost_sales":0,"has_location":false,"update_date":"2026-04-07T13:52:42","atum_locations":[],"atum_stock_status":"instock","restock_status":false,"low_stock_amount":"","sales_update_date":"2026-04-07T13:52:42","calc_backorders":0,"acf":{"hide_in_france":false},"_links":{"self":[{"href":"https:\/\/omjuicers.ch\/fr\/wp-json\/wp\/v2\/product\/32710"}],"collection":[{"href":"https:\/\/omjuicers.ch\/fr\/wp-json\/wp\/v2\/product"}],"about":[{"href":"https:\/\/omjuicers.ch\/fr\/wp-json\/wp\/v2\/types\/product"}],"replies":[{"embeddable":true,"href":"https:\/\/omjuicers.ch\/fr\/wp-json\/wp\/v2\/comments?post=32710"}],"wp:featuredmedia":[{"embeddable":true,"href":"https:\/\/omjuicers.ch\/fr\/wp-json\/wp\/v2\/media\/32712"}],"wp:attachment":[{"href":"https:\/\/omjuicers.ch\/fr\/wp-json\/wp\/v2\/media?parent=32710"}],"wp:term":[{"taxonomy":"product_cat","embeddable":true,"href":"https:\/\/omjuicers.ch\/fr\/wp-json\/wp\/v2\/product_cat?post=32710"},{"taxonomy":"product_tag","embeddable":true,"href":"https:\/\/omjuicers.ch\/fr\/wp-json\/wp\/v2\/product_tag?post=32710"}],"curies":[{"name":"wp","href":"https:\/\/api.w.org\/{rel}","templated":true}]}}