{"id":32722,"date":"2023-03-19T08:41:09","date_gmt":"2023-03-19T07:41:09","guid":{"rendered":"https:\/\/omjuicers.ch\/?post_type=product&#038;p=32722"},"modified":"2026-05-01T16:17:50","modified_gmt":"2026-05-01T14:17:50","slug":"balance-de-cuisine-electronique-sana","status":"publish","type":"product","link":"https:\/\/omjuicers.ch\/fr\/product\/balance-de-cuisine-electronique-sana\/","title":{"rendered":"Balance de cuisine \u00e9lectronique Sana"},"content":{"rendered":"<table class=\"responsive-727\">\n<tbody>\n<tr class=\"reverse\">\n<td style=\"padding-right: 20px;\" align=\"center\" width=\"300px !important\"><img fetchpriority=\"high\" decoding=\"async\" class=\"alignnone wp-image-32726 size-medium\" src=\"https:\/\/mlsfuhg7sobs.i.optimole.com\/cb:0KLq.257c9\/w:auto\/h:auto\/q:mauto\/f:best\/https:\/\/omjuicers.ch\/wp-content\/uploads\/2023\/03\/sana-scale-angle.webp\" alt=\"\" width=\"300\" height=\"240\" srcset=\"https:\/\/mlsfuhg7sobs.i.optimole.com\/cb:0KLq.257c9\/w:auto\/h:auto\/q:mauto\/f:best\/https:\/\/omjuicers.ch\/wp-content\/uploads\/2023\/03\/sana-scale-angle.webp 1000w, https:\/\/mlsfuhg7sobs.i.optimole.com\/cb:0KLq.257c9\/w:300\/h:240\/q:mauto\/f:best\/https:\/\/omjuicers.ch\/wp-content\/uploads\/2023\/03\/sana-scale-angle.webp 300w, https:\/\/mlsfuhg7sobs.i.optimole.com\/cb:0KLq.257c9\/w:768\/h:614\/q:mauto\/f:best\/https:\/\/omjuicers.ch\/wp-content\/uploads\/2023\/03\/sana-scale-angle.webp 768w, https:\/\/mlsfuhg7sobs.i.optimole.com\/cb:0KLq.257c9\/w:672\/h:538\/q:mauto\/f:best\/https:\/\/omjuicers.ch\/wp-content\/uploads\/2023\/03\/sana-scale-angle.webp 672w, https:\/\/mlsfuhg7sobs.i.optimole.com\/cb:0KLq.257c9\/w:480\/h:384\/q:mauto\/f:best\/https:\/\/omjuicers.ch\/wp-content\/uploads\/2023\/03\/sana-scale-angle.webp 480w, https:\/\/mlsfuhg7sobs.i.optimole.com\/cb:0KLq.257c9\/w:600\/h:480\/q:mauto\/f:best\/https:\/\/omjuicers.ch\/wp-content\/uploads\/2023\/03\/sana-scale-angle.webp 600w\" sizes=\"(max-width: 300px) 100vw, 300px\" \/><\/td>\n<td>Id\u00e9ale pour mesurer les ingr\u00e9dients d&rsquo;une recette ou pour faire du pain, la balance de cuisine num\u00e9rique Sana est \u00e9galement un outil pr\u00e9cieux pour les adeptes de l&rsquo;alimentation crue. Compacte et \u00e9l\u00e9gante, cette balance utilise des capteurs tactiles situ\u00e9s sous la surface pour une utilisation facile. Bien qu&rsquo;elle ait une capacit\u00e9 \u00e9lev\u00e9e de 5 kg, elle est \u00e9galement tr\u00e8s pr\u00e9cise.<\/p>\n<p>Non seulement cette balance mesure le poids en grammes ou en onces, mais elle peut \u00e9galement mesurer le volume d&rsquo;eau ou de lait en millilitres ou en onces. Vous pouvez \u00e9galement placer un r\u00e9cipient sur la balance et remettre son poids \u00e0 z\u00e9ro. Il suffit d&rsquo;appuyer sur la surface pour l&rsquo;allumer. L&rsquo;\u00e9cran LED lumineux est facile \u00e0 lire quel que soit l&rsquo;\u00e9clairage. Il s&rsquo;\u00e9teint automatiquement au bout de deux minutes.<\/td>\n<\/tr>\n<\/tbody>\n<\/table>\n<h3>Caract\u00e9ristiques<\/h3>\n<table class=\"responsive-727\">\n<tbody>\n<tr class=\"reverse\">\n<td style=\"padding-right: 20px;\" align=\"center\" width=\"300px !important\">&nbsp;<\/p>\n<p><img fetchpriority=\"high\" decoding=\"async\" class=\"alignnone wp-image-32728 size-medium\" src=\"https:\/\/mlsfuhg7sobs.i.optimole.com\/cb:0KLq.257c9\/w:auto\/h:auto\/q:mauto\/f:best\/https:\/\/omjuicers.ch\/wp-content\/uploads\/2023\/03\/sana-scale-side.webp\" alt=\"\" width=\"300\" height=\"240\" srcset=\"https:\/\/mlsfuhg7sobs.i.optimole.com\/cb:0KLq.257c9\/w:auto\/h:auto\/q:mauto\/f:best\/https:\/\/omjuicers.ch\/wp-content\/uploads\/2023\/03\/sana-scale-side.webp 1000w, https:\/\/mlsfuhg7sobs.i.optimole.com\/cb:0KLq.257c9\/w:300\/h:240\/q:mauto\/f:best\/https:\/\/omjuicers.ch\/wp-content\/uploads\/2023\/03\/sana-scale-side.webp 300w, https:\/\/mlsfuhg7sobs.i.optimole.com\/cb:0KLq.257c9\/w:768\/h:614\/q:mauto\/f:best\/https:\/\/omjuicers.ch\/wp-content\/uploads\/2023\/03\/sana-scale-side.webp 768w, https:\/\/mlsfuhg7sobs.i.optimole.com\/cb:0KLq.257c9\/w:672\/h:538\/q:mauto\/f:best\/https:\/\/omjuicers.ch\/wp-content\/uploads\/2023\/03\/sana-scale-side.webp 672w, https:\/\/mlsfuhg7sobs.i.optimole.com\/cb:0KLq.257c9\/w:480\/h:384\/q:mauto\/f:best\/https:\/\/omjuicers.ch\/wp-content\/uploads\/2023\/03\/sana-scale-side.webp 480w, https:\/\/mlsfuhg7sobs.i.optimole.com\/cb:0KLq.257c9\/w:600\/h:480\/q:mauto\/f:best\/https:\/\/omjuicers.ch\/wp-content\/uploads\/2023\/03\/sana-scale-side.webp 600w\" sizes=\"(max-width: 300px) 100vw, 300px\" \/><\/td>\n<td>\n<ul>\n<li>Grand \u00e9cran LED<\/li>\n<li>Capteur de poids de haute pr\u00e9cision<\/li>\n<li>Mesure \u00e9galement le volume d&rsquo;eau et de lait<\/li>\n<li>Possibilit\u00e9 de basculer entre les mesures m\u00e9triques et imp\u00e9riales<\/li>\n<li>Arr\u00eat automatique<\/li>\n<li>Commandes tactiles<\/li>\n<li>Fonction z\u00e9ro pour d\u00e9duire le poids du r\u00e9cipient<\/li>\n<li>Touche pour mettre en marche<\/li>\n<li>Capacit\u00e9 de charge maximale : 5 kg<\/li>\n<li>Alimentation : 3 piles AAA 1,5V (non inclues)<\/li>\n<li>Dimensions : 210 x 160 x 19 mm<\/li>\n<li>Poids : 500 g<\/li>\n<li>Mat\u00e9riau : verre et plastique<\/li>\n<li>Garantie : 2 ans<\/li>\n<\/ul>\n<\/td>\n<\/tr>\n<\/tbody>\n<\/table>\n<h3>Vid\u00e9o de pr\u00e9sentation<\/h3>\n<p><iframe title=\"YouTube video player\" src=\"https:\/\/www.youtube.com\/embed\/uXVaIVgs84A\" width=\"560\" height=\"315\" frameborder=\"0\" allowfullscreen=\"allowfullscreen\"><\/iframe><\/p>\n","protected":false},"excerpt":{"rendered":"<p>Id\u00e9ale pour mesurer les ingr\u00e9dients, cette balance mesure le poids en grammes ou en onces mais elle peut \u00e9galement mesurer le volume d&rsquo;eau ou de lait.<\/p>\n","protected":false},"featured_media":32724,"comment_status":"closed","ping_status":"closed","template":"","meta":{"_acf_changed":false},"product_cat":[21],"product_tag":[296],"class_list":{"0":"post-32722","1":"product","2":"type-product","3":"status-publish","4":"has-post-thumbnail","6":"product_cat-accessoires","7":"product_tag-sana-fr","8":"product_shipping_class-parts","10":"first","11":"instock","12":"taxable","13":"shipping-taxable","14":"purchasable","15":"product-type-simple"},"supplier_id":31709,"supplier_sku":"SANASCALE","barcode":null,"atum_controlled":true,"out_stock_date":null,"out_stock_threshold":0,"inheritable":false,"inbound_stock":0,"stock_on_hold":0,"sold_today":0,"sales_last_days":0,"reserved_stock":0,"customer_returns":0,"warehouse_damage":null,"lost_in_post":null,"other_logs":null,"out_stock_days":0,"lost_sales":0,"has_location":false,"update_date":"2026-05-01T14:17:50","atum_locations":[],"atum_stock_status":"instock","restock_status":false,"low_stock_amount":"","sales_update_date":"2026-05-01T14:17:50","calc_backorders":0,"acf":{"hide_in_france":false},"_links":{"self":[{"href":"https:\/\/omjuicers.ch\/fr\/wp-json\/wp\/v2\/product\/32722"}],"collection":[{"href":"https:\/\/omjuicers.ch\/fr\/wp-json\/wp\/v2\/product"}],"about":[{"href":"https:\/\/omjuicers.ch\/fr\/wp-json\/wp\/v2\/types\/product"}],"replies":[{"embeddable":true,"href":"https:\/\/omjuicers.ch\/fr\/wp-json\/wp\/v2\/comments?post=32722"}],"wp:featuredmedia":[{"embeddable":true,"href":"https:\/\/omjuicers.ch\/fr\/wp-json\/wp\/v2\/media\/32724"}],"wp:attachment":[{"href":"https:\/\/omjuicers.ch\/fr\/wp-json\/wp\/v2\/media?parent=32722"}],"wp:term":[{"taxonomy":"product_cat","embeddable":true,"href":"https:\/\/omjuicers.ch\/fr\/wp-json\/wp\/v2\/product_cat?post=32722"},{"taxonomy":"product_tag","embeddable":true,"href":"https:\/\/omjuicers.ch\/fr\/wp-json\/wp\/v2\/product_tag?post=32722"}],"curies":[{"name":"wp","href":"https:\/\/api.w.org\/{rel}","templated":true}]}}