{"id":32738,"date":"2023-03-19T09:08:50","date_gmt":"2023-03-19T08:08:50","guid":{"rendered":"https:\/\/omjuicers.ch\/?post_type=product&#038;p=32738"},"modified":"2026-05-11T16:36:22","modified_gmt":"2026-05-11T14:36:22","slug":"bouteille-deau-sana-en-acier-inoxydable-avec-filtre-a-charbon-actif-600ml","status":"publish","type":"product","link":"https:\/\/omjuicers.ch\/fr\/product\/bouteille-deau-sana-en-acier-inoxydable-avec-filtre-a-charbon-actif-600ml\/","title":{"rendered":"Bouteille d&rsquo;eau Sana en acier inoxydable avec filtre \u00e0 charbon actif 600ml"},"content":{"rendered":"<h3>Deux types de filtres et des pi\u00e8ces de rechange<\/h3>\n<table class=\"responsive-727\">\n<tbody>\n<tr>\n<td>Cette bouteille d&rsquo;eau d&rsquo;une capacit\u00e9 de 600 ml est fabriqu\u00e9e en acier inoxydable de qualit\u00e9 alimentaire, durable et hygi\u00e9nique. Elle est livr\u00e9e avec un filtre \u00e0 charbon actif \u00e0 base de noix de coco rempla\u00e7able et sans BPA. Ce filtre est parfait pour l&rsquo;eau du robinet, mais vous pouvez aussi acheter un filtre\u00a0\u00e0 charbon actif <strong>anti-bact\u00e9rien<\/strong> pour \u00e9liminer les bact\u00e9ries, les produits chimiques nocifs et les micro-organismes des sources d&rsquo;eau ext\u00e9rieures.<\/p>\n<p>Disons <strong>stop au gaspillage<\/strong> et n&rsquo;achetons plus de gourdes qu&rsquo;il faut jeter parce que le bouchon ou le capuchon s&rsquo;est endommag\u00e9. Nous vendons aussi bien les deux types de filtres, que le bouchon et le capuchon du bouchon dans notre boutique en ligne.<\/td>\n<td style=\"padding-left: 20px;\" align=\"center\" width=\"300px !important\"><img fetchpriority=\"high\" decoding=\"async\" class=\"alignnone wp-image-32750 size-medium\" src=\"https:\/\/mlsfuhg7sobs.i.optimole.com\/cb:0KLq.257c9\/w:auto\/h:auto\/q:mauto\/f:best\/https:\/\/omjuicers.ch\/wp-content\/uploads\/2023\/03\/sana-steel-filtration-bottle-assembly.webp\" alt=\"\" width=\"300\" height=\"240\" srcset=\"https:\/\/mlsfuhg7sobs.i.optimole.com\/cb:0KLq.257c9\/w:auto\/h:auto\/q:mauto\/f:best\/https:\/\/omjuicers.ch\/wp-content\/uploads\/2023\/03\/sana-steel-filtration-bottle-assembly.webp 1200w, https:\/\/mlsfuhg7sobs.i.optimole.com\/cb:0KLq.257c9\/w:300\/h:240\/q:mauto\/f:best\/https:\/\/omjuicers.ch\/wp-content\/uploads\/2023\/03\/sana-steel-filtration-bottle-assembly.webp 300w, https:\/\/mlsfuhg7sobs.i.optimole.com\/cb:0KLq.257c9\/w:1024\/h:819\/q:mauto\/f:best\/https:\/\/omjuicers.ch\/wp-content\/uploads\/2023\/03\/sana-steel-filtration-bottle-assembly.webp 1024w, https:\/\/mlsfuhg7sobs.i.optimole.com\/cb:0KLq.257c9\/w:768\/h:614\/q:mauto\/f:best\/https:\/\/omjuicers.ch\/wp-content\/uploads\/2023\/03\/sana-steel-filtration-bottle-assembly.webp 768w, https:\/\/mlsfuhg7sobs.i.optimole.com\/cb:0KLq.257c9\/w:672\/h:538\/q:mauto\/f:best\/https:\/\/omjuicers.ch\/wp-content\/uploads\/2023\/03\/sana-steel-filtration-bottle-assembly.webp 672w, https:\/\/mlsfuhg7sobs.i.optimole.com\/cb:0KLq.257c9\/w:1038\/h:830\/q:mauto\/f:best\/https:\/\/omjuicers.ch\/wp-content\/uploads\/2023\/03\/sana-steel-filtration-bottle-assembly.webp 1038w, https:\/\/mlsfuhg7sobs.i.optimole.com\/cb:0KLq.257c9\/w:480\/h:384\/q:mauto\/f:best\/https:\/\/omjuicers.ch\/wp-content\/uploads\/2023\/03\/sana-steel-filtration-bottle-assembly.webp 480w, https:\/\/mlsfuhg7sobs.i.optimole.com\/cb:0KLq.257c9\/w:600\/h:480\/q:mauto\/f:best\/https:\/\/omjuicers.ch\/wp-content\/uploads\/2023\/03\/sana-steel-filtration-bottle-assembly.webp 600w\" sizes=\"(max-width: 300px) 100vw, 300px\" \/><\/td>\n<\/tr>\n<\/tbody>\n<\/table>\n<h3>A utiliser \u00e9galement sans le filtre<\/h3>\n<table class=\"responsive-727\">\n<tbody>\n<tr class=\"reverse\">\n<td style=\"padding-right: 20px;\" align=\"center\" width=\"300px !important\"><img fetchpriority=\"high\" decoding=\"async\" class=\"alignnone wp-image-32756 size-medium\" src=\"https:\/\/mlsfuhg7sobs.i.optimole.com\/cb:0KLq.257c9\/w:auto\/h:auto\/q:mauto\/f:best\/https:\/\/omjuicers.ch\/wp-content\/uploads\/2023\/03\/sana-steel-filtration-bottle-black-inside.webp\" alt=\"\" width=\"300\" height=\"200\" srcset=\"https:\/\/mlsfuhg7sobs.i.optimole.com\/cb:0KLq.257c9\/w:auto\/h:auto\/q:mauto\/f:best\/https:\/\/omjuicers.ch\/wp-content\/uploads\/2023\/03\/sana-steel-filtration-bottle-black-inside.webp 1000w, https:\/\/mlsfuhg7sobs.i.optimole.com\/cb:0KLq.257c9\/w:300\/h:200\/q:mauto\/f:best\/https:\/\/omjuicers.ch\/wp-content\/uploads\/2023\/03\/sana-steel-filtration-bottle-black-inside.webp 300w, https:\/\/mlsfuhg7sobs.i.optimole.com\/cb:0KLq.257c9\/w:768\/h:512\/q:mauto\/f:best\/https:\/\/omjuicers.ch\/wp-content\/uploads\/2023\/03\/sana-steel-filtration-bottle-black-inside.webp 768w, https:\/\/mlsfuhg7sobs.i.optimole.com\/cb:0KLq.257c9\/w:672\/h:448\/q:mauto\/f:best\/https:\/\/omjuicers.ch\/wp-content\/uploads\/2023\/03\/sana-steel-filtration-bottle-black-inside.webp 672w, https:\/\/mlsfuhg7sobs.i.optimole.com\/cb:0KLq.257c9\/w:480\/h:320\/q:mauto\/f:best\/https:\/\/omjuicers.ch\/wp-content\/uploads\/2023\/03\/sana-steel-filtration-bottle-black-inside.webp 480w, https:\/\/mlsfuhg7sobs.i.optimole.com\/cb:0KLq.257c9\/w:600\/h:400\/q:mauto\/f:best\/https:\/\/omjuicers.ch\/wp-content\/uploads\/2023\/03\/sana-steel-filtration-bottle-black-inside.webp 600w\" sizes=\"(max-width: 300px) 100vw, 300px\" \/><\/td>\n<td>La bouteille filtrante en acier inoxydable Sana est id\u00e9ale pour am\u00e9liorer le go\u00fbt de l&rsquo;eau du robinet, mais la cartouche de filtration peut \u00eatre facilement retir\u00e9e lorsque la filtration n&rsquo;est pas n\u00e9cessaire. Sans la cartouche, elle est parfaite pour les jus frais, le th\u00e9 glac\u00e9 ou la limonade. Le large goulot vous permet de la remplir facilement, et la construction 100 % en acier inoxydable est \u00e0 la fois l\u00e9g\u00e8re et durable.<\/td>\n<\/tr>\n<\/tbody>\n<\/table>\n<h3>S\u00fbre et hygi\u00e9nique<\/h3>\n<table class=\"responsive-727\">\n<tbody>\n<tr>\n<td>Filtration certifi\u00e9e NSF &#8211; Le filtre int\u00e9gr\u00e9 au charbon de coco est certifi\u00e9 conforme \u00e0 la norme NSF42 pour \u00e9liminer les mauvais go\u00fbts, les mauvaises odeurs et le chlore. Il est facilement rempla\u00e7able et a une longue dur\u00e9e de vie de 300 litres.<\/p>\n<p>Acier inoxydable 18\/8 &#8211; Fabriqu\u00e9es en acier inoxydable durable de qualit\u00e9 alimentaire \u00e0 finition mate, ces bouteilles sont exemptes de BPA.<\/p>\n<p>Respect de l&rsquo;environnement &#8211; Avec une capacit\u00e9 de 300 litres, un filtre peut remplacer 600 bouteilles en plastique jetables.<\/p>\n<p>Facile \u00e0 utiliser &#8211; Il suffit de remplir la bouteille avec de l&rsquo;eau du robinet et de boire \u00e0 l&rsquo;aide de l&#8217;embout.<\/td>\n<td style=\"padding-left: 20px;\" align=\"center\" width=\"300px !important\"><img fetchpriority=\"high\" decoding=\"async\" class=\"alignnone wp-image-32752 size-medium\" src=\"https:\/\/mlsfuhg7sobs.i.optimole.com\/cb:0KLq.257c9\/w:auto\/h:auto\/q:mauto\/f:best\/https:\/\/omjuicers.ch\/wp-content\/uploads\/2023\/03\/sana-steel-filtration-bottle-black-front.webp\" alt=\"\" width=\"300\" height=\"200\" srcset=\"https:\/\/mlsfuhg7sobs.i.optimole.com\/cb:0KLq.257c9\/w:auto\/h:auto\/q:mauto\/f:best\/https:\/\/omjuicers.ch\/wp-content\/uploads\/2023\/03\/sana-steel-filtration-bottle-black-front.webp 1000w, https:\/\/mlsfuhg7sobs.i.optimole.com\/cb:0KLq.257c9\/w:300\/h:200\/q:mauto\/f:best\/https:\/\/omjuicers.ch\/wp-content\/uploads\/2023\/03\/sana-steel-filtration-bottle-black-front.webp 300w, https:\/\/mlsfuhg7sobs.i.optimole.com\/cb:0KLq.257c9\/w:768\/h:512\/q:mauto\/f:best\/https:\/\/omjuicers.ch\/wp-content\/uploads\/2023\/03\/sana-steel-filtration-bottle-black-front.webp 768w, https:\/\/mlsfuhg7sobs.i.optimole.com\/cb:0KLq.257c9\/w:672\/h:448\/q:mauto\/f:best\/https:\/\/omjuicers.ch\/wp-content\/uploads\/2023\/03\/sana-steel-filtration-bottle-black-front.webp 672w, https:\/\/mlsfuhg7sobs.i.optimole.com\/cb:0KLq.257c9\/w:480\/h:320\/q:mauto\/f:best\/https:\/\/omjuicers.ch\/wp-content\/uploads\/2023\/03\/sana-steel-filtration-bottle-black-front.webp 480w, https:\/\/mlsfuhg7sobs.i.optimole.com\/cb:0KLq.257c9\/w:600\/h:400\/q:mauto\/f:best\/https:\/\/omjuicers.ch\/wp-content\/uploads\/2023\/03\/sana-steel-filtration-bottle-black-front.webp 600w\" sizes=\"(max-width: 300px) 100vw, 300px\" \/><\/td>\n<\/tr>\n<\/tbody>\n<\/table>\n<h3>Filtre antibact\u00e9rien en option<\/h3>\n<table class=\"responsive-727\">\n<tbody>\n<tr class=\"reverse\">\n<td style=\"padding-right: 20px;\" align=\"center\" width=\"300px !important\"><img data-opt-src=\"https:\/\/mlsfuhg7sobs.i.optimole.com\/cb:0KLq.257c9\/w:auto\/h:auto\/q:mauto\/f:best\/https:\/\/omjuicers.ch\/wp-content\/uploads\/2023\/03\/sana-steel-filtration-bottle-filter.webp\"  decoding=\"async\" class=\"alignnone wp-image-32758 size-medium\" src=\"https:\/\/mlsfuhg7sobs.i.optimole.com\/cb:0KLq.257c9\/w:auto\/h:auto\/q:eco\/f:best\/https:\/\/omjuicers.ch\/wp-content\/uploads\/2023\/03\/sana-steel-filtration-bottle-filter.webp\" alt=\"\" width=\"300\" height=\"200\" old-srcset=\"https:\/\/mlsfuhg7sobs.i.optimole.com\/cb:0KLq.257c9\/w:auto\/h:auto\/q:mauto\/f:best\/https:\/\/omjuicers.ch\/wp-content\/uploads\/2023\/03\/sana-steel-filtration-bottle-filter.webp 1000w, https:\/\/mlsfuhg7sobs.i.optimole.com\/cb:0KLq.257c9\/w:300\/h:200\/q:mauto\/f:best\/https:\/\/omjuicers.ch\/wp-content\/uploads\/2023\/03\/sana-steel-filtration-bottle-filter.webp 300w, https:\/\/mlsfuhg7sobs.i.optimole.com\/cb:0KLq.257c9\/w:768\/h:512\/q:mauto\/f:best\/https:\/\/omjuicers.ch\/wp-content\/uploads\/2023\/03\/sana-steel-filtration-bottle-filter.webp 768w, https:\/\/mlsfuhg7sobs.i.optimole.com\/cb:0KLq.257c9\/w:672\/h:448\/q:mauto\/f:best\/https:\/\/omjuicers.ch\/wp-content\/uploads\/2023\/03\/sana-steel-filtration-bottle-filter.webp 672w, https:\/\/mlsfuhg7sobs.i.optimole.com\/cb:0KLq.257c9\/w:480\/h:320\/q:mauto\/f:best\/https:\/\/omjuicers.ch\/wp-content\/uploads\/2023\/03\/sana-steel-filtration-bottle-filter.webp 480w, https:\/\/mlsfuhg7sobs.i.optimole.com\/cb:0KLq.257c9\/w:600\/h:400\/q:mauto\/f:best\/https:\/\/omjuicers.ch\/wp-content\/uploads\/2023\/03\/sana-steel-filtration-bottle-filter.webp 600w\" \/><noscript><img decoding=\"async\" class=\"alignnone wp-image-32758 size-medium\" src=\"https:\/\/mlsfuhg7sobs.i.optimole.com\/cb:0KLq.257c9\/w:auto\/h:auto\/q:mauto\/f:best\/https:\/\/omjuicers.ch\/wp-content\/uploads\/2023\/03\/sana-steel-filtration-bottle-filter.webp\" alt=\"\" width=\"300\" height=\"200\" srcset=\"https:\/\/mlsfuhg7sobs.i.optimole.com\/cb:0KLq.257c9\/w:auto\/h:auto\/q:mauto\/f:best\/https:\/\/omjuicers.ch\/wp-content\/uploads\/2023\/03\/sana-steel-filtration-bottle-filter.webp 1000w, https:\/\/mlsfuhg7sobs.i.optimole.com\/cb:0KLq.257c9\/w:300\/h:200\/q:mauto\/f:best\/https:\/\/omjuicers.ch\/wp-content\/uploads\/2023\/03\/sana-steel-filtration-bottle-filter.webp 300w, https:\/\/mlsfuhg7sobs.i.optimole.com\/cb:0KLq.257c9\/w:768\/h:512\/q:mauto\/f:best\/https:\/\/omjuicers.ch\/wp-content\/uploads\/2023\/03\/sana-steel-filtration-bottle-filter.webp 768w, https:\/\/mlsfuhg7sobs.i.optimole.com\/cb:0KLq.257c9\/w:672\/h:448\/q:mauto\/f:best\/https:\/\/omjuicers.ch\/wp-content\/uploads\/2023\/03\/sana-steel-filtration-bottle-filter.webp 672w, https:\/\/mlsfuhg7sobs.i.optimole.com\/cb:0KLq.257c9\/w:480\/h:320\/q:mauto\/f:best\/https:\/\/omjuicers.ch\/wp-content\/uploads\/2023\/03\/sana-steel-filtration-bottle-filter.webp 480w, https:\/\/mlsfuhg7sobs.i.optimole.com\/cb:0KLq.257c9\/w:600\/h:400\/q:mauto\/f:best\/https:\/\/omjuicers.ch\/wp-content\/uploads\/2023\/03\/sana-steel-filtration-bottle-filter.webp 600w\" sizes=\"(max-width: 300px) 100vw, 300px\" \/></noscript><\/td>\n<td>Le filtre antibact\u00e9rien en option offre une filtration robuste pour les sources d&rsquo;eau en plein air. Parfait pour les routards, les randonneurs et les cyclistes, le filtre antibact\u00e9rien garantit la propret\u00e9 de l&rsquo;eau potable provenant des ruisseaux, des lacs et des sources. Ce filtre utilise une membrane charg\u00e9e positivement et un microfiltre de 0,8 micron pour \u00e9liminer non seulement les s\u00e9diments, mais aussi les bact\u00e9ries et la plupart des produits chimiques. Chaque cartouche peut filtrer jusqu&rsquo;\u00e0 200 litres d&rsquo;eau.<\/td>\n<\/tr>\n<\/tbody>\n<\/table>\n<h3>Caract\u00e9ristiques<\/h3>\n<table class=\"responsive-727\" style=\"height: 169px;\" width=\"576\">\n<tbody>\n<tr class=\"reverse\">\n<td>\n<ul>\n<li>Dimensions : 8 x 8 x 28 cm<\/li>\n<li>Poids : 0,25 kg<\/li>\n<li>Volume : 600 ml<\/li>\n<li>Capacit\u00e9 d&rsquo;eau filtr\u00e9e : 300 l<\/li>\n<li>Mat\u00e9riau : Acier inoxydable<\/li>\n<\/ul>\n<\/td>\n<\/tr>\n<\/tbody>\n<\/table>\n<h3>Vid\u00e9o de pr\u00e9sentation<\/h3>\n<p><iframe title=\"YouTube video player\" src=\"https:\/\/www.youtube.com\/embed\/Kvgl4n6UbYs\" width=\"560\" height=\"315\" frameborder=\"0\" allowfullscreen=\"allowfullscreen\"><\/iframe><\/p>\n","protected":false},"excerpt":{"rendered":"<p>Fabriqu\u00e9e en acier inoxydable 18-8 de qualit\u00e9 alimentaire, la bouteille de filtration d&rsquo;eau Sana est dot\u00e9e d&rsquo;un filtre \u00e0 charbon actif \u00e0 base de noix de coco pour une eau de qualit\u00e9 et au meilleur go\u00fbt partout o\u00f9 vous allez.<\/p>\n","protected":false},"featured_media":32744,"comment_status":"open","ping_status":"closed","template":"","meta":{"_acf_changed":false},"product_cat":[21,313],"product_tag":[296],"class_list":{"0":"post-32738","1":"product","2":"type-product","3":"status-publish","4":"has-post-thumbnail","6":"product_cat-accessoires","7":"product_cat-recipients-bouteilles","8":"product_tag-sana-fr","9":"product_shipping_class-parts","11":"first","12":"instock","13":"taxable","14":"shipping-taxable","15":"purchasable","16":"product-type-variable","17":"has-default-attributes"},"supplier_id":null,"supplier_sku":"","barcode":null,"atum_controlled":true,"out_stock_date":null,"out_stock_threshold":null,"inheritable":true,"inbound_stock":0,"stock_on_hold":0,"sold_today":0,"sales_last_days":0,"reserved_stock":0,"customer_returns":0,"warehouse_damage":null,"lost_in_post":null,"other_logs":null,"out_stock_days":0,"lost_sales":0,"has_location":false,"update_date":"2026-05-11T14:36:13","atum_locations":[],"atum_stock_status":"instock","restock_status":false,"low_stock_amount":"","sales_update_date":"2026-05-11T14:36:13","calc_backorders":null,"acf":{"hide_in_france":true},"_links":{"self":[{"href":"https:\/\/omjuicers.ch\/fr\/wp-json\/wp\/v2\/product\/32738"}],"collection":[{"href":"https:\/\/omjuicers.ch\/fr\/wp-json\/wp\/v2\/product"}],"about":[{"href":"https:\/\/omjuicers.ch\/fr\/wp-json\/wp\/v2\/types\/product"}],"replies":[{"embeddable":true,"href":"https:\/\/omjuicers.ch\/fr\/wp-json\/wp\/v2\/comments?post=32738"}],"wp:featuredmedia":[{"embeddable":true,"href":"https:\/\/omjuicers.ch\/fr\/wp-json\/wp\/v2\/media\/32744"}],"wp:attachment":[{"href":"https:\/\/omjuicers.ch\/fr\/wp-json\/wp\/v2\/media?parent=32738"}],"wp:term":[{"taxonomy":"product_cat","embeddable":true,"href":"https:\/\/omjuicers.ch\/fr\/wp-json\/wp\/v2\/product_cat?post=32738"},{"taxonomy":"product_tag","embeddable":true,"href":"https:\/\/omjuicers.ch\/fr\/wp-json\/wp\/v2\/product_tag?post=32738"}],"curies":[{"name":"wp","href":"https:\/\/api.w.org\/{rel}","templated":true}]}}