{"id":33846,"date":"2024-12-03T14:56:31","date_gmt":"2024-12-03T13:56:31","guid":{"rendered":"https:\/\/omjuicers.ch\/?post_type=product&#038;p=33846"},"modified":"2026-04-10T15:57:21","modified_gmt":"2026-04-10T13:57:21","slug":"lame-pour-celeri-pour-sana-727","status":"publish","type":"product","link":"https:\/\/omjuicers.ch\/fr\/product\/lame-pour-celeri-pour-sana-727\/","title":{"rendered":"Lame pour c\u00e9leri pour Sana 727"},"content":{"rendered":"<p>La nouvelle lame pour c\u00e9leri du Sana 727 remplace la lame de d\u00e9coupe standard. Con\u00e7ue pour augmenter le rendement en jus de c\u00e9leri, elle \u00e9vite tout risque de blocage ou d\u2019obstruction. Son installation est facile : il suffit de retirer le joint de lame en caoutchouc pour retirer la lame standard, puis d\u2019ins\u00e9rer la lame pour c\u00e9leri.<\/p>\n<p><em>Note: <a href=\"https:\/\/omjuicers.ch\/fr\/product\/joint-de-lame-pour-sana-727\/\" target=\"_blank\" rel=\"noopener\">le joint de lame<\/a> sur n&rsquo;est pas inclu et peut \u00eatre command\u00e9 s\u00e9par\u00e9ment.\u00a0<\/em><\/p>\n<p><iframe title=\"YouTube video player\" src=\"https:\/\/www.youtube.com\/embed\/4p-rDgERyEk?si=1gfXAeLLWjt0npTz\" width=\"560\" height=\"315\" frameborder=\"0\" allowfullscreen=\"allowfullscreen\"><\/iframe><\/p>\n","protected":false},"excerpt":{"rendered":"<p>La nouvelle lame pour c\u00e9leri du Sana 727 remplace la lame de d\u00e9coupe standard. Con\u00e7ue pour augmenter le rendement en jus de c\u00e9leri, elle \u00e9vite tout risque de blocage ou d\u2019obstruction. Son installation est facile : il suffit de retirer le joint de lame en caoutchouc pour retirer la lame standard, puis d\u2019ins\u00e9rer la lame pour c\u00e9leri. Note: le joint [&hellip;]<\/p>\n","protected":false},"featured_media":33848,"comment_status":"closed","ping_status":"closed","template":"","meta":{"_acf_changed":false},"product_cat":[281],"product_tag":[296,287],"class_list":{"0":"post-33846","1":"product","2":"type-product","3":"status-publish","4":"has-post-thumbnail","6":"product_cat-pieces-de-rechange","7":"product_tag-sana-fr","8":"product_tag-sana-727-fr","9":"product_shipping_class-parts","11":"first","12":"instock","13":"taxable","14":"shipping-taxable","15":"purchasable","16":"product-type-simple"},"supplier_id":31709,"supplier_sku":"","barcode":null,"atum_controlled":true,"out_stock_date":null,"out_stock_threshold":0,"inheritable":false,"inbound_stock":0,"stock_on_hold":0,"sold_today":0,"sales_last_days":0,"reserved_stock":null,"customer_returns":null,"warehouse_damage":null,"lost_in_post":null,"other_logs":null,"out_stock_days":0,"lost_sales":0,"has_location":false,"update_date":"2026-04-10T13:57:21","atum_locations":[],"atum_stock_status":"instock","restock_status":false,"low_stock_amount":"","sales_update_date":"2026-04-10T13:57:21","calc_backorders":null,"acf":{"hide_in_france":false},"_links":{"self":[{"href":"https:\/\/omjuicers.ch\/fr\/wp-json\/wp\/v2\/product\/33846"}],"collection":[{"href":"https:\/\/omjuicers.ch\/fr\/wp-json\/wp\/v2\/product"}],"about":[{"href":"https:\/\/omjuicers.ch\/fr\/wp-json\/wp\/v2\/types\/product"}],"replies":[{"embeddable":true,"href":"https:\/\/omjuicers.ch\/fr\/wp-json\/wp\/v2\/comments?post=33846"}],"wp:featuredmedia":[{"embeddable":true,"href":"https:\/\/omjuicers.ch\/fr\/wp-json\/wp\/v2\/media\/33848"}],"wp:attachment":[{"href":"https:\/\/omjuicers.ch\/fr\/wp-json\/wp\/v2\/media?parent=33846"}],"wp:term":[{"taxonomy":"product_cat","embeddable":true,"href":"https:\/\/omjuicers.ch\/fr\/wp-json\/wp\/v2\/product_cat?post=33846"},{"taxonomy":"product_tag","embeddable":true,"href":"https:\/\/omjuicers.ch\/fr\/wp-json\/wp\/v2\/product_tag?post=33846"}],"curies":[{"name":"wp","href":"https:\/\/api.w.org\/{rel}","templated":true}]}}